{"id":10152,"date":"2025-06-03T11:16:36","date_gmt":"2025-06-03T09:16:36","guid":{"rendered":"https:\/\/nouvelleaquitaine-handball.org\/?page_id=10152"},"modified":"2025-06-03T11:19:37","modified_gmt":"2025-06-03T09:19:37","slug":"article-ag-2025","status":"publish","type":"page","link":"https:\/\/nouvelleaquitaine-handball.org\/index.php\/article-ag-2025\/","title":{"rendered":"Article &#8211; AG 2025"},"content":{"rendered":"\t\t<div data-elementor-type=\"wp-page\" data-elementor-id=\"10152\" class=\"elementor elementor-10152\" data-elementor-post-type=\"page\">\n\t\t\t\t<div class=\"elementor-element elementor-element-2a2dc28 e-flex e-con-boxed e-con e-parent\" data-id=\"2a2dc28\" data-element_type=\"container\" data-e-type=\"container\" data-settings=\"{&quot;_ob_use_container_extras&quot;:&quot;no&quot;,&quot;_ob_column_hoveranimator&quot;:&quot;no&quot;,&quot;_ob_glider_is_slider&quot;:&quot;no&quot;,&quot;_ob_column_has_pseudo&quot;:&quot;no&quot;}\">\n\t\t\t\t\t<div class=\"e-con-inner\">\n\t\t<div class=\"elementor-element elementor-element-4275fd2 e-con-full e-flex e-con e-child\" data-id=\"4275fd2\" data-element_type=\"container\" data-e-type=\"container\" data-settings=\"{&quot;_ob_use_container_extras&quot;:&quot;no&quot;,&quot;_ob_column_hoveranimator&quot;:&quot;no&quot;,&quot;_ob_glider_is_slider&quot;:&quot;no&quot;,&quot;_ob_column_has_pseudo&quot;:&quot;no&quot;}\">\n\t\t<div class=\"elementor-element elementor-element-5570f07 e-con-full e-flex e-con e-child\" data-id=\"5570f07\" data-element_type=\"container\" data-e-type=\"container\" data-settings=\"{&quot;_ob_use_container_extras&quot;:&quot;no&quot;,&quot;_ob_column_hoveranimator&quot;:&quot;no&quot;,&quot;_ob_glider_is_slider&quot;:&quot;no&quot;,&quot;_ob_column_has_pseudo&quot;:&quot;no&quot;}\">\n\t\t\t\t<div class=\"elementor-element elementor-element-9a793d1 ob-has-background-overlay elementor-widget elementor-widget-spacer\" data-id=\"9a793d1\" data-element_type=\"widget\" data-e-type=\"widget\" data-settings=\"{&quot;_ob_spacerat_use&quot;:&quot;no&quot;,&quot;_ob_widget_stalker_use&quot;:&quot;no&quot;,&quot;_ob_poopart_use&quot;:&quot;yes&quot;,&quot;_ob_shadough_use&quot;:&quot;no&quot;,&quot;_ob_allow_hoveranimator&quot;:&quot;no&quot;}\" data-widget_type=\"spacer.default\">\n\t\t\t\t<div class=\"elementor-widget-container\">\n\t\t\t\t\t\t\t<div class=\"elementor-spacer\">\n\t\t\t<div class=\"elementor-spacer-inner\"><\/div>\n\t\t<\/div>\n\t\t\t\t\t\t<\/div>\n\t\t\t\t<\/div>\n\t\t\t\t<div class=\"elementor-element elementor-element-81b4049 ob-harakiri-inherit ob-has-background-overlay elementor-widget elementor-widget-heading\" data-id=\"81b4049\" data-element_type=\"widget\" data-e-type=\"widget\" data-settings=\"{&quot;_ob_use_harakiri&quot;:&quot;yes&quot;,&quot;_ob_harakiri_writing_mode&quot;:&quot;inherit&quot;,&quot;_ob_harakiri_text_clip&quot;:&quot;none&quot;,&quot;_ob_widget_stalker_use&quot;:&quot;no&quot;,&quot;_ob_poopart_use&quot;:&quot;yes&quot;,&quot;_ob_shadough_use&quot;:&quot;no&quot;,&quot;_ob_allow_hoveranimator&quot;:&quot;no&quot;}\" data-widget_type=\"heading.default\">\n\t\t\t\t<div class=\"elementor-widget-container\">\n\t\t\t\t\t<h2 class=\"elementor-heading-title elementor-size-default\"><p data-start=\"0\" data-end=\"79\"><strong data-start=\"0\" data-end=\"79\">assembl\u00e9e g\u00e9n\u00e9rale 2025 : Rendez-vous \u00e0 capbreton le 21 juin 2025<\/strong><\/p><\/h2>\t\t\t\t<\/div>\n\t\t\t\t<\/div>\n\t\t\t\t<div class=\"elementor-element elementor-element-9f2af10 elementor-widget-divider--view-line ob-has-background-overlay elementor-widget elementor-widget-divider\" data-id=\"9f2af10\" data-element_type=\"widget\" data-e-type=\"widget\" data-settings=\"{&quot;_ob_widget_stalker_use&quot;:&quot;no&quot;,&quot;_ob_poopart_use&quot;:&quot;yes&quot;,&quot;_ob_shadough_use&quot;:&quot;no&quot;,&quot;_ob_allow_hoveranimator&quot;:&quot;no&quot;}\" data-widget_type=\"divider.default\">\n\t\t\t\t<div class=\"elementor-widget-container\">\n\t\t\t\t\t\t\t<div class=\"elementor-divider\">\n\t\t\t<span class=\"elementor-divider-separator\">\n\t\t\t\t\t\t<\/span>\n\t\t<\/div>\n\t\t\t\t\t\t<\/div>\n\t\t\t\t<\/div>\n\t\t\t\t<div class=\"elementor-element elementor-element-7e3d70c ob-harakiri-inherit ob-has-background-overlay elementor-widget elementor-widget-text-editor\" data-id=\"7e3d70c\" data-element_type=\"widget\" data-e-type=\"widget\" data-settings=\"{&quot;_ob_use_harakiri&quot;:&quot;yes&quot;,&quot;_ob_harakiri_writing_mode&quot;:&quot;inherit&quot;,&quot;_ob_postman_use&quot;:&quot;no&quot;,&quot;_ob_widget_stalker_use&quot;:&quot;no&quot;,&quot;_ob_poopart_use&quot;:&quot;yes&quot;,&quot;_ob_shadough_use&quot;:&quot;no&quot;,&quot;_ob_allow_hoveranimator&quot;:&quot;no&quot;}\" data-widget_type=\"text-editor.default\">\n\t\t\t\t<div class=\"elementor-widget-container\">\n\t\t\t\t\t\t\t\t\t<p data-start=\"70\" data-end=\"308\">La Ligue Nouvelle-Aquitaine de Handball invite l\u2019ensemble des clubs affili\u00e9s \u00e0 participer \u00e0 la 9\u1d49 Assembl\u00e9e G\u00e9n\u00e9rale, qui se tiendra le samedi 21 juin 2025, de 10h30 \u00e0 16h30, \u00e0 Capbreton (Place de la Libert\u00e9, 40130).<\/p><p data-start=\"310\" data-end=\"535\">Moment statutaire incontournable de la vie de la Ligue, cette r\u00e9union permettra de faire le bilan de la saison \u00e9coul\u00e9e, de d\u00e9battre des orientations \u00e0 venir et de faire entendre la voix des clubs dans les d\u00e9cisions futures.<\/p><p data-start=\"542\" data-end=\"573\"><strong data-start=\"546\" data-end=\"573\">Programme de la journ\u00e9e<\/strong><\/p><p data-start=\"575\" data-end=\"629\">La journ\u00e9e sera organis\u00e9e selon le d\u00e9roul\u00e9 suivant :<\/p><ul data-start=\"630\" data-end=\"914\"><li data-start=\"630\" data-end=\"691\"><p data-start=\"632\" data-end=\"691\"><strong data-start=\"632\" data-end=\"648\">9h15 &#8211; 10h15<\/strong> : Accueil et \u00e9margement des participants<\/p><\/li><li data-start=\"692\" data-end=\"756\"><p data-start=\"694\" data-end=\"756\"><strong data-start=\"694\" data-end=\"711\">10h30 &#8211; 12h45<\/strong> : Premi\u00e8re session de l\u2019Assembl\u00e9e G\u00e9n\u00e9rale<\/p><\/li><li data-start=\"757\" data-end=\"795\"><p data-start=\"759\" data-end=\"795\"><strong data-start=\"759\" data-end=\"776\">12h45 &#8211; 14h00<\/strong> : Pause d\u00e9jeuner<\/p><\/li><li data-start=\"796\" data-end=\"850\"><p data-start=\"798\" data-end=\"850\"><strong data-start=\"798\" data-end=\"815\">14h00 &#8211; 14h15<\/strong> : R\u00e9-\u00e9margement des participants<\/p><\/li><li data-start=\"851\" data-end=\"914\"><p data-start=\"853\" data-end=\"914\"><strong data-start=\"853\" data-end=\"870\">14h15 &#8211; 16h30<\/strong> : Seconde session de l\u2019Assembl\u00e9e G\u00e9n\u00e9rale<\/p><\/li><\/ul><p data-start=\"916\" data-end=\"1112\">Un repas est pr\u00e9vu sur place. Un seul repas par club est pris en charge par la Ligue. Il est toutefois possible de r\u00e9server des repas suppl\u00e9mentaires (25\u20ac par personne, \u00e0 la charge du club).<\/p><p data-start=\"916\" data-end=\"1112\">Les clubs sont invit\u00e9s \u00e0 s\u2019inscrire via le lien transmis dans la convocation officielle avant le <strong data-start=\"1216\" data-end=\"1237\">lundi 9 juin 2025<\/strong>.<\/p><p data-start=\"1245\" data-end=\"1302\"><strong>Une participation obligatoire pour tous les clubs<\/strong><\/p><p data-start=\"1304\" data-end=\"1612\">La pr\u00e9sence \u00e0 l\u2019Assembl\u00e9e G\u00e9n\u00e9rale est obligatoire. Pour les clubs ne pouvant s\u2019y rendre, un syst\u00e8me de procuration est pr\u00e9vu selon l\u2019article 8.5 des statuts de la Ligue. Il permet \u00e0 un repr\u00e9sentant d\u2019un club de voter au nom d\u2019un autre, sous conditions pr\u00e9cises mentionn\u00e9es dans le courrier officiel.<\/p><p data-start=\"1614\" data-end=\"1791\">Conform\u00e9ment \u00e0 l\u2019article 1.2 du r\u00e8glement int\u00e9rieur, seules les associations affili\u00e9es \u00e0 la FFHandball et \u00e0 jour de leur situation financi\u00e8re peuvent prendre part aux votes.<\/p><p data-start=\"1798\" data-end=\"1869\"><strong>Une opportunit\u00e9 d\u2019\u00e9changer, de construire et d\u2019avancer ensemble<\/strong><\/p><p data-start=\"1871\" data-end=\"2153\">Comme le rappelle le pr\u00e9sident <strong data-start=\"1902\" data-end=\"1919\">Didier Bizord<\/strong> dans la convocation, cette Assembl\u00e9e G\u00e9n\u00e9rale est un moment privil\u00e9gi\u00e9 pour faire vivre la d\u00e9mocratie sportive, renforcer les liens entre les clubs, et construire ensemble les projets futurs de notre territoire handballistique.<\/p><p data-start=\"2155\" data-end=\"2270\"><strong data-start=\"2158\" data-end=\"2268\">Retrouvez toutes les informations pratiques dans les documents annexes transmis aux clubs avant le 7 juin.<\/strong><\/p><p data-start=\"2272\" data-end=\"2397\">Nous comptons sur votre pr\u00e9sence pour faire de ce rendez-vous un temps fort de la vie associative et r\u00e9gionale du handball.<\/p>\t\t\t\t\t\t\t\t<\/div>\n\t\t\t\t<\/div>\n\t\t\t\t<\/div>\n\t\t\t\t<\/div>\n\t\t\t\t\t<\/div>\n\t\t\t\t<\/div>\n\t\t\t\t<\/div>\n\t\t","protected":false},"excerpt":{"rendered":"<p>assembl\u00e9e g\u00e9n\u00e9rale 2025 : Rendez-vous \u00e0 capbreton le 21 juin 2025 La [&hellip;]<\/p>\n","protected":false},"author":2,"featured_media":0,"parent":0,"menu_order":0,"comment_status":"closed","ping_status":"closed","template":"","meta":{"footnotes":""},"class_list":["post-10152","page","type-page","status-publish","hentry"],"yoast_head":"<!-- This site is optimized with the Yoast SEO plugin v27.4 - https:\/\/yoast.com\/product\/yoast-seo-wordpress\/ -->\n<title>Article - AG 2025 - LIGUE NOUVELLE AQUITAINE<\/title>\n<meta name=\"robots\" content=\"index, follow, max-snippet:-1, max-image-preview:large, max-video-preview:-1\" \/>\n<link rel=\"canonical\" href=\"https:\/\/nouvelleaquitaine-handball.org\/index.php\/article-ag-2025\/\" \/>\n<meta property=\"og:locale\" content=\"fr_FR\" \/>\n<meta property=\"og:type\" content=\"article\" \/>\n<meta property=\"og:title\" content=\"Article - AG 2025 - LIGUE NOUVELLE AQUITAINE\" \/>\n<meta property=\"og:description\" content=\"assembl\u00e9e g\u00e9n\u00e9rale 2025 : Rendez-vous \u00e0 capbreton le 21 juin 2025 La [&hellip;]\" \/>\n<meta property=\"og:url\" content=\"https:\/\/nouvelleaquitaine-handball.org\/index.php\/article-ag-2025\/\" \/>\n<meta property=\"og:site_name\" content=\"LIGUE NOUVELLE AQUITAINE\" \/>\n<meta property=\"article:modified_time\" content=\"2025-06-03T09:19:37+00:00\" \/>\n<meta name=\"twitter:card\" content=\"summary_large_image\" \/>\n<meta name=\"twitter:label1\" content=\"Dur\u00e9e de lecture estim\u00e9e\" \/>\n\t<meta name=\"twitter:data1\" content=\"2 minutes\" \/>\n<script type=\"application\/ld+json\" class=\"yoast-schema-graph\">{\"@context\":\"https:\\\/\\\/schema.org\",\"@graph\":[{\"@type\":\"WebPage\",\"@id\":\"https:\\\/\\\/nouvelleaquitaine-handball.org\\\/index.php\\\/article-ag-2025\\\/\",\"url\":\"https:\\\/\\\/nouvelleaquitaine-handball.org\\\/index.php\\\/article-ag-2025\\\/\",\"name\":\"Article - AG 2025 - LIGUE NOUVELLE AQUITAINE\",\"isPartOf\":{\"@id\":\"https:\\\/\\\/nouvelleaquitaine-handball.org\\\/#website\"},\"datePublished\":\"2025-06-03T09:16:36+00:00\",\"dateModified\":\"2025-06-03T09:19:37+00:00\",\"breadcrumb\":{\"@id\":\"https:\\\/\\\/nouvelleaquitaine-handball.org\\\/index.php\\\/article-ag-2025\\\/#breadcrumb\"},\"inLanguage\":\"fr-FR\",\"potentialAction\":[{\"@type\":\"ReadAction\",\"target\":[\"https:\\\/\\\/nouvelleaquitaine-handball.org\\\/index.php\\\/article-ag-2025\\\/\"]}]},{\"@type\":\"BreadcrumbList\",\"@id\":\"https:\\\/\\\/nouvelleaquitaine-handball.org\\\/index.php\\\/article-ag-2025\\\/#breadcrumb\",\"itemListElement\":[{\"@type\":\"ListItem\",\"position\":1,\"name\":\"Accueil\",\"item\":\"https:\\\/\\\/nouvelleaquitaine-handball.org\\\/\"},{\"@type\":\"ListItem\",\"position\":2,\"name\":\"Article &#8211; AG 2025\"}]},{\"@type\":\"WebSite\",\"@id\":\"https:\\\/\\\/nouvelleaquitaine-handball.org\\\/#website\",\"url\":\"https:\\\/\\\/nouvelleaquitaine-handball.org\\\/\",\"name\":\"LIGUE NOUVELLE AQUITAINE\",\"description\":\"FFHANDBALL\",\"potentialAction\":[{\"@type\":\"SearchAction\",\"target\":{\"@type\":\"EntryPoint\",\"urlTemplate\":\"https:\\\/\\\/nouvelleaquitaine-handball.org\\\/?s={search_term_string}\"},\"query-input\":{\"@type\":\"PropertyValueSpecification\",\"valueRequired\":true,\"valueName\":\"search_term_string\"}}],\"inLanguage\":\"fr-FR\"}]}<\/script>\n<!-- \/ Yoast SEO plugin. -->","yoast_head_json":{"title":"Article - AG 2025 - LIGUE NOUVELLE AQUITAINE","robots":{"index":"index","follow":"follow","max-snippet":"max-snippet:-1","max-image-preview":"max-image-preview:large","max-video-preview":"max-video-preview:-1"},"canonical":"https:\/\/nouvelleaquitaine-handball.org\/index.php\/article-ag-2025\/","og_locale":"fr_FR","og_type":"article","og_title":"Article - AG 2025 - LIGUE NOUVELLE AQUITAINE","og_description":"assembl\u00e9e g\u00e9n\u00e9rale 2025 : Rendez-vous \u00e0 capbreton le 21 juin 2025 La [&hellip;]","og_url":"https:\/\/nouvelleaquitaine-handball.org\/index.php\/article-ag-2025\/","og_site_name":"LIGUE NOUVELLE AQUITAINE","article_modified_time":"2025-06-03T09:19:37+00:00","twitter_card":"summary_large_image","twitter_misc":{"Dur\u00e9e de lecture estim\u00e9e":"2 minutes"},"schema":{"@context":"https:\/\/schema.org","@graph":[{"@type":"WebPage","@id":"https:\/\/nouvelleaquitaine-handball.org\/index.php\/article-ag-2025\/","url":"https:\/\/nouvelleaquitaine-handball.org\/index.php\/article-ag-2025\/","name":"Article - AG 2025 - LIGUE NOUVELLE AQUITAINE","isPartOf":{"@id":"https:\/\/nouvelleaquitaine-handball.org\/#website"},"datePublished":"2025-06-03T09:16:36+00:00","dateModified":"2025-06-03T09:19:37+00:00","breadcrumb":{"@id":"https:\/\/nouvelleaquitaine-handball.org\/index.php\/article-ag-2025\/#breadcrumb"},"inLanguage":"fr-FR","potentialAction":[{"@type":"ReadAction","target":["https:\/\/nouvelleaquitaine-handball.org\/index.php\/article-ag-2025\/"]}]},{"@type":"BreadcrumbList","@id":"https:\/\/nouvelleaquitaine-handball.org\/index.php\/article-ag-2025\/#breadcrumb","itemListElement":[{"@type":"ListItem","position":1,"name":"Accueil","item":"https:\/\/nouvelleaquitaine-handball.org\/"},{"@type":"ListItem","position":2,"name":"Article &#8211; AG 2025"}]},{"@type":"WebSite","@id":"https:\/\/nouvelleaquitaine-handball.org\/#website","url":"https:\/\/nouvelleaquitaine-handball.org\/","name":"LIGUE NOUVELLE AQUITAINE","description":"FFHANDBALL","potentialAction":[{"@type":"SearchAction","target":{"@type":"EntryPoint","urlTemplate":"https:\/\/nouvelleaquitaine-handball.org\/?s={search_term_string}"},"query-input":{"@type":"PropertyValueSpecification","valueRequired":true,"valueName":"search_term_string"}}],"inLanguage":"fr-FR"}]}},"jetpack_sharing_enabled":true,"_links":{"self":[{"href":"https:\/\/nouvelleaquitaine-handball.org\/index.php\/wp-json\/wp\/v2\/pages\/10152","targetHints":{"allow":["GET"]}}],"collection":[{"href":"https:\/\/nouvelleaquitaine-handball.org\/index.php\/wp-json\/wp\/v2\/pages"}],"about":[{"href":"https:\/\/nouvelleaquitaine-handball.org\/index.php\/wp-json\/wp\/v2\/types\/page"}],"author":[{"embeddable":true,"href":"https:\/\/nouvelleaquitaine-handball.org\/index.php\/wp-json\/wp\/v2\/users\/2"}],"replies":[{"embeddable":true,"href":"https:\/\/nouvelleaquitaine-handball.org\/index.php\/wp-json\/wp\/v2\/comments?post=10152"}],"version-history":[{"count":8,"href":"https:\/\/nouvelleaquitaine-handball.org\/index.php\/wp-json\/wp\/v2\/pages\/10152\/revisions"}],"predecessor-version":[{"id":10174,"href":"https:\/\/nouvelleaquitaine-handball.org\/index.php\/wp-json\/wp\/v2\/pages\/10152\/revisions\/10174"}],"wp:attachment":[{"href":"https:\/\/nouvelleaquitaine-handball.org\/index.php\/wp-json\/wp\/v2\/media?parent=10152"}],"curies":[{"name":"wp","href":"https:\/\/api.w.org\/{rel}","templated":true}]}}