{"id":10303,"date":"2025-07-17T15:30:39","date_gmt":"2025-07-17T13:30:39","guid":{"rendered":"https:\/\/nouvelleaquitaine-handball.org\/?page_id=10303"},"modified":"2025-07-17T15:32:28","modified_gmt":"2025-07-17T13:32:28","slug":"article-beach-handball","status":"publish","type":"page","link":"https:\/\/nouvelleaquitaine-handball.org\/index.php\/article-beach-handball\/","title":{"rendered":"Article &#8211; Beach Handball"},"content":{"rendered":"\t\t<div data-elementor-type=\"wp-page\" data-elementor-id=\"10303\" class=\"elementor elementor-10303\" data-elementor-post-type=\"page\">\n\t\t\t\t<div class=\"elementor-element elementor-element-0a9a547 e-flex e-con-boxed e-con e-parent\" data-id=\"0a9a547\" data-element_type=\"container\" data-e-type=\"container\" data-settings=\"{&quot;_ob_use_container_extras&quot;:&quot;no&quot;,&quot;_ob_column_hoveranimator&quot;:&quot;no&quot;,&quot;_ob_glider_is_slider&quot;:&quot;no&quot;,&quot;_ob_column_has_pseudo&quot;:&quot;no&quot;}\">\n\t\t\t\t\t<div class=\"e-con-inner\">\n\t\t<div class=\"elementor-element elementor-element-26fc2cc e-con-full e-flex e-con e-child\" data-id=\"26fc2cc\" data-element_type=\"container\" data-e-type=\"container\" data-settings=\"{&quot;_ob_use_container_extras&quot;:&quot;no&quot;,&quot;_ob_column_hoveranimator&quot;:&quot;no&quot;,&quot;_ob_glider_is_slider&quot;:&quot;no&quot;,&quot;_ob_column_has_pseudo&quot;:&quot;no&quot;}\">\n\t\t<div class=\"elementor-element elementor-element-b20995b e-con-full e-flex e-con e-child\" data-id=\"b20995b\" data-element_type=\"container\" data-e-type=\"container\" data-settings=\"{&quot;_ob_use_container_extras&quot;:&quot;no&quot;,&quot;_ob_column_hoveranimator&quot;:&quot;no&quot;,&quot;_ob_glider_is_slider&quot;:&quot;no&quot;,&quot;_ob_column_has_pseudo&quot;:&quot;no&quot;}\">\n\t\t\t\t<div class=\"elementor-element elementor-element-424c1fa ob-has-background-overlay elementor-widget elementor-widget-spacer\" data-id=\"424c1fa\" data-element_type=\"widget\" data-e-type=\"widget\" data-settings=\"{&quot;_ob_spacerat_use&quot;:&quot;no&quot;,&quot;_ob_widget_stalker_use&quot;:&quot;no&quot;,&quot;_ob_poopart_use&quot;:&quot;yes&quot;,&quot;_ob_shadough_use&quot;:&quot;no&quot;,&quot;_ob_allow_hoveranimator&quot;:&quot;no&quot;}\" data-widget_type=\"spacer.default\">\n\t\t\t\t<div class=\"elementor-widget-container\">\n\t\t\t\t\t\t\t<div class=\"elementor-spacer\">\n\t\t\t<div class=\"elementor-spacer-inner\"><\/div>\n\t\t<\/div>\n\t\t\t\t\t\t<\/div>\n\t\t\t\t<\/div>\n\t\t\t\t<div class=\"elementor-element elementor-element-d1025e4 ob-harakiri-inherit ob-has-background-overlay elementor-widget elementor-widget-heading\" data-id=\"d1025e4\" data-element_type=\"widget\" data-e-type=\"widget\" data-settings=\"{&quot;_ob_use_harakiri&quot;:&quot;yes&quot;,&quot;_ob_harakiri_writing_mode&quot;:&quot;inherit&quot;,&quot;_ob_harakiri_text_clip&quot;:&quot;none&quot;,&quot;_ob_widget_stalker_use&quot;:&quot;no&quot;,&quot;_ob_poopart_use&quot;:&quot;yes&quot;,&quot;_ob_shadough_use&quot;:&quot;no&quot;,&quot;_ob_allow_hoveranimator&quot;:&quot;no&quot;}\" data-widget_type=\"heading.default\">\n\t\t\t\t<div class=\"elementor-widget-container\">\n\t\t\t\t\t<h2 class=\"elementor-heading-title elementor-size-default\"><p data-start=\"0\" data-end=\"79\"><span style=\", sans-serif\"><b>UNE PREMIERE HISTORIQUE : LA NOUVELLE-AQUITAINE R\u00c8GNE SUR LE BEACH HANDBALL<\/b><\/span><\/p><\/h2>\t\t\t\t<\/div>\n\t\t\t\t<\/div>\n\t\t\t\t<div class=\"elementor-element elementor-element-a8315c7 elementor-widget-divider--view-line ob-has-background-overlay elementor-widget elementor-widget-divider\" data-id=\"a8315c7\" data-element_type=\"widget\" data-e-type=\"widget\" data-settings=\"{&quot;_ob_widget_stalker_use&quot;:&quot;no&quot;,&quot;_ob_poopart_use&quot;:&quot;yes&quot;,&quot;_ob_shadough_use&quot;:&quot;no&quot;,&quot;_ob_allow_hoveranimator&quot;:&quot;no&quot;}\" data-widget_type=\"divider.default\">\n\t\t\t\t<div class=\"elementor-widget-container\">\n\t\t\t\t\t\t\t<div class=\"elementor-divider\">\n\t\t\t<span class=\"elementor-divider-separator\">\n\t\t\t\t\t\t<\/span>\n\t\t<\/div>\n\t\t\t\t\t\t<\/div>\n\t\t\t\t<\/div>\n\t\t\t\t<div class=\"elementor-element elementor-element-37cb0c9 ob-harakiri-inherit ob-has-background-overlay elementor-widget elementor-widget-text-editor\" data-id=\"37cb0c9\" data-element_type=\"widget\" data-e-type=\"widget\" data-settings=\"{&quot;_ob_use_harakiri&quot;:&quot;yes&quot;,&quot;_ob_harakiri_writing_mode&quot;:&quot;inherit&quot;,&quot;_ob_postman_use&quot;:&quot;no&quot;,&quot;_ob_widget_stalker_use&quot;:&quot;no&quot;,&quot;_ob_poopart_use&quot;:&quot;yes&quot;,&quot;_ob_shadough_use&quot;:&quot;no&quot;,&quot;_ob_allow_hoveranimator&quot;:&quot;no&quot;}\" data-widget_type=\"text-editor.default\">\n\t\t\t\t<div class=\"elementor-widget-container\">\n\t\t\t\t\t\t\t\t\t<p data-start=\"92\" data-end=\"407\">C\u2019est un exploit retentissant qu\u2019ont r\u00e9alis\u00e9 nos \u00e9quipes Ligue Masculine et F\u00e9minine lors du Championnat de France de Beach Handball qui s\u2019est tenu \u00e0 Ch\u00e2teauroux les 5 et 6 juillet 2025 : les deux s\u00e9lections sont devenues Championnes de France, inscrivant leur nom dans l\u2019histoire de la discipline !<\/p><p data-start=\"409\" data-end=\"653\">Une performance totalement in\u00e9dite \u00e0 l\u2019\u00e9chelle nationale, jamais r\u00e9alis\u00e9e auparavant : un doubl\u00e9 masculin-f\u00e9minin pour une ligue sur le plan national. La Nouvelle-Aquitaine s\u2019impose plus que jamais comme une terre de beach handball.<\/p><p data-start=\"660\" data-end=\"706\"><strong>Une vague de victoires 100 % n\u00e9o-aquitaine<\/strong><\/p><p data-start=\"708\" data-end=\"1086\">Mais la r\u00e9ussite ne s\u2019est pas arr\u00eat\u00e9e l\u00e0 ! Dans les cat\u00e9gories jeunes, le comit\u00e9 de Gironde a lui aussi r\u00e9alis\u00e9 le doubl\u00e9 chez les gar\u00e7ons et les filles. Quatre titres nationaux, quatre victoires sign\u00e9es Nouvelle-Aquitaine, qui viennent r\u00e9compenser le travail de structuration, de formation et d\u2019accompagnement engag\u00e9 depuis plusieurs saisons sur cette pratique.<\/p><p data-start=\"1088\" data-end=\"1254\">C\u2019est donc l\u2019ensemble de la fili\u00e8re r\u00e9gionale qui s\u2019est illustr\u00e9e : joueurs et joueuses, encadrants, clubs formateurs, comit\u00e9s d\u00e9partementaux et staff techniques.<\/p><p data-start=\"1261\" data-end=\"1326\"><strong>Des titres construits sur la passion, la rigueur\u2026 et le sable<\/strong><\/p><p data-start=\"1328\" data-end=\"1700\">Sur les terrains install\u00e9s \u00e0 Ch\u00e2teauroux, dans une ambiance conviviale mais ultra-comp\u00e9titive, nos \u00e9quipes ont d\u00e9montr\u00e9 toute la richesse de leur jeu rapide, spectaculaire et collectif, propre au beach handball.<br data-start=\"1543\" data-end=\"1546\" \/>Au-del\u00e0 des r\u00e9sultats, c\u2019est l\u2019\u00e9tat d\u2019esprit, l\u2019envie de partager, et l\u2019amour du maillot r\u00e9gional qui ont marqu\u00e9 les esprits tout au long du week-end.<\/p><p data-start=\"1707\" data-end=\"1744\"><strong>Une immense fiert\u00e9 pour la r\u00e9gion<\/strong><\/p><p data-start=\"1746\" data-end=\"1966\">La Ligue Nouvelle-Aquitaine de Handball tient \u00e0 f\u00e9liciter chaleureusement l\u2019ensemble des joueuses, joueurs, coachs, pr\u00e9parateurs, membres du staff, arbitres, b\u00e9n\u00e9voles et accompagnateurs pour leur investissement.<\/p><p data-start=\"1968\" data-end=\"2137\">Bravo \u00e9galement au comit\u00e9 de Gironde, dont l\u2019engagement et la r\u00e9gularit\u00e9 dans le d\u00e9veloppement du beach handball chez les jeunes portent aujourd\u2019hui leurs fruits.<\/p><p data-start=\"2144\" data-end=\"2163\"><strong>Et maintenant ?<\/strong><\/p><p data-start=\"2165\" data-end=\"2433\">Ces r\u00e9sultats exceptionnels ne sont pas une fin en soi, mais bien un tremplin pour aller encore plus loin : structurer la pratique, former davantage de joueurs et d\u2019\u00e9ducateurs, organiser des tournois, et pourquoi pas viser l&#8217;international dans les ann\u00e9es \u00e0 venir !<\/p>\t\t\t\t\t\t\t\t<\/div>\n\t\t\t\t<\/div>\n\t\t\t\t<\/div>\n\t\t\t\t<\/div>\n\t\t\t\t\t<\/div>\n\t\t\t\t<\/div>\n\t\t\t\t<\/div>\n\t\t","protected":false},"excerpt":{"rendered":"<p>UNE PREMIERE HISTORIQUE : LA NOUVELLE-AQUITAINE R\u00c8GNE SUR LE BEACH HANDBALL C\u2019est [&hellip;]<\/p>\n","protected":false},"author":2,"featured_media":0,"parent":0,"menu_order":0,"comment_status":"closed","ping_status":"closed","template":"","meta":{"footnotes":""},"class_list":["post-10303","page","type-page","status-publish","hentry"],"yoast_head":"<!-- This site is optimized with the Yoast SEO plugin v27.4 - https:\/\/yoast.com\/product\/yoast-seo-wordpress\/ -->\n<title>Article - Beach Handball - LIGUE NOUVELLE AQUITAINE<\/title>\n<meta name=\"robots\" content=\"index, follow, max-snippet:-1, max-image-preview:large, max-video-preview:-1\" \/>\n<link rel=\"canonical\" href=\"https:\/\/nouvelleaquitaine-handball.org\/index.php\/article-beach-handball\/\" \/>\n<meta property=\"og:locale\" content=\"fr_FR\" \/>\n<meta property=\"og:type\" content=\"article\" \/>\n<meta property=\"og:title\" content=\"Article - Beach Handball - LIGUE NOUVELLE AQUITAINE\" \/>\n<meta property=\"og:description\" content=\"UNE PREMIERE HISTORIQUE : LA NOUVELLE-AQUITAINE R\u00c8GNE SUR LE BEACH HANDBALL C\u2019est [&hellip;]\" \/>\n<meta property=\"og:url\" content=\"https:\/\/nouvelleaquitaine-handball.org\/index.php\/article-beach-handball\/\" \/>\n<meta property=\"og:site_name\" content=\"LIGUE NOUVELLE AQUITAINE\" \/>\n<meta property=\"article:modified_time\" content=\"2025-07-17T13:32:28+00:00\" \/>\n<meta name=\"twitter:card\" content=\"summary_large_image\" \/>\n<meta name=\"twitter:label1\" content=\"Dur\u00e9e de lecture estim\u00e9e\" \/>\n\t<meta name=\"twitter:data1\" content=\"2 minutes\" \/>\n<script type=\"application\/ld+json\" class=\"yoast-schema-graph\">{\"@context\":\"https:\\\/\\\/schema.org\",\"@graph\":[{\"@type\":\"WebPage\",\"@id\":\"https:\\\/\\\/nouvelleaquitaine-handball.org\\\/index.php\\\/article-beach-handball\\\/\",\"url\":\"https:\\\/\\\/nouvelleaquitaine-handball.org\\\/index.php\\\/article-beach-handball\\\/\",\"name\":\"Article - Beach Handball - LIGUE NOUVELLE AQUITAINE\",\"isPartOf\":{\"@id\":\"https:\\\/\\\/nouvelleaquitaine-handball.org\\\/#website\"},\"datePublished\":\"2025-07-17T13:30:39+00:00\",\"dateModified\":\"2025-07-17T13:32:28+00:00\",\"breadcrumb\":{\"@id\":\"https:\\\/\\\/nouvelleaquitaine-handball.org\\\/index.php\\\/article-beach-handball\\\/#breadcrumb\"},\"inLanguage\":\"fr-FR\",\"potentialAction\":[{\"@type\":\"ReadAction\",\"target\":[\"https:\\\/\\\/nouvelleaquitaine-handball.org\\\/index.php\\\/article-beach-handball\\\/\"]}]},{\"@type\":\"BreadcrumbList\",\"@id\":\"https:\\\/\\\/nouvelleaquitaine-handball.org\\\/index.php\\\/article-beach-handball\\\/#breadcrumb\",\"itemListElement\":[{\"@type\":\"ListItem\",\"position\":1,\"name\":\"Accueil\",\"item\":\"https:\\\/\\\/nouvelleaquitaine-handball.org\\\/\"},{\"@type\":\"ListItem\",\"position\":2,\"name\":\"Article &#8211; Beach Handball\"}]},{\"@type\":\"WebSite\",\"@id\":\"https:\\\/\\\/nouvelleaquitaine-handball.org\\\/#website\",\"url\":\"https:\\\/\\\/nouvelleaquitaine-handball.org\\\/\",\"name\":\"LIGUE NOUVELLE AQUITAINE\",\"description\":\"FFHANDBALL\",\"potentialAction\":[{\"@type\":\"SearchAction\",\"target\":{\"@type\":\"EntryPoint\",\"urlTemplate\":\"https:\\\/\\\/nouvelleaquitaine-handball.org\\\/?s={search_term_string}\"},\"query-input\":{\"@type\":\"PropertyValueSpecification\",\"valueRequired\":true,\"valueName\":\"search_term_string\"}}],\"inLanguage\":\"fr-FR\"}]}<\/script>\n<!-- \/ Yoast SEO plugin. -->","yoast_head_json":{"title":"Article - Beach Handball - LIGUE NOUVELLE AQUITAINE","robots":{"index":"index","follow":"follow","max-snippet":"max-snippet:-1","max-image-preview":"max-image-preview:large","max-video-preview":"max-video-preview:-1"},"canonical":"https:\/\/nouvelleaquitaine-handball.org\/index.php\/article-beach-handball\/","og_locale":"fr_FR","og_type":"article","og_title":"Article - Beach Handball - LIGUE NOUVELLE AQUITAINE","og_description":"UNE PREMIERE HISTORIQUE : LA NOUVELLE-AQUITAINE R\u00c8GNE SUR LE BEACH HANDBALL C\u2019est [&hellip;]","og_url":"https:\/\/nouvelleaquitaine-handball.org\/index.php\/article-beach-handball\/","og_site_name":"LIGUE NOUVELLE AQUITAINE","article_modified_time":"2025-07-17T13:32:28+00:00","twitter_card":"summary_large_image","twitter_misc":{"Dur\u00e9e de lecture estim\u00e9e":"2 minutes"},"schema":{"@context":"https:\/\/schema.org","@graph":[{"@type":"WebPage","@id":"https:\/\/nouvelleaquitaine-handball.org\/index.php\/article-beach-handball\/","url":"https:\/\/nouvelleaquitaine-handball.org\/index.php\/article-beach-handball\/","name":"Article - Beach Handball - LIGUE NOUVELLE AQUITAINE","isPartOf":{"@id":"https:\/\/nouvelleaquitaine-handball.org\/#website"},"datePublished":"2025-07-17T13:30:39+00:00","dateModified":"2025-07-17T13:32:28+00:00","breadcrumb":{"@id":"https:\/\/nouvelleaquitaine-handball.org\/index.php\/article-beach-handball\/#breadcrumb"},"inLanguage":"fr-FR","potentialAction":[{"@type":"ReadAction","target":["https:\/\/nouvelleaquitaine-handball.org\/index.php\/article-beach-handball\/"]}]},{"@type":"BreadcrumbList","@id":"https:\/\/nouvelleaquitaine-handball.org\/index.php\/article-beach-handball\/#breadcrumb","itemListElement":[{"@type":"ListItem","position":1,"name":"Accueil","item":"https:\/\/nouvelleaquitaine-handball.org\/"},{"@type":"ListItem","position":2,"name":"Article &#8211; Beach Handball"}]},{"@type":"WebSite","@id":"https:\/\/nouvelleaquitaine-handball.org\/#website","url":"https:\/\/nouvelleaquitaine-handball.org\/","name":"LIGUE NOUVELLE AQUITAINE","description":"FFHANDBALL","potentialAction":[{"@type":"SearchAction","target":{"@type":"EntryPoint","urlTemplate":"https:\/\/nouvelleaquitaine-handball.org\/?s={search_term_string}"},"query-input":{"@type":"PropertyValueSpecification","valueRequired":true,"valueName":"search_term_string"}}],"inLanguage":"fr-FR"}]}},"jetpack_sharing_enabled":true,"_links":{"self":[{"href":"https:\/\/nouvelleaquitaine-handball.org\/index.php\/wp-json\/wp\/v2\/pages\/10303","targetHints":{"allow":["GET"]}}],"collection":[{"href":"https:\/\/nouvelleaquitaine-handball.org\/index.php\/wp-json\/wp\/v2\/pages"}],"about":[{"href":"https:\/\/nouvelleaquitaine-handball.org\/index.php\/wp-json\/wp\/v2\/types\/page"}],"author":[{"embeddable":true,"href":"https:\/\/nouvelleaquitaine-handball.org\/index.php\/wp-json\/wp\/v2\/users\/2"}],"replies":[{"embeddable":true,"href":"https:\/\/nouvelleaquitaine-handball.org\/index.php\/wp-json\/wp\/v2\/comments?post=10303"}],"version-history":[{"count":8,"href":"https:\/\/nouvelleaquitaine-handball.org\/index.php\/wp-json\/wp\/v2\/pages\/10303\/revisions"}],"predecessor-version":[{"id":10539,"href":"https:\/\/nouvelleaquitaine-handball.org\/index.php\/wp-json\/wp\/v2\/pages\/10303\/revisions\/10539"}],"wp:attachment":[{"href":"https:\/\/nouvelleaquitaine-handball.org\/index.php\/wp-json\/wp\/v2\/media?parent=10303"}],"curies":[{"name":"wp","href":"https:\/\/api.w.org\/{rel}","templated":true}]}}