{"id":10522,"date":"2025-09-17T14:37:44","date_gmt":"2025-09-17T12:37:44","guid":{"rendered":"https:\/\/nouvelleaquitaine-handball.org\/?page_id=10522"},"modified":"2026-03-10T11:50:13","modified_gmt":"2026-03-10T10:50:13","slug":"le-guide-des-formations-25-26-est-disponible","status":"publish","type":"page","link":"https:\/\/nouvelleaquitaine-handball.org\/index.php\/le-guide-des-formations-25-26-est-disponible\/","title":{"rendered":"Le Guide des Formations 25\/26 est disponible !"},"content":{"rendered":"\t\t<div data-elementor-type=\"wp-page\" data-elementor-id=\"10522\" class=\"elementor elementor-10522\" data-elementor-post-type=\"page\">\n\t\t\t\t<div class=\"elementor-element elementor-element-ba391e0 e-flex e-con-boxed e-con e-parent\" data-id=\"ba391e0\" data-element_type=\"container\" data-e-type=\"container\" data-settings=\"{&quot;_ob_use_container_extras&quot;:&quot;no&quot;,&quot;_ob_column_hoveranimator&quot;:&quot;no&quot;,&quot;_ob_glider_is_slider&quot;:&quot;no&quot;,&quot;_ob_column_has_pseudo&quot;:&quot;no&quot;}\">\n\t\t\t\t\t<div class=\"e-con-inner\">\n\t\t\t\t\t<\/div>\n\t\t\t\t<\/div>\n\t\t<div class=\"elementor-element elementor-element-4726db0 e-flex e-con-boxed e-con e-parent\" data-id=\"4726db0\" data-element_type=\"container\" data-e-type=\"container\" data-settings=\"{&quot;_ob_use_container_extras&quot;:&quot;no&quot;,&quot;_ob_column_hoveranimator&quot;:&quot;no&quot;,&quot;_ob_glider_is_slider&quot;:&quot;no&quot;,&quot;_ob_column_has_pseudo&quot;:&quot;no&quot;}\">\n\t\t\t\t\t<div class=\"e-con-inner\">\n\t\t<div class=\"elementor-element elementor-element-5e1e643 e-con-full e-flex e-con e-child\" data-id=\"5e1e643\" data-element_type=\"container\" data-e-type=\"container\" data-settings=\"{&quot;_ob_use_container_extras&quot;:&quot;no&quot;,&quot;_ob_column_hoveranimator&quot;:&quot;no&quot;,&quot;_ob_glider_is_slider&quot;:&quot;no&quot;,&quot;_ob_column_has_pseudo&quot;:&quot;no&quot;}\">\n\t\t<div class=\"elementor-element elementor-element-80b7170 e-con-full e-flex e-con e-child\" data-id=\"80b7170\" data-element_type=\"container\" data-e-type=\"container\" data-settings=\"{&quot;_ob_use_container_extras&quot;:&quot;no&quot;,&quot;_ob_column_hoveranimator&quot;:&quot;no&quot;,&quot;_ob_glider_is_slider&quot;:&quot;no&quot;,&quot;_ob_column_has_pseudo&quot;:&quot;no&quot;}\">\n\t\t\t\t<div class=\"elementor-element elementor-element-4e3fe9f ob-harakiri-inherit ob-has-background-overlay elementor-widget elementor-widget-heading\" data-id=\"4e3fe9f\" data-element_type=\"widget\" data-e-type=\"widget\" data-settings=\"{&quot;_ob_use_harakiri&quot;:&quot;yes&quot;,&quot;_ob_harakiri_writing_mode&quot;:&quot;inherit&quot;,&quot;_ob_harakiri_text_clip&quot;:&quot;none&quot;,&quot;_ob_widget_stalker_use&quot;:&quot;no&quot;,&quot;_ob_poopart_use&quot;:&quot;yes&quot;,&quot;_ob_shadough_use&quot;:&quot;no&quot;,&quot;_ob_allow_hoveranimator&quot;:&quot;no&quot;}\" data-widget_type=\"heading.default\">\n\t\t\t\t<div class=\"elementor-widget-container\">\n\t\t\t\t\t<h2 class=\"elementor-heading-title elementor-size-default\"><p data-start=\"0\" data-end=\"79\"><b>LE GUIDE DES FORMATIONS 25\/26 EST DISPONIBLE !<\/b><\/p><\/h2>\t\t\t\t<\/div>\n\t\t\t\t<\/div>\n\t\t\t\t<div class=\"elementor-element elementor-element-a99365a elementor-widget-divider--view-line ob-has-background-overlay elementor-widget elementor-widget-divider\" data-id=\"a99365a\" data-element_type=\"widget\" data-e-type=\"widget\" data-settings=\"{&quot;_ob_widget_stalker_use&quot;:&quot;no&quot;,&quot;_ob_poopart_use&quot;:&quot;yes&quot;,&quot;_ob_shadough_use&quot;:&quot;no&quot;,&quot;_ob_allow_hoveranimator&quot;:&quot;no&quot;}\" data-widget_type=\"divider.default\">\n\t\t\t\t<div class=\"elementor-widget-container\">\n\t\t\t\t\t\t\t<div class=\"elementor-divider\">\n\t\t\t<span class=\"elementor-divider-separator\">\n\t\t\t\t\t\t<\/span>\n\t\t<\/div>\n\t\t\t\t\t\t<\/div>\n\t\t\t\t<\/div>\n\t\t\t\t<div class=\"elementor-element elementor-element-ccc2583 ob-harakiri-inherit ob-has-background-overlay elementor-widget elementor-widget-text-editor\" data-id=\"ccc2583\" data-element_type=\"widget\" data-e-type=\"widget\" data-settings=\"{&quot;_ob_use_harakiri&quot;:&quot;yes&quot;,&quot;_ob_harakiri_writing_mode&quot;:&quot;inherit&quot;,&quot;_ob_postman_use&quot;:&quot;no&quot;,&quot;_ob_widget_stalker_use&quot;:&quot;no&quot;,&quot;_ob_poopart_use&quot;:&quot;yes&quot;,&quot;_ob_shadough_use&quot;:&quot;no&quot;,&quot;_ob_allow_hoveranimator&quot;:&quot;no&quot;}\" data-widget_type=\"text-editor.default\">\n\t\t\t\t<div class=\"elementor-widget-container\">\n\t\t\t\t\t\t\t\t\t<p data-start=\"92\" data-end=\"407\">La Ligue Nouvelle-Aquitaine de Handball est heureuse d\u2019annoncer la parution de son\u00a0<strong>nouveau Guide des Formations 2025-2026<\/strong>. V\u00e9ritable outil d\u2019accompagnement pour tous les passionn\u00e9s de handball de notre r\u00e9gion, ce guide recense l\u2019ensemble des formations disponibles sur le territoire n\u00e9o-aquitain pour\u00a0<strong>apprendre, d\u00e9velopper de nouvelles comp\u00e9tences et se perfectionner<\/strong>\u00a0dans les m\u00e9tiers et pratiques du handball.<\/p><p><strong><span style=\"font-size: 16px;\">Un outil pour tous les passionn\u00e9s de handball<\/span><\/strong><\/p><p>La Ligue Nouvelle-Aquitaine de Handball est heureuse d\u2019annoncer la parution de son\u00a0<strong>nouveau Guide des Formations 2025-2026<\/strong>.<br \/>Ce document recense l\u2019ensemble des formations propos\u00e9es sur le territoire n\u00e9o-aquitain afin de permettre \u00e0 chacun d\u2019<strong>apprendre, d\u00e9velopper de nouvelles comp\u00e9tences et se perfectionner<\/strong>\u00a0dans les m\u00e9tiers et pratiques du handball.<\/p><p><strong><span style=\"font-size: 16px;\">Des programmes adapt\u00e9s \u00e0 chaque profil<\/span><\/strong><\/p><p>Pens\u00e9 pour r\u00e9pondre aux besoins des diff\u00e9rents acteurs du handball \u2014\u00a0<strong>entra\u00eeneurs, \u00e9ducateurs, arbitres, dirigeants, b\u00e9n\u00e9voles et d\u00e9butants<\/strong>\u00a0\u2014 le guide d\u00e9taille pour chaque formation :<\/p><ul><li>les pr\u00e9requis,<\/li><li>les objectifs,<\/li><li>les contenus,<\/li><li>les comp\u00e9tences d\u00e9velopp\u00e9es,<\/li><li>les lieux et modalit\u00e9s d\u2019inscription.<\/li><\/ul><p><strong>Une version en ligne r\u00e9guli\u00e8rement actualis\u00e9e<\/strong><\/p><p>Le\u00a0<strong>Guide des Formations 2025-2026<\/strong>\u00a0est\u00a0<strong>disponible en t\u00e9l\u00e9chargement sur le site internet de la Ligue<\/strong>.<br \/>Il sera\u00a0<strong>mis \u00e0 jour r\u00e9guli\u00e8rement<\/strong>\u00a0pour garantir des informations toujours actuelles.<br \/>Un document compl\u00e9mentaire, recensant toutes les dates des Comit\u00e9s d\u00e9partementaux, est \u00e9galement accessible en ligne.<\/p><p><strong>Un appel \u00e0 la diffusion<\/strong><\/p><p>Nous invitons l\u2019ensemble des clubs et structures \u00e0\u00a0<strong>partager largement<\/strong>\u00a0ce guide aupr\u00e8s de leurs licenci\u00e9(e)s, b\u00e9n\u00e9voles et encadrants, et \u00e0 en faire un v\u00e9ritable outil de d\u00e9veloppement des comp\u00e9tences au sein de leur organisation.<\/p><p><strong>Un accompagnement \u00e0 votre disposition<\/strong><\/p><p>Pour toute question ou besoin sp\u00e9cifique, l\u2019<strong>ITFE de la Ligue Nouvelle-Aquitaine de Handball<\/strong>\u00a0reste \u00e0 votre \u00e9coute et disponible pour vous accompagner.<\/p>\t\t\t\t\t\t\t\t<\/div>\n\t\t\t\t<\/div>\n\t\t\t\t<\/div>\n\t\t\t\t<\/div>\n\t\t\t\t\t<\/div>\n\t\t\t\t<\/div>\n\t\t<div class=\"elementor-element elementor-element-2d7ca6e e-flex e-con-boxed e-con e-parent\" data-id=\"2d7ca6e\" data-element_type=\"container\" data-e-type=\"container\" data-settings=\"{&quot;_ob_use_container_extras&quot;:&quot;no&quot;,&quot;_ob_column_hoveranimator&quot;:&quot;no&quot;,&quot;_ob_glider_is_slider&quot;:&quot;no&quot;,&quot;_ob_column_has_pseudo&quot;:&quot;no&quot;}\">\n\t\t\t\t\t<div class=\"e-con-inner\">\n\t\t\t\t<div class=\"elementor-element elementor-element-3945cfe ob-has-background-overlay elementor-widget elementor-widget-button\" data-id=\"3945cfe\" data-element_type=\"widget\" data-e-type=\"widget\" data-settings=\"{&quot;_ob_butterbutton_use_it&quot;:&quot;no&quot;,&quot;_ob_widget_stalker_use&quot;:&quot;no&quot;,&quot;_ob_poopart_use&quot;:&quot;yes&quot;,&quot;_ob_shadough_use&quot;:&quot;no&quot;,&quot;_ob_allow_hoveranimator&quot;:&quot;no&quot;}\" data-widget_type=\"button.default\">\n\t\t\t\t<div class=\"elementor-widget-container\">\n\t\t\t\t\t\t\t\t\t<div class=\"elementor-button-wrapper\">\n\t\t\t\t\t<a class=\"elementor-button elementor-button-link elementor-size-sm\" href=\"http:\/\/nouvelleaquitaine-handball.org\/wp-content\/uploads\/2026\/03\/GDF-2025-2026-2.pdf\">\n\t\t\t\t\t\t<span class=\"elementor-button-content-wrapper\">\n\t\t\t\t\t\t\t\t\t<span class=\"elementor-button-text\">D\u00e9couvrez le Guide des Formations 25\/26 !<\/span>\n\t\t\t\t\t<\/span>\n\t\t\t\t\t<\/a>\n\t\t\t\t<\/div>\n\t\t\t\t\t\t\t\t<\/div>\n\t\t\t\t<\/div>\n\t\t\t\t\t<\/div>\n\t\t\t\t<\/div>\n\t\t\t\t<\/div>\n\t\t","protected":false},"excerpt":{"rendered":"<p>LE GUIDE DES FORMATIONS 25\/26 EST DISPONIBLE ! La Ligue Nouvelle-Aquitaine de [&hellip;]<\/p>\n","protected":false},"author":2,"featured_media":10523,"parent":0,"menu_order":0,"comment_status":"closed","ping_status":"closed","template":"","meta":{"footnotes":""},"class_list":["post-10522","page","type-page","status-publish","has-post-thumbnail","hentry"],"yoast_head":"<!-- This site is optimized with the Yoast SEO plugin v27.4 - https:\/\/yoast.com\/product\/yoast-seo-wordpress\/ -->\n<title>Le Guide des Formations 25\/26 est disponible ! - LIGUE NOUVELLE AQUITAINE<\/title>\n<meta name=\"robots\" content=\"index, follow, max-snippet:-1, max-image-preview:large, max-video-preview:-1\" \/>\n<link rel=\"canonical\" href=\"https:\/\/nouvelleaquitaine-handball.org\/index.php\/le-guide-des-formations-25-26-est-disponible\/\" \/>\n<meta property=\"og:locale\" content=\"fr_FR\" \/>\n<meta property=\"og:type\" content=\"article\" \/>\n<meta property=\"og:title\" content=\"Le Guide des Formations 25\/26 est disponible ! - LIGUE NOUVELLE AQUITAINE\" \/>\n<meta property=\"og:description\" content=\"LE GUIDE DES FORMATIONS 25\/26 EST DISPONIBLE ! La Ligue Nouvelle-Aquitaine de [&hellip;]\" \/>\n<meta property=\"og:url\" content=\"https:\/\/nouvelleaquitaine-handball.org\/index.php\/le-guide-des-formations-25-26-est-disponible\/\" \/>\n<meta property=\"og:site_name\" content=\"LIGUE NOUVELLE AQUITAINE\" \/>\n<meta property=\"article:modified_time\" content=\"2026-03-10T10:50:13+00:00\" \/>\n<meta property=\"og:image\" content=\"http:\/\/nouvelleaquitaine-handball.org\/wp-content\/uploads\/2025\/09\/SITE-INTERNET-articles-scaled.png\" \/>\n\t<meta property=\"og:image:width\" content=\"2560\" \/>\n\t<meta property=\"og:image:height\" content=\"1400\" \/>\n\t<meta property=\"og:image:type\" content=\"image\/png\" \/>\n<meta name=\"twitter:card\" content=\"summary_large_image\" \/>\n<meta name=\"twitter:label1\" content=\"Dur\u00e9e de lecture estim\u00e9e\" \/>\n\t<meta name=\"twitter:data1\" content=\"2 minutes\" \/>\n<script type=\"application\/ld+json\" class=\"yoast-schema-graph\">{\"@context\":\"https:\\\/\\\/schema.org\",\"@graph\":[{\"@type\":\"WebPage\",\"@id\":\"https:\\\/\\\/nouvelleaquitaine-handball.org\\\/index.php\\\/le-guide-des-formations-25-26-est-disponible\\\/\",\"url\":\"https:\\\/\\\/nouvelleaquitaine-handball.org\\\/index.php\\\/le-guide-des-formations-25-26-est-disponible\\\/\",\"name\":\"Le Guide des Formations 25\\\/26 est disponible ! - LIGUE NOUVELLE AQUITAINE\",\"isPartOf\":{\"@id\":\"https:\\\/\\\/nouvelleaquitaine-handball.org\\\/#website\"},\"primaryImageOfPage\":{\"@id\":\"https:\\\/\\\/nouvelleaquitaine-handball.org\\\/index.php\\\/le-guide-des-formations-25-26-est-disponible\\\/#primaryimage\"},\"image\":{\"@id\":\"https:\\\/\\\/nouvelleaquitaine-handball.org\\\/index.php\\\/le-guide-des-formations-25-26-est-disponible\\\/#primaryimage\"},\"thumbnailUrl\":\"https:\\\/\\\/i0.wp.com\\\/nouvelleaquitaine-handball.org\\\/wp-content\\\/uploads\\\/2025\\\/09\\\/SITE-INTERNET-articles-scaled.png?fit=2560%2C1400&ssl=1\",\"datePublished\":\"2025-09-17T12:37:44+00:00\",\"dateModified\":\"2026-03-10T10:50:13+00:00\",\"breadcrumb\":{\"@id\":\"https:\\\/\\\/nouvelleaquitaine-handball.org\\\/index.php\\\/le-guide-des-formations-25-26-est-disponible\\\/#breadcrumb\"},\"inLanguage\":\"fr-FR\",\"potentialAction\":[{\"@type\":\"ReadAction\",\"target\":[\"https:\\\/\\\/nouvelleaquitaine-handball.org\\\/index.php\\\/le-guide-des-formations-25-26-est-disponible\\\/\"]}]},{\"@type\":\"ImageObject\",\"inLanguage\":\"fr-FR\",\"@id\":\"https:\\\/\\\/nouvelleaquitaine-handball.org\\\/index.php\\\/le-guide-des-formations-25-26-est-disponible\\\/#primaryimage\",\"url\":\"https:\\\/\\\/i0.wp.com\\\/nouvelleaquitaine-handball.org\\\/wp-content\\\/uploads\\\/2025\\\/09\\\/SITE-INTERNET-articles-scaled.png?fit=2560%2C1400&ssl=1\",\"contentUrl\":\"https:\\\/\\\/i0.wp.com\\\/nouvelleaquitaine-handball.org\\\/wp-content\\\/uploads\\\/2025\\\/09\\\/SITE-INTERNET-articles-scaled.png?fit=2560%2C1400&ssl=1\",\"width\":2560,\"height\":1400,\"caption\":\"Guide des formations 25\\\/26\"},{\"@type\":\"BreadcrumbList\",\"@id\":\"https:\\\/\\\/nouvelleaquitaine-handball.org\\\/index.php\\\/le-guide-des-formations-25-26-est-disponible\\\/#breadcrumb\",\"itemListElement\":[{\"@type\":\"ListItem\",\"position\":1,\"name\":\"Accueil\",\"item\":\"https:\\\/\\\/nouvelleaquitaine-handball.org\\\/\"},{\"@type\":\"ListItem\",\"position\":2,\"name\":\"Le Guide des Formations 25\\\/26 est disponible !\"}]},{\"@type\":\"WebSite\",\"@id\":\"https:\\\/\\\/nouvelleaquitaine-handball.org\\\/#website\",\"url\":\"https:\\\/\\\/nouvelleaquitaine-handball.org\\\/\",\"name\":\"LIGUE NOUVELLE AQUITAINE\",\"description\":\"FFHANDBALL\",\"potentialAction\":[{\"@type\":\"SearchAction\",\"target\":{\"@type\":\"EntryPoint\",\"urlTemplate\":\"https:\\\/\\\/nouvelleaquitaine-handball.org\\\/?s={search_term_string}\"},\"query-input\":{\"@type\":\"PropertyValueSpecification\",\"valueRequired\":true,\"valueName\":\"search_term_string\"}}],\"inLanguage\":\"fr-FR\"}]}<\/script>\n<!-- \/ Yoast SEO plugin. -->","yoast_head_json":{"title":"Le Guide des Formations 25\/26 est disponible ! - LIGUE NOUVELLE AQUITAINE","robots":{"index":"index","follow":"follow","max-snippet":"max-snippet:-1","max-image-preview":"max-image-preview:large","max-video-preview":"max-video-preview:-1"},"canonical":"https:\/\/nouvelleaquitaine-handball.org\/index.php\/le-guide-des-formations-25-26-est-disponible\/","og_locale":"fr_FR","og_type":"article","og_title":"Le Guide des Formations 25\/26 est disponible ! - LIGUE NOUVELLE AQUITAINE","og_description":"LE GUIDE DES FORMATIONS 25\/26 EST DISPONIBLE ! La Ligue Nouvelle-Aquitaine de [&hellip;]","og_url":"https:\/\/nouvelleaquitaine-handball.org\/index.php\/le-guide-des-formations-25-26-est-disponible\/","og_site_name":"LIGUE NOUVELLE AQUITAINE","article_modified_time":"2026-03-10T10:50:13+00:00","og_image":[{"width":2560,"height":1400,"url":"http:\/\/nouvelleaquitaine-handball.org\/wp-content\/uploads\/2025\/09\/SITE-INTERNET-articles-scaled.png","type":"image\/png"}],"twitter_card":"summary_large_image","twitter_misc":{"Dur\u00e9e de lecture estim\u00e9e":"2 minutes"},"schema":{"@context":"https:\/\/schema.org","@graph":[{"@type":"WebPage","@id":"https:\/\/nouvelleaquitaine-handball.org\/index.php\/le-guide-des-formations-25-26-est-disponible\/","url":"https:\/\/nouvelleaquitaine-handball.org\/index.php\/le-guide-des-formations-25-26-est-disponible\/","name":"Le Guide des Formations 25\/26 est disponible ! - LIGUE NOUVELLE AQUITAINE","isPartOf":{"@id":"https:\/\/nouvelleaquitaine-handball.org\/#website"},"primaryImageOfPage":{"@id":"https:\/\/nouvelleaquitaine-handball.org\/index.php\/le-guide-des-formations-25-26-est-disponible\/#primaryimage"},"image":{"@id":"https:\/\/nouvelleaquitaine-handball.org\/index.php\/le-guide-des-formations-25-26-est-disponible\/#primaryimage"},"thumbnailUrl":"https:\/\/i0.wp.com\/nouvelleaquitaine-handball.org\/wp-content\/uploads\/2025\/09\/SITE-INTERNET-articles-scaled.png?fit=2560%2C1400&ssl=1","datePublished":"2025-09-17T12:37:44+00:00","dateModified":"2026-03-10T10:50:13+00:00","breadcrumb":{"@id":"https:\/\/nouvelleaquitaine-handball.org\/index.php\/le-guide-des-formations-25-26-est-disponible\/#breadcrumb"},"inLanguage":"fr-FR","potentialAction":[{"@type":"ReadAction","target":["https:\/\/nouvelleaquitaine-handball.org\/index.php\/le-guide-des-formations-25-26-est-disponible\/"]}]},{"@type":"ImageObject","inLanguage":"fr-FR","@id":"https:\/\/nouvelleaquitaine-handball.org\/index.php\/le-guide-des-formations-25-26-est-disponible\/#primaryimage","url":"https:\/\/i0.wp.com\/nouvelleaquitaine-handball.org\/wp-content\/uploads\/2025\/09\/SITE-INTERNET-articles-scaled.png?fit=2560%2C1400&ssl=1","contentUrl":"https:\/\/i0.wp.com\/nouvelleaquitaine-handball.org\/wp-content\/uploads\/2025\/09\/SITE-INTERNET-articles-scaled.png?fit=2560%2C1400&ssl=1","width":2560,"height":1400,"caption":"Guide des formations 25\/26"},{"@type":"BreadcrumbList","@id":"https:\/\/nouvelleaquitaine-handball.org\/index.php\/le-guide-des-formations-25-26-est-disponible\/#breadcrumb","itemListElement":[{"@type":"ListItem","position":1,"name":"Accueil","item":"https:\/\/nouvelleaquitaine-handball.org\/"},{"@type":"ListItem","position":2,"name":"Le Guide des Formations 25\/26 est disponible !"}]},{"@type":"WebSite","@id":"https:\/\/nouvelleaquitaine-handball.org\/#website","url":"https:\/\/nouvelleaquitaine-handball.org\/","name":"LIGUE NOUVELLE AQUITAINE","description":"FFHANDBALL","potentialAction":[{"@type":"SearchAction","target":{"@type":"EntryPoint","urlTemplate":"https:\/\/nouvelleaquitaine-handball.org\/?s={search_term_string}"},"query-input":{"@type":"PropertyValueSpecification","valueRequired":true,"valueName":"search_term_string"}}],"inLanguage":"fr-FR"}]}},"jetpack_sharing_enabled":true,"_links":{"self":[{"href":"https:\/\/nouvelleaquitaine-handball.org\/index.php\/wp-json\/wp\/v2\/pages\/10522","targetHints":{"allow":["GET"]}}],"collection":[{"href":"https:\/\/nouvelleaquitaine-handball.org\/index.php\/wp-json\/wp\/v2\/pages"}],"about":[{"href":"https:\/\/nouvelleaquitaine-handball.org\/index.php\/wp-json\/wp\/v2\/types\/page"}],"author":[{"embeddable":true,"href":"https:\/\/nouvelleaquitaine-handball.org\/index.php\/wp-json\/wp\/v2\/users\/2"}],"replies":[{"embeddable":true,"href":"https:\/\/nouvelleaquitaine-handball.org\/index.php\/wp-json\/wp\/v2\/comments?post=10522"}],"version-history":[{"count":43,"href":"https:\/\/nouvelleaquitaine-handball.org\/index.php\/wp-json\/wp\/v2\/pages\/10522\/revisions"}],"predecessor-version":[{"id":11906,"href":"https:\/\/nouvelleaquitaine-handball.org\/index.php\/wp-json\/wp\/v2\/pages\/10522\/revisions\/11906"}],"wp:featuredmedia":[{"embeddable":true,"href":"https:\/\/nouvelleaquitaine-handball.org\/index.php\/wp-json\/wp\/v2\/media\/10523"}],"wp:attachment":[{"href":"https:\/\/nouvelleaquitaine-handball.org\/index.php\/wp-json\/wp\/v2\/media?parent=10522"}],"curies":[{"name":"wp","href":"https:\/\/api.w.org\/{rel}","templated":true}]}}