{"id":10575,"date":"2025-09-19T16:12:59","date_gmt":"2025-09-19T14:12:59","guid":{"rendered":"https:\/\/nouvelleaquitaine-handball.org\/?page_id=10575"},"modified":"2025-09-19T16:14:13","modified_gmt":"2025-09-19T14:14:13","slug":"elementor-10575","status":"publish","type":"page","link":"https:\/\/nouvelleaquitaine-handball.org\/index.php\/elementor-10575\/","title":{"rendered":"Elementor #10575"},"content":{"rendered":"\t\t<div data-elementor-type=\"wp-page\" data-elementor-id=\"10575\" class=\"elementor elementor-10575\" data-elementor-post-type=\"page\">\n\t\t\t\t<div class=\"elementor-element elementor-element-cdd1553 e-flex e-con-boxed e-con e-parent\" data-id=\"cdd1553\" data-element_type=\"container\" data-e-type=\"container\" data-settings=\"{&quot;_ob_use_container_extras&quot;:&quot;no&quot;,&quot;_ob_column_hoveranimator&quot;:&quot;no&quot;,&quot;_ob_glider_is_slider&quot;:&quot;no&quot;,&quot;_ob_column_has_pseudo&quot;:&quot;no&quot;}\">\n\t\t\t\t\t<div class=\"e-con-inner\">\n\t\t<div class=\"elementor-element elementor-element-c33da9e e-con-full e-flex e-con e-child\" data-id=\"c33da9e\" data-element_type=\"container\" data-e-type=\"container\" data-settings=\"{&quot;_ob_use_container_extras&quot;:&quot;no&quot;,&quot;_ob_column_hoveranimator&quot;:&quot;no&quot;,&quot;_ob_glider_is_slider&quot;:&quot;no&quot;,&quot;_ob_column_has_pseudo&quot;:&quot;no&quot;}\">\n\t\t<div class=\"elementor-element elementor-element-a2d19b3 e-con-full e-flex e-con e-child\" data-id=\"a2d19b3\" data-element_type=\"container\" data-e-type=\"container\" data-settings=\"{&quot;_ob_use_container_extras&quot;:&quot;no&quot;,&quot;_ob_column_hoveranimator&quot;:&quot;no&quot;,&quot;_ob_glider_is_slider&quot;:&quot;no&quot;,&quot;_ob_column_has_pseudo&quot;:&quot;no&quot;}\">\n\t\t\t\t<div class=\"elementor-element elementor-element-7927383 ob-has-background-overlay elementor-widget elementor-widget-spacer\" data-id=\"7927383\" data-element_type=\"widget\" data-e-type=\"widget\" data-settings=\"{&quot;_ob_spacerat_use&quot;:&quot;no&quot;,&quot;_ob_widget_stalker_use&quot;:&quot;no&quot;,&quot;_ob_poopart_use&quot;:&quot;yes&quot;,&quot;_ob_shadough_use&quot;:&quot;no&quot;,&quot;_ob_allow_hoveranimator&quot;:&quot;no&quot;}\" data-widget_type=\"spacer.default\">\n\t\t\t\t<div class=\"elementor-widget-container\">\n\t\t\t\t\t\t\t<div class=\"elementor-spacer\">\n\t\t\t<div class=\"elementor-spacer-inner\"><\/div>\n\t\t<\/div>\n\t\t\t\t\t\t<\/div>\n\t\t\t\t<\/div>\n\t\t\t\t<div class=\"elementor-element elementor-element-1214299 ob-harakiri-inherit ob-has-background-overlay elementor-widget elementor-widget-heading\" data-id=\"1214299\" data-element_type=\"widget\" data-e-type=\"widget\" data-settings=\"{&quot;_ob_use_harakiri&quot;:&quot;yes&quot;,&quot;_ob_harakiri_writing_mode&quot;:&quot;inherit&quot;,&quot;_ob_harakiri_text_clip&quot;:&quot;none&quot;,&quot;_ob_widget_stalker_use&quot;:&quot;no&quot;,&quot;_ob_poopart_use&quot;:&quot;yes&quot;,&quot;_ob_shadough_use&quot;:&quot;no&quot;,&quot;_ob_allow_hoveranimator&quot;:&quot;no&quot;}\" data-widget_type=\"heading.default\">\n\t\t\t\t<div class=\"elementor-widget-container\">\n\t\t\t\t\t<h2 class=\"elementor-heading-title elementor-size-default\"><p data-start=\"0\" data-end=\"79\"><b>LE GUIDE DES FORMATIONS 25\/26 EST DISPONIBLE !<\/b><\/p><\/h2>\t\t\t\t<\/div>\n\t\t\t\t<\/div>\n\t\t\t\t<div class=\"elementor-element elementor-element-a0f1739 elementor-widget-divider--view-line ob-has-background-overlay elementor-widget elementor-widget-divider\" data-id=\"a0f1739\" data-element_type=\"widget\" data-e-type=\"widget\" data-settings=\"{&quot;_ob_widget_stalker_use&quot;:&quot;no&quot;,&quot;_ob_poopart_use&quot;:&quot;yes&quot;,&quot;_ob_shadough_use&quot;:&quot;no&quot;,&quot;_ob_allow_hoveranimator&quot;:&quot;no&quot;}\" data-widget_type=\"divider.default\">\n\t\t\t\t<div class=\"elementor-widget-container\">\n\t\t\t\t\t\t\t<div class=\"elementor-divider\">\n\t\t\t<span class=\"elementor-divider-separator\">\n\t\t\t\t\t\t<\/span>\n\t\t<\/div>\n\t\t\t\t\t\t<\/div>\n\t\t\t\t<\/div>\n\t\t\t\t<div class=\"elementor-element elementor-element-92498a4 ob-harakiri-inherit ob-has-background-overlay elementor-widget elementor-widget-text-editor\" data-id=\"92498a4\" data-element_type=\"widget\" data-e-type=\"widget\" data-settings=\"{&quot;_ob_use_harakiri&quot;:&quot;yes&quot;,&quot;_ob_harakiri_writing_mode&quot;:&quot;inherit&quot;,&quot;_ob_postman_use&quot;:&quot;no&quot;,&quot;_ob_widget_stalker_use&quot;:&quot;no&quot;,&quot;_ob_poopart_use&quot;:&quot;yes&quot;,&quot;_ob_shadough_use&quot;:&quot;no&quot;,&quot;_ob_allow_hoveranimator&quot;:&quot;no&quot;}\" data-widget_type=\"text-editor.default\">\n\t\t\t\t<div class=\"elementor-widget-container\">\n\t\t\t\t\t\t\t\t\t<p style=\"color: #000000; font-family: sans-serif;\"><strong>Un outil pour tous les passionn\u00e9s de handball<\/strong><\/p>\n<p style=\"color: #000000; font-family: sans-serif; font-size: medium;\">L&#8217;ITFE Nouvelle Aquitaine&nbsp;est heureux d\u2019annoncer la parution de son&nbsp;<strong>nouveau Guide des Formations 2025-2026<\/strong>.<br>Ce document recense l\u2019ensemble des formations propos\u00e9es sur le territoire n\u00e9o-aquitain afin de permettre \u00e0 chacun d\u2019<strong>apprendre, d\u00e9velopper de nouvelles comp\u00e9tences et se perfectionner<\/strong>&nbsp;dans les m\u00e9tiers et pratiques du handball.<\/p><p style=\"color: #000000; font-family: sans-serif; font-size: medium;\"><br><\/p>\n<p style=\"color: #000000; font-family: sans-serif;\"><strong>Des pr<\/strong><strong>ogrammes adapt\u00e9s \u00e0 chaque profil<\/strong><\/p>\n<p style=\"color: #000000; font-family: sans-serif; font-size: medium;\">Pens\u00e9 pour r\u00e9pondre aux besoins des diff\u00e9rents acteurs du handball \u2014&nbsp;<strong>entra\u00eeneurs, \u00e9ducateurs, arbitres, dirigeants, b\u00e9n\u00e9voles et d\u00e9butants<\/strong>&nbsp;\u2014 le guide d\u00e9taille pour chaque formation :<\/p>\n<ul style=\"color: #000000; font-family: sans-serif; font-size: medium;\">\n<li>les pr\u00e9requis,<\/li>\n<li>les objectifs,<\/li>\n<li>les contenus,<\/li>\n<li>les comp\u00e9tences d\u00e9velopp\u00e9es,<\/li>\n<li>les lieux et modalit\u00e9s d\u2019inscription.<\/li>\n<\/ul>\n<div><font color=\"#000000\" face=\"sans-serif\" size=\"3\"><br><\/font><\/div>\n<p style=\"color: #000000; font-family: sans-serif;\"><strong>Une version en ligne r\u00e9guli\u00e8rement actualis\u00e9e<\/strong><\/p>\n<p style=\"color: #000000; font-family: sans-serif; font-size: medium;\">Le&nbsp;<strong>Guide des Formations 2025-2026<\/strong>&nbsp;est&nbsp;<strong>disponible en t\u00e9l\u00e9chargement sur le site internet de la Ligue<\/strong>.<br>Il sera&nbsp;<strong>mis \u00e0 jour r\u00e9guli\u00e8rement<\/strong>&nbsp;pour garantir des informations toujours actuelles.<br>Un document compl\u00e9mentaire, recensant toutes les dates des Comit\u00e9s d\u00e9partementaux, est \u00e9galement accessible en ligne.<\/p>\n<p style=\"color: #000000; font-family: sans-serif;\"><strong><br><\/strong><\/p><p style=\"color: #000000; font-family: sans-serif;\"><strong>Un appel \u00e0 la diffusion<\/strong><\/p>\n<p style=\"color: #000000; font-family: sans-serif; font-size: medium;\">Nous invitons l\u2019ensemble des clubs et structures \u00e0&nbsp;<strong>partager largement<\/strong>&nbsp;ce guide aupr\u00e8s de leurs licenci\u00e9(e)s, b\u00e9n\u00e9voles et encadrants, et \u00e0 en faire un v\u00e9ritable outil de d\u00e9veloppement des comp\u00e9tences au sein de leur organisation.<\/p>\n<p style=\"color: #000000; font-family: sans-serif;\"><strong>Un accompagnement \u00e0 votre disposition<\/strong><\/p>\n<p style=\"color: #000000; font-family: sans-serif; font-size: medium;\">Pour toute question ou besoin sp\u00e9cifique, l\u2019<strong>ITFE Nouvelle-Aquitaine&nbsp;<\/strong>reste \u00e0 votre \u00e9coute et disponible pour vous accompagner.<\/p>\n<div>&nbsp;<\/div>\t\t\t\t\t\t\t\t<\/div>\n\t\t\t\t<\/div>\n\t\t\t\t<\/div>\n\t\t\t\t<\/div>\n\t\t\t\t\t<\/div>\n\t\t\t\t<\/div>\n\t\t\t\t<\/div>\n\t\t","protected":false},"excerpt":{"rendered":"<p>LE GUIDE DES FORMATIONS 25\/26 EST DISPONIBLE ! Un outil pour tous [&hellip;]<\/p>\n","protected":false},"author":2,"featured_media":0,"parent":0,"menu_order":0,"comment_status":"closed","ping_status":"closed","template":"","meta":{"footnotes":""},"class_list":["post-10575","page","type-page","status-publish","hentry"],"yoast_head":"<!-- This site is optimized with the Yoast SEO plugin v27.5 - https:\/\/yoast.com\/product\/yoast-seo-wordpress\/ -->\n<title>Elementor #10575 - LIGUE NOUVELLE AQUITAINE<\/title>\n<meta name=\"robots\" content=\"index, follow, max-snippet:-1, max-image-preview:large, max-video-preview:-1\" \/>\n<link rel=\"canonical\" href=\"https:\/\/nouvelleaquitaine-handball.org\/index.php\/elementor-10575\/\" \/>\n<meta property=\"og:locale\" content=\"fr_FR\" \/>\n<meta property=\"og:type\" content=\"article\" \/>\n<meta property=\"og:title\" content=\"Elementor #10575 - LIGUE NOUVELLE AQUITAINE\" \/>\n<meta property=\"og:description\" content=\"LE GUIDE DES FORMATIONS 25\/26 EST DISPONIBLE ! Un outil pour tous [&hellip;]\" \/>\n<meta property=\"og:url\" content=\"https:\/\/nouvelleaquitaine-handball.org\/index.php\/elementor-10575\/\" \/>\n<meta property=\"og:site_name\" content=\"LIGUE NOUVELLE AQUITAINE\" \/>\n<meta property=\"article:modified_time\" content=\"2025-09-19T14:14:13+00:00\" \/>\n<meta name=\"twitter:card\" content=\"summary_large_image\" \/>\n<meta name=\"twitter:label1\" content=\"Dur\u00e9e de lecture estim\u00e9e\" \/>\n\t<meta name=\"twitter:data1\" content=\"2 minutes\" \/>\n<script type=\"application\/ld+json\" class=\"yoast-schema-graph\">{\"@context\":\"https:\\\/\\\/schema.org\",\"@graph\":[{\"@type\":\"WebPage\",\"@id\":\"https:\\\/\\\/nouvelleaquitaine-handball.org\\\/index.php\\\/elementor-10575\\\/\",\"url\":\"https:\\\/\\\/nouvelleaquitaine-handball.org\\\/index.php\\\/elementor-10575\\\/\",\"name\":\"Elementor #10575 - LIGUE NOUVELLE AQUITAINE\",\"isPartOf\":{\"@id\":\"https:\\\/\\\/nouvelleaquitaine-handball.org\\\/#website\"},\"datePublished\":\"2025-09-19T14:12:59+00:00\",\"dateModified\":\"2025-09-19T14:14:13+00:00\",\"breadcrumb\":{\"@id\":\"https:\\\/\\\/nouvelleaquitaine-handball.org\\\/index.php\\\/elementor-10575\\\/#breadcrumb\"},\"inLanguage\":\"fr-FR\",\"potentialAction\":[{\"@type\":\"ReadAction\",\"target\":[\"https:\\\/\\\/nouvelleaquitaine-handball.org\\\/index.php\\\/elementor-10575\\\/\"]}]},{\"@type\":\"BreadcrumbList\",\"@id\":\"https:\\\/\\\/nouvelleaquitaine-handball.org\\\/index.php\\\/elementor-10575\\\/#breadcrumb\",\"itemListElement\":[{\"@type\":\"ListItem\",\"position\":1,\"name\":\"Accueil\",\"item\":\"https:\\\/\\\/nouvelleaquitaine-handball.org\\\/\"},{\"@type\":\"ListItem\",\"position\":2,\"name\":\"Elementor #10575\"}]},{\"@type\":\"WebSite\",\"@id\":\"https:\\\/\\\/nouvelleaquitaine-handball.org\\\/#website\",\"url\":\"https:\\\/\\\/nouvelleaquitaine-handball.org\\\/\",\"name\":\"LIGUE NOUVELLE AQUITAINE\",\"description\":\"FFHANDBALL\",\"potentialAction\":[{\"@type\":\"SearchAction\",\"target\":{\"@type\":\"EntryPoint\",\"urlTemplate\":\"https:\\\/\\\/nouvelleaquitaine-handball.org\\\/?s={search_term_string}\"},\"query-input\":{\"@type\":\"PropertyValueSpecification\",\"valueRequired\":true,\"valueName\":\"search_term_string\"}}],\"inLanguage\":\"fr-FR\"}]}<\/script>\n<!-- \/ Yoast SEO plugin. -->","yoast_head_json":{"title":"Elementor #10575 - LIGUE NOUVELLE AQUITAINE","robots":{"index":"index","follow":"follow","max-snippet":"max-snippet:-1","max-image-preview":"max-image-preview:large","max-video-preview":"max-video-preview:-1"},"canonical":"https:\/\/nouvelleaquitaine-handball.org\/index.php\/elementor-10575\/","og_locale":"fr_FR","og_type":"article","og_title":"Elementor #10575 - LIGUE NOUVELLE AQUITAINE","og_description":"LE GUIDE DES FORMATIONS 25\/26 EST DISPONIBLE ! Un outil pour tous [&hellip;]","og_url":"https:\/\/nouvelleaquitaine-handball.org\/index.php\/elementor-10575\/","og_site_name":"LIGUE NOUVELLE AQUITAINE","article_modified_time":"2025-09-19T14:14:13+00:00","twitter_card":"summary_large_image","twitter_misc":{"Dur\u00e9e de lecture estim\u00e9e":"2 minutes"},"schema":{"@context":"https:\/\/schema.org","@graph":[{"@type":"WebPage","@id":"https:\/\/nouvelleaquitaine-handball.org\/index.php\/elementor-10575\/","url":"https:\/\/nouvelleaquitaine-handball.org\/index.php\/elementor-10575\/","name":"Elementor #10575 - LIGUE NOUVELLE AQUITAINE","isPartOf":{"@id":"https:\/\/nouvelleaquitaine-handball.org\/#website"},"datePublished":"2025-09-19T14:12:59+00:00","dateModified":"2025-09-19T14:14:13+00:00","breadcrumb":{"@id":"https:\/\/nouvelleaquitaine-handball.org\/index.php\/elementor-10575\/#breadcrumb"},"inLanguage":"fr-FR","potentialAction":[{"@type":"ReadAction","target":["https:\/\/nouvelleaquitaine-handball.org\/index.php\/elementor-10575\/"]}]},{"@type":"BreadcrumbList","@id":"https:\/\/nouvelleaquitaine-handball.org\/index.php\/elementor-10575\/#breadcrumb","itemListElement":[{"@type":"ListItem","position":1,"name":"Accueil","item":"https:\/\/nouvelleaquitaine-handball.org\/"},{"@type":"ListItem","position":2,"name":"Elementor #10575"}]},{"@type":"WebSite","@id":"https:\/\/nouvelleaquitaine-handball.org\/#website","url":"https:\/\/nouvelleaquitaine-handball.org\/","name":"LIGUE NOUVELLE AQUITAINE","description":"FFHANDBALL","potentialAction":[{"@type":"SearchAction","target":{"@type":"EntryPoint","urlTemplate":"https:\/\/nouvelleaquitaine-handball.org\/?s={search_term_string}"},"query-input":{"@type":"PropertyValueSpecification","valueRequired":true,"valueName":"search_term_string"}}],"inLanguage":"fr-FR"}]}},"jetpack_sharing_enabled":true,"_links":{"self":[{"href":"https:\/\/nouvelleaquitaine-handball.org\/index.php\/wp-json\/wp\/v2\/pages\/10575","targetHints":{"allow":["GET"]}}],"collection":[{"href":"https:\/\/nouvelleaquitaine-handball.org\/index.php\/wp-json\/wp\/v2\/pages"}],"about":[{"href":"https:\/\/nouvelleaquitaine-handball.org\/index.php\/wp-json\/wp\/v2\/types\/page"}],"author":[{"embeddable":true,"href":"https:\/\/nouvelleaquitaine-handball.org\/index.php\/wp-json\/wp\/v2\/users\/2"}],"replies":[{"embeddable":true,"href":"https:\/\/nouvelleaquitaine-handball.org\/index.php\/wp-json\/wp\/v2\/comments?post=10575"}],"version-history":[{"count":10,"href":"https:\/\/nouvelleaquitaine-handball.org\/index.php\/wp-json\/wp\/v2\/pages\/10575\/revisions"}],"predecessor-version":[{"id":10587,"href":"https:\/\/nouvelleaquitaine-handball.org\/index.php\/wp-json\/wp\/v2\/pages\/10575\/revisions\/10587"}],"wp:attachment":[{"href":"https:\/\/nouvelleaquitaine-handball.org\/index.php\/wp-json\/wp\/v2\/media?parent=10575"}],"curies":[{"name":"wp","href":"https:\/\/api.w.org\/{rel}","templated":true}]}}