{"id":10949,"date":"2025-10-31T12:33:21","date_gmt":"2025-10-31T11:33:21","guid":{"rendered":"https:\/\/nouvelleaquitaine-handball.org\/?page_id=10949"},"modified":"2026-02-20T12:11:46","modified_gmt":"2026-02-20T11:11:46","slug":"annuaire-ligue","status":"publish","type":"page","link":"https:\/\/nouvelleaquitaine-handball.org\/index.php\/annuaire-ligue\/","title":{"rendered":"ANNUAIRE LIGUE"},"content":{"rendered":"\t\t<div data-elementor-type=\"wp-page\" data-elementor-id=\"10949\" class=\"elementor elementor-10949\" data-elementor-post-type=\"page\">\n\t\t\t\t<div class=\"elementor-element elementor-element-b03b0a0 e-flex e-con-boxed e-con e-parent\" data-id=\"b03b0a0\" data-element_type=\"container\" data-e-type=\"container\" data-settings=\"{&quot;_ob_use_container_extras&quot;:&quot;no&quot;,&quot;_ob_column_hoveranimator&quot;:&quot;no&quot;,&quot;_ob_glider_is_slider&quot;:&quot;no&quot;,&quot;_ob_column_has_pseudo&quot;:&quot;no&quot;}\">\n\t\t\t\t\t<div class=\"e-con-inner\">\n\t\t<div class=\"elementor-element elementor-element-4d07223 e-con-full e-flex e-con e-child\" data-id=\"4d07223\" data-element_type=\"container\" data-e-type=\"container\" data-settings=\"{&quot;_ob_use_container_extras&quot;:&quot;no&quot;,&quot;_ob_column_hoveranimator&quot;:&quot;no&quot;,&quot;_ob_glider_is_slider&quot;:&quot;no&quot;,&quot;_ob_column_has_pseudo&quot;:&quot;no&quot;}\">\n\t\t<div class=\"elementor-element elementor-element-86f35c5 e-con-full e-flex e-con e-child\" data-id=\"86f35c5\" data-element_type=\"container\" data-e-type=\"container\" data-settings=\"{&quot;_ob_use_container_extras&quot;:&quot;no&quot;,&quot;_ob_column_hoveranimator&quot;:&quot;no&quot;,&quot;_ob_glider_is_slider&quot;:&quot;no&quot;,&quot;_ob_column_has_pseudo&quot;:&quot;no&quot;}\">\n\t\t<div class=\"elementor-element elementor-element-653d755 e-con-full e-flex e-con e-child\" data-id=\"653d755\" data-element_type=\"container\" data-e-type=\"container\" data-settings=\"{&quot;_ob_use_container_extras&quot;:&quot;no&quot;,&quot;_ob_column_hoveranimator&quot;:&quot;no&quot;,&quot;_ob_glider_is_slider&quot;:&quot;no&quot;,&quot;_ob_column_has_pseudo&quot;:&quot;no&quot;}\">\n\t\t<div class=\"elementor-element elementor-element-94ca58e e-con-full e-flex e-con e-child\" data-id=\"94ca58e\" data-element_type=\"container\" data-e-type=\"container\" data-settings=\"{&quot;_ob_use_container_extras&quot;:&quot;no&quot;,&quot;_ob_column_hoveranimator&quot;:&quot;no&quot;,&quot;_ob_glider_is_slider&quot;:&quot;no&quot;,&quot;_ob_column_has_pseudo&quot;:&quot;no&quot;}\">\n\t\t<div class=\"elementor-element elementor-element-1474ebc e-con-full e-flex e-con e-child\" data-id=\"1474ebc\" data-element_type=\"container\" data-e-type=\"container\" data-settings=\"{&quot;_ob_use_container_extras&quot;:&quot;no&quot;,&quot;_ob_column_hoveranimator&quot;:&quot;no&quot;,&quot;_ob_glider_is_slider&quot;:&quot;no&quot;,&quot;_ob_column_has_pseudo&quot;:&quot;no&quot;}\">\n\t\t\t\t<div class=\"elementor-element elementor-element-35a28f6 ob-harakiri-inherit ob-has-background-overlay elementor-widget elementor-widget-heading\" data-id=\"35a28f6\" data-element_type=\"widget\" data-e-type=\"widget\" data-settings=\"{&quot;_ob_use_harakiri&quot;:&quot;yes&quot;,&quot;_ob_harakiri_writing_mode&quot;:&quot;inherit&quot;,&quot;_ob_harakiri_text_clip&quot;:&quot;none&quot;,&quot;_ob_widget_stalker_use&quot;:&quot;no&quot;,&quot;_ob_poopart_use&quot;:&quot;yes&quot;,&quot;_ob_shadough_use&quot;:&quot;no&quot;,&quot;_ob_allow_hoveranimator&quot;:&quot;no&quot;}\" data-widget_type=\"heading.default\">\n\t\t\t\t<div class=\"elementor-widget-container\">\n\t\t\t\t\t<h2 class=\"elementor-heading-title elementor-size-default\"><p data-start=\"0\" data-end=\"79\"><b>L'annuaire de la Ligue Nouvelle Aquitaine de Handball est disponible !<br><\/b><\/p><\/h2>\t\t\t\t<\/div>\n\t\t\t\t<\/div>\n\t\t\t\t<div class=\"elementor-element elementor-element-40c8b6c elementor-widget-divider--view-line ob-has-background-overlay elementor-widget elementor-widget-divider\" data-id=\"40c8b6c\" data-element_type=\"widget\" data-e-type=\"widget\" data-settings=\"{&quot;_ob_widget_stalker_use&quot;:&quot;no&quot;,&quot;_ob_poopart_use&quot;:&quot;yes&quot;,&quot;_ob_shadough_use&quot;:&quot;no&quot;,&quot;_ob_allow_hoveranimator&quot;:&quot;no&quot;}\" data-widget_type=\"divider.default\">\n\t\t\t\t<div class=\"elementor-widget-container\">\n\t\t\t\t\t\t\t<div class=\"elementor-divider\">\n\t\t\t<span class=\"elementor-divider-separator\">\n\t\t\t\t\t\t<\/span>\n\t\t<\/div>\n\t\t\t\t\t\t<\/div>\n\t\t\t\t<\/div>\n\t\t\t\t<div class=\"elementor-element elementor-element-7109a80 ob-harakiri-inherit ob-has-background-overlay elementor-widget elementor-widget-text-editor\" data-id=\"7109a80\" data-element_type=\"widget\" data-e-type=\"widget\" data-settings=\"{&quot;_ob_use_harakiri&quot;:&quot;yes&quot;,&quot;_ob_harakiri_writing_mode&quot;:&quot;inherit&quot;,&quot;_ob_postman_use&quot;:&quot;no&quot;,&quot;_ob_widget_stalker_use&quot;:&quot;no&quot;,&quot;_ob_poopart_use&quot;:&quot;yes&quot;,&quot;_ob_shadough_use&quot;:&quot;no&quot;,&quot;_ob_allow_hoveranimator&quot;:&quot;no&quot;}\" data-widget_type=\"text-editor.default\">\n\t\t\t\t<div class=\"elementor-widget-container\">\n\t\t\t\t\t\t\t\t\t<p data-start=\"197\" data-end=\"529\">La Ligue Nouvelle-Aquitaine de Handball vient de publier son <strong data-start=\"258\" data-end=\"304\">annuaire officiel pour la saison 2025-2026<\/strong>.<br data-start=\"305\" data-end=\"308\">Ce document de r\u00e9f\u00e9rence rassemble l\u2019ensemble des <strong data-start=\"358\" data-end=\"382\">r\u00e8glements r\u00e9gionaux<\/strong>, les <strong data-start=\"388\" data-end=\"428\">contacts des diff\u00e9rentes commissions<\/strong>, ainsi que de nombreuses <strong data-start=\"454\" data-end=\"480\">informations pratiques<\/strong> pour les clubs, les arbitres et les licenci\u00e9s.<\/p>\n<p data-start=\"531\" data-end=\"683\">L\u2019annuaire est un outil essentiel pour accompagner tous les acteurs du handball n\u00e9o-aquitain tout au long de la saison. Vous y retrouverez notamment :<\/p>\n<ul data-start=\"684\" data-end=\"965\">\n<li data-start=\"684\" data-end=\"744\">\n<p data-start=\"686\" data-end=\"744\">Les <strong data-start=\"690\" data-end=\"731\">r\u00e8glements sportifs et administratifs<\/strong> r\u00e9gionaux,<\/p>\n<\/li>\n<li data-start=\"745\" data-end=\"811\">\n<p data-start=\"747\" data-end=\"811\">Les coordonn\u00e9es de la <strong data-start=\"769\" data-end=\"808\">Ligue et des comit\u00e9s d\u00e9partementaux<\/strong>,<\/p>\n<\/li>\n<li data-start=\"812\" data-end=\"879\">\n<p data-start=\"814\" data-end=\"879\">Les <strong data-start=\"818\" data-end=\"845\">proc\u00e9dures d\u2019engagement<\/strong> et de gestion des comp\u00e9titions,<\/p>\n<\/li>\n<li data-start=\"880\" data-end=\"965\">\n<p data-start=\"882\" data-end=\"965\">Les informations sur la <strong data-start=\"906\" data-end=\"919\">formation<\/strong>, l\u2019<strong data-start=\"923\" data-end=\"936\">arbitrage<\/strong> et la <strong data-start=\"943\" data-end=\"962\">vie associative<\/strong>.<\/p>\n<\/li>\n<\/ul>\n<p data-start=\"967\" data-end=\"1163\"><strong data-start=\"970\" data-end=\"1021\">T\u00e9l\u00e9chargez d\u00e8s maintenant l\u2019annuaire complet :<\/strong><\/p>\n<p data-start=\"1165\" data-end=\"1290\"><a href=\"https:\/\/ffhandball-my.sharepoint.com\/:f:\/g\/personal\/6000000_ffhandball_net\/IgBU_cSo4P75RpJTr_ANJUV5ASTTq8M596Od3OfGYrZgr3E?e=cToqqX\" target=\"_blank\" style=\"background-color: rgb(255, 255, 255);\">Annuaire de Ligue 2025-2026 (PDF)<\/a><\/p><p data-start=\"1165\" data-end=\"1290\">Cet annuaire marque le lancement d\u2019une nouvelle saison riche en projets et en d\u00e9fis pour l\u2019ensemble des clubs de la r\u00e9gion.<\/p>\t\t\t\t\t\t\t\t<\/div>\n\t\t\t\t<\/div>\n\t\t\t\t<\/div>\n\t\t\t\t<\/div>\n\t\t\t\t<\/div>\n\t\t\t\t<\/div>\n\t\t\t\t<\/div>\n\t\t\t\t\t<\/div>\n\t\t\t\t<\/div>\n\t\t\t\t<\/div>\n\t\t","protected":false},"excerpt":{"rendered":"<p>L&#8217;annuaire de la Ligue Nouvelle Aquitaine de Handball est disponible ! La [&hellip;]<\/p>\n","protected":false},"author":2,"featured_media":0,"parent":0,"menu_order":0,"comment_status":"closed","ping_status":"closed","template":"","meta":{"footnotes":""},"class_list":["post-10949","page","type-page","status-publish","hentry"],"yoast_head":"<!-- This site is optimized with the Yoast SEO plugin v27.4 - https:\/\/yoast.com\/product\/yoast-seo-wordpress\/ -->\n<title>ANNUAIRE LIGUE - LIGUE NOUVELLE AQUITAINE<\/title>\n<meta name=\"robots\" content=\"index, follow, max-snippet:-1, max-image-preview:large, max-video-preview:-1\" \/>\n<link rel=\"canonical\" href=\"https:\/\/nouvelleaquitaine-handball.org\/index.php\/annuaire-ligue\/\" \/>\n<meta property=\"og:locale\" content=\"fr_FR\" \/>\n<meta property=\"og:type\" content=\"article\" \/>\n<meta property=\"og:title\" content=\"ANNUAIRE LIGUE - LIGUE NOUVELLE AQUITAINE\" \/>\n<meta property=\"og:description\" content=\"L&#8217;annuaire de la Ligue Nouvelle Aquitaine de Handball est disponible ! La [&hellip;]\" \/>\n<meta property=\"og:url\" content=\"https:\/\/nouvelleaquitaine-handball.org\/index.php\/annuaire-ligue\/\" \/>\n<meta property=\"og:site_name\" content=\"LIGUE NOUVELLE AQUITAINE\" \/>\n<meta property=\"article:modified_time\" content=\"2026-02-20T11:11:46+00:00\" \/>\n<meta name=\"twitter:card\" content=\"summary_large_image\" \/>\n<meta name=\"twitter:label1\" content=\"Dur\u00e9e de lecture estim\u00e9e\" \/>\n\t<meta name=\"twitter:data1\" content=\"1 minute\" \/>\n<script type=\"application\/ld+json\" class=\"yoast-schema-graph\">{\"@context\":\"https:\\\/\\\/schema.org\",\"@graph\":[{\"@type\":\"WebPage\",\"@id\":\"https:\\\/\\\/nouvelleaquitaine-handball.org\\\/index.php\\\/annuaire-ligue\\\/\",\"url\":\"https:\\\/\\\/nouvelleaquitaine-handball.org\\\/index.php\\\/annuaire-ligue\\\/\",\"name\":\"ANNUAIRE LIGUE - LIGUE NOUVELLE AQUITAINE\",\"isPartOf\":{\"@id\":\"https:\\\/\\\/nouvelleaquitaine-handball.org\\\/#website\"},\"datePublished\":\"2025-10-31T11:33:21+00:00\",\"dateModified\":\"2026-02-20T11:11:46+00:00\",\"breadcrumb\":{\"@id\":\"https:\\\/\\\/nouvelleaquitaine-handball.org\\\/index.php\\\/annuaire-ligue\\\/#breadcrumb\"},\"inLanguage\":\"fr-FR\",\"potentialAction\":[{\"@type\":\"ReadAction\",\"target\":[\"https:\\\/\\\/nouvelleaquitaine-handball.org\\\/index.php\\\/annuaire-ligue\\\/\"]}]},{\"@type\":\"BreadcrumbList\",\"@id\":\"https:\\\/\\\/nouvelleaquitaine-handball.org\\\/index.php\\\/annuaire-ligue\\\/#breadcrumb\",\"itemListElement\":[{\"@type\":\"ListItem\",\"position\":1,\"name\":\"Accueil\",\"item\":\"https:\\\/\\\/nouvelleaquitaine-handball.org\\\/\"},{\"@type\":\"ListItem\",\"position\":2,\"name\":\"ANNUAIRE LIGUE\"}]},{\"@type\":\"WebSite\",\"@id\":\"https:\\\/\\\/nouvelleaquitaine-handball.org\\\/#website\",\"url\":\"https:\\\/\\\/nouvelleaquitaine-handball.org\\\/\",\"name\":\"LIGUE NOUVELLE AQUITAINE\",\"description\":\"FFHANDBALL\",\"potentialAction\":[{\"@type\":\"SearchAction\",\"target\":{\"@type\":\"EntryPoint\",\"urlTemplate\":\"https:\\\/\\\/nouvelleaquitaine-handball.org\\\/?s={search_term_string}\"},\"query-input\":{\"@type\":\"PropertyValueSpecification\",\"valueRequired\":true,\"valueName\":\"search_term_string\"}}],\"inLanguage\":\"fr-FR\"}]}<\/script>\n<!-- \/ Yoast SEO plugin. -->","yoast_head_json":{"title":"ANNUAIRE LIGUE - LIGUE NOUVELLE AQUITAINE","robots":{"index":"index","follow":"follow","max-snippet":"max-snippet:-1","max-image-preview":"max-image-preview:large","max-video-preview":"max-video-preview:-1"},"canonical":"https:\/\/nouvelleaquitaine-handball.org\/index.php\/annuaire-ligue\/","og_locale":"fr_FR","og_type":"article","og_title":"ANNUAIRE LIGUE - LIGUE NOUVELLE AQUITAINE","og_description":"L&#8217;annuaire de la Ligue Nouvelle Aquitaine de Handball est disponible ! La [&hellip;]","og_url":"https:\/\/nouvelleaquitaine-handball.org\/index.php\/annuaire-ligue\/","og_site_name":"LIGUE NOUVELLE AQUITAINE","article_modified_time":"2026-02-20T11:11:46+00:00","twitter_card":"summary_large_image","twitter_misc":{"Dur\u00e9e de lecture estim\u00e9e":"1 minute"},"schema":{"@context":"https:\/\/schema.org","@graph":[{"@type":"WebPage","@id":"https:\/\/nouvelleaquitaine-handball.org\/index.php\/annuaire-ligue\/","url":"https:\/\/nouvelleaquitaine-handball.org\/index.php\/annuaire-ligue\/","name":"ANNUAIRE LIGUE - LIGUE NOUVELLE AQUITAINE","isPartOf":{"@id":"https:\/\/nouvelleaquitaine-handball.org\/#website"},"datePublished":"2025-10-31T11:33:21+00:00","dateModified":"2026-02-20T11:11:46+00:00","breadcrumb":{"@id":"https:\/\/nouvelleaquitaine-handball.org\/index.php\/annuaire-ligue\/#breadcrumb"},"inLanguage":"fr-FR","potentialAction":[{"@type":"ReadAction","target":["https:\/\/nouvelleaquitaine-handball.org\/index.php\/annuaire-ligue\/"]}]},{"@type":"BreadcrumbList","@id":"https:\/\/nouvelleaquitaine-handball.org\/index.php\/annuaire-ligue\/#breadcrumb","itemListElement":[{"@type":"ListItem","position":1,"name":"Accueil","item":"https:\/\/nouvelleaquitaine-handball.org\/"},{"@type":"ListItem","position":2,"name":"ANNUAIRE LIGUE"}]},{"@type":"WebSite","@id":"https:\/\/nouvelleaquitaine-handball.org\/#website","url":"https:\/\/nouvelleaquitaine-handball.org\/","name":"LIGUE NOUVELLE AQUITAINE","description":"FFHANDBALL","potentialAction":[{"@type":"SearchAction","target":{"@type":"EntryPoint","urlTemplate":"https:\/\/nouvelleaquitaine-handball.org\/?s={search_term_string}"},"query-input":{"@type":"PropertyValueSpecification","valueRequired":true,"valueName":"search_term_string"}}],"inLanguage":"fr-FR"}]}},"jetpack_sharing_enabled":true,"_links":{"self":[{"href":"https:\/\/nouvelleaquitaine-handball.org\/index.php\/wp-json\/wp\/v2\/pages\/10949","targetHints":{"allow":["GET"]}}],"collection":[{"href":"https:\/\/nouvelleaquitaine-handball.org\/index.php\/wp-json\/wp\/v2\/pages"}],"about":[{"href":"https:\/\/nouvelleaquitaine-handball.org\/index.php\/wp-json\/wp\/v2\/types\/page"}],"author":[{"embeddable":true,"href":"https:\/\/nouvelleaquitaine-handball.org\/index.php\/wp-json\/wp\/v2\/users\/2"}],"replies":[{"embeddable":true,"href":"https:\/\/nouvelleaquitaine-handball.org\/index.php\/wp-json\/wp\/v2\/comments?post=10949"}],"version-history":[{"count":13,"href":"https:\/\/nouvelleaquitaine-handball.org\/index.php\/wp-json\/wp\/v2\/pages\/10949\/revisions"}],"predecessor-version":[{"id":11762,"href":"https:\/\/nouvelleaquitaine-handball.org\/index.php\/wp-json\/wp\/v2\/pages\/10949\/revisions\/11762"}],"wp:attachment":[{"href":"https:\/\/nouvelleaquitaine-handball.org\/index.php\/wp-json\/wp\/v2\/media?parent=10949"}],"curies":[{"name":"wp","href":"https:\/\/api.w.org\/{rel}","templated":true}]}}