{"id":11397,"date":"2026-01-15T16:09:25","date_gmt":"2026-01-15T15:09:25","guid":{"rendered":"https:\/\/nouvelleaquitaine-handball.org\/?page_id=11397"},"modified":"2026-01-16T15:55:06","modified_gmt":"2026-01-16T14:55:06","slug":"rencontres-regionales-du-handensemble-2026-la-rochelle","status":"publish","type":"page","link":"https:\/\/nouvelleaquitaine-handball.org\/index.php\/rencontres-regionales-du-handensemble-2026-la-rochelle\/","title":{"rendered":"Article &#8211; rencontres regionales du handensemble 2026"},"content":{"rendered":"\t\t<div data-elementor-type=\"wp-page\" data-elementor-id=\"11397\" class=\"elementor elementor-11397\" data-elementor-post-type=\"page\">\n\t\t\t\t<div class=\"elementor-element elementor-element-c673402 e-flex e-con-boxed e-con e-parent\" data-id=\"c673402\" data-element_type=\"container\" data-e-type=\"container\" data-settings=\"{&quot;_ob_use_container_extras&quot;:&quot;no&quot;,&quot;_ob_column_hoveranimator&quot;:&quot;no&quot;,&quot;_ob_glider_is_slider&quot;:&quot;no&quot;,&quot;_ob_column_has_pseudo&quot;:&quot;no&quot;}\">\n\t\t\t\t\t<div class=\"e-con-inner\">\n\t\t<div class=\"elementor-element elementor-element-d36ae03 e-con-full e-flex e-con e-child\" data-id=\"d36ae03\" data-element_type=\"container\" data-e-type=\"container\" data-settings=\"{&quot;_ob_use_container_extras&quot;:&quot;no&quot;,&quot;_ob_column_hoveranimator&quot;:&quot;no&quot;,&quot;_ob_glider_is_slider&quot;:&quot;no&quot;,&quot;_ob_column_has_pseudo&quot;:&quot;no&quot;}\">\n\t\t<div class=\"elementor-element elementor-element-5cbc2f0 e-con-full e-flex e-con e-child\" data-id=\"5cbc2f0\" data-element_type=\"container\" data-e-type=\"container\" data-settings=\"{&quot;_ob_use_container_extras&quot;:&quot;no&quot;,&quot;_ob_column_hoveranimator&quot;:&quot;no&quot;,&quot;_ob_glider_is_slider&quot;:&quot;no&quot;,&quot;_ob_column_has_pseudo&quot;:&quot;no&quot;}\">\n\t\t<div class=\"elementor-element elementor-element-e9079ac e-con-full e-flex e-con e-child\" data-id=\"e9079ac\" data-element_type=\"container\" data-e-type=\"container\" data-settings=\"{&quot;_ob_use_container_extras&quot;:&quot;no&quot;,&quot;_ob_column_hoveranimator&quot;:&quot;no&quot;,&quot;_ob_glider_is_slider&quot;:&quot;no&quot;,&quot;_ob_column_has_pseudo&quot;:&quot;no&quot;}\">\n\t\t<div class=\"elementor-element elementor-element-7fa3319 e-con-full e-flex e-con e-child\" data-id=\"7fa3319\" data-element_type=\"container\" data-e-type=\"container\" data-settings=\"{&quot;_ob_use_container_extras&quot;:&quot;no&quot;,&quot;_ob_column_hoveranimator&quot;:&quot;no&quot;,&quot;_ob_glider_is_slider&quot;:&quot;no&quot;,&quot;_ob_column_has_pseudo&quot;:&quot;no&quot;}\">\n\t\t<div class=\"elementor-element elementor-element-5cd18f9 e-con-full e-flex e-con e-child\" data-id=\"5cd18f9\" data-element_type=\"container\" data-e-type=\"container\" data-settings=\"{&quot;_ob_use_container_extras&quot;:&quot;no&quot;,&quot;_ob_column_hoveranimator&quot;:&quot;no&quot;,&quot;_ob_glider_is_slider&quot;:&quot;no&quot;,&quot;_ob_column_has_pseudo&quot;:&quot;no&quot;}\">\n\t\t\t\t<div class=\"elementor-element elementor-element-407984c ob-harakiri-inherit ob-has-background-overlay elementor-widget elementor-widget-heading\" data-id=\"407984c\" data-element_type=\"widget\" data-e-type=\"widget\" data-settings=\"{&quot;_ob_use_harakiri&quot;:&quot;yes&quot;,&quot;_ob_harakiri_writing_mode&quot;:&quot;inherit&quot;,&quot;_ob_harakiri_text_clip&quot;:&quot;none&quot;,&quot;_ob_widget_stalker_use&quot;:&quot;no&quot;,&quot;_ob_poopart_use&quot;:&quot;yes&quot;,&quot;_ob_shadough_use&quot;:&quot;no&quot;,&quot;_ob_allow_hoveranimator&quot;:&quot;no&quot;}\" data-widget_type=\"heading.default\">\n\t\t\t\t<div class=\"elementor-widget-container\">\n\t\t\t\t\t<h2 class=\"elementor-heading-title elementor-size-default\"><p data-start=\"0\" data-end=\"79\"><b>rencontres r\u00e9gionales du handensemble 2026 - la rochelle <\/b><\/p><\/h2>\t\t\t\t<\/div>\n\t\t\t\t<\/div>\n\t\t\t\t<div class=\"elementor-element elementor-element-7392b4d elementor-widget-divider--view-line ob-has-background-overlay elementor-widget elementor-widget-divider\" data-id=\"7392b4d\" data-element_type=\"widget\" data-e-type=\"widget\" data-settings=\"{&quot;_ob_widget_stalker_use&quot;:&quot;no&quot;,&quot;_ob_poopart_use&quot;:&quot;yes&quot;,&quot;_ob_shadough_use&quot;:&quot;no&quot;,&quot;_ob_allow_hoveranimator&quot;:&quot;no&quot;}\" data-widget_type=\"divider.default\">\n\t\t\t\t<div class=\"elementor-widget-container\">\n\t\t\t\t\t\t\t<div class=\"elementor-divider\">\n\t\t\t<span class=\"elementor-divider-separator\">\n\t\t\t\t\t\t<\/span>\n\t\t<\/div>\n\t\t\t\t\t\t<\/div>\n\t\t\t\t<\/div>\n\t\t\t\t<\/div>\n\t\t\t\t<\/div>\n\t\t\t\t<\/div>\n\t\t\t\t<div class=\"elementor-element elementor-element-f4f4198 ob-harakiri-inherit ob-has-background-overlay elementor-widget elementor-widget-text-editor\" data-id=\"f4f4198\" data-element_type=\"widget\" data-e-type=\"widget\" data-settings=\"{&quot;_ob_use_harakiri&quot;:&quot;yes&quot;,&quot;_ob_harakiri_writing_mode&quot;:&quot;inherit&quot;,&quot;_ob_postman_use&quot;:&quot;no&quot;,&quot;_ob_widget_stalker_use&quot;:&quot;no&quot;,&quot;_ob_poopart_use&quot;:&quot;yes&quot;,&quot;_ob_shadough_use&quot;:&quot;no&quot;,&quot;_ob_allow_hoveranimator&quot;:&quot;no&quot;}\" data-widget_type=\"text-editor.default\">\n\t\t\t\t<div class=\"elementor-widget-container\">\n\t\t\t\t\t\t\t\t\t<p data-pm-slice=\"1 1 []\">Du <strong>24 au 26 avril 2026<\/strong>, la Ligue Nouvelle-Aquitaine de Handball organise <strong>les Rencontres R\u00e9gionales du Handensemble<\/strong> \u00e0 <strong>La Rochelle<\/strong> \u2014 un moment fort de l\u2019ann\u00e9e autour du <strong>handball pour tous<\/strong>, de l\u2019inclusion et du partage entre pratiquants valides et en situation de handicap.<\/p>\n<div>\n<p data-pm-slice=\"1 1 []\"><span style=\"font-size: 21px;\"><strong>Handensemble : un handball inclusif et solidaire<\/strong><\/span><\/p>\n<p>Au-del\u00e0 de la pratique sportive classique, cette formule permet \u00e0 des personnes <strong>valides et en situation de handicap<\/strong> (mental, psychique ou moteur) de jouer <strong>ensemble<\/strong>, dans un cadre adapt\u00e9, bienveillant et convivial.<\/p>\n<p>Ici, l\u2019objectif n\u2019est pas seulement de gagner des matchs, mais de :<\/p>\n<ol class=\"ProsemirrorEditor-list\">\n<li class=\"ProsemirrorEditor-listItem\" data-list-indent=\"1\" data-list-type=\"bulleted\">\n<p>Favoriser l\u2019<strong>inclusion<\/strong> et la <strong>mixit\u00e9<\/strong> des publics<\/p>\n<\/li>\n<li class=\"ProsemirrorEditor-listItem\" data-list-indent=\"1\" data-list-type=\"bulleted\">\n<p>Encourager la <strong>rencontre, l\u2019entraide et le respect mutuel<\/strong><\/p>\n<\/li>\n<li class=\"ProsemirrorEditor-listItem\" data-list-indent=\"1\" data-list-type=\"bulleted\">\n<p>Valoriser la pratique sportive adapt\u00e9e<\/p>\n<\/li>\n<li class=\"ProsemirrorEditor-listItem\" data-list-indent=\"1\" data-list-type=\"bulleted\">\n<p>Permettre \u00e0 chacun de vivre une exp\u00e9rience collective enrichissante<\/p>\n<\/li>\n<\/ol>\n<p><span style=\"font-size: 21px;\"><strong>Un week-end de sport et de partage<\/strong><\/span><\/p>\n<p>Sur trois jours \u00e0 La Rochelle, ces Rencontres R\u00e9gionales proposent :<\/p>\n<ol class=\"ProsemirrorEditor-list\">\n<li data-list-indent=\"1\" data-list-type=\"bulleted\"><strong>Une journ\u00e9e d\u00e9di\u00e9e<\/strong> aux <strong>enfants<\/strong> en situation de <strong>handicap<\/strong><\/li>\n<li class=\"ProsemirrorEditor-listItem\" data-list-indent=\"1\" data-list-type=\"bulleted\">\n<p><strong>Des matchs de Hand&#8217;Adapt\u00e9<\/strong>, avec des r\u00e8gles repens\u00e9es pour faciliter la pratique<\/p>\n<\/li>\n<li class=\"ProsemirrorEditor-listItem\" data-list-indent=\"1\" data-list-type=\"bulleted\">\n<p><strong>Du HandFauteuil<\/strong>, pour permettre aux joueurs non valides et valides de participer pleinement<\/p>\n<\/li>\n<li class=\"ProsemirrorEditor-listItem\" data-list-indent=\"1\" data-list-type=\"bulleted\">\n<p><strong>Des ateliers et temps d\u2019\u00e9change<\/strong>, pour comprendre les pratiques, sensibiliser et tisser des liens entre clubs, b\u00e9n\u00e9voles et familles<\/p>\n<\/li>\n<li class=\"ProsemirrorEditor-listItem\" data-list-indent=\"1\" data-list-type=\"bulleted\">\n<p><strong>Une ambiance conviviale<\/strong>, o\u00f9 l\u2019esprit d\u2019\u00e9quipe prime sur la performance<\/p>\n<\/li>\n<\/ol>\n<p>Chaque \u00e9quipe est encourag\u00e9e \u00e0 vivre <strong>l\u2019esprit du HandEnsemble<\/strong> : respect, solidarit\u00e9, partage et plaisir de jouer.<\/p>\n<p><span style=\"font-size: 21px;\"><strong>Pourquoi La Rochelle ?<\/strong><\/span><\/p>\n<p>La Rochelle, ville dynamique et engag\u00e9e dans le sport pour tous, a \u00e9t\u00e9 choisie pour accueillir cet \u00e9v\u00e9nement parce qu\u2019elle offre :<\/p>\n<ol class=\"ProsemirrorEditor-list\">\n<li class=\"ProsemirrorEditor-listItem\" data-list-indent=\"1\" data-list-type=\"bulleted\">\n<p>Des infrastructures adapt\u00e9es et accessibles<\/p>\n<\/li>\n<li class=\"ProsemirrorEditor-listItem\" data-list-indent=\"1\" data-list-type=\"bulleted\">\n<p>Un environnement propice aux \u00e9changes<\/p>\n<\/li>\n<li class=\"ProsemirrorEditor-listItem\" data-list-indent=\"1\" data-list-type=\"bulleted\">\n<p>Une visibilit\u00e9 importante pour valoriser l\u2019inclusion dans le sport<\/p>\n<\/li>\n<\/ol>\n<p><span style=\"font-size: 21px;\"><strong>Pour qui ?<\/strong><\/span><\/p>\n<p>Les Rencontres sont ouvertes aux :<\/p>\n<ol class=\"ProsemirrorEditor-list\">\n<li class=\"ProsemirrorEditor-listItem\" data-list-indent=\"1\" data-list-type=\"bulleted\">\n<p><strong>Clubs affili\u00e9s \u00e0 la F\u00e9d\u00e9ration Fran\u00e7aise de Handball<\/strong><\/p>\n<\/li>\n<li class=\"ProsemirrorEditor-listItem\" data-list-indent=\"1\" data-list-type=\"bulleted\">\n<p>Des <strong>personnes en situation de handicap<\/strong><\/p>\n<\/li>\n<li class=\"ProsemirrorEditor-listItem\" data-list-indent=\"1\" data-list-type=\"bulleted\">\n<p>Des <strong>joueurs valides<\/strong><\/p>\n<\/li>\n<li class=\"ProsemirrorEditor-listItem\" data-list-indent=\"1\" data-list-type=\"bulleted\">\n<p>Aux <strong>non licenci\u00e9s<\/strong> qui souhaitent<strong> s&#8217;initier aux pratiques<\/strong><\/p>\n<p>Peu importe votre niveau, l\u2019essentiel est de participer et de partager un moment fort autour du ballon !<\/p>\n<\/li>\n<\/ol>\n<p><span style=\"font-size: 21px;\"><strong>\u00c0 retenir<\/strong><\/span><\/p>\n<p>Ces Rencontres sont bien plus qu\u2019un tournoi : elles sont une <strong>f\u00eate du handball inclusif<\/strong>, une <strong>plateforme d\u2019\u00e9change<\/strong> pour les clubs et les pratiquants, et une <strong>affirmation forte<\/strong> que le sport est un espace d\u2019\u00e9galit\u00e9 et de solidarit\u00e9.<\/p>\n<p>Que vous soyez joueurs, encadrants, parents ou simplement curieux, <strong>la Rochelle vous attend pour vivre une exp\u00e9rience sportive humaine et inspirante !<\/strong><\/p>\n<p><strong><br><\/strong><\/p>\n<p><strong>Renseignements :&nbsp;<\/strong><\/p>\n<p><strong>Pierre DAVID :&nbsp;<\/strong><b>6017000.pdavid@ffhandball.net<\/b><\/p>\n<\/div>\t\t\t\t\t\t\t\t<\/div>\n\t\t\t\t<\/div>\n\t\t\t\t<\/div>\n\t\t\t\t<\/div>\n\t\t\t\t\t<\/div>\n\t\t\t\t<\/div>\n\t\t<div class=\"elementor-element elementor-element-7c98695 e-flex e-con-boxed e-con e-parent\" data-id=\"7c98695\" data-element_type=\"container\" data-e-type=\"container\" data-settings=\"{&quot;_ob_use_container_extras&quot;:&quot;no&quot;,&quot;_ob_column_hoveranimator&quot;:&quot;no&quot;,&quot;_ob_glider_is_slider&quot;:&quot;no&quot;,&quot;_ob_column_has_pseudo&quot;:&quot;no&quot;}\">\n\t\t\t\t\t<div class=\"e-con-inner\">\n\t\t<div class=\"elementor-element elementor-element-1e0f65d e-con-full e-flex e-con e-child\" data-id=\"1e0f65d\" data-element_type=\"container\" data-e-type=\"container\" data-settings=\"{&quot;_ob_use_container_extras&quot;:&quot;no&quot;,&quot;_ob_column_hoveranimator&quot;:&quot;no&quot;,&quot;_ob_glider_is_slider&quot;:&quot;no&quot;,&quot;_ob_column_has_pseudo&quot;:&quot;no&quot;}\">\n\t\t<div class=\"elementor-element elementor-element-9bd8a05 e-con-full e-flex e-con e-child\" data-id=\"9bd8a05\" data-element_type=\"container\" data-e-type=\"container\" data-settings=\"{&quot;_ob_use_container_extras&quot;:&quot;no&quot;,&quot;_ob_column_hoveranimator&quot;:&quot;no&quot;,&quot;_ob_glider_is_slider&quot;:&quot;no&quot;,&quot;_ob_column_has_pseudo&quot;:&quot;no&quot;}\">\n\t\t\t\t<div class=\"elementor-element elementor-element-c80dcd3 elementor-widget-tablet__width-initial ob-has-background-overlay elementor-widget elementor-widget-image\" data-id=\"c80dcd3\" data-element_type=\"widget\" data-e-type=\"widget\" data-settings=\"{&quot;_ob_photomorph_use&quot;:&quot;no&quot;,&quot;_ob_widget_stalker_use&quot;:&quot;no&quot;,&quot;_ob_poopart_use&quot;:&quot;yes&quot;,&quot;_ob_shadough_use&quot;:&quot;no&quot;,&quot;_ob_allow_hoveranimator&quot;:&quot;no&quot;}\" data-widget_type=\"image.default\">\n\t\t\t\t<div class=\"elementor-widget-container\">\n\t\t\t\t\t\t\t\t\t\t\t\t\t\t\t<img fetchpriority=\"high\" decoding=\"async\" width=\"1080\" height=\"1350\" src=\"https:\/\/i0.wp.com\/nouvelleaquitaine-handball.org\/wp-content\/uploads\/2026\/01\/post-RRH.png?fit=1080%2C1350&amp;ssl=1\" class=\"attachment-full size-full wp-image-11424\" alt=\"\" srcset=\"https:\/\/i0.wp.com\/nouvelleaquitaine-handball.org\/wp-content\/uploads\/2026\/01\/post-RRH.png?w=1080&amp;ssl=1 1080w, https:\/\/i0.wp.com\/nouvelleaquitaine-handball.org\/wp-content\/uploads\/2026\/01\/post-RRH.png?resize=240%2C300&amp;ssl=1 240w, https:\/\/i0.wp.com\/nouvelleaquitaine-handball.org\/wp-content\/uploads\/2026\/01\/post-RRH.png?resize=819%2C1024&amp;ssl=1 819w, https:\/\/i0.wp.com\/nouvelleaquitaine-handball.org\/wp-content\/uploads\/2026\/01\/post-RRH.png?resize=768%2C960&amp;ssl=1 768w, https:\/\/i0.wp.com\/nouvelleaquitaine-handball.org\/wp-content\/uploads\/2026\/01\/post-RRH.png?resize=920%2C1150&amp;ssl=1 920w, https:\/\/i0.wp.com\/nouvelleaquitaine-handball.org\/wp-content\/uploads\/2026\/01\/post-RRH.png?resize=230%2C288&amp;ssl=1 230w, https:\/\/i0.wp.com\/nouvelleaquitaine-handball.org\/wp-content\/uploads\/2026\/01\/post-RRH.png?resize=350%2C438&amp;ssl=1 350w, https:\/\/i0.wp.com\/nouvelleaquitaine-handball.org\/wp-content\/uploads\/2026\/01\/post-RRH.png?resize=480%2C600&amp;ssl=1 480w\" sizes=\"(max-width: 1080px) 100vw, 1080px\" \/>\t\t\t\t\t\t\t\t\t\t\t\t\t\t\t<\/div>\n\t\t\t\t<\/div>\n\t\t\t\t<\/div>\n\t\t\t\t<\/div>\n\t\t\t\t\t<\/div>\n\t\t\t\t<\/div>\n\t\t\t\t<\/div>\n\t\t","protected":false},"excerpt":{"rendered":"<p>rencontres r\u00e9gionales du handensemble 2026 &#8211; la rochelle Du 24 au 26 [&hellip;]<\/p>\n","protected":false},"author":2,"featured_media":0,"parent":0,"menu_order":0,"comment_status":"closed","ping_status":"closed","template":"","meta":{"footnotes":""},"class_list":["post-11397","page","type-page","status-publish","hentry"],"yoast_head":"<!-- This site is optimized with the Yoast SEO plugin v27.4 - https:\/\/yoast.com\/product\/yoast-seo-wordpress\/ -->\n<title>Article - rencontres regionales du handensemble 2026 - LIGUE NOUVELLE AQUITAINE<\/title>\n<meta name=\"robots\" content=\"index, follow, max-snippet:-1, max-image-preview:large, max-video-preview:-1\" \/>\n<link rel=\"canonical\" href=\"https:\/\/nouvelleaquitaine-handball.org\/index.php\/rencontres-regionales-du-handensemble-2026-la-rochelle\/\" \/>\n<meta property=\"og:locale\" content=\"fr_FR\" \/>\n<meta property=\"og:type\" content=\"article\" \/>\n<meta property=\"og:title\" content=\"Article - rencontres regionales du handensemble 2026 - LIGUE NOUVELLE AQUITAINE\" \/>\n<meta property=\"og:description\" content=\"rencontres r\u00e9gionales du handensemble 2026 &#8211; la rochelle Du 24 au 26 [&hellip;]\" \/>\n<meta property=\"og:url\" content=\"https:\/\/nouvelleaquitaine-handball.org\/index.php\/rencontres-regionales-du-handensemble-2026-la-rochelle\/\" \/>\n<meta property=\"og:site_name\" content=\"LIGUE NOUVELLE AQUITAINE\" \/>\n<meta property=\"article:modified_time\" content=\"2026-01-16T14:55:06+00:00\" \/>\n<meta property=\"og:image\" content=\"http:\/\/nouvelleaquitaine-handball.org\/wp-content\/uploads\/2026\/01\/post-RRH.png\" \/>\n<meta name=\"twitter:card\" content=\"summary_large_image\" \/>\n<meta name=\"twitter:label1\" content=\"Dur\u00e9e de lecture estim\u00e9e\" \/>\n\t<meta name=\"twitter:data1\" content=\"3 minutes\" \/>\n<script type=\"application\/ld+json\" class=\"yoast-schema-graph\">{\"@context\":\"https:\\\/\\\/schema.org\",\"@graph\":[{\"@type\":\"WebPage\",\"@id\":\"https:\\\/\\\/nouvelleaquitaine-handball.org\\\/index.php\\\/rencontres-regionales-du-handensemble-2026-la-rochelle\\\/\",\"url\":\"https:\\\/\\\/nouvelleaquitaine-handball.org\\\/index.php\\\/rencontres-regionales-du-handensemble-2026-la-rochelle\\\/\",\"name\":\"Article - rencontres regionales du handensemble 2026 - LIGUE NOUVELLE AQUITAINE\",\"isPartOf\":{\"@id\":\"https:\\\/\\\/nouvelleaquitaine-handball.org\\\/#website\"},\"primaryImageOfPage\":{\"@id\":\"https:\\\/\\\/nouvelleaquitaine-handball.org\\\/index.php\\\/rencontres-regionales-du-handensemble-2026-la-rochelle\\\/#primaryimage\"},\"image\":{\"@id\":\"https:\\\/\\\/nouvelleaquitaine-handball.org\\\/index.php\\\/rencontres-regionales-du-handensemble-2026-la-rochelle\\\/#primaryimage\"},\"thumbnailUrl\":\"http:\\\/\\\/nouvelleaquitaine-handball.org\\\/wp-content\\\/uploads\\\/2026\\\/01\\\/post-RRH.png\",\"datePublished\":\"2026-01-15T15:09:25+00:00\",\"dateModified\":\"2026-01-16T14:55:06+00:00\",\"breadcrumb\":{\"@id\":\"https:\\\/\\\/nouvelleaquitaine-handball.org\\\/index.php\\\/rencontres-regionales-du-handensemble-2026-la-rochelle\\\/#breadcrumb\"},\"inLanguage\":\"fr-FR\",\"potentialAction\":[{\"@type\":\"ReadAction\",\"target\":[\"https:\\\/\\\/nouvelleaquitaine-handball.org\\\/index.php\\\/rencontres-regionales-du-handensemble-2026-la-rochelle\\\/\"]}]},{\"@type\":\"ImageObject\",\"inLanguage\":\"fr-FR\",\"@id\":\"https:\\\/\\\/nouvelleaquitaine-handball.org\\\/index.php\\\/rencontres-regionales-du-handensemble-2026-la-rochelle\\\/#primaryimage\",\"url\":\"https:\\\/\\\/i0.wp.com\\\/nouvelleaquitaine-handball.org\\\/wp-content\\\/uploads\\\/2026\\\/01\\\/post-RRH.png?fit=1080%2C1350&ssl=1\",\"contentUrl\":\"https:\\\/\\\/i0.wp.com\\\/nouvelleaquitaine-handball.org\\\/wp-content\\\/uploads\\\/2026\\\/01\\\/post-RRH.png?fit=1080%2C1350&ssl=1\",\"width\":1080,\"height\":1350},{\"@type\":\"BreadcrumbList\",\"@id\":\"https:\\\/\\\/nouvelleaquitaine-handball.org\\\/index.php\\\/rencontres-regionales-du-handensemble-2026-la-rochelle\\\/#breadcrumb\",\"itemListElement\":[{\"@type\":\"ListItem\",\"position\":1,\"name\":\"Accueil\",\"item\":\"https:\\\/\\\/nouvelleaquitaine-handball.org\\\/\"},{\"@type\":\"ListItem\",\"position\":2,\"name\":\"Article &#8211; rencontres regionales du handensemble 2026\"}]},{\"@type\":\"WebSite\",\"@id\":\"https:\\\/\\\/nouvelleaquitaine-handball.org\\\/#website\",\"url\":\"https:\\\/\\\/nouvelleaquitaine-handball.org\\\/\",\"name\":\"LIGUE NOUVELLE AQUITAINE\",\"description\":\"FFHANDBALL\",\"potentialAction\":[{\"@type\":\"SearchAction\",\"target\":{\"@type\":\"EntryPoint\",\"urlTemplate\":\"https:\\\/\\\/nouvelleaquitaine-handball.org\\\/?s={search_term_string}\"},\"query-input\":{\"@type\":\"PropertyValueSpecification\",\"valueRequired\":true,\"valueName\":\"search_term_string\"}}],\"inLanguage\":\"fr-FR\"}]}<\/script>\n<!-- \/ Yoast SEO plugin. -->","yoast_head_json":{"title":"Article - rencontres regionales du handensemble 2026 - LIGUE NOUVELLE AQUITAINE","robots":{"index":"index","follow":"follow","max-snippet":"max-snippet:-1","max-image-preview":"max-image-preview:large","max-video-preview":"max-video-preview:-1"},"canonical":"https:\/\/nouvelleaquitaine-handball.org\/index.php\/rencontres-regionales-du-handensemble-2026-la-rochelle\/","og_locale":"fr_FR","og_type":"article","og_title":"Article - rencontres regionales du handensemble 2026 - LIGUE NOUVELLE AQUITAINE","og_description":"rencontres r\u00e9gionales du handensemble 2026 &#8211; la rochelle Du 24 au 26 [&hellip;]","og_url":"https:\/\/nouvelleaquitaine-handball.org\/index.php\/rencontres-regionales-du-handensemble-2026-la-rochelle\/","og_site_name":"LIGUE NOUVELLE AQUITAINE","article_modified_time":"2026-01-16T14:55:06+00:00","og_image":[{"url":"http:\/\/nouvelleaquitaine-handball.org\/wp-content\/uploads\/2026\/01\/post-RRH.png","type":"","width":"","height":""}],"twitter_card":"summary_large_image","twitter_misc":{"Dur\u00e9e de lecture estim\u00e9e":"3 minutes"},"schema":{"@context":"https:\/\/schema.org","@graph":[{"@type":"WebPage","@id":"https:\/\/nouvelleaquitaine-handball.org\/index.php\/rencontres-regionales-du-handensemble-2026-la-rochelle\/","url":"https:\/\/nouvelleaquitaine-handball.org\/index.php\/rencontres-regionales-du-handensemble-2026-la-rochelle\/","name":"Article - rencontres regionales du handensemble 2026 - LIGUE NOUVELLE AQUITAINE","isPartOf":{"@id":"https:\/\/nouvelleaquitaine-handball.org\/#website"},"primaryImageOfPage":{"@id":"https:\/\/nouvelleaquitaine-handball.org\/index.php\/rencontres-regionales-du-handensemble-2026-la-rochelle\/#primaryimage"},"image":{"@id":"https:\/\/nouvelleaquitaine-handball.org\/index.php\/rencontres-regionales-du-handensemble-2026-la-rochelle\/#primaryimage"},"thumbnailUrl":"http:\/\/nouvelleaquitaine-handball.org\/wp-content\/uploads\/2026\/01\/post-RRH.png","datePublished":"2026-01-15T15:09:25+00:00","dateModified":"2026-01-16T14:55:06+00:00","breadcrumb":{"@id":"https:\/\/nouvelleaquitaine-handball.org\/index.php\/rencontres-regionales-du-handensemble-2026-la-rochelle\/#breadcrumb"},"inLanguage":"fr-FR","potentialAction":[{"@type":"ReadAction","target":["https:\/\/nouvelleaquitaine-handball.org\/index.php\/rencontres-regionales-du-handensemble-2026-la-rochelle\/"]}]},{"@type":"ImageObject","inLanguage":"fr-FR","@id":"https:\/\/nouvelleaquitaine-handball.org\/index.php\/rencontres-regionales-du-handensemble-2026-la-rochelle\/#primaryimage","url":"https:\/\/i0.wp.com\/nouvelleaquitaine-handball.org\/wp-content\/uploads\/2026\/01\/post-RRH.png?fit=1080%2C1350&ssl=1","contentUrl":"https:\/\/i0.wp.com\/nouvelleaquitaine-handball.org\/wp-content\/uploads\/2026\/01\/post-RRH.png?fit=1080%2C1350&ssl=1","width":1080,"height":1350},{"@type":"BreadcrumbList","@id":"https:\/\/nouvelleaquitaine-handball.org\/index.php\/rencontres-regionales-du-handensemble-2026-la-rochelle\/#breadcrumb","itemListElement":[{"@type":"ListItem","position":1,"name":"Accueil","item":"https:\/\/nouvelleaquitaine-handball.org\/"},{"@type":"ListItem","position":2,"name":"Article &#8211; rencontres regionales du handensemble 2026"}]},{"@type":"WebSite","@id":"https:\/\/nouvelleaquitaine-handball.org\/#website","url":"https:\/\/nouvelleaquitaine-handball.org\/","name":"LIGUE NOUVELLE AQUITAINE","description":"FFHANDBALL","potentialAction":[{"@type":"SearchAction","target":{"@type":"EntryPoint","urlTemplate":"https:\/\/nouvelleaquitaine-handball.org\/?s={search_term_string}"},"query-input":{"@type":"PropertyValueSpecification","valueRequired":true,"valueName":"search_term_string"}}],"inLanguage":"fr-FR"}]}},"jetpack_sharing_enabled":true,"_links":{"self":[{"href":"https:\/\/nouvelleaquitaine-handball.org\/index.php\/wp-json\/wp\/v2\/pages\/11397","targetHints":{"allow":["GET"]}}],"collection":[{"href":"https:\/\/nouvelleaquitaine-handball.org\/index.php\/wp-json\/wp\/v2\/pages"}],"about":[{"href":"https:\/\/nouvelleaquitaine-handball.org\/index.php\/wp-json\/wp\/v2\/types\/page"}],"author":[{"embeddable":true,"href":"https:\/\/nouvelleaquitaine-handball.org\/index.php\/wp-json\/wp\/v2\/users\/2"}],"replies":[{"embeddable":true,"href":"https:\/\/nouvelleaquitaine-handball.org\/index.php\/wp-json\/wp\/v2\/comments?post=11397"}],"version-history":[{"count":29,"href":"https:\/\/nouvelleaquitaine-handball.org\/index.php\/wp-json\/wp\/v2\/pages\/11397\/revisions"}],"predecessor-version":[{"id":11441,"href":"https:\/\/nouvelleaquitaine-handball.org\/index.php\/wp-json\/wp\/v2\/pages\/11397\/revisions\/11441"}],"wp:attachment":[{"href":"https:\/\/nouvelleaquitaine-handball.org\/index.php\/wp-json\/wp\/v2\/media?parent=11397"}],"curies":[{"name":"wp","href":"https:\/\/api.w.org\/{rel}","templated":true}]}}