{"id":11679,"date":"2026-02-10T14:42:36","date_gmt":"2026-02-10T13:42:36","guid":{"rendered":"https:\/\/nouvelleaquitaine-handball.org\/?page_id=11679"},"modified":"2026-02-10T15:38:04","modified_gmt":"2026-02-10T14:38:04","slug":"referent-handicap","status":"publish","type":"page","link":"https:\/\/nouvelleaquitaine-handball.org\/index.php\/referent-handicap\/","title":{"rendered":"R\u00e9f\u00e9rent Handicap"},"content":{"rendered":"\t\t<div data-elementor-type=\"wp-page\" data-elementor-id=\"11679\" class=\"elementor elementor-11679\" data-elementor-post-type=\"page\">\n\t\t\t\t<div class=\"elementor-element elementor-element-9c1252f e-flex e-con-boxed e-con e-parent\" data-id=\"9c1252f\" data-element_type=\"container\" data-e-type=\"container\" data-settings=\"{&quot;_ob_use_container_extras&quot;:&quot;no&quot;,&quot;_ob_column_hoveranimator&quot;:&quot;no&quot;,&quot;_ob_glider_is_slider&quot;:&quot;no&quot;,&quot;_ob_column_has_pseudo&quot;:&quot;no&quot;}\">\n\t\t\t\t\t<div class=\"e-con-inner\">\n\t\t<div class=\"elementor-element elementor-element-0ddc399 e-con-full e-flex e-con e-child\" data-id=\"0ddc399\" data-element_type=\"container\" data-e-type=\"container\" data-settings=\"{&quot;_ob_use_container_extras&quot;:&quot;no&quot;,&quot;_ob_column_hoveranimator&quot;:&quot;no&quot;,&quot;_ob_glider_is_slider&quot;:&quot;no&quot;,&quot;_ob_column_has_pseudo&quot;:&quot;no&quot;}\">\n\t\t<div class=\"elementor-element elementor-element-7df03bc e-con-full e-flex e-con e-child\" data-id=\"7df03bc\" data-element_type=\"container\" data-e-type=\"container\" data-settings=\"{&quot;_ob_use_container_extras&quot;:&quot;no&quot;,&quot;_ob_column_hoveranimator&quot;:&quot;no&quot;,&quot;_ob_glider_is_slider&quot;:&quot;no&quot;,&quot;_ob_column_has_pseudo&quot;:&quot;no&quot;}\">\n\t\t<div class=\"elementor-element elementor-element-5931f62 e-con-full e-flex e-con e-child\" data-id=\"5931f62\" data-element_type=\"container\" data-e-type=\"container\" data-settings=\"{&quot;_ob_use_container_extras&quot;:&quot;no&quot;,&quot;_ob_column_hoveranimator&quot;:&quot;no&quot;,&quot;_ob_glider_is_slider&quot;:&quot;no&quot;,&quot;_ob_column_has_pseudo&quot;:&quot;no&quot;}\">\n\t\t\t\t<div class=\"elementor-element elementor-element-9927eb7 ob-harakiri-inherit ob-has-background-overlay elementor-widget elementor-widget-heading\" data-id=\"9927eb7\" data-element_type=\"widget\" data-e-type=\"widget\" data-settings=\"{&quot;_ob_use_harakiri&quot;:&quot;yes&quot;,&quot;_ob_harakiri_writing_mode&quot;:&quot;inherit&quot;,&quot;_ob_harakiri_text_clip&quot;:&quot;none&quot;,&quot;_ob_widget_stalker_use&quot;:&quot;no&quot;,&quot;_ob_poopart_use&quot;:&quot;yes&quot;,&quot;_ob_shadough_use&quot;:&quot;no&quot;,&quot;_ob_allow_hoveranimator&quot;:&quot;no&quot;}\" data-widget_type=\"heading.default\">\n\t\t\t\t<div class=\"elementor-widget-container\">\n\t\t\t\t\t<h2 class=\"elementor-heading-title elementor-size-default\"><p data-start=\"0\" data-end=\"79\"><b>REFERENT HANDICAP DE L'ITFE NOUVELLE-AQUITAINE DE HANDBALL<\/b><\/p><\/h2>\t\t\t\t<\/div>\n\t\t\t\t<\/div>\n\t\t\t\t<div class=\"elementor-element elementor-element-4a49361 elementor-widget-divider--view-line ob-has-background-overlay elementor-widget elementor-widget-divider\" data-id=\"4a49361\" data-element_type=\"widget\" data-e-type=\"widget\" data-settings=\"{&quot;_ob_widget_stalker_use&quot;:&quot;no&quot;,&quot;_ob_poopart_use&quot;:&quot;yes&quot;,&quot;_ob_shadough_use&quot;:&quot;no&quot;,&quot;_ob_allow_hoveranimator&quot;:&quot;no&quot;}\" data-widget_type=\"divider.default\">\n\t\t\t\t<div class=\"elementor-widget-container\">\n\t\t\t\t\t\t\t<div class=\"elementor-divider\">\n\t\t\t<span class=\"elementor-divider-separator\">\n\t\t\t\t\t\t<\/span>\n\t\t<\/div>\n\t\t\t\t\t\t<\/div>\n\t\t\t\t<\/div>\n\t\t\t\t<div class=\"elementor-element elementor-element-93d12c4 ob-harakiri-inherit ob-has-background-overlay elementor-widget elementor-widget-text-editor\" data-id=\"93d12c4\" data-element_type=\"widget\" data-e-type=\"widget\" data-settings=\"{&quot;_ob_use_harakiri&quot;:&quot;yes&quot;,&quot;_ob_harakiri_writing_mode&quot;:&quot;inherit&quot;,&quot;_ob_postman_use&quot;:&quot;no&quot;,&quot;_ob_widget_stalker_use&quot;:&quot;no&quot;,&quot;_ob_poopart_use&quot;:&quot;yes&quot;,&quot;_ob_shadough_use&quot;:&quot;no&quot;,&quot;_ob_allow_hoveranimator&quot;:&quot;no&quot;}\" data-widget_type=\"text-editor.default\">\n\t\t\t\t<div class=\"elementor-widget-container\">\n\t\t\t\t\t\t\t\t\t<p class=\"x_MsoNormal\" data-olk-copy-source=\"MessageBody\">Vous souhaitez suivre une de nos formations et b\u00e9n\u00e9ficier d\u2019un am\u00e9nagement pour la r\u00e9aliser dans des conditions adapt\u00e9es aux personnes en situation de handicap.<\/p>\n<p class=\"x_MsoNormal\">Notre r\u00e9f\u00e9rente handicap ITFE NA peut vous accompagner sur la mise en place de votre formation.<\/p>\n<p class=\"x_MsoNormal\">Apr\u00e8s avoir \u00e9chang\u00e9 avec Valentine Billaudeau et identifi\u00e9 les besoins en compensation, l\u2019\u00e9quipe p\u00e9dagogique sera pr\u00e9sente tout au long de votre parcours.<\/p>\n<p class=\"x_MsoNormal\">Voici quelques exemples d\u2019am\u00e9nagements possibles selon les demandes&nbsp;:<\/p>\n<ul type=\"disc\">\n<li class=\"x_MsoListParagraph\">Tiers temps pour le passage de l\u2019\u00e9preuve certificative de fin de parcours<\/li>\n<li class=\"x_MsoListParagraph\">Pauses r\u00e9guli\u00e8res pendant les temps de formation<\/li>\n<li class=\"x_MsoListParagraph\">Supports de formation pour une lecture facile<\/li>\n<li class=\"x_MsoListParagraph\">Mobilisation d\u2019un interpr\u00e8te signeur pendant la formation<\/li>\n<li class=\"x_MsoListParagraph\">Aide \u00e0 la prise de note avec un accompagnant &nbsp;<\/li>\n<\/ul>\n<p class=\"x_MsoNormal\">Vous \u00eates concern\u00e9s, n\u2019h\u00e9sitez pas \u00e0 contacter Valentine Billaudeau, r\u00e9f\u00e9rente handicap :&nbsp;<\/p>\n<p>Mail :&nbsp;<a title=\"mailto:6000000.ref-handicap@ffhandball.net\" href=\"mailto:6000000.ref-handicap@ffhandball.net\" data-linkindex=\"0\">6000000.ref-handicap@ffhandball.net<\/a>&nbsp;<\/p>\n<p>ou par t\u00e9l\u00e9phone au 06 95 23 51 95.<\/p>\t\t\t\t\t\t\t\t<\/div>\n\t\t\t\t<\/div>\n\t\t\t\t<\/div>\n\t\t\t\t<\/div>\n\t\t\t\t<\/div>\n\t\t\t\t\t<\/div>\n\t\t\t\t<\/div>\n\t\t\t\t<\/div>\n\t\t","protected":false},"excerpt":{"rendered":"<p>REFERENT HANDICAP DE L&#8217;ITFE NOUVELLE-AQUITAINE DE HANDBALL Vous souhaitez suivre une de [&hellip;]<\/p>\n","protected":false},"author":2,"featured_media":0,"parent":0,"menu_order":0,"comment_status":"closed","ping_status":"closed","template":"","meta":{"footnotes":""},"class_list":["post-11679","page","type-page","status-publish","hentry"],"yoast_head":"<!-- This site is optimized with the Yoast SEO plugin v27.3 - https:\/\/yoast.com\/product\/yoast-seo-wordpress\/ -->\n<title>R\u00e9f\u00e9rent Handicap - LIGUE NOUVELLE AQUITAINE<\/title>\n<meta name=\"robots\" content=\"index, follow, max-snippet:-1, max-image-preview:large, max-video-preview:-1\" \/>\n<link rel=\"canonical\" href=\"https:\/\/nouvelleaquitaine-handball.org\/index.php\/referent-handicap\/\" \/>\n<meta property=\"og:locale\" content=\"fr_FR\" \/>\n<meta property=\"og:type\" content=\"article\" \/>\n<meta property=\"og:title\" content=\"R\u00e9f\u00e9rent Handicap - LIGUE NOUVELLE AQUITAINE\" \/>\n<meta property=\"og:description\" content=\"REFERENT HANDICAP DE L&#8217;ITFE NOUVELLE-AQUITAINE DE HANDBALL Vous souhaitez suivre une de [&hellip;]\" \/>\n<meta property=\"og:url\" content=\"https:\/\/nouvelleaquitaine-handball.org\/index.php\/referent-handicap\/\" \/>\n<meta property=\"og:site_name\" content=\"LIGUE NOUVELLE AQUITAINE\" \/>\n<meta property=\"article:modified_time\" content=\"2026-02-10T14:38:04+00:00\" \/>\n<meta name=\"twitter:card\" content=\"summary_large_image\" \/>\n<meta name=\"twitter:label1\" content=\"Dur\u00e9e de lecture estim\u00e9e\" \/>\n\t<meta name=\"twitter:data1\" content=\"1 minute\" \/>\n<script type=\"application\/ld+json\" class=\"yoast-schema-graph\">{\"@context\":\"https:\\\/\\\/schema.org\",\"@graph\":[{\"@type\":\"WebPage\",\"@id\":\"https:\\\/\\\/nouvelleaquitaine-handball.org\\\/index.php\\\/referent-handicap\\\/\",\"url\":\"https:\\\/\\\/nouvelleaquitaine-handball.org\\\/index.php\\\/referent-handicap\\\/\",\"name\":\"R\u00e9f\u00e9rent Handicap - LIGUE NOUVELLE AQUITAINE\",\"isPartOf\":{\"@id\":\"https:\\\/\\\/nouvelleaquitaine-handball.org\\\/#website\"},\"datePublished\":\"2026-02-10T13:42:36+00:00\",\"dateModified\":\"2026-02-10T14:38:04+00:00\",\"breadcrumb\":{\"@id\":\"https:\\\/\\\/nouvelleaquitaine-handball.org\\\/index.php\\\/referent-handicap\\\/#breadcrumb\"},\"inLanguage\":\"fr-FR\",\"potentialAction\":[{\"@type\":\"ReadAction\",\"target\":[\"https:\\\/\\\/nouvelleaquitaine-handball.org\\\/index.php\\\/referent-handicap\\\/\"]}]},{\"@type\":\"BreadcrumbList\",\"@id\":\"https:\\\/\\\/nouvelleaquitaine-handball.org\\\/index.php\\\/referent-handicap\\\/#breadcrumb\",\"itemListElement\":[{\"@type\":\"ListItem\",\"position\":1,\"name\":\"Accueil\",\"item\":\"https:\\\/\\\/nouvelleaquitaine-handball.org\\\/\"},{\"@type\":\"ListItem\",\"position\":2,\"name\":\"R\u00e9f\u00e9rent Handicap\"}]},{\"@type\":\"WebSite\",\"@id\":\"https:\\\/\\\/nouvelleaquitaine-handball.org\\\/#website\",\"url\":\"https:\\\/\\\/nouvelleaquitaine-handball.org\\\/\",\"name\":\"LIGUE NOUVELLE AQUITAINE\",\"description\":\"FFHANDBALL\",\"potentialAction\":[{\"@type\":\"SearchAction\",\"target\":{\"@type\":\"EntryPoint\",\"urlTemplate\":\"https:\\\/\\\/nouvelleaquitaine-handball.org\\\/?s={search_term_string}\"},\"query-input\":{\"@type\":\"PropertyValueSpecification\",\"valueRequired\":true,\"valueName\":\"search_term_string\"}}],\"inLanguage\":\"fr-FR\"}]}<\/script>\n<!-- \/ Yoast SEO plugin. -->","yoast_head_json":{"title":"R\u00e9f\u00e9rent Handicap - LIGUE NOUVELLE AQUITAINE","robots":{"index":"index","follow":"follow","max-snippet":"max-snippet:-1","max-image-preview":"max-image-preview:large","max-video-preview":"max-video-preview:-1"},"canonical":"https:\/\/nouvelleaquitaine-handball.org\/index.php\/referent-handicap\/","og_locale":"fr_FR","og_type":"article","og_title":"R\u00e9f\u00e9rent Handicap - LIGUE NOUVELLE AQUITAINE","og_description":"REFERENT HANDICAP DE L&#8217;ITFE NOUVELLE-AQUITAINE DE HANDBALL Vous souhaitez suivre une de [&hellip;]","og_url":"https:\/\/nouvelleaquitaine-handball.org\/index.php\/referent-handicap\/","og_site_name":"LIGUE NOUVELLE AQUITAINE","article_modified_time":"2026-02-10T14:38:04+00:00","twitter_card":"summary_large_image","twitter_misc":{"Dur\u00e9e de lecture estim\u00e9e":"1 minute"},"schema":{"@context":"https:\/\/schema.org","@graph":[{"@type":"WebPage","@id":"https:\/\/nouvelleaquitaine-handball.org\/index.php\/referent-handicap\/","url":"https:\/\/nouvelleaquitaine-handball.org\/index.php\/referent-handicap\/","name":"R\u00e9f\u00e9rent Handicap - LIGUE NOUVELLE AQUITAINE","isPartOf":{"@id":"https:\/\/nouvelleaquitaine-handball.org\/#website"},"datePublished":"2026-02-10T13:42:36+00:00","dateModified":"2026-02-10T14:38:04+00:00","breadcrumb":{"@id":"https:\/\/nouvelleaquitaine-handball.org\/index.php\/referent-handicap\/#breadcrumb"},"inLanguage":"fr-FR","potentialAction":[{"@type":"ReadAction","target":["https:\/\/nouvelleaquitaine-handball.org\/index.php\/referent-handicap\/"]}]},{"@type":"BreadcrumbList","@id":"https:\/\/nouvelleaquitaine-handball.org\/index.php\/referent-handicap\/#breadcrumb","itemListElement":[{"@type":"ListItem","position":1,"name":"Accueil","item":"https:\/\/nouvelleaquitaine-handball.org\/"},{"@type":"ListItem","position":2,"name":"R\u00e9f\u00e9rent Handicap"}]},{"@type":"WebSite","@id":"https:\/\/nouvelleaquitaine-handball.org\/#website","url":"https:\/\/nouvelleaquitaine-handball.org\/","name":"LIGUE NOUVELLE AQUITAINE","description":"FFHANDBALL","potentialAction":[{"@type":"SearchAction","target":{"@type":"EntryPoint","urlTemplate":"https:\/\/nouvelleaquitaine-handball.org\/?s={search_term_string}"},"query-input":{"@type":"PropertyValueSpecification","valueRequired":true,"valueName":"search_term_string"}}],"inLanguage":"fr-FR"}]}},"jetpack_sharing_enabled":true,"_links":{"self":[{"href":"https:\/\/nouvelleaquitaine-handball.org\/index.php\/wp-json\/wp\/v2\/pages\/11679","targetHints":{"allow":["GET"]}}],"collection":[{"href":"https:\/\/nouvelleaquitaine-handball.org\/index.php\/wp-json\/wp\/v2\/pages"}],"about":[{"href":"https:\/\/nouvelleaquitaine-handball.org\/index.php\/wp-json\/wp\/v2\/types\/page"}],"author":[{"embeddable":true,"href":"https:\/\/nouvelleaquitaine-handball.org\/index.php\/wp-json\/wp\/v2\/users\/2"}],"replies":[{"embeddable":true,"href":"https:\/\/nouvelleaquitaine-handball.org\/index.php\/wp-json\/wp\/v2\/comments?post=11679"}],"version-history":[{"count":10,"href":"https:\/\/nouvelleaquitaine-handball.org\/index.php\/wp-json\/wp\/v2\/pages\/11679\/revisions"}],"predecessor-version":[{"id":11711,"href":"https:\/\/nouvelleaquitaine-handball.org\/index.php\/wp-json\/wp\/v2\/pages\/11679\/revisions\/11711"}],"wp:attachment":[{"href":"https:\/\/nouvelleaquitaine-handball.org\/index.php\/wp-json\/wp\/v2\/media?parent=11679"}],"curies":[{"name":"wp","href":"https:\/\/api.w.org\/{rel}","templated":true}]}}