{"id":121,"date":"2022-04-26T18:14:20","date_gmt":"2022-04-26T16:14:20","guid":{"rendered":"http:\/\/dev.nouvelleaquitaine-handball.org\/?page_id=121"},"modified":"2024-10-09T10:53:29","modified_gmt":"2024-10-09T08:53:29","slug":"le-parcours-haut-niveau-arbitrage","status":"publish","type":"page","link":"https:\/\/nouvelleaquitaine-handball.org\/index.php\/haut-niveau\/ppf-arbitrage\/le-parcours-haut-niveau-arbitrage\/","title":{"rendered":"Le parcours haut niveau arbitrage"},"content":{"rendered":"\t\t<div data-elementor-type=\"wp-page\" data-elementor-id=\"121\" class=\"elementor elementor-121\" data-elementor-post-type=\"page\">\n\t\t\t\t\t\t<section class=\"elementor-section elementor-top-section elementor-element elementor-element-5da004c elementor-section-boxed elementor-section-height-default elementor-section-height-default\" data-id=\"5da004c\" data-element_type=\"section\" data-e-type=\"section\" data-settings=\"{&quot;_ob_glider_is_slider&quot;:&quot;no&quot;}\">\n\t\t\t\t\t\t<div class=\"elementor-container elementor-column-gap-default\">\n\t\t\t\t\t<div class=\"elementor-column elementor-col-100 elementor-top-column elementor-element elementor-element-3db0fc3\" data-id=\"3db0fc3\" data-element_type=\"column\" data-e-type=\"column\" data-settings=\"{&quot;_ob_column_hoveranimator&quot;:&quot;no&quot;,&quot;_ob_column_has_pseudo&quot;:&quot;no&quot;}\">\n\t\t\t<div class=\"elementor-widget-wrap elementor-element-populated\">\n\t\t\t\t\t\t<div class=\"elementor-element elementor-element-8f8ead9 ob-has-background-overlay elementor-widget elementor-widget-image\" data-id=\"8f8ead9\" data-element_type=\"widget\" data-e-type=\"widget\" data-settings=\"{&quot;_ob_photomorph_use&quot;:&quot;no&quot;,&quot;_ob_widget_stalker_use&quot;:&quot;no&quot;,&quot;_ob_poopart_use&quot;:&quot;yes&quot;,&quot;_ob_shadough_use&quot;:&quot;no&quot;,&quot;_ob_allow_hoveranimator&quot;:&quot;no&quot;}\" data-widget_type=\"image.default\">\n\t\t\t\t<div class=\"elementor-widget-container\">\n\t\t\t\t\t\t\t\t\t\t\t\t\t\t\t<img fetchpriority=\"high\" decoding=\"async\" width=\"300\" height=\"167\" src=\"https:\/\/i0.wp.com\/nouvelleaquitaine-handball.org\/wp-content\/uploads\/2022\/07\/Sans-titre-43-8.png?fit=300%2C167&amp;ssl=1\" class=\"attachment-medium size-medium wp-image-2433\" alt=\"\" srcset=\"https:\/\/i0.wp.com\/nouvelleaquitaine-handball.org\/wp-content\/uploads\/2022\/07\/Sans-titre-43-8.png?w=900&amp;ssl=1 900w, https:\/\/i0.wp.com\/nouvelleaquitaine-handball.org\/wp-content\/uploads\/2022\/07\/Sans-titre-43-8.png?resize=300%2C167&amp;ssl=1 300w, https:\/\/i0.wp.com\/nouvelleaquitaine-handball.org\/wp-content\/uploads\/2022\/07\/Sans-titre-43-8.png?resize=768%2C427&amp;ssl=1 768w, https:\/\/i0.wp.com\/nouvelleaquitaine-handball.org\/wp-content\/uploads\/2022\/07\/Sans-titre-43-8.png?resize=230%2C128&amp;ssl=1 230w, https:\/\/i0.wp.com\/nouvelleaquitaine-handball.org\/wp-content\/uploads\/2022\/07\/Sans-titre-43-8.png?resize=350%2C194&amp;ssl=1 350w, https:\/\/i0.wp.com\/nouvelleaquitaine-handball.org\/wp-content\/uploads\/2022\/07\/Sans-titre-43-8.png?resize=480%2C267&amp;ssl=1 480w\" sizes=\"(max-width: 300px) 100vw, 300px\" \/>\t\t\t\t\t\t\t\t\t\t\t\t\t\t\t<\/div>\n\t\t\t\t<\/div>\n\t\t\t\t\t<\/div>\n\t\t<\/div>\n\t\t\t\t\t<\/div>\n\t\t<\/section>\n\t\t\t\t<section class=\"elementor-section elementor-top-section elementor-element elementor-element-11d0fd2 elementor-section-boxed elementor-section-height-default elementor-section-height-default\" data-id=\"11d0fd2\" data-element_type=\"section\" data-e-type=\"section\" data-settings=\"{&quot;_ob_glider_is_slider&quot;:&quot;no&quot;}\">\n\t\t\t\t\t\t<div class=\"elementor-container elementor-column-gap-default\">\n\t\t\t\t\t<div class=\"elementor-column elementor-col-100 elementor-top-column elementor-element elementor-element-730aded\" data-id=\"730aded\" data-element_type=\"column\" data-e-type=\"column\" data-settings=\"{&quot;_ob_column_hoveranimator&quot;:&quot;no&quot;,&quot;_ob_column_has_pseudo&quot;:&quot;no&quot;}\">\n\t\t\t<div class=\"elementor-widget-wrap elementor-element-populated\">\n\t\t\t\t\t\t<div class=\"elementor-element elementor-element-7d4a2d2 ob-harakiri-inherit ob-has-background-overlay elementor-widget elementor-widget-text-editor\" data-id=\"7d4a2d2\" data-element_type=\"widget\" data-e-type=\"widget\" data-settings=\"{&quot;_ob_use_harakiri&quot;:&quot;yes&quot;,&quot;_ob_harakiri_writing_mode&quot;:&quot;inherit&quot;,&quot;_ob_postman_use&quot;:&quot;no&quot;,&quot;_ob_widget_stalker_use&quot;:&quot;no&quot;,&quot;_ob_poopart_use&quot;:&quot;yes&quot;,&quot;_ob_shadough_use&quot;:&quot;no&quot;,&quot;_ob_allow_hoveranimator&quot;:&quot;no&quot;}\" data-widget_type=\"text-editor.default\">\n\t\t\t\t<div class=\"elementor-widget-container\">\n\t\t\t\t\t\t\t\t\t<h5 class=\"elementor-heading-title elementor-size-default elementor-inline-editing pen\" style=\"font-family: 'parka bold', sans-serif; color: #153d70; outline-width: 0px;\" data-elementor-setting-key=\"title\" data-pen-placeholder=\"\u00c9crivez ici...\">Qu&#8217;est ce le PPF Arbitrage National ?<\/h5>\n<div>&nbsp;<\/div>\n<ul>\n<li>Commande f\u00e9d\u00e9rale (DTN) pour renouveler l&#8217;\u00e9lite de demain<\/li>\n<li>Ecrire et animer la circulaire<\/li>\n<li>Parcours construit autour de l&#8217;athl\u00e8te arbitre sur 8 piliers<\/li>\n<\/ul>\n<div>1) un parcours de sens<br>2) un parcours d&#8217;encadrement&nbsp;<br>3) un parcours de structure d&#8217;accueil&nbsp;<br>4) un parcours d&#8217;\u00e9valuations&nbsp;<br>5) Un parcours de double projet&nbsp;<br>6) un parcours de sant\u00e9<br>7) un parcours \u00e9conomique&nbsp;<br>8) un parcours r\u00e9glementaire<\/div><div class=\"page\" style=\"caret-color: #000000; color: #000000;\" title=\"Page 3\"><div class=\"layoutArea\"><div class=\"column\">\n<\/div>\n<\/div>\n<\/div>\n<p><br><\/p>\t\t\t\t\t\t\t\t<\/div>\n\t\t\t\t<\/div>\n\t\t\t\t<div class=\"elementor-element elementor-element-1e452fc ob-has-background-overlay elementor-widget elementor-widget-image\" data-id=\"1e452fc\" data-element_type=\"widget\" data-e-type=\"widget\" data-settings=\"{&quot;_ob_photomorph_use&quot;:&quot;no&quot;,&quot;_ob_widget_stalker_use&quot;:&quot;no&quot;,&quot;_ob_poopart_use&quot;:&quot;yes&quot;,&quot;_ob_shadough_use&quot;:&quot;no&quot;,&quot;_ob_allow_hoveranimator&quot;:&quot;no&quot;}\" data-widget_type=\"image.default\">\n\t\t\t\t<div class=\"elementor-widget-container\">\n\t\t\t\t\t\t\t\t\t\t\t\t\t\t\t<img decoding=\"async\" width=\"1024\" height=\"558\" src=\"https:\/\/i0.wp.com\/nouvelleaquitaine-handball.org\/wp-content\/uploads\/2022\/07\/Capture-decran-2022-07-19-a-11.58.18.png?fit=1024%2C558&amp;ssl=1\" class=\"attachment-large size-large wp-image-2434\" alt=\"\" srcset=\"https:\/\/i0.wp.com\/nouvelleaquitaine-handball.org\/wp-content\/uploads\/2022\/07\/Capture-decran-2022-07-19-a-11.58.18.png?w=2378&amp;ssl=1 2378w, https:\/\/i0.wp.com\/nouvelleaquitaine-handball.org\/wp-content\/uploads\/2022\/07\/Capture-decran-2022-07-19-a-11.58.18.png?resize=300%2C163&amp;ssl=1 300w, https:\/\/i0.wp.com\/nouvelleaquitaine-handball.org\/wp-content\/uploads\/2022\/07\/Capture-decran-2022-07-19-a-11.58.18.png?resize=1024%2C558&amp;ssl=1 1024w, https:\/\/i0.wp.com\/nouvelleaquitaine-handball.org\/wp-content\/uploads\/2022\/07\/Capture-decran-2022-07-19-a-11.58.18.png?resize=768%2C419&amp;ssl=1 768w, https:\/\/i0.wp.com\/nouvelleaquitaine-handball.org\/wp-content\/uploads\/2022\/07\/Capture-decran-2022-07-19-a-11.58.18.png?resize=1536%2C837&amp;ssl=1 1536w, https:\/\/i0.wp.com\/nouvelleaquitaine-handball.org\/wp-content\/uploads\/2022\/07\/Capture-decran-2022-07-19-a-11.58.18.png?resize=2048%2C1116&amp;ssl=1 2048w, https:\/\/i0.wp.com\/nouvelleaquitaine-handball.org\/wp-content\/uploads\/2022\/07\/Capture-decran-2022-07-19-a-11.58.18.png?resize=920%2C501&amp;ssl=1 920w, https:\/\/i0.wp.com\/nouvelleaquitaine-handball.org\/wp-content\/uploads\/2022\/07\/Capture-decran-2022-07-19-a-11.58.18.png?resize=230%2C125&amp;ssl=1 230w, https:\/\/i0.wp.com\/nouvelleaquitaine-handball.org\/wp-content\/uploads\/2022\/07\/Capture-decran-2022-07-19-a-11.58.18.png?resize=350%2C191&amp;ssl=1 350w, https:\/\/i0.wp.com\/nouvelleaquitaine-handball.org\/wp-content\/uploads\/2022\/07\/Capture-decran-2022-07-19-a-11.58.18.png?resize=480%2C262&amp;ssl=1 480w\" sizes=\"(max-width: 1024px) 100vw, 1024px\" \/>\t\t\t\t\t\t\t\t\t\t\t\t\t\t\t<\/div>\n\t\t\t\t<\/div>\n\t\t\t\t\t<\/div>\n\t\t<\/div>\n\t\t\t\t\t<\/div>\n\t\t<\/section>\n\t\t\t\t<section class=\"elementor-section elementor-top-section elementor-element elementor-element-dcbde32 elementor-section-boxed elementor-section-height-default elementor-section-height-default\" data-id=\"dcbde32\" data-element_type=\"section\" data-e-type=\"section\" data-settings=\"{&quot;_ob_glider_is_slider&quot;:&quot;no&quot;}\">\n\t\t\t\t\t\t<div class=\"elementor-container elementor-column-gap-default\">\n\t\t\t\t\t<div class=\"elementor-column elementor-col-100 elementor-top-column elementor-element elementor-element-c77c785\" data-id=\"c77c785\" data-element_type=\"column\" data-e-type=\"column\" data-settings=\"{&quot;_ob_column_hoveranimator&quot;:&quot;no&quot;,&quot;_ob_column_has_pseudo&quot;:&quot;no&quot;}\">\n\t\t\t<div class=\"elementor-widget-wrap\">\n\t\t\t\t\t\t\t<\/div>\n\t\t<\/div>\n\t\t\t\t\t<\/div>\n\t\t<\/section>\n\t\t\t\t<\/div>\n\t\t","protected":false},"excerpt":{"rendered":"<p>Qu&#8217;est ce le PPF Arbitrage National ? &nbsp; Commande f\u00e9d\u00e9rale (DTN) pour [&hellip;]<\/p>\n","protected":false},"author":1,"featured_media":0,"parent":119,"menu_order":0,"comment_status":"closed","ping_status":"closed","template":"","meta":{"footnotes":""},"class_list":["post-121","page","type-page","status-publish","hentry"],"yoast_head":"<!-- This site is optimized with the Yoast SEO plugin v27.3 - https:\/\/yoast.com\/product\/yoast-seo-wordpress\/ -->\n<title>Le parcours haut niveau arbitrage - LIGUE NOUVELLE AQUITAINE<\/title>\n<meta name=\"robots\" content=\"index, follow, max-snippet:-1, max-image-preview:large, max-video-preview:-1\" \/>\n<link rel=\"canonical\" href=\"https:\/\/nouvelleaquitaine-handball.org\/index.php\/haut-niveau\/ppf-arbitrage\/le-parcours-haut-niveau-arbitrage\/\" \/>\n<meta property=\"og:locale\" content=\"fr_FR\" \/>\n<meta property=\"og:type\" content=\"article\" \/>\n<meta property=\"og:title\" content=\"Le parcours haut niveau arbitrage - LIGUE NOUVELLE AQUITAINE\" \/>\n<meta property=\"og:description\" content=\"Qu&#8217;est ce le PPF Arbitrage National ? &nbsp; Commande f\u00e9d\u00e9rale (DTN) pour [&hellip;]\" \/>\n<meta property=\"og:url\" content=\"https:\/\/nouvelleaquitaine-handball.org\/index.php\/haut-niveau\/ppf-arbitrage\/le-parcours-haut-niveau-arbitrage\/\" \/>\n<meta property=\"og:site_name\" content=\"LIGUE NOUVELLE AQUITAINE\" \/>\n<meta property=\"article:modified_time\" content=\"2024-10-09T08:53:29+00:00\" \/>\n<meta property=\"og:image\" content=\"http:\/\/nouvelleaquitaine-handball.org\/wp-content\/uploads\/2022\/07\/Sans-titre-43-8-300x167.png\" \/>\n<meta name=\"twitter:card\" content=\"summary_large_image\" \/>\n<meta name=\"twitter:label1\" content=\"Dur\u00e9e de lecture estim\u00e9e\" \/>\n\t<meta name=\"twitter:data1\" content=\"1 minute\" \/>\n<script type=\"application\/ld+json\" class=\"yoast-schema-graph\">{\"@context\":\"https:\\\/\\\/schema.org\",\"@graph\":[{\"@type\":\"WebPage\",\"@id\":\"https:\\\/\\\/nouvelleaquitaine-handball.org\\\/index.php\\\/haut-niveau\\\/ppf-arbitrage\\\/le-parcours-haut-niveau-arbitrage\\\/\",\"url\":\"https:\\\/\\\/nouvelleaquitaine-handball.org\\\/index.php\\\/haut-niveau\\\/ppf-arbitrage\\\/le-parcours-haut-niveau-arbitrage\\\/\",\"name\":\"Le parcours haut niveau arbitrage - LIGUE NOUVELLE AQUITAINE\",\"isPartOf\":{\"@id\":\"https:\\\/\\\/nouvelleaquitaine-handball.org\\\/#website\"},\"primaryImageOfPage\":{\"@id\":\"https:\\\/\\\/nouvelleaquitaine-handball.org\\\/index.php\\\/haut-niveau\\\/ppf-arbitrage\\\/le-parcours-haut-niveau-arbitrage\\\/#primaryimage\"},\"image\":{\"@id\":\"https:\\\/\\\/nouvelleaquitaine-handball.org\\\/index.php\\\/haut-niveau\\\/ppf-arbitrage\\\/le-parcours-haut-niveau-arbitrage\\\/#primaryimage\"},\"thumbnailUrl\":\"http:\\\/\\\/nouvelleaquitaine-handball.org\\\/wp-content\\\/uploads\\\/2022\\\/07\\\/Sans-titre-43-8-300x167.png\",\"datePublished\":\"2022-04-26T16:14:20+00:00\",\"dateModified\":\"2024-10-09T08:53:29+00:00\",\"breadcrumb\":{\"@id\":\"https:\\\/\\\/nouvelleaquitaine-handball.org\\\/index.php\\\/haut-niveau\\\/ppf-arbitrage\\\/le-parcours-haut-niveau-arbitrage\\\/#breadcrumb\"},\"inLanguage\":\"fr-FR\",\"potentialAction\":[{\"@type\":\"ReadAction\",\"target\":[\"https:\\\/\\\/nouvelleaquitaine-handball.org\\\/index.php\\\/haut-niveau\\\/ppf-arbitrage\\\/le-parcours-haut-niveau-arbitrage\\\/\"]}]},{\"@type\":\"ImageObject\",\"inLanguage\":\"fr-FR\",\"@id\":\"https:\\\/\\\/nouvelleaquitaine-handball.org\\\/index.php\\\/haut-niveau\\\/ppf-arbitrage\\\/le-parcours-haut-niveau-arbitrage\\\/#primaryimage\",\"url\":\"https:\\\/\\\/i0.wp.com\\\/nouvelleaquitaine-handball.org\\\/wp-content\\\/uploads\\\/2022\\\/07\\\/Sans-titre-43-8.png?fit=900%2C500&ssl=1\",\"contentUrl\":\"https:\\\/\\\/i0.wp.com\\\/nouvelleaquitaine-handball.org\\\/wp-content\\\/uploads\\\/2022\\\/07\\\/Sans-titre-43-8.png?fit=900%2C500&ssl=1\",\"width\":900,\"height\":500},{\"@type\":\"BreadcrumbList\",\"@id\":\"https:\\\/\\\/nouvelleaquitaine-handball.org\\\/index.php\\\/haut-niveau\\\/ppf-arbitrage\\\/le-parcours-haut-niveau-arbitrage\\\/#breadcrumb\",\"itemListElement\":[{\"@type\":\"ListItem\",\"position\":1,\"name\":\"Accueil\",\"item\":\"https:\\\/\\\/nouvelleaquitaine-handball.org\\\/\"},{\"@type\":\"ListItem\",\"position\":2,\"name\":\"Haut niveau\",\"item\":\"https:\\\/\\\/nouvelleaquitaine-handball.org\\\/index.php\\\/haut-niveau\\\/\"},{\"@type\":\"ListItem\",\"position\":3,\"name\":\"PPF Arbitrage\",\"item\":\"https:\\\/\\\/nouvelleaquitaine-handball.org\\\/index.php\\\/haut-niveau\\\/ppf-arbitrage\\\/\"},{\"@type\":\"ListItem\",\"position\":4,\"name\":\"Le parcours haut niveau arbitrage\"}]},{\"@type\":\"WebSite\",\"@id\":\"https:\\\/\\\/nouvelleaquitaine-handball.org\\\/#website\",\"url\":\"https:\\\/\\\/nouvelleaquitaine-handball.org\\\/\",\"name\":\"LIGUE NOUVELLE AQUITAINE\",\"description\":\"FFHANDBALL\",\"potentialAction\":[{\"@type\":\"SearchAction\",\"target\":{\"@type\":\"EntryPoint\",\"urlTemplate\":\"https:\\\/\\\/nouvelleaquitaine-handball.org\\\/?s={search_term_string}\"},\"query-input\":{\"@type\":\"PropertyValueSpecification\",\"valueRequired\":true,\"valueName\":\"search_term_string\"}}],\"inLanguage\":\"fr-FR\"}]}<\/script>\n<!-- \/ Yoast SEO plugin. -->","yoast_head_json":{"title":"Le parcours haut niveau arbitrage - LIGUE NOUVELLE AQUITAINE","robots":{"index":"index","follow":"follow","max-snippet":"max-snippet:-1","max-image-preview":"max-image-preview:large","max-video-preview":"max-video-preview:-1"},"canonical":"https:\/\/nouvelleaquitaine-handball.org\/index.php\/haut-niveau\/ppf-arbitrage\/le-parcours-haut-niveau-arbitrage\/","og_locale":"fr_FR","og_type":"article","og_title":"Le parcours haut niveau arbitrage - LIGUE NOUVELLE AQUITAINE","og_description":"Qu&#8217;est ce le PPF Arbitrage National ? &nbsp; Commande f\u00e9d\u00e9rale (DTN) pour [&hellip;]","og_url":"https:\/\/nouvelleaquitaine-handball.org\/index.php\/haut-niveau\/ppf-arbitrage\/le-parcours-haut-niveau-arbitrage\/","og_site_name":"LIGUE NOUVELLE AQUITAINE","article_modified_time":"2024-10-09T08:53:29+00:00","og_image":[{"url":"http:\/\/nouvelleaquitaine-handball.org\/wp-content\/uploads\/2022\/07\/Sans-titre-43-8-300x167.png","type":"","width":"","height":""}],"twitter_card":"summary_large_image","twitter_misc":{"Dur\u00e9e de lecture estim\u00e9e":"1 minute"},"schema":{"@context":"https:\/\/schema.org","@graph":[{"@type":"WebPage","@id":"https:\/\/nouvelleaquitaine-handball.org\/index.php\/haut-niveau\/ppf-arbitrage\/le-parcours-haut-niveau-arbitrage\/","url":"https:\/\/nouvelleaquitaine-handball.org\/index.php\/haut-niveau\/ppf-arbitrage\/le-parcours-haut-niveau-arbitrage\/","name":"Le parcours haut niveau arbitrage - LIGUE NOUVELLE AQUITAINE","isPartOf":{"@id":"https:\/\/nouvelleaquitaine-handball.org\/#website"},"primaryImageOfPage":{"@id":"https:\/\/nouvelleaquitaine-handball.org\/index.php\/haut-niveau\/ppf-arbitrage\/le-parcours-haut-niveau-arbitrage\/#primaryimage"},"image":{"@id":"https:\/\/nouvelleaquitaine-handball.org\/index.php\/haut-niveau\/ppf-arbitrage\/le-parcours-haut-niveau-arbitrage\/#primaryimage"},"thumbnailUrl":"http:\/\/nouvelleaquitaine-handball.org\/wp-content\/uploads\/2022\/07\/Sans-titre-43-8-300x167.png","datePublished":"2022-04-26T16:14:20+00:00","dateModified":"2024-10-09T08:53:29+00:00","breadcrumb":{"@id":"https:\/\/nouvelleaquitaine-handball.org\/index.php\/haut-niveau\/ppf-arbitrage\/le-parcours-haut-niveau-arbitrage\/#breadcrumb"},"inLanguage":"fr-FR","potentialAction":[{"@type":"ReadAction","target":["https:\/\/nouvelleaquitaine-handball.org\/index.php\/haut-niveau\/ppf-arbitrage\/le-parcours-haut-niveau-arbitrage\/"]}]},{"@type":"ImageObject","inLanguage":"fr-FR","@id":"https:\/\/nouvelleaquitaine-handball.org\/index.php\/haut-niveau\/ppf-arbitrage\/le-parcours-haut-niveau-arbitrage\/#primaryimage","url":"https:\/\/i0.wp.com\/nouvelleaquitaine-handball.org\/wp-content\/uploads\/2022\/07\/Sans-titre-43-8.png?fit=900%2C500&ssl=1","contentUrl":"https:\/\/i0.wp.com\/nouvelleaquitaine-handball.org\/wp-content\/uploads\/2022\/07\/Sans-titre-43-8.png?fit=900%2C500&ssl=1","width":900,"height":500},{"@type":"BreadcrumbList","@id":"https:\/\/nouvelleaquitaine-handball.org\/index.php\/haut-niveau\/ppf-arbitrage\/le-parcours-haut-niveau-arbitrage\/#breadcrumb","itemListElement":[{"@type":"ListItem","position":1,"name":"Accueil","item":"https:\/\/nouvelleaquitaine-handball.org\/"},{"@type":"ListItem","position":2,"name":"Haut niveau","item":"https:\/\/nouvelleaquitaine-handball.org\/index.php\/haut-niveau\/"},{"@type":"ListItem","position":3,"name":"PPF Arbitrage","item":"https:\/\/nouvelleaquitaine-handball.org\/index.php\/haut-niveau\/ppf-arbitrage\/"},{"@type":"ListItem","position":4,"name":"Le parcours haut niveau arbitrage"}]},{"@type":"WebSite","@id":"https:\/\/nouvelleaquitaine-handball.org\/#website","url":"https:\/\/nouvelleaquitaine-handball.org\/","name":"LIGUE NOUVELLE AQUITAINE","description":"FFHANDBALL","potentialAction":[{"@type":"SearchAction","target":{"@type":"EntryPoint","urlTemplate":"https:\/\/nouvelleaquitaine-handball.org\/?s={search_term_string}"},"query-input":{"@type":"PropertyValueSpecification","valueRequired":true,"valueName":"search_term_string"}}],"inLanguage":"fr-FR"}]}},"jetpack_sharing_enabled":true,"_links":{"self":[{"href":"https:\/\/nouvelleaquitaine-handball.org\/index.php\/wp-json\/wp\/v2\/pages\/121","targetHints":{"allow":["GET"]}}],"collection":[{"href":"https:\/\/nouvelleaquitaine-handball.org\/index.php\/wp-json\/wp\/v2\/pages"}],"about":[{"href":"https:\/\/nouvelleaquitaine-handball.org\/index.php\/wp-json\/wp\/v2\/types\/page"}],"author":[{"embeddable":true,"href":"https:\/\/nouvelleaquitaine-handball.org\/index.php\/wp-json\/wp\/v2\/users\/1"}],"replies":[{"embeddable":true,"href":"https:\/\/nouvelleaquitaine-handball.org\/index.php\/wp-json\/wp\/v2\/comments?post=121"}],"version-history":[{"count":13,"href":"https:\/\/nouvelleaquitaine-handball.org\/index.php\/wp-json\/wp\/v2\/pages\/121\/revisions"}],"predecessor-version":[{"id":8588,"href":"https:\/\/nouvelleaquitaine-handball.org\/index.php\/wp-json\/wp\/v2\/pages\/121\/revisions\/8588"}],"up":[{"embeddable":true,"href":"https:\/\/nouvelleaquitaine-handball.org\/index.php\/wp-json\/wp\/v2\/pages\/119"}],"wp:attachment":[{"href":"https:\/\/nouvelleaquitaine-handball.org\/index.php\/wp-json\/wp\/v2\/media?parent=121"}],"curies":[{"name":"wp","href":"https:\/\/api.w.org\/{rel}","templated":true}]}}