{"id":12113,"date":"2026-04-07T15:48:56","date_gmt":"2026-04-07T13:48:56","guid":{"rendered":"https:\/\/nouvelleaquitaine-handball.org\/?page_id=12113"},"modified":"2026-04-07T15:51:34","modified_gmt":"2026-04-07T13:51:34","slug":"trophee-national-michel-barbot","status":"publish","type":"page","link":"https:\/\/nouvelleaquitaine-handball.org\/index.php\/trophee-national-michel-barbot\/","title":{"rendered":"TROPHEE NATIONAL MICHEL BARBOT"},"content":{"rendered":"\t\t<div data-elementor-type=\"wp-page\" data-elementor-id=\"12113\" class=\"elementor elementor-12113\" data-elementor-post-type=\"page\">\n\t\t\t\t<div class=\"elementor-element elementor-element-147d00d e-flex e-con-boxed e-con e-parent\" data-id=\"147d00d\" data-element_type=\"container\" data-e-type=\"container\" data-settings=\"{&quot;_ob_use_container_extras&quot;:&quot;no&quot;,&quot;_ob_column_hoveranimator&quot;:&quot;no&quot;,&quot;_ob_glider_is_slider&quot;:&quot;no&quot;,&quot;_ob_column_has_pseudo&quot;:&quot;no&quot;}\">\n\t\t\t\t\t<div class=\"e-con-inner\">\n\t\t<div class=\"elementor-element elementor-element-db2a11f e-con-full e-flex e-con e-child\" data-id=\"db2a11f\" data-element_type=\"container\" data-e-type=\"container\" data-settings=\"{&quot;_ob_use_container_extras&quot;:&quot;no&quot;,&quot;_ob_column_hoveranimator&quot;:&quot;no&quot;,&quot;_ob_glider_is_slider&quot;:&quot;no&quot;,&quot;_ob_column_has_pseudo&quot;:&quot;no&quot;}\">\n\t\t<div class=\"elementor-element elementor-element-ef2c13e e-con-full e-flex e-con e-child\" data-id=\"ef2c13e\" data-element_type=\"container\" data-e-type=\"container\" data-settings=\"{&quot;_ob_use_container_extras&quot;:&quot;no&quot;,&quot;_ob_column_hoveranimator&quot;:&quot;no&quot;,&quot;_ob_glider_is_slider&quot;:&quot;no&quot;,&quot;_ob_column_has_pseudo&quot;:&quot;no&quot;}\">\n\t\t<div class=\"elementor-element elementor-element-b780967 e-con-full e-flex e-con e-child\" data-id=\"b780967\" data-element_type=\"container\" data-e-type=\"container\" data-settings=\"{&quot;_ob_use_container_extras&quot;:&quot;no&quot;,&quot;_ob_column_hoveranimator&quot;:&quot;no&quot;,&quot;_ob_glider_is_slider&quot;:&quot;no&quot;,&quot;_ob_column_has_pseudo&quot;:&quot;no&quot;}\">\n\t\t<div class=\"elementor-element elementor-element-8cdd819 e-con-full e-flex e-con e-child\" data-id=\"8cdd819\" data-element_type=\"container\" data-e-type=\"container\" data-settings=\"{&quot;_ob_use_container_extras&quot;:&quot;no&quot;,&quot;_ob_column_hoveranimator&quot;:&quot;no&quot;,&quot;_ob_glider_is_slider&quot;:&quot;no&quot;,&quot;_ob_column_has_pseudo&quot;:&quot;no&quot;}\">\n\t\t<div class=\"elementor-element elementor-element-e9e7781 e-con-full e-flex e-con e-child\" data-id=\"e9e7781\" data-element_type=\"container\" data-e-type=\"container\" data-settings=\"{&quot;_ob_use_container_extras&quot;:&quot;no&quot;,&quot;_ob_column_hoveranimator&quot;:&quot;no&quot;,&quot;_ob_glider_is_slider&quot;:&quot;no&quot;,&quot;_ob_column_has_pseudo&quot;:&quot;no&quot;}\">\n\t\t<div class=\"elementor-element elementor-element-3a3557b e-con-full e-flex e-con e-child\" data-id=\"3a3557b\" data-element_type=\"container\" data-e-type=\"container\" data-settings=\"{&quot;_ob_use_container_extras&quot;:&quot;no&quot;,&quot;_ob_column_hoveranimator&quot;:&quot;no&quot;,&quot;_ob_glider_is_slider&quot;:&quot;no&quot;,&quot;_ob_column_has_pseudo&quot;:&quot;no&quot;}\">\n\t\t<div class=\"elementor-element elementor-element-7237164 e-con-full e-flex e-con e-child\" data-id=\"7237164\" data-element_type=\"container\" data-e-type=\"container\" data-settings=\"{&quot;_ob_use_container_extras&quot;:&quot;no&quot;,&quot;_ob_column_hoveranimator&quot;:&quot;no&quot;,&quot;_ob_glider_is_slider&quot;:&quot;no&quot;,&quot;_ob_column_has_pseudo&quot;:&quot;no&quot;}\">\n\t\t\t\t<div class=\"elementor-element elementor-element-f53d375 ob-harakiri-inherit ob-has-background-overlay elementor-widget elementor-widget-heading\" data-id=\"f53d375\" data-element_type=\"widget\" data-e-type=\"widget\" data-settings=\"{&quot;_ob_use_harakiri&quot;:&quot;yes&quot;,&quot;_ob_harakiri_writing_mode&quot;:&quot;inherit&quot;,&quot;_ob_harakiri_text_clip&quot;:&quot;none&quot;,&quot;_ob_widget_stalker_use&quot;:&quot;no&quot;,&quot;_ob_poopart_use&quot;:&quot;yes&quot;,&quot;_ob_shadough_use&quot;:&quot;no&quot;,&quot;_ob_allow_hoveranimator&quot;:&quot;no&quot;}\" data-widget_type=\"heading.default\">\n\t\t\t\t<div class=\"elementor-widget-container\">\n\t\t\t\t\t<h2 class=\"elementor-heading-title elementor-size-default\"><p data-start=\"0\" data-end=\"79\"><b>Troph\u00e9es nationaux michel barbot : une nouvelle formule et une nouvelle-aquitaine au sommet<\/b><\/p><\/h2>\t\t\t\t<\/div>\n\t\t\t\t<\/div>\n\t\t\t\t<div class=\"elementor-element elementor-element-6569b3c elementor-widget-divider--view-line ob-has-background-overlay elementor-widget elementor-widget-divider\" data-id=\"6569b3c\" data-element_type=\"widget\" data-e-type=\"widget\" data-settings=\"{&quot;_ob_widget_stalker_use&quot;:&quot;no&quot;,&quot;_ob_poopart_use&quot;:&quot;yes&quot;,&quot;_ob_shadough_use&quot;:&quot;no&quot;,&quot;_ob_allow_hoveranimator&quot;:&quot;no&quot;}\" data-widget_type=\"divider.default\">\n\t\t\t\t<div class=\"elementor-widget-container\">\n\t\t\t\t\t\t\t<div class=\"elementor-divider\">\n\t\t\t<span class=\"elementor-divider-separator\">\n\t\t\t\t\t\t<\/span>\n\t\t<\/div>\n\t\t\t\t\t\t<\/div>\n\t\t\t\t<\/div>\n\t\t\t\t<\/div>\n\t\t\t\t<\/div>\n\t\t\t\t<\/div>\n\t\t\t\t<div class=\"elementor-element elementor-element-fba420f ob-harakiri-inherit ob-has-background-overlay elementor-widget elementor-widget-text-editor\" data-id=\"fba420f\" data-element_type=\"widget\" data-e-type=\"widget\" data-settings=\"{&quot;_ob_use_harakiri&quot;:&quot;yes&quot;,&quot;_ob_harakiri_writing_mode&quot;:&quot;inherit&quot;,&quot;_ob_postman_use&quot;:&quot;no&quot;,&quot;_ob_widget_stalker_use&quot;:&quot;no&quot;,&quot;_ob_poopart_use&quot;:&quot;yes&quot;,&quot;_ob_shadough_use&quot;:&quot;no&quot;,&quot;_ob_allow_hoveranimator&quot;:&quot;no&quot;}\" data-widget_type=\"text-editor.default\">\n\t\t\t\t<div class=\"elementor-widget-container\">\n\t\t\t\t\t\t\t\t\t<p>Le week-end de P\u00e2ques 2026 marquait un tournant pour les <strong>Troph\u00e9es Nationaux Michel Barbot<\/strong>. Exit la traditionnelle phase finale organis\u00e9e d\u00e9but juin \u00e0 Orl\u00e9ans : la comp\u00e9tition a cette ann\u00e9e adopt\u00e9 une toute nouvelle formule, avec <strong>7 tournois r\u00e9partis sur le territoire<\/strong>, permettant de sacrer plusieurs champions d\u00e8s le mois d\u2019avril.<\/p>\n<p>Le week-end de P\u00e2ques 2026 marquait un tournant pour les <strong>Troph\u00e9es Nationaux Michel Barbot<\/strong>. Exit la traditionnelle phase finale organis\u00e9e d\u00e9but juin \u00e0 Orl\u00e9ans : la comp\u00e9tition a cette ann\u00e9e adopt\u00e9 une toute nouvelle formule, avec <strong>7 tournois r\u00e9partis sur le territoire<\/strong>.<\/p>\n<p>Une \u00e9volution majeure qui n\u2019a pas emp\u00each\u00e9 la <strong>Nouvelle-Aquitaine<\/strong> de briller\u2026 bien au contraire.<\/p>\n<p><strong>Une domination r\u00e9gionale sans partage<\/strong><\/p>\n<p>Avec un <strong>carton plein historique<\/strong>, les comit\u00e9s de Nouvelle-Aquitaine ont marqu\u00e9 cette \u00e9dition 2026 :<\/p>\n<ol class=\"ProsemirrorEditor-list\">\n<li class=\"ProsemirrorEditor-listItem\" data-list-indent=\"1\" data-list-type=\"bulleted\">\n<p><strong>Gironde<\/strong> et <strong>Pyr\u00e9n\u00e9es-Atlantiques<\/strong> r\u00e9alisent un <strong>doubl\u00e9 exceptionnel<\/strong>, en s\u2019imposant <strong>chez les filles comme chez les gar\u00e7ons<\/strong>.<\/p>\n<\/li>\n<\/ol>\n<p>Une performance collective remarquable qui confirme la dynamique du territoire sur la formation.<\/p>\n<p><strong>&nbsp;<\/strong><\/p>\n<p><strong>Des r\u00e9sultats solides pour les autres comit\u00e9s<\/strong><\/p>\n<p>Au-del\u00e0 des titres, plusieurs comit\u00e9s n\u00e9o-aquitains se sont illustr\u00e9s :<\/p>\n<p><strong>Chez les gar\u00e7ons :<\/strong><\/p>\n<ol class=\"ProsemirrorEditor-list\">\n<li class=\"ProsemirrorEditor-listItem\" data-list-indent=\"1\" data-list-type=\"bulleted\">\n<p><strong>Vienne<\/strong> : 4\u00e8me du tournoi 1<\/p>\n<\/li>\n<li class=\"ProsemirrorEditor-listItem\" data-list-indent=\"1\" data-list-type=\"bulleted\">\n<p><strong>Haute-Vienne<\/strong> : 4\u00e8me du tournoi 4<\/p>\n<\/li>\n<li class=\"ProsemirrorEditor-listItem\" data-list-indent=\"1\" data-list-type=\"bulleted\">\n<p><strong>Charente-Maritime<\/strong> : 4\u00e8me du tournoi 5<\/p>\n<\/li>\n<\/ol>\n<p><strong>&nbsp;<\/strong><\/p>\n<p><strong>Chez les filles :<\/strong><\/p>\n<ol class=\"ProsemirrorEditor-list\">\n<li class=\"ProsemirrorEditor-listItem\" data-list-indent=\"1\" data-list-type=\"bulleted\">\n<p><strong>Dordogne<\/strong> : belle 3\u00e8me place tournoi 1<\/p>\n<\/li>\n<li class=\"ProsemirrorEditor-listItem\" data-list-indent=\"1\" data-list-type=\"bulleted\">\n<p><strong>Haute-Vienne<\/strong> : 6\u00e8me du tournoi 1<\/p>\n<\/li>\n<li class=\"ProsemirrorEditor-listItem\" data-list-indent=\"1\" data-list-type=\"bulleted\">\n<p><strong>Charente-Maritime<\/strong> : 6\u00e8me du tournoi 5<\/p>\n<\/li>\n<\/ol>\n<p>La r\u00e9gion pr\u00e9sentait \u00e9galement deux s\u00e9lections <strong>regroup\u00e9es Nouvelle-Aquitaine<\/strong>, qui terminent :<\/p>\n<ol class=\"ProsemirrorEditor-list\">\n<li class=\"ProsemirrorEditor-listItem\" data-list-indent=\"1\" data-list-type=\"bulleted\">\n<p><strong>8\u00e8me chez les gar\u00e7ons<\/strong><\/p>\n<\/li>\n<li class=\"ProsemirrorEditor-listItem\" data-list-indent=\"1\" data-list-type=\"bulleted\">\n<p><strong>7\u00e8me chez les filles<\/strong><\/p>\n<\/li>\n<\/ol>\n<p><br><\/p>\n<p><strong>Une g\u00e9n\u00e9ration qui confirme<\/strong><\/p>\n<p>Avec des r\u00e9sultats aussi solides et homog\u00e8nes, la <strong>Nouvelle-Aquitaine confirme son statut de place forte du handball fran\u00e7ais chez les jeunes<\/strong>.<\/p>\n<p>Entre titres, podiums et places d\u2019honneur, cette \u00e9dition 2026 des Troph\u00e9es Michel Barbot restera comme <strong>une r\u00e9ussite collective majeure pour le territoire<\/strong>.<\/p>\t\t\t\t\t\t\t\t<\/div>\n\t\t\t\t<\/div>\n\t\t\t\t<\/div>\n\t\t\t\t<\/div>\n\t\t\t\t<\/div>\n\t\t\t\t<\/div>\n\t\t\t\t\t<\/div>\n\t\t\t\t<\/div>\n\t\t\t\t<\/div>\n\t\t","protected":false},"excerpt":{"rendered":"<p>Troph\u00e9es nationaux michel barbot : une nouvelle formule et une nouvelle-aquitaine au [&hellip;]<\/p>\n","protected":false},"author":2,"featured_media":0,"parent":0,"menu_order":0,"comment_status":"closed","ping_status":"closed","template":"","meta":{"footnotes":""},"class_list":["post-12113","page","type-page","status-publish","hentry"],"yoast_head":"<!-- This site is optimized with the Yoast SEO plugin v27.3 - https:\/\/yoast.com\/product\/yoast-seo-wordpress\/ -->\n<title>TROPHEE NATIONAL MICHEL BARBOT - LIGUE NOUVELLE AQUITAINE<\/title>\n<meta name=\"robots\" content=\"index, follow, max-snippet:-1, max-image-preview:large, max-video-preview:-1\" \/>\n<link rel=\"canonical\" href=\"https:\/\/nouvelleaquitaine-handball.org\/index.php\/trophee-national-michel-barbot\/\" \/>\n<meta property=\"og:locale\" content=\"fr_FR\" \/>\n<meta property=\"og:type\" content=\"article\" \/>\n<meta property=\"og:title\" content=\"TROPHEE NATIONAL MICHEL BARBOT - LIGUE NOUVELLE AQUITAINE\" \/>\n<meta property=\"og:description\" content=\"Troph\u00e9es nationaux michel barbot : une nouvelle formule et une nouvelle-aquitaine au [&hellip;]\" \/>\n<meta property=\"og:url\" content=\"https:\/\/nouvelleaquitaine-handball.org\/index.php\/trophee-national-michel-barbot\/\" \/>\n<meta property=\"og:site_name\" content=\"LIGUE NOUVELLE AQUITAINE\" \/>\n<meta property=\"article:modified_time\" content=\"2026-04-07T13:51:34+00:00\" \/>\n<meta name=\"twitter:card\" content=\"summary_large_image\" \/>\n<meta name=\"twitter:label1\" content=\"Dur\u00e9e de lecture estim\u00e9e\" \/>\n\t<meta name=\"twitter:data1\" content=\"2 minutes\" \/>\n<script type=\"application\/ld+json\" class=\"yoast-schema-graph\">{\"@context\":\"https:\\\/\\\/schema.org\",\"@graph\":[{\"@type\":\"WebPage\",\"@id\":\"https:\\\/\\\/nouvelleaquitaine-handball.org\\\/index.php\\\/trophee-national-michel-barbot\\\/\",\"url\":\"https:\\\/\\\/nouvelleaquitaine-handball.org\\\/index.php\\\/trophee-national-michel-barbot\\\/\",\"name\":\"TROPHEE NATIONAL MICHEL BARBOT - LIGUE NOUVELLE AQUITAINE\",\"isPartOf\":{\"@id\":\"https:\\\/\\\/nouvelleaquitaine-handball.org\\\/#website\"},\"datePublished\":\"2026-04-07T13:48:56+00:00\",\"dateModified\":\"2026-04-07T13:51:34+00:00\",\"breadcrumb\":{\"@id\":\"https:\\\/\\\/nouvelleaquitaine-handball.org\\\/index.php\\\/trophee-national-michel-barbot\\\/#breadcrumb\"},\"inLanguage\":\"fr-FR\",\"potentialAction\":[{\"@type\":\"ReadAction\",\"target\":[\"https:\\\/\\\/nouvelleaquitaine-handball.org\\\/index.php\\\/trophee-national-michel-barbot\\\/\"]}]},{\"@type\":\"BreadcrumbList\",\"@id\":\"https:\\\/\\\/nouvelleaquitaine-handball.org\\\/index.php\\\/trophee-national-michel-barbot\\\/#breadcrumb\",\"itemListElement\":[{\"@type\":\"ListItem\",\"position\":1,\"name\":\"Accueil\",\"item\":\"https:\\\/\\\/nouvelleaquitaine-handball.org\\\/\"},{\"@type\":\"ListItem\",\"position\":2,\"name\":\"TROPHEE NATIONAL MICHEL BARBOT\"}]},{\"@type\":\"WebSite\",\"@id\":\"https:\\\/\\\/nouvelleaquitaine-handball.org\\\/#website\",\"url\":\"https:\\\/\\\/nouvelleaquitaine-handball.org\\\/\",\"name\":\"LIGUE NOUVELLE AQUITAINE\",\"description\":\"FFHANDBALL\",\"potentialAction\":[{\"@type\":\"SearchAction\",\"target\":{\"@type\":\"EntryPoint\",\"urlTemplate\":\"https:\\\/\\\/nouvelleaquitaine-handball.org\\\/?s={search_term_string}\"},\"query-input\":{\"@type\":\"PropertyValueSpecification\",\"valueRequired\":true,\"valueName\":\"search_term_string\"}}],\"inLanguage\":\"fr-FR\"}]}<\/script>\n<!-- \/ Yoast SEO plugin. -->","yoast_head_json":{"title":"TROPHEE NATIONAL MICHEL BARBOT - LIGUE NOUVELLE AQUITAINE","robots":{"index":"index","follow":"follow","max-snippet":"max-snippet:-1","max-image-preview":"max-image-preview:large","max-video-preview":"max-video-preview:-1"},"canonical":"https:\/\/nouvelleaquitaine-handball.org\/index.php\/trophee-national-michel-barbot\/","og_locale":"fr_FR","og_type":"article","og_title":"TROPHEE NATIONAL MICHEL BARBOT - LIGUE NOUVELLE AQUITAINE","og_description":"Troph\u00e9es nationaux michel barbot : une nouvelle formule et une nouvelle-aquitaine au [&hellip;]","og_url":"https:\/\/nouvelleaquitaine-handball.org\/index.php\/trophee-national-michel-barbot\/","og_site_name":"LIGUE NOUVELLE AQUITAINE","article_modified_time":"2026-04-07T13:51:34+00:00","twitter_card":"summary_large_image","twitter_misc":{"Dur\u00e9e de lecture estim\u00e9e":"2 minutes"},"schema":{"@context":"https:\/\/schema.org","@graph":[{"@type":"WebPage","@id":"https:\/\/nouvelleaquitaine-handball.org\/index.php\/trophee-national-michel-barbot\/","url":"https:\/\/nouvelleaquitaine-handball.org\/index.php\/trophee-national-michel-barbot\/","name":"TROPHEE NATIONAL MICHEL BARBOT - LIGUE NOUVELLE AQUITAINE","isPartOf":{"@id":"https:\/\/nouvelleaquitaine-handball.org\/#website"},"datePublished":"2026-04-07T13:48:56+00:00","dateModified":"2026-04-07T13:51:34+00:00","breadcrumb":{"@id":"https:\/\/nouvelleaquitaine-handball.org\/index.php\/trophee-national-michel-barbot\/#breadcrumb"},"inLanguage":"fr-FR","potentialAction":[{"@type":"ReadAction","target":["https:\/\/nouvelleaquitaine-handball.org\/index.php\/trophee-national-michel-barbot\/"]}]},{"@type":"BreadcrumbList","@id":"https:\/\/nouvelleaquitaine-handball.org\/index.php\/trophee-national-michel-barbot\/#breadcrumb","itemListElement":[{"@type":"ListItem","position":1,"name":"Accueil","item":"https:\/\/nouvelleaquitaine-handball.org\/"},{"@type":"ListItem","position":2,"name":"TROPHEE NATIONAL MICHEL BARBOT"}]},{"@type":"WebSite","@id":"https:\/\/nouvelleaquitaine-handball.org\/#website","url":"https:\/\/nouvelleaquitaine-handball.org\/","name":"LIGUE NOUVELLE AQUITAINE","description":"FFHANDBALL","potentialAction":[{"@type":"SearchAction","target":{"@type":"EntryPoint","urlTemplate":"https:\/\/nouvelleaquitaine-handball.org\/?s={search_term_string}"},"query-input":{"@type":"PropertyValueSpecification","valueRequired":true,"valueName":"search_term_string"}}],"inLanguage":"fr-FR"}]}},"jetpack_sharing_enabled":true,"_links":{"self":[{"href":"https:\/\/nouvelleaquitaine-handball.org\/index.php\/wp-json\/wp\/v2\/pages\/12113","targetHints":{"allow":["GET"]}}],"collection":[{"href":"https:\/\/nouvelleaquitaine-handball.org\/index.php\/wp-json\/wp\/v2\/pages"}],"about":[{"href":"https:\/\/nouvelleaquitaine-handball.org\/index.php\/wp-json\/wp\/v2\/types\/page"}],"author":[{"embeddable":true,"href":"https:\/\/nouvelleaquitaine-handball.org\/index.php\/wp-json\/wp\/v2\/users\/2"}],"replies":[{"embeddable":true,"href":"https:\/\/nouvelleaquitaine-handball.org\/index.php\/wp-json\/wp\/v2\/comments?post=12113"}],"version-history":[{"count":3,"href":"https:\/\/nouvelleaquitaine-handball.org\/index.php\/wp-json\/wp\/v2\/pages\/12113\/revisions"}],"predecessor-version":[{"id":12118,"href":"https:\/\/nouvelleaquitaine-handball.org\/index.php\/wp-json\/wp\/v2\/pages\/12113\/revisions\/12118"}],"wp:attachment":[{"href":"https:\/\/nouvelleaquitaine-handball.org\/index.php\/wp-json\/wp\/v2\/media?parent=12113"}],"curies":[{"name":"wp","href":"https:\/\/api.w.org\/{rel}","templated":true}]}}