{"id":12122,"date":"2026-04-07T16:36:26","date_gmt":"2026-04-07T14:36:26","guid":{"rendered":"https:\/\/nouvelleaquitaine-handball.org\/?page_id=12122"},"modified":"2026-04-07T16:47:19","modified_gmt":"2026-04-07T14:47:19","slug":"article-rencontres-gut-otternaud","status":"publish","type":"page","link":"https:\/\/nouvelleaquitaine-handball.org\/index.php\/article-rencontres-gut-otternaud\/","title":{"rendered":"Article &#8211; Rencontres Gut Otternaud"},"content":{"rendered":"\t\t<div data-elementor-type=\"wp-page\" data-elementor-id=\"12122\" class=\"elementor elementor-12122\" data-elementor-post-type=\"page\">\n\t\t\t\t<div class=\"elementor-element elementor-element-7d3b160 e-flex e-con-boxed e-con e-parent\" data-id=\"7d3b160\" data-element_type=\"container\" data-e-type=\"container\" data-settings=\"{&quot;_ob_use_container_extras&quot;:&quot;no&quot;,&quot;_ob_column_hoveranimator&quot;:&quot;no&quot;,&quot;_ob_glider_is_slider&quot;:&quot;no&quot;,&quot;_ob_column_has_pseudo&quot;:&quot;no&quot;}\">\n\t\t\t\t\t<div class=\"e-con-inner\">\n\t\t<div class=\"elementor-element elementor-element-823c183 e-con-full e-flex e-con e-child\" data-id=\"823c183\" data-element_type=\"container\" data-e-type=\"container\" data-settings=\"{&quot;_ob_use_container_extras&quot;:&quot;no&quot;,&quot;_ob_column_hoveranimator&quot;:&quot;no&quot;,&quot;_ob_glider_is_slider&quot;:&quot;no&quot;,&quot;_ob_column_has_pseudo&quot;:&quot;no&quot;}\">\n\t\t<div class=\"elementor-element elementor-element-f29ffd2 e-con-full e-flex e-con e-child\" data-id=\"f29ffd2\" data-element_type=\"container\" data-e-type=\"container\" data-settings=\"{&quot;_ob_use_container_extras&quot;:&quot;no&quot;,&quot;_ob_column_hoveranimator&quot;:&quot;no&quot;,&quot;_ob_glider_is_slider&quot;:&quot;no&quot;,&quot;_ob_column_has_pseudo&quot;:&quot;no&quot;}\">\n\t\t<div class=\"elementor-element elementor-element-16c7f55 e-con-full e-flex e-con e-child\" data-id=\"16c7f55\" data-element_type=\"container\" data-e-type=\"container\" data-settings=\"{&quot;_ob_use_container_extras&quot;:&quot;no&quot;,&quot;_ob_column_hoveranimator&quot;:&quot;no&quot;,&quot;_ob_glider_is_slider&quot;:&quot;no&quot;,&quot;_ob_column_has_pseudo&quot;:&quot;no&quot;}\">\n\t\t<div class=\"elementor-element elementor-element-2ccf000 e-con-full e-flex e-con e-child\" data-id=\"2ccf000\" data-element_type=\"container\" data-e-type=\"container\" data-settings=\"{&quot;_ob_use_container_extras&quot;:&quot;no&quot;,&quot;_ob_column_hoveranimator&quot;:&quot;no&quot;,&quot;_ob_glider_is_slider&quot;:&quot;no&quot;,&quot;_ob_column_has_pseudo&quot;:&quot;no&quot;}\">\n\t\t<div class=\"elementor-element elementor-element-ad0b56e e-con-full e-flex e-con e-child\" data-id=\"ad0b56e\" data-element_type=\"container\" data-e-type=\"container\" data-settings=\"{&quot;_ob_use_container_extras&quot;:&quot;no&quot;,&quot;_ob_column_hoveranimator&quot;:&quot;no&quot;,&quot;_ob_glider_is_slider&quot;:&quot;no&quot;,&quot;_ob_column_has_pseudo&quot;:&quot;no&quot;}\">\n\t\t<div class=\"elementor-element elementor-element-f16fcda e-con-full e-flex e-con e-child\" data-id=\"f16fcda\" data-element_type=\"container\" data-e-type=\"container\" data-settings=\"{&quot;_ob_use_container_extras&quot;:&quot;no&quot;,&quot;_ob_column_hoveranimator&quot;:&quot;no&quot;,&quot;_ob_glider_is_slider&quot;:&quot;no&quot;,&quot;_ob_column_has_pseudo&quot;:&quot;no&quot;}\">\n\t\t<div class=\"elementor-element elementor-element-6e63d63 e-con-full e-flex e-con e-child\" data-id=\"6e63d63\" data-element_type=\"container\" data-e-type=\"container\" data-settings=\"{&quot;_ob_use_container_extras&quot;:&quot;no&quot;,&quot;_ob_column_hoveranimator&quot;:&quot;no&quot;,&quot;_ob_glider_is_slider&quot;:&quot;no&quot;,&quot;_ob_column_has_pseudo&quot;:&quot;no&quot;}\">\n\t\t\t\t<div class=\"elementor-element elementor-element-3e364f8 ob-harakiri-inherit ob-has-background-overlay elementor-widget elementor-widget-heading\" data-id=\"3e364f8\" data-element_type=\"widget\" data-e-type=\"widget\" data-settings=\"{&quot;_ob_use_harakiri&quot;:&quot;yes&quot;,&quot;_ob_harakiri_writing_mode&quot;:&quot;inherit&quot;,&quot;_ob_harakiri_text_clip&quot;:&quot;none&quot;,&quot;_ob_widget_stalker_use&quot;:&quot;no&quot;,&quot;_ob_poopart_use&quot;:&quot;yes&quot;,&quot;_ob_shadough_use&quot;:&quot;no&quot;,&quot;_ob_allow_hoveranimator&quot;:&quot;no&quot;}\" data-widget_type=\"heading.default\">\n\t\t\t\t<div class=\"elementor-widget-container\">\n\t\t\t\t\t<h2 class=\"elementor-heading-title elementor-size-default\"><p data-start=\"0\" data-end=\"79\"><b>rencontres guy otternaud 202<\/b><\/p><\/h2>\t\t\t\t<\/div>\n\t\t\t\t<\/div>\n\t\t\t\t<div class=\"elementor-element elementor-element-5cda48d elementor-widget-divider--view-line ob-has-background-overlay elementor-widget elementor-widget-divider\" data-id=\"5cda48d\" data-element_type=\"widget\" data-e-type=\"widget\" data-settings=\"{&quot;_ob_widget_stalker_use&quot;:&quot;no&quot;,&quot;_ob_poopart_use&quot;:&quot;yes&quot;,&quot;_ob_shadough_use&quot;:&quot;no&quot;,&quot;_ob_allow_hoveranimator&quot;:&quot;no&quot;}\" data-widget_type=\"divider.default\">\n\t\t\t\t<div class=\"elementor-widget-container\">\n\t\t\t\t\t\t\t<div class=\"elementor-divider\">\n\t\t\t<span class=\"elementor-divider-separator\">\n\t\t\t\t\t\t<\/span>\n\t\t<\/div>\n\t\t\t\t\t\t<\/div>\n\t\t\t\t<\/div>\n\t\t\t\t<\/div>\n\t\t\t\t<\/div>\n\t\t\t\t<\/div>\n\t\t\t\t<div class=\"elementor-element elementor-element-371781d ob-harakiri-inherit ob-has-background-overlay elementor-widget elementor-widget-text-editor\" data-id=\"371781d\" data-element_type=\"widget\" data-e-type=\"widget\" data-settings=\"{&quot;_ob_use_harakiri&quot;:&quot;yes&quot;,&quot;_ob_harakiri_writing_mode&quot;:&quot;inherit&quot;,&quot;_ob_postman_use&quot;:&quot;no&quot;,&quot;_ob_widget_stalker_use&quot;:&quot;no&quot;,&quot;_ob_poopart_use&quot;:&quot;yes&quot;,&quot;_ob_shadough_use&quot;:&quot;no&quot;,&quot;_ob_allow_hoveranimator&quot;:&quot;no&quot;}\" data-widget_type=\"text-editor.default\">\n\t\t\t\t<div class=\"elementor-widget-container\">\n\t\t\t\t\t\t\t\t\t<p><strong>Un rendez-vous structurant pour le handball r\u00e9gional<\/strong><\/p>\n<p>Les Rencontres Guy Otternaud constituent un temps fort incontournable pour l\u2019ensemble des acteurs du handball en Nouvelle-Aquitaine. Cette \u00e9dition 2026 r\u00e9unira, \u00e0 Lesparre-M\u00e9doc, entra\u00eeneurs, cadres techniques, arbitres et dirigeants autour d\u2019une ambition commune : renforcer les comp\u00e9tences et accompagner durablement le d\u00e9veloppement des clubs.<\/p>\n<p>Port\u00e9 par la Ligue Nouvelle-Aquitaine de Handball, cet \u00e9v\u00e9nement s\u2019inscrit dans une dynamique de structuration du territoire, en proposant un cadre propice \u00e0 la formation, \u00e0 l\u2019\u00e9change et \u00e0 la mont\u00e9e en comp\u00e9tence des encadrants.<\/p>\n<p><strong>Un programme de formation au c\u0153ur des enjeux actuels<\/strong><\/p>\n<p>Le programme des Rencontres s\u2019organise autour de plusieurs modules de formation permettant de r\u00e9pondre aux besoins du terrain. L\u2019objectif est de proposer \u00e0 la fois des contenus de recyclage, des approfondissements techniques et des espaces de r\u00e9flexion sur les \u00e9volutions du handball.<\/p>\n<p><strong>Formations \u00e0 recycler :<\/strong><\/p>\n<ol class=\"ProsemirrorEditor-list\">\n<li class=\"ProsemirrorEditor-listItem\" data-list-indent=\"1\" data-list-type=\"bulleted\">\n<p data-pm-slice=\"1 1 []\">Former des jeunes\/ Performer avec des adulte<\/p>\n<\/li>\n<li class=\"ProsemirrorEditor-listItem\" data-list-indent=\"1\" data-list-type=\"bulleted\">\n<p data-pm-slice=\"1 1 []\">Entra\u00eeneur territorial jeune\/ Entra\u00eeneur territorial adulte<\/p>\n<\/li>\n<\/ol>\n<p>Ces parcours permettront d\u2019aborder des th\u00e9matiques essentielles telles que la formation du joueur, la structuration de l\u2019entra\u00eenement et l\u2019optimisation de la performance.<\/p>\n<p><strong>Des intervenants issus du haut niveau et de la formation f\u00e9d\u00e9rale<\/strong><\/p>\n<p>L\u2019\u00e9dition 2026 b\u00e9n\u00e9ficiera de l\u2019intervention de sp\u00e9cialistes reconnus du handball fran\u00e7ais. La pr\u00e9sence de Olivier Krumbholz et de S\u00e9bastien Gardillou apportera un \u00e9clairage pr\u00e9cieux sur les exigences du haut niveau et les \u00e9volutions des pratiques d\u2019entra\u00eenement.<\/p>\n<p>\u00c0 leurs c\u00f4t\u00e9s, les cadres du Parcours de Performance F\u00e9d\u00e9ral, sur les secteurs masculin et f\u00e9minin, ainsi que les formateurs de la ligue et les repr\u00e9sentants de l\u2019arbitrage, viendront enrichir les contenus propos\u00e9s. Cette compl\u00e9mentarit\u00e9 d\u2019intervenants permettra d\u2019aborder les probl\u00e9matiques de mani\u00e8re globale et coh\u00e9rente.<\/p>\n<p><strong>Un espace d\u2019\u00e9changes au service du territoire<\/strong><\/p>\n<p>Au-del\u00e0 des temps de formation, les Rencontres Guy Otternaud offrent un cadre privil\u00e9gi\u00e9 pour favoriser les \u00e9changes entre les diff\u00e9rents acteurs du handball r\u00e9gional. Elles permettent de partager des exp\u00e9riences, de confronter les pratiques et de renforcer les liens entre clubs et institutions.<\/p><p><br><\/p><p><a href=\"https:\/\/forms.office.com\/pages\/responsepage.aspx?id=cgZSITE4IUKHG45778TfytDnv9yVqFFAhDOCXTZOs2pUMDg4NklBTUtNUzFOU0czVElUTjVSSFFGUy4u&amp;origin=lprLink&amp;route=shorturl\" target=\"_blank\">Inscriptions ici&nbsp;<\/a><\/p>\t\t\t\t\t\t\t\t<\/div>\n\t\t\t\t<\/div>\n\t\t\t\t<\/div>\n\t\t\t\t<\/div>\n\t\t\t\t<\/div>\n\t\t\t\t<\/div>\n\t\t\t\t\t<\/div>\n\t\t\t\t<\/div>\n\t\t\t\t<\/div>\n\t\t","protected":false},"excerpt":{"rendered":"<p>rencontres guy otternaud 202 Un rendez-vous structurant pour le handball r\u00e9gional Les [&hellip;]<\/p>\n","protected":false},"author":2,"featured_media":0,"parent":0,"menu_order":0,"comment_status":"closed","ping_status":"closed","template":"","meta":{"footnotes":""},"class_list":["post-12122","page","type-page","status-publish","hentry"],"yoast_head":"<!-- This site is optimized with the Yoast SEO plugin v27.3 - https:\/\/yoast.com\/product\/yoast-seo-wordpress\/ -->\n<title>Article - Rencontres Gut Otternaud - LIGUE NOUVELLE AQUITAINE<\/title>\n<meta name=\"robots\" content=\"index, follow, max-snippet:-1, max-image-preview:large, max-video-preview:-1\" \/>\n<link rel=\"canonical\" href=\"https:\/\/nouvelleaquitaine-handball.org\/index.php\/article-rencontres-gut-otternaud\/\" \/>\n<meta property=\"og:locale\" content=\"fr_FR\" \/>\n<meta property=\"og:type\" content=\"article\" \/>\n<meta property=\"og:title\" content=\"Article - Rencontres Gut Otternaud - LIGUE NOUVELLE AQUITAINE\" \/>\n<meta property=\"og:description\" content=\"rencontres guy otternaud 202 Un rendez-vous structurant pour le handball r\u00e9gional Les [&hellip;]\" \/>\n<meta property=\"og:url\" content=\"https:\/\/nouvelleaquitaine-handball.org\/index.php\/article-rencontres-gut-otternaud\/\" \/>\n<meta property=\"og:site_name\" content=\"LIGUE NOUVELLE AQUITAINE\" \/>\n<meta property=\"article:modified_time\" content=\"2026-04-07T14:47:19+00:00\" \/>\n<meta name=\"twitter:card\" content=\"summary_large_image\" \/>\n<meta name=\"twitter:label1\" content=\"Dur\u00e9e de lecture estim\u00e9e\" \/>\n\t<meta name=\"twitter:data1\" content=\"2 minutes\" \/>\n<script type=\"application\/ld+json\" class=\"yoast-schema-graph\">{\"@context\":\"https:\\\/\\\/schema.org\",\"@graph\":[{\"@type\":\"WebPage\",\"@id\":\"https:\\\/\\\/nouvelleaquitaine-handball.org\\\/index.php\\\/article-rencontres-gut-otternaud\\\/\",\"url\":\"https:\\\/\\\/nouvelleaquitaine-handball.org\\\/index.php\\\/article-rencontres-gut-otternaud\\\/\",\"name\":\"Article - Rencontres Gut Otternaud - LIGUE NOUVELLE AQUITAINE\",\"isPartOf\":{\"@id\":\"https:\\\/\\\/nouvelleaquitaine-handball.org\\\/#website\"},\"datePublished\":\"2026-04-07T14:36:26+00:00\",\"dateModified\":\"2026-04-07T14:47:19+00:00\",\"breadcrumb\":{\"@id\":\"https:\\\/\\\/nouvelleaquitaine-handball.org\\\/index.php\\\/article-rencontres-gut-otternaud\\\/#breadcrumb\"},\"inLanguage\":\"fr-FR\",\"potentialAction\":[{\"@type\":\"ReadAction\",\"target\":[\"https:\\\/\\\/nouvelleaquitaine-handball.org\\\/index.php\\\/article-rencontres-gut-otternaud\\\/\"]}]},{\"@type\":\"BreadcrumbList\",\"@id\":\"https:\\\/\\\/nouvelleaquitaine-handball.org\\\/index.php\\\/article-rencontres-gut-otternaud\\\/#breadcrumb\",\"itemListElement\":[{\"@type\":\"ListItem\",\"position\":1,\"name\":\"Accueil\",\"item\":\"https:\\\/\\\/nouvelleaquitaine-handball.org\\\/\"},{\"@type\":\"ListItem\",\"position\":2,\"name\":\"Article &#8211; Rencontres Gut Otternaud\"}]},{\"@type\":\"WebSite\",\"@id\":\"https:\\\/\\\/nouvelleaquitaine-handball.org\\\/#website\",\"url\":\"https:\\\/\\\/nouvelleaquitaine-handball.org\\\/\",\"name\":\"LIGUE NOUVELLE AQUITAINE\",\"description\":\"FFHANDBALL\",\"potentialAction\":[{\"@type\":\"SearchAction\",\"target\":{\"@type\":\"EntryPoint\",\"urlTemplate\":\"https:\\\/\\\/nouvelleaquitaine-handball.org\\\/?s={search_term_string}\"},\"query-input\":{\"@type\":\"PropertyValueSpecification\",\"valueRequired\":true,\"valueName\":\"search_term_string\"}}],\"inLanguage\":\"fr-FR\"}]}<\/script>\n<!-- \/ Yoast SEO plugin. -->","yoast_head_json":{"title":"Article - Rencontres Gut Otternaud - LIGUE NOUVELLE AQUITAINE","robots":{"index":"index","follow":"follow","max-snippet":"max-snippet:-1","max-image-preview":"max-image-preview:large","max-video-preview":"max-video-preview:-1"},"canonical":"https:\/\/nouvelleaquitaine-handball.org\/index.php\/article-rencontres-gut-otternaud\/","og_locale":"fr_FR","og_type":"article","og_title":"Article - Rencontres Gut Otternaud - LIGUE NOUVELLE AQUITAINE","og_description":"rencontres guy otternaud 202 Un rendez-vous structurant pour le handball r\u00e9gional Les [&hellip;]","og_url":"https:\/\/nouvelleaquitaine-handball.org\/index.php\/article-rencontres-gut-otternaud\/","og_site_name":"LIGUE NOUVELLE AQUITAINE","article_modified_time":"2026-04-07T14:47:19+00:00","twitter_card":"summary_large_image","twitter_misc":{"Dur\u00e9e de lecture estim\u00e9e":"2 minutes"},"schema":{"@context":"https:\/\/schema.org","@graph":[{"@type":"WebPage","@id":"https:\/\/nouvelleaquitaine-handball.org\/index.php\/article-rencontres-gut-otternaud\/","url":"https:\/\/nouvelleaquitaine-handball.org\/index.php\/article-rencontres-gut-otternaud\/","name":"Article - Rencontres Gut Otternaud - LIGUE NOUVELLE AQUITAINE","isPartOf":{"@id":"https:\/\/nouvelleaquitaine-handball.org\/#website"},"datePublished":"2026-04-07T14:36:26+00:00","dateModified":"2026-04-07T14:47:19+00:00","breadcrumb":{"@id":"https:\/\/nouvelleaquitaine-handball.org\/index.php\/article-rencontres-gut-otternaud\/#breadcrumb"},"inLanguage":"fr-FR","potentialAction":[{"@type":"ReadAction","target":["https:\/\/nouvelleaquitaine-handball.org\/index.php\/article-rencontres-gut-otternaud\/"]}]},{"@type":"BreadcrumbList","@id":"https:\/\/nouvelleaquitaine-handball.org\/index.php\/article-rencontres-gut-otternaud\/#breadcrumb","itemListElement":[{"@type":"ListItem","position":1,"name":"Accueil","item":"https:\/\/nouvelleaquitaine-handball.org\/"},{"@type":"ListItem","position":2,"name":"Article &#8211; Rencontres Gut Otternaud"}]},{"@type":"WebSite","@id":"https:\/\/nouvelleaquitaine-handball.org\/#website","url":"https:\/\/nouvelleaquitaine-handball.org\/","name":"LIGUE NOUVELLE AQUITAINE","description":"FFHANDBALL","potentialAction":[{"@type":"SearchAction","target":{"@type":"EntryPoint","urlTemplate":"https:\/\/nouvelleaquitaine-handball.org\/?s={search_term_string}"},"query-input":{"@type":"PropertyValueSpecification","valueRequired":true,"valueName":"search_term_string"}}],"inLanguage":"fr-FR"}]}},"jetpack_sharing_enabled":true,"_links":{"self":[{"href":"https:\/\/nouvelleaquitaine-handball.org\/index.php\/wp-json\/wp\/v2\/pages\/12122","targetHints":{"allow":["GET"]}}],"collection":[{"href":"https:\/\/nouvelleaquitaine-handball.org\/index.php\/wp-json\/wp\/v2\/pages"}],"about":[{"href":"https:\/\/nouvelleaquitaine-handball.org\/index.php\/wp-json\/wp\/v2\/types\/page"}],"author":[{"embeddable":true,"href":"https:\/\/nouvelleaquitaine-handball.org\/index.php\/wp-json\/wp\/v2\/users\/2"}],"replies":[{"embeddable":true,"href":"https:\/\/nouvelleaquitaine-handball.org\/index.php\/wp-json\/wp\/v2\/comments?post=12122"}],"version-history":[{"count":7,"href":"https:\/\/nouvelleaquitaine-handball.org\/index.php\/wp-json\/wp\/v2\/pages\/12122\/revisions"}],"predecessor-version":[{"id":12131,"href":"https:\/\/nouvelleaquitaine-handball.org\/index.php\/wp-json\/wp\/v2\/pages\/12122\/revisions\/12131"}],"wp:attachment":[{"href":"https:\/\/nouvelleaquitaine-handball.org\/index.php\/wp-json\/wp\/v2\/media?parent=12122"}],"curies":[{"name":"wp","href":"https:\/\/api.w.org\/{rel}","templated":true}]}}