{"id":12197,"date":"2026-04-29T10:52:37","date_gmt":"2026-04-29T08:52:37","guid":{"rendered":"https:\/\/nouvelleaquitaine-handball.org\/?page_id=12197"},"modified":"2026-04-29T11:12:29","modified_gmt":"2026-04-29T09:12:29","slug":"nouvellefeuilledematch","status":"publish","type":"page","link":"https:\/\/nouvelleaquitaine-handball.org\/index.php\/nouvellefeuilledematch\/","title":{"rendered":"Article &#8211; nouvelle feuille de match"},"content":{"rendered":"\t\t<div data-elementor-type=\"wp-page\" data-elementor-id=\"12197\" class=\"elementor elementor-12197\" data-elementor-post-type=\"page\">\n\t\t\t\t<div class=\"elementor-element elementor-element-bcc9c43 e-flex e-con-boxed e-con e-parent\" data-id=\"bcc9c43\" data-element_type=\"container\" data-e-type=\"container\" data-settings=\"{&quot;_ob_use_container_extras&quot;:&quot;no&quot;,&quot;_ob_column_hoveranimator&quot;:&quot;no&quot;,&quot;_ob_glider_is_slider&quot;:&quot;no&quot;,&quot;_ob_column_has_pseudo&quot;:&quot;no&quot;}\">\n\t\t\t\t\t<div class=\"e-con-inner\">\n\t\t<div class=\"elementor-element elementor-element-75dbbc2 e-con-full e-flex e-con e-child\" data-id=\"75dbbc2\" data-element_type=\"container\" data-e-type=\"container\" data-settings=\"{&quot;_ob_use_container_extras&quot;:&quot;no&quot;,&quot;_ob_column_hoveranimator&quot;:&quot;no&quot;,&quot;_ob_glider_is_slider&quot;:&quot;no&quot;,&quot;_ob_column_has_pseudo&quot;:&quot;no&quot;}\">\n\t\t<div class=\"elementor-element elementor-element-d6fc1ed e-con-full e-flex e-con e-child\" data-id=\"d6fc1ed\" data-element_type=\"container\" data-e-type=\"container\" data-settings=\"{&quot;_ob_use_container_extras&quot;:&quot;no&quot;,&quot;_ob_column_hoveranimator&quot;:&quot;no&quot;,&quot;_ob_glider_is_slider&quot;:&quot;no&quot;,&quot;_ob_column_has_pseudo&quot;:&quot;no&quot;}\">\n\t\t<div class=\"elementor-element elementor-element-fbea554 e-con-full e-flex e-con e-child\" data-id=\"fbea554\" data-element_type=\"container\" data-e-type=\"container\" data-settings=\"{&quot;_ob_use_container_extras&quot;:&quot;no&quot;,&quot;_ob_column_hoveranimator&quot;:&quot;no&quot;,&quot;_ob_glider_is_slider&quot;:&quot;no&quot;,&quot;_ob_column_has_pseudo&quot;:&quot;no&quot;}\">\n\t\t<div class=\"elementor-element elementor-element-3f5eb1d e-con-full e-flex e-con e-child\" data-id=\"3f5eb1d\" data-element_type=\"container\" data-e-type=\"container\" data-settings=\"{&quot;_ob_use_container_extras&quot;:&quot;no&quot;,&quot;_ob_column_hoveranimator&quot;:&quot;no&quot;,&quot;_ob_glider_is_slider&quot;:&quot;no&quot;,&quot;_ob_column_has_pseudo&quot;:&quot;no&quot;}\">\n\t\t<div class=\"elementor-element elementor-element-9e39eb4 e-con-full e-flex e-con e-child\" data-id=\"9e39eb4\" data-element_type=\"container\" data-e-type=\"container\" data-settings=\"{&quot;_ob_use_container_extras&quot;:&quot;no&quot;,&quot;_ob_column_hoveranimator&quot;:&quot;no&quot;,&quot;_ob_glider_is_slider&quot;:&quot;no&quot;,&quot;_ob_column_has_pseudo&quot;:&quot;no&quot;}\">\n\t\t<div class=\"elementor-element elementor-element-2f4e3d5 e-con-full e-flex e-con e-child\" data-id=\"2f4e3d5\" data-element_type=\"container\" data-e-type=\"container\" data-settings=\"{&quot;_ob_use_container_extras&quot;:&quot;no&quot;,&quot;_ob_column_hoveranimator&quot;:&quot;no&quot;,&quot;_ob_glider_is_slider&quot;:&quot;no&quot;,&quot;_ob_column_has_pseudo&quot;:&quot;no&quot;}\">\n\t\t<div class=\"elementor-element elementor-element-97edd3f e-con-full e-flex e-con e-child\" data-id=\"97edd3f\" data-element_type=\"container\" data-e-type=\"container\" data-settings=\"{&quot;_ob_use_container_extras&quot;:&quot;no&quot;,&quot;_ob_column_hoveranimator&quot;:&quot;no&quot;,&quot;_ob_glider_is_slider&quot;:&quot;no&quot;,&quot;_ob_column_has_pseudo&quot;:&quot;no&quot;}\">\n\t\t<div class=\"elementor-element elementor-element-3189bea e-con-full e-flex e-con e-child\" data-id=\"3189bea\" data-element_type=\"container\" data-e-type=\"container\" data-settings=\"{&quot;_ob_use_container_extras&quot;:&quot;no&quot;,&quot;_ob_column_hoveranimator&quot;:&quot;no&quot;,&quot;_ob_glider_is_slider&quot;:&quot;no&quot;,&quot;_ob_column_has_pseudo&quot;:&quot;no&quot;}\">\n\t\t\t\t<div class=\"elementor-element elementor-element-3487d93 ob-harakiri-inherit ob-has-background-overlay elementor-widget elementor-widget-heading\" data-id=\"3487d93\" data-element_type=\"widget\" data-e-type=\"widget\" data-settings=\"{&quot;_ob_use_harakiri&quot;:&quot;yes&quot;,&quot;_ob_harakiri_writing_mode&quot;:&quot;inherit&quot;,&quot;_ob_harakiri_text_clip&quot;:&quot;none&quot;,&quot;_ob_widget_stalker_use&quot;:&quot;no&quot;,&quot;_ob_poopart_use&quot;:&quot;yes&quot;,&quot;_ob_shadough_use&quot;:&quot;no&quot;,&quot;_ob_allow_hoveranimator&quot;:&quot;no&quot;}\" data-widget_type=\"heading.default\">\n\t\t\t\t<div class=\"elementor-widget-container\">\n\t\t\t\t\t<h2 class=\"elementor-heading-title elementor-size-default\"><p data-start=\"0\" data-end=\"79\">La future feuille de match \u00e9lectronique est d\u00e9j\u00e0 disponible : testez-la d\u00e8s maintenant<\/p><\/h2>\t\t\t\t<\/div>\n\t\t\t\t<\/div>\n\t\t\t\t<div class=\"elementor-element elementor-element-76cfefe elementor-widget-divider--view-line ob-has-background-overlay elementor-widget elementor-widget-divider\" data-id=\"76cfefe\" data-element_type=\"widget\" data-e-type=\"widget\" data-settings=\"{&quot;_ob_widget_stalker_use&quot;:&quot;no&quot;,&quot;_ob_poopart_use&quot;:&quot;yes&quot;,&quot;_ob_shadough_use&quot;:&quot;no&quot;,&quot;_ob_allow_hoveranimator&quot;:&quot;no&quot;}\" data-widget_type=\"divider.default\">\n\t\t\t\t<div class=\"elementor-widget-container\">\n\t\t\t\t\t\t\t<div class=\"elementor-divider\">\n\t\t\t<span class=\"elementor-divider-separator\">\n\t\t\t\t\t\t<\/span>\n\t\t<\/div>\n\t\t\t\t\t\t<\/div>\n\t\t\t\t<\/div>\n\t\t\t\t<\/div>\n\t\t\t\t<\/div>\n\t\t\t\t<\/div>\n\t\t\t\t<div class=\"elementor-element elementor-element-3b892bf ob-harakiri-inherit ob-has-background-overlay elementor-widget elementor-widget-text-editor\" data-id=\"3b892bf\" data-element_type=\"widget\" data-e-type=\"widget\" data-settings=\"{&quot;_ob_use_harakiri&quot;:&quot;yes&quot;,&quot;_ob_harakiri_writing_mode&quot;:&quot;inherit&quot;,&quot;_ob_postman_use&quot;:&quot;no&quot;,&quot;_ob_widget_stalker_use&quot;:&quot;no&quot;,&quot;_ob_poopart_use&quot;:&quot;yes&quot;,&quot;_ob_shadough_use&quot;:&quot;no&quot;,&quot;_ob_allow_hoveranimator&quot;:&quot;no&quot;}\" data-widget_type=\"text-editor.default\">\n\t\t\t\t<div class=\"elementor-widget-container\">\n\t\t\t\t\t\t\t\t\t<p class=\"isSelectedEnd\">La F\u00e9d\u00e9ration met \u00e0 disposition, d\u00e8s aujourd\u2019hui, la nouvelle version de la Feuille de Match \u00c9lectronique (FDME) en mode test. Disponible en parall\u00e8le de la version actuelle jusqu\u2019\u00e0 la fin de saison, cette phase d\u2019exp\u00e9rimentation permet \u00e0 tous les clubs et utilisateurs de d\u00e9couvrir cet outil nouvelle g\u00e9n\u00e9ration dans des conditions r\u00e9elles.<\/p>\n<p><span style=\"font-size: 24px;\"><strong>L&#8217;objectif<\/strong><\/span><\/p>\n<p class=\"isSelectedEnd\">L\u2019objectif est de permettre aux clubs, officiels et b\u00e9n\u00e9voles de se familiariser avec cette future version avant son d\u00e9ploiement officiel.<\/p>\n<p class=\"isSelectedEnd\">Cette p\u00e9riode de test est l\u2019occasion de :<\/p>\n<ul data-spread=\"false\">\n<li>D\u00e9couvrir les nouvelles fonctionnalit\u00e9s<\/li>\n<li>Prendre en main l\u2019interface<\/li>\n<li>Identifier d\u2019\u00e9ventuels ajustements<\/li>\n<li>Participer activement \u00e0 l\u2019am\u00e9lioration de l\u2019outil<\/li>\n<\/ul>\n<p><strong><span style=\"font-size: 24px;\">Comment participer ?<\/span><\/strong><\/p>\n<p class=\"isSelectedEnd\">Pour utiliser la nouvelle FDME lors de vos prochains matchs, en compl\u00e9ment de la version officielle actuelle, il faudra pr\u00e9voir :<\/p>\n<ul data-spread=\"false\">\n<li>Un ordinateur suppl\u00e9mentaire<\/li>\n<li>Une ressource humaine suppl\u00e9mentaire<\/li>\n<\/ul>\n<p class=\"isSelectedEnd\">Cette organisation permettra de remplir simultan\u00e9ment la feuille officielle actuelle et la nouvelle version test.<\/p>\n<p><strong><span style=\"font-size: 24px;\">Ressources utiles<\/span><\/strong><\/p>\n<p class=\"isSelectedEnd\">Pour bien d\u00e9marrer :<\/p>\n<ul data-spread=\"false\">\n<li><a href=\"https:\/\/ffhandball.zendesk.com\/hc\/fr\/articles\/21711102899996-Comment-t%C3%A9l%C3%A9charger-la-future-feuille-de-match-%C3%A9lectronique?actId=~aLfT9NeGCXfz5wfbj4bBAVxSNW1nrp5Mj3wJ9ZTtSvIiFpZ4FFgQE0VjM_6j9Bv_tzNMxVY1rTbciHBy9Drv4WzbJkEcMgeLiABkTmbcCxr20rNFeSFwY&amp;actCampaignType=CAMPAIGN_MAIL&amp;actSource=507454\" target=\"_blank\">T\u00e9l\u00e9chargez la nouvelle FDME&nbsp;<\/a><\/li>\n<li><a href=\"https:\/\/ffhandball.zendesk.com\/hc\/fr\/articles\/26754201162524-Tutoriels?actId=~amqhKdCD67KUQmpLdZvbp5RzjSv0PX7igSAvgGYGKzcyk0kxpMd3Eugc-WZ-ZZJnNL9tNBdbNebBNO4o1pk6ErfjLTFBV6IdFyK6XYz2MEDMP-62F9pKL&amp;actCampaignType=CAMPAIGN_MAIL&amp;actSource=507454\" target=\"_blank\">Consultez le tutoriel de prise en main<\/a><\/li>\n<\/ul><div><br><\/div>\n<p><strong><span style=\"font-size: 24px;\">Webinaires de formation<\/span><\/strong><\/p>\n<p class=\"isSelectedEnd\">Afin d\u2019accompagner les utilisateurs dans cette transition, plusieurs sessions de formation sont organis\u00e9es :<\/p>\n<ul data-spread=\"false\">\n<li>Mardi 21 avril \u00e0 18h<\/li>\n<li>Mardi 21 avril \u00e0 19h<\/li>\n<li>Jeudi 23 avril \u00e0 12h<\/li>\n<li>Jeudi 23 avril \u00e0 19h<\/li>\n<\/ul>\n<p class=\"isSelectedEnd\">Ces rendez-vous permettront de d\u00e9couvrir l\u2019outil, poser vos questions et b\u00e9n\u00e9ficier de conseils pratiques.<\/p>\n<p><strong><span style=\"font-size: 24px;\">Informations importantes<\/span><\/strong><\/p>\n<p class=\"isSelectedEnd\">La feuille de match \u00e9lectronique actuelle reste, pour le moment, la seule version officielle.<\/p>\n<p class=\"isSelectedEnd\">Il est donc indispensable de :<\/p>\n<ul data-spread=\"false\">\n<li>Continuer \u00e0 utiliser la FDME actuelle<\/li>\n<li>Signer et cl\u00f4turer \u00e9galement la nouvelle FDME test<\/li>\n<\/ul>\n<p class=\"isSelectedEnd\">Cela garantira la bonne transmission des donn\u00e9es.<\/p>\n<p><strong><span style=\"font-size: 24px;\">Vos retours sont essentiels<\/span><\/strong><\/p>\n<p class=\"isSelectedEnd\">Cette phase de test repose sur les retours des utilisateurs. Remarques, suggestions et observations permettront d\u2019optimiser la future FDME avant sa mise en service d\u00e9finitive.<\/p>\n<p class=\"isSelectedEnd\">Un QR code est disponible \u00e0 la fin de chaque feuille test pour transmettre facilement votre avis.<\/p>\n<p><strong><span style=\"font-size: 24px;\">Pr\u00e9parez d\u00e8s maintenant la transition<\/span><\/strong><\/p>\n<p>Cette p\u00e9riode de test est une opportunit\u00e9 pour anticiper l\u2019\u00e9volution des outils f\u00e9d\u00e9raux, former vos \u00e9quipes et contribuer \u00e0 la modernisation de la gestion des rencontres.<\/p>\t\t\t\t\t\t\t\t<\/div>\n\t\t\t\t<\/div>\n\t\t\t\t<\/div>\n\t\t\t\t<\/div>\n\t\t\t\t<\/div>\n\t\t\t\t<\/div>\n\t\t\t\t<\/div>\n\t\t\t\t\t<\/div>\n\t\t\t\t<\/div>\n\t\t\t\t<\/div>\n\t\t","protected":false},"excerpt":{"rendered":"<p>La future feuille de match \u00e9lectronique est d\u00e9j\u00e0 disponible : testez-la d\u00e8s [&hellip;]<\/p>\n","protected":false},"author":2,"featured_media":0,"parent":0,"menu_order":0,"comment_status":"closed","ping_status":"closed","template":"","meta":{"footnotes":""},"class_list":["post-12197","page","type-page","status-publish","hentry"],"yoast_head":"<!-- This site is optimized with the Yoast SEO plugin v27.6 - https:\/\/yoast.com\/product\/yoast-seo-wordpress\/ -->\n<title>Article - nouvelle feuille de match - LIGUE NOUVELLE AQUITAINE<\/title>\n<meta name=\"robots\" content=\"index, follow, max-snippet:-1, max-image-preview:large, max-video-preview:-1\" \/>\n<link rel=\"canonical\" href=\"https:\/\/nouvelleaquitaine-handball.org\/index.php\/nouvellefeuilledematch\/\" \/>\n<meta property=\"og:locale\" content=\"fr_FR\" \/>\n<meta property=\"og:type\" content=\"article\" \/>\n<meta property=\"og:title\" content=\"Article - nouvelle feuille de match - LIGUE NOUVELLE AQUITAINE\" \/>\n<meta property=\"og:description\" content=\"La future feuille de match \u00e9lectronique est d\u00e9j\u00e0 disponible : testez-la d\u00e8s [&hellip;]\" \/>\n<meta property=\"og:url\" content=\"https:\/\/nouvelleaquitaine-handball.org\/index.php\/nouvellefeuilledematch\/\" \/>\n<meta property=\"og:site_name\" content=\"LIGUE NOUVELLE AQUITAINE\" \/>\n<meta property=\"article:modified_time\" content=\"2026-04-29T09:12:29+00:00\" \/>\n<meta name=\"twitter:card\" content=\"summary_large_image\" \/>\n<meta name=\"twitter:label1\" content=\"Dur\u00e9e de lecture estim\u00e9e\" \/>\n\t<meta name=\"twitter:data1\" content=\"2 minutes\" \/>\n<script type=\"application\/ld+json\" class=\"yoast-schema-graph\">{\"@context\":\"https:\\\/\\\/schema.org\",\"@graph\":[{\"@type\":\"WebPage\",\"@id\":\"https:\\\/\\\/nouvelleaquitaine-handball.org\\\/index.php\\\/nouvellefeuilledematch\\\/\",\"url\":\"https:\\\/\\\/nouvelleaquitaine-handball.org\\\/index.php\\\/nouvellefeuilledematch\\\/\",\"name\":\"Article - nouvelle feuille de match - LIGUE NOUVELLE AQUITAINE\",\"isPartOf\":{\"@id\":\"https:\\\/\\\/nouvelleaquitaine-handball.org\\\/#website\"},\"datePublished\":\"2026-04-29T08:52:37+00:00\",\"dateModified\":\"2026-04-29T09:12:29+00:00\",\"breadcrumb\":{\"@id\":\"https:\\\/\\\/nouvelleaquitaine-handball.org\\\/index.php\\\/nouvellefeuilledematch\\\/#breadcrumb\"},\"inLanguage\":\"fr-FR\",\"potentialAction\":[{\"@type\":\"ReadAction\",\"target\":[\"https:\\\/\\\/nouvelleaquitaine-handball.org\\\/index.php\\\/nouvellefeuilledematch\\\/\"]}]},{\"@type\":\"BreadcrumbList\",\"@id\":\"https:\\\/\\\/nouvelleaquitaine-handball.org\\\/index.php\\\/nouvellefeuilledematch\\\/#breadcrumb\",\"itemListElement\":[{\"@type\":\"ListItem\",\"position\":1,\"name\":\"Accueil\",\"item\":\"https:\\\/\\\/nouvelleaquitaine-handball.org\\\/\"},{\"@type\":\"ListItem\",\"position\":2,\"name\":\"Article &#8211; nouvelle feuille de match\"}]},{\"@type\":\"WebSite\",\"@id\":\"https:\\\/\\\/nouvelleaquitaine-handball.org\\\/#website\",\"url\":\"https:\\\/\\\/nouvelleaquitaine-handball.org\\\/\",\"name\":\"LIGUE NOUVELLE AQUITAINE\",\"description\":\"FFHANDBALL\",\"potentialAction\":[{\"@type\":\"SearchAction\",\"target\":{\"@type\":\"EntryPoint\",\"urlTemplate\":\"https:\\\/\\\/nouvelleaquitaine-handball.org\\\/?s={search_term_string}\"},\"query-input\":{\"@type\":\"PropertyValueSpecification\",\"valueRequired\":true,\"valueName\":\"search_term_string\"}}],\"inLanguage\":\"fr-FR\"}]}<\/script>\n<!-- \/ Yoast SEO plugin. -->","yoast_head_json":{"title":"Article - nouvelle feuille de match - LIGUE NOUVELLE AQUITAINE","robots":{"index":"index","follow":"follow","max-snippet":"max-snippet:-1","max-image-preview":"max-image-preview:large","max-video-preview":"max-video-preview:-1"},"canonical":"https:\/\/nouvelleaquitaine-handball.org\/index.php\/nouvellefeuilledematch\/","og_locale":"fr_FR","og_type":"article","og_title":"Article - nouvelle feuille de match - LIGUE NOUVELLE AQUITAINE","og_description":"La future feuille de match \u00e9lectronique est d\u00e9j\u00e0 disponible : testez-la d\u00e8s [&hellip;]","og_url":"https:\/\/nouvelleaquitaine-handball.org\/index.php\/nouvellefeuilledematch\/","og_site_name":"LIGUE NOUVELLE AQUITAINE","article_modified_time":"2026-04-29T09:12:29+00:00","twitter_card":"summary_large_image","twitter_misc":{"Dur\u00e9e de lecture estim\u00e9e":"2 minutes"},"schema":{"@context":"https:\/\/schema.org","@graph":[{"@type":"WebPage","@id":"https:\/\/nouvelleaquitaine-handball.org\/index.php\/nouvellefeuilledematch\/","url":"https:\/\/nouvelleaquitaine-handball.org\/index.php\/nouvellefeuilledematch\/","name":"Article - nouvelle feuille de match - LIGUE NOUVELLE AQUITAINE","isPartOf":{"@id":"https:\/\/nouvelleaquitaine-handball.org\/#website"},"datePublished":"2026-04-29T08:52:37+00:00","dateModified":"2026-04-29T09:12:29+00:00","breadcrumb":{"@id":"https:\/\/nouvelleaquitaine-handball.org\/index.php\/nouvellefeuilledematch\/#breadcrumb"},"inLanguage":"fr-FR","potentialAction":[{"@type":"ReadAction","target":["https:\/\/nouvelleaquitaine-handball.org\/index.php\/nouvellefeuilledematch\/"]}]},{"@type":"BreadcrumbList","@id":"https:\/\/nouvelleaquitaine-handball.org\/index.php\/nouvellefeuilledematch\/#breadcrumb","itemListElement":[{"@type":"ListItem","position":1,"name":"Accueil","item":"https:\/\/nouvelleaquitaine-handball.org\/"},{"@type":"ListItem","position":2,"name":"Article &#8211; nouvelle feuille de match"}]},{"@type":"WebSite","@id":"https:\/\/nouvelleaquitaine-handball.org\/#website","url":"https:\/\/nouvelleaquitaine-handball.org\/","name":"LIGUE NOUVELLE AQUITAINE","description":"FFHANDBALL","potentialAction":[{"@type":"SearchAction","target":{"@type":"EntryPoint","urlTemplate":"https:\/\/nouvelleaquitaine-handball.org\/?s={search_term_string}"},"query-input":{"@type":"PropertyValueSpecification","valueRequired":true,"valueName":"search_term_string"}}],"inLanguage":"fr-FR"}]}},"jetpack_sharing_enabled":true,"_links":{"self":[{"href":"https:\/\/nouvelleaquitaine-handball.org\/index.php\/wp-json\/wp\/v2\/pages\/12197","targetHints":{"allow":["GET"]}}],"collection":[{"href":"https:\/\/nouvelleaquitaine-handball.org\/index.php\/wp-json\/wp\/v2\/pages"}],"about":[{"href":"https:\/\/nouvelleaquitaine-handball.org\/index.php\/wp-json\/wp\/v2\/types\/page"}],"author":[{"embeddable":true,"href":"https:\/\/nouvelleaquitaine-handball.org\/index.php\/wp-json\/wp\/v2\/users\/2"}],"replies":[{"embeddable":true,"href":"https:\/\/nouvelleaquitaine-handball.org\/index.php\/wp-json\/wp\/v2\/comments?post=12197"}],"version-history":[{"count":11,"href":"https:\/\/nouvelleaquitaine-handball.org\/index.php\/wp-json\/wp\/v2\/pages\/12197\/revisions"}],"predecessor-version":[{"id":12215,"href":"https:\/\/nouvelleaquitaine-handball.org\/index.php\/wp-json\/wp\/v2\/pages\/12197\/revisions\/12215"}],"wp:attachment":[{"href":"https:\/\/nouvelleaquitaine-handball.org\/index.php\/wp-json\/wp\/v2\/media?parent=12197"}],"curies":[{"name":"wp","href":"https:\/\/api.w.org\/{rel}","templated":true}]}}