{"id":187,"date":"2022-04-26T18:42:02","date_gmt":"2022-04-26T16:42:02","guid":{"rendered":"http:\/\/dev.nouvelleaquitaine-handball.org\/?page_id=187"},"modified":"2022-09-07T11:35:54","modified_gmt":"2022-09-07T09:35:54","slug":"creer-son-club","status":"publish","type":"page","link":"https:\/\/nouvelleaquitaine-handball.org\/index.php\/service-aux-clubs\/creer-son-club\/","title":{"rendered":"Cr\u00e9er son club"},"content":{"rendered":"\t\t<div data-elementor-type=\"wp-page\" data-elementor-id=\"187\" class=\"elementor elementor-187\" data-elementor-post-type=\"page\">\n\t\t\t\t\t\t<section class=\"elementor-section elementor-top-section elementor-element elementor-element-988a001 elementor-section-boxed elementor-section-height-default elementor-section-height-default\" data-id=\"988a001\" data-element_type=\"section\" data-e-type=\"section\" data-settings=\"{&quot;_ob_glider_is_slider&quot;:&quot;no&quot;}\">\n\t\t\t\t\t\t<div class=\"elementor-container elementor-column-gap-default\">\n\t\t\t\t\t<div class=\"elementor-column elementor-col-100 elementor-top-column elementor-element elementor-element-d96739e\" data-id=\"d96739e\" data-element_type=\"column\" data-e-type=\"column\" data-settings=\"{&quot;_ob_column_hoveranimator&quot;:&quot;no&quot;,&quot;_ob_column_has_pseudo&quot;:&quot;no&quot;}\">\n\t\t\t<div class=\"elementor-widget-wrap elementor-element-populated\">\n\t\t\t\t\t\t<div class=\"elementor-element elementor-element-db16885 ob-harakiri-inherit ob-has-background-overlay elementor-widget elementor-widget-heading\" data-id=\"db16885\" data-element_type=\"widget\" data-e-type=\"widget\" data-settings=\"{&quot;_ob_use_harakiri&quot;:&quot;yes&quot;,&quot;_ob_harakiri_writing_mode&quot;:&quot;inherit&quot;,&quot;_ob_harakiri_text_clip&quot;:&quot;none&quot;,&quot;_ob_widget_stalker_use&quot;:&quot;no&quot;,&quot;_ob_poopart_use&quot;:&quot;yes&quot;,&quot;_ob_shadough_use&quot;:&quot;no&quot;,&quot;_ob_allow_hoveranimator&quot;:&quot;no&quot;}\" data-widget_type=\"heading.default\">\n\t\t\t\t<div class=\"elementor-widget-container\">\n\t\t\t\t\t<h2 class=\"elementor-heading-title elementor-size-default\"><br>CR\u00c9ER SON CLUB<\/h2>\t\t\t\t<\/div>\n\t\t\t\t<\/div>\n\t\t\t\t<div class=\"elementor-element elementor-element-050dc60 elementor-widget-divider--view-line ob-has-background-overlay elementor-widget elementor-widget-divider\" data-id=\"050dc60\" data-element_type=\"widget\" data-e-type=\"widget\" data-settings=\"{&quot;_ob_widget_stalker_use&quot;:&quot;no&quot;,&quot;_ob_poopart_use&quot;:&quot;yes&quot;,&quot;_ob_shadough_use&quot;:&quot;no&quot;,&quot;_ob_allow_hoveranimator&quot;:&quot;no&quot;}\" data-widget_type=\"divider.default\">\n\t\t\t\t<div class=\"elementor-widget-container\">\n\t\t\t\t\t\t\t<div class=\"elementor-divider\">\n\t\t\t<span class=\"elementor-divider-separator\">\n\t\t\t\t\t\t<\/span>\n\t\t<\/div>\n\t\t\t\t\t\t<\/div>\n\t\t\t\t<\/div>\n\t\t\t\t\t<\/div>\n\t\t<\/div>\n\t\t\t\t\t<\/div>\n\t\t<\/section>\n\t\t\t\t<section class=\"elementor-section elementor-top-section elementor-element elementor-element-3ad5ec7 elementor-section-boxed elementor-section-height-default elementor-section-height-default\" data-id=\"3ad5ec7\" data-element_type=\"section\" data-e-type=\"section\" data-settings=\"{&quot;_ob_glider_is_slider&quot;:&quot;no&quot;}\">\n\t\t\t\t\t\t<div class=\"elementor-container elementor-column-gap-default\">\n\t\t\t\t\t<div class=\"elementor-column elementor-col-100 elementor-top-column elementor-element elementor-element-ad5c018\" data-id=\"ad5c018\" data-element_type=\"column\" data-e-type=\"column\" data-settings=\"{&quot;_ob_column_hoveranimator&quot;:&quot;no&quot;,&quot;_ob_column_has_pseudo&quot;:&quot;no&quot;}\">\n\t\t\t<div class=\"elementor-widget-wrap elementor-element-populated\">\n\t\t\t\t\t\t<div class=\"elementor-element elementor-element-5b58353 ob-harakiri-inherit ob-has-background-overlay elementor-widget elementor-widget-text-editor\" data-id=\"5b58353\" data-element_type=\"widget\" data-e-type=\"widget\" data-settings=\"{&quot;_ob_use_harakiri&quot;:&quot;yes&quot;,&quot;_ob_harakiri_writing_mode&quot;:&quot;inherit&quot;,&quot;_ob_postman_use&quot;:&quot;no&quot;,&quot;_ob_widget_stalker_use&quot;:&quot;no&quot;,&quot;_ob_poopart_use&quot;:&quot;yes&quot;,&quot;_ob_shadough_use&quot;:&quot;no&quot;,&quot;_ob_allow_hoveranimator&quot;:&quot;no&quot;}\" data-widget_type=\"text-editor.default\">\n\t\t\t\t<div class=\"elementor-widget-container\">\n\t\t\t\t\t\t\t\t\t<p><strong>Etape 1 : Elaboration d\u2019un diagnostic de son environnement.<\/strong><\/p>\n<ul>\n<li>Action prioritaire : rencontrer ses partenaires institutionnels pour conna\u00eetre les aides possibles et demander des cr\u00e9neaux d\u2019entra\u00eenement<\/li>\n<\/ul>\n<p><strong>Etape 2 : Organisation d\u2019une Assembl\u00e9e G\u00e9n\u00e9rale Constitutive<\/strong><\/p>\n<p><strong>Etape 3 : R\u00e9daction des statuts<\/strong><\/p>\n<p><strong>Etape 4 : D\u00e9claration \u00e0 la pr\u00e9fecture<\/strong><\/p>\n<p><strong>Etape 5 : Mise en place d\u2019un cahier des registres <\/strong><strong>sur lequel doit \u00eatre consign\u00e9 :<\/strong><\/p>\n<ul>\n<li>les modifications apport\u00e9es aux statuts<\/li>\n<li>changement du si\u00e8ge social<\/li>\n<li>les dates des r\u00e9c\u00e9piss\u00e9s d\u00e9livr\u00e9s par les services pr\u00e9fectoraux lors du d\u00e9p\u00f4t des d\u00e9clarations modificatives<\/li>\n<li>les d\u00e9lib\u00e9rations (compte-rendu des r\u00e9unions)<\/li>\n<\/ul>\n<p><strong>Etape 6 : Cr\u00e9ation d\u2019un compte bancaire<\/strong><\/p>\n<p><strong>Etape 7 : Affiliation<\/strong><\/p>\n<p><strong><em>Voici les documents \u00e0 renseigner et \u00e0 envoyer \u00e0 Ligue Nouvelle-Aquitaine de Handball, \u00e0 l\u2019attention de C\u00e9line VILLOING, 174 avenue du truc, 33700 MERIGNAC<\/em>:<\/strong><\/p>\n<ul>\n<li>La fiche navette Nouvelle-Aquitaine avec le r\u00e8glement<\/li><\/ul><ul><li>La photocopie des statuts de votre association<\/li>\n<\/ul>\n<ul>\n<li>La photocopie de la publication au JO ainsi que son r\u00e9c\u00e9piss\u00e9 de pr\u00e9fecture<\/li>\n<\/ul>\n<ul>\n<li>Le courrier de confirmation de votre mairie de mise \u00e0 disposition des cr\u00e9neaux horaires<\/li>\n<\/ul>\n<p>Une fois tous les documents r\u00e9ceptionn\u00e9s, nous vous recontacteront suite \u00e0 la cr\u00e9ation de la structure pour l\u2019utilisation du compte gest\u2019hand ainsi que la cr\u00e9ation des licences.<\/p>\n<p>Si vous avez des actions de d\u00e9veloppement ou de structuration de votre club \u00e0 mettre en place, nous vous invitons \u00e0 contacter votre comit\u00e9 et une charg\u00e9e de d\u00e9veloppement de la Ligue Nouvelle-Aquitaine pour vous accompagner dans vos actions.<\/p>\t\t\t\t\t\t\t\t<\/div>\n\t\t\t\t<\/div>\n\t\t\t\t\t<\/div>\n\t\t<\/div>\n\t\t\t\t\t<\/div>\n\t\t<\/section>\n\t\t\t\t<section class=\"elementor-section elementor-top-section elementor-element elementor-element-d592fa9 elementor-section-boxed elementor-section-height-default elementor-section-height-default\" data-id=\"d592fa9\" data-element_type=\"section\" data-e-type=\"section\" data-settings=\"{&quot;_ob_glider_is_slider&quot;:&quot;no&quot;}\">\n\t\t\t\t\t\t<div class=\"elementor-container elementor-column-gap-default\">\n\t\t\t\t\t<div class=\"elementor-column elementor-col-33 elementor-top-column elementor-element elementor-element-1350392\" data-id=\"1350392\" data-element_type=\"column\" data-e-type=\"column\" data-settings=\"{&quot;_ob_column_hoveranimator&quot;:&quot;no&quot;,&quot;_ob_column_has_pseudo&quot;:&quot;no&quot;}\">\n\t\t\t<div class=\"elementor-widget-wrap elementor-element-populated\">\n\t\t\t\t\t\t<div class=\"elementor-element elementor-element-990fc3e ob-harakiri-inherit ob-has-background-overlay elementor-widget elementor-widget-heading\" data-id=\"990fc3e\" data-element_type=\"widget\" data-e-type=\"widget\" data-settings=\"{&quot;_ob_use_harakiri&quot;:&quot;yes&quot;,&quot;_ob_harakiri_writing_mode&quot;:&quot;inherit&quot;,&quot;_ob_harakiri_text_clip&quot;:&quot;none&quot;,&quot;_ob_widget_stalker_use&quot;:&quot;no&quot;,&quot;_ob_poopart_use&quot;:&quot;yes&quot;,&quot;_ob_shadough_use&quot;:&quot;no&quot;,&quot;_ob_allow_hoveranimator&quot;:&quot;no&quot;}\" data-widget_type=\"heading.default\">\n\t\t\t\t<div class=\"elementor-widget-container\">\n\t\t\t\t\t<h2 class=\"elementor-heading-title elementor-size-default\">Documents<\/h2>\t\t\t\t<\/div>\n\t\t\t\t<\/div>\n\t\t\t\t<div class=\"elementor-element elementor-element-3b631fc elementor-widget-divider--view-line ob-has-background-overlay elementor-widget elementor-widget-divider\" data-id=\"3b631fc\" data-element_type=\"widget\" data-e-type=\"widget\" data-settings=\"{&quot;_ob_widget_stalker_use&quot;:&quot;no&quot;,&quot;_ob_poopart_use&quot;:&quot;yes&quot;,&quot;_ob_shadough_use&quot;:&quot;no&quot;,&quot;_ob_allow_hoveranimator&quot;:&quot;no&quot;}\" data-widget_type=\"divider.default\">\n\t\t\t\t<div class=\"elementor-widget-container\">\n\t\t\t\t\t\t\t<div class=\"elementor-divider\">\n\t\t\t<span class=\"elementor-divider-separator\">\n\t\t\t\t\t\t<\/span>\n\t\t<\/div>\n\t\t\t\t\t\t<\/div>\n\t\t\t\t<\/div>\n\t\t\t\t<div class=\"elementor-element elementor-element-7cc61f6 ob-has-background-overlay elementor-widget elementor-widget-image\" data-id=\"7cc61f6\" data-element_type=\"widget\" data-e-type=\"widget\" data-settings=\"{&quot;_ob_photomorph_use&quot;:&quot;no&quot;,&quot;_ob_widget_stalker_use&quot;:&quot;no&quot;,&quot;_ob_poopart_use&quot;:&quot;yes&quot;,&quot;_ob_shadough_use&quot;:&quot;no&quot;,&quot;_ob_allow_hoveranimator&quot;:&quot;no&quot;}\" data-widget_type=\"image.default\">\n\t\t\t\t<div class=\"elementor-widget-container\">\n\t\t\t\t\t\t\t\t\t\t\t\t\t\t\t<img decoding=\"async\" width=\"150\" height=\"150\" src=\"https:\/\/i0.wp.com\/nouvelleaquitaine-handball.org\/wp-content\/uploads\/2022\/05\/documents.png?resize=150%2C150&amp;ssl=1\" class=\"attachment-thumbnail size-thumbnail wp-image-836\" alt=\"documents\" srcset=\"https:\/\/i0.wp.com\/nouvelleaquitaine-handball.org\/wp-content\/uploads\/2022\/05\/documents.png?resize=150%2C150&amp;ssl=1 150w, https:\/\/i0.wp.com\/nouvelleaquitaine-handball.org\/wp-content\/uploads\/2022\/05\/documents.png?zoom=2&amp;resize=150%2C150 300w, https:\/\/i0.wp.com\/nouvelleaquitaine-handball.org\/wp-content\/uploads\/2022\/05\/documents.png?zoom=3&amp;resize=150%2C150 450w\" sizes=\"(max-width: 150px) 100vw, 150px\" \/>\t\t\t\t\t\t\t\t\t\t\t\t\t\t\t<\/div>\n\t\t\t\t<\/div>\n\t\t\t\t<div class=\"elementor-element elementor-element-a3b05ef ob-harakiri-inherit ob-has-background-overlay elementor-widget elementor-widget-text-editor\" data-id=\"a3b05ef\" data-element_type=\"widget\" data-e-type=\"widget\" data-settings=\"{&quot;_ob_use_harakiri&quot;:&quot;yes&quot;,&quot;_ob_harakiri_writing_mode&quot;:&quot;inherit&quot;,&quot;_ob_postman_use&quot;:&quot;no&quot;,&quot;_ob_widget_stalker_use&quot;:&quot;no&quot;,&quot;_ob_poopart_use&quot;:&quot;yes&quot;,&quot;_ob_shadough_use&quot;:&quot;no&quot;,&quot;_ob_allow_hoveranimator&quot;:&quot;no&quot;}\" data-widget_type=\"text-editor.default\">\n\t\t\t\t<div class=\"elementor-widget-container\">\n\t\t\t\t\t\t\t\t\t<p>Fiche Navette\u00a0<br \/><a href=\"http:\/\/nouvelleaquitaine-handball.org\/wp-content\/uploads\/2022\/07\/121.3-Formulaire-de-versement-aide-creation-club-2021-2022.docx\"><img decoding=\"async\" data-recalc-dims=\"1\" class=\"wp-image-837 alignnone\" src=\"https:\/\/i0.wp.com\/dev.nouvelleaquitaine-handball.org\/wp-content\/uploads\/2022\/05\/telecharger-212x300.png?resize=40%2C57\" alt=\"t\u00e9l\u00e9charger\" width=\"40\" height=\"57\" srcset=\"https:\/\/i0.wp.com\/nouvelleaquitaine-handball.org\/wp-content\/uploads\/2022\/05\/telecharger.png?resize=212%2C300&amp;ssl=1 212w, https:\/\/i0.wp.com\/nouvelleaquitaine-handball.org\/wp-content\/uploads\/2022\/05\/telecharger.png?resize=724%2C1024&amp;ssl=1 724w, https:\/\/i0.wp.com\/nouvelleaquitaine-handball.org\/wp-content\/uploads\/2022\/05\/telecharger.png?resize=768%2C1086&amp;ssl=1 768w, https:\/\/i0.wp.com\/nouvelleaquitaine-handball.org\/wp-content\/uploads\/2022\/05\/telecharger.png?resize=1086%2C1536&amp;ssl=1 1086w, https:\/\/i0.wp.com\/nouvelleaquitaine-handball.org\/wp-content\/uploads\/2022\/05\/telecharger.png?resize=920%2C1301&amp;ssl=1 920w, https:\/\/i0.wp.com\/nouvelleaquitaine-handball.org\/wp-content\/uploads\/2022\/05\/telecharger.png?resize=230%2C325&amp;ssl=1 230w, https:\/\/i0.wp.com\/nouvelleaquitaine-handball.org\/wp-content\/uploads\/2022\/05\/telecharger.png?resize=350%2C495&amp;ssl=1 350w, https:\/\/i0.wp.com\/nouvelleaquitaine-handball.org\/wp-content\/uploads\/2022\/05\/telecharger.png?resize=480%2C679&amp;ssl=1 480w, https:\/\/i0.wp.com\/nouvelleaquitaine-handball.org\/wp-content\/uploads\/2022\/05\/telecharger.png?w=1414&amp;ssl=1 1414w\" sizes=\"(max-width: 40px) 100vw, 40px\" \/>\u00a0<span style=\"color: #ba131a;\">t\u00e9l\u00e9charger<\/span><\/a><\/p>\t\t\t\t\t\t\t\t<\/div>\n\t\t\t\t<\/div>\n\t\t\t\t\t<\/div>\n\t\t<\/div>\n\t\t\t\t<div class=\"elementor-column elementor-col-33 elementor-top-column elementor-element elementor-element-b9c05cf\" data-id=\"b9c05cf\" data-element_type=\"column\" data-e-type=\"column\" data-settings=\"{&quot;_ob_column_hoveranimator&quot;:&quot;no&quot;,&quot;_ob_column_has_pseudo&quot;:&quot;no&quot;}\">\n\t\t\t<div class=\"elementor-widget-wrap\">\n\t\t\t\t\t\t\t<\/div>\n\t\t<\/div>\n\t\t\t\t<div class=\"elementor-column elementor-col-33 elementor-top-column elementor-element elementor-element-91f0355\" data-id=\"91f0355\" data-element_type=\"column\" data-e-type=\"column\" data-settings=\"{&quot;_ob_column_hoveranimator&quot;:&quot;no&quot;,&quot;_ob_column_has_pseudo&quot;:&quot;no&quot;}\">\n\t\t\t<div class=\"elementor-widget-wrap\">\n\t\t\t\t\t\t\t<\/div>\n\t\t<\/div>\n\t\t\t\t\t<\/div>\n\t\t<\/section>\n\t\t\t\t<\/div>\n\t\t","protected":false},"excerpt":{"rendered":"<p>CR\u00c9ER SON CLUB Etape 1 : Elaboration d\u2019un diagnostic de son environnement. [&hellip;]<\/p>\n","protected":false},"author":1,"featured_media":0,"parent":19,"menu_order":0,"comment_status":"closed","ping_status":"closed","template":"","meta":{"footnotes":""},"class_list":["post-187","page","type-page","status-publish","hentry"],"yoast_head":"<!-- This site is optimized with the Yoast SEO plugin v27.3 - https:\/\/yoast.com\/product\/yoast-seo-wordpress\/ -->\n<title>Cr\u00e9er son club - LIGUE NOUVELLE AQUITAINE<\/title>\n<meta name=\"robots\" content=\"index, follow, max-snippet:-1, max-image-preview:large, max-video-preview:-1\" \/>\n<link rel=\"canonical\" href=\"https:\/\/nouvelleaquitaine-handball.org\/index.php\/service-aux-clubs\/creer-son-club\/\" \/>\n<meta property=\"og:locale\" content=\"fr_FR\" \/>\n<meta property=\"og:type\" content=\"article\" \/>\n<meta property=\"og:title\" content=\"Cr\u00e9er son club - LIGUE NOUVELLE AQUITAINE\" \/>\n<meta property=\"og:description\" content=\"CR\u00c9ER SON CLUB Etape 1 : Elaboration d\u2019un diagnostic de son environnement. [&hellip;]\" \/>\n<meta property=\"og:url\" content=\"https:\/\/nouvelleaquitaine-handball.org\/index.php\/service-aux-clubs\/creer-son-club\/\" \/>\n<meta property=\"og:site_name\" content=\"LIGUE NOUVELLE AQUITAINE\" \/>\n<meta property=\"article:modified_time\" content=\"2022-09-07T09:35:54+00:00\" \/>\n<meta property=\"og:image\" content=\"http:\/\/nouvelleaquitaine-handball.org\/wp-content\/uploads\/2022\/05\/documents-150x150.png\" \/>\n<meta name=\"twitter:card\" content=\"summary_large_image\" \/>\n<meta name=\"twitter:label1\" content=\"Dur\u00e9e de lecture estim\u00e9e\" \/>\n\t<meta name=\"twitter:data1\" content=\"2 minutes\" \/>\n<script type=\"application\/ld+json\" class=\"yoast-schema-graph\">{\"@context\":\"https:\\\/\\\/schema.org\",\"@graph\":[{\"@type\":\"WebPage\",\"@id\":\"https:\\\/\\\/nouvelleaquitaine-handball.org\\\/index.php\\\/service-aux-clubs\\\/creer-son-club\\\/\",\"url\":\"https:\\\/\\\/nouvelleaquitaine-handball.org\\\/index.php\\\/service-aux-clubs\\\/creer-son-club\\\/\",\"name\":\"Cr\u00e9er son club - LIGUE NOUVELLE AQUITAINE\",\"isPartOf\":{\"@id\":\"https:\\\/\\\/nouvelleaquitaine-handball.org\\\/#website\"},\"primaryImageOfPage\":{\"@id\":\"https:\\\/\\\/nouvelleaquitaine-handball.org\\\/index.php\\\/service-aux-clubs\\\/creer-son-club\\\/#primaryimage\"},\"image\":{\"@id\":\"https:\\\/\\\/nouvelleaquitaine-handball.org\\\/index.php\\\/service-aux-clubs\\\/creer-son-club\\\/#primaryimage\"},\"thumbnailUrl\":\"http:\\\/\\\/nouvelleaquitaine-handball.org\\\/wp-content\\\/uploads\\\/2022\\\/05\\\/documents-150x150.png\",\"datePublished\":\"2022-04-26T16:42:02+00:00\",\"dateModified\":\"2022-09-07T09:35:54+00:00\",\"breadcrumb\":{\"@id\":\"https:\\\/\\\/nouvelleaquitaine-handball.org\\\/index.php\\\/service-aux-clubs\\\/creer-son-club\\\/#breadcrumb\"},\"inLanguage\":\"fr-FR\",\"potentialAction\":[{\"@type\":\"ReadAction\",\"target\":[\"https:\\\/\\\/nouvelleaquitaine-handball.org\\\/index.php\\\/service-aux-clubs\\\/creer-son-club\\\/\"]}]},{\"@type\":\"ImageObject\",\"inLanguage\":\"fr-FR\",\"@id\":\"https:\\\/\\\/nouvelleaquitaine-handball.org\\\/index.php\\\/service-aux-clubs\\\/creer-son-club\\\/#primaryimage\",\"url\":\"https:\\\/\\\/i0.wp.com\\\/nouvelleaquitaine-handball.org\\\/wp-content\\\/uploads\\\/2022\\\/05\\\/documents.png?fit=1414%2C2000&ssl=1\",\"contentUrl\":\"https:\\\/\\\/i0.wp.com\\\/nouvelleaquitaine-handball.org\\\/wp-content\\\/uploads\\\/2022\\\/05\\\/documents.png?fit=1414%2C2000&ssl=1\",\"width\":1414,\"height\":2000,\"caption\":\"documents\"},{\"@type\":\"BreadcrumbList\",\"@id\":\"https:\\\/\\\/nouvelleaquitaine-handball.org\\\/index.php\\\/service-aux-clubs\\\/creer-son-club\\\/#breadcrumb\",\"itemListElement\":[{\"@type\":\"ListItem\",\"position\":1,\"name\":\"Accueil\",\"item\":\"https:\\\/\\\/nouvelleaquitaine-handball.org\\\/\"},{\"@type\":\"ListItem\",\"position\":2,\"name\":\"Services aux clubs\",\"item\":\"https:\\\/\\\/nouvelleaquitaine-handball.org\\\/index.php\\\/service-aux-clubs\\\/\"},{\"@type\":\"ListItem\",\"position\":3,\"name\":\"Cr\u00e9er son club\"}]},{\"@type\":\"WebSite\",\"@id\":\"https:\\\/\\\/nouvelleaquitaine-handball.org\\\/#website\",\"url\":\"https:\\\/\\\/nouvelleaquitaine-handball.org\\\/\",\"name\":\"LIGUE NOUVELLE AQUITAINE\",\"description\":\"FFHANDBALL\",\"potentialAction\":[{\"@type\":\"SearchAction\",\"target\":{\"@type\":\"EntryPoint\",\"urlTemplate\":\"https:\\\/\\\/nouvelleaquitaine-handball.org\\\/?s={search_term_string}\"},\"query-input\":{\"@type\":\"PropertyValueSpecification\",\"valueRequired\":true,\"valueName\":\"search_term_string\"}}],\"inLanguage\":\"fr-FR\"}]}<\/script>\n<!-- \/ Yoast SEO plugin. -->","yoast_head_json":{"title":"Cr\u00e9er son club - LIGUE NOUVELLE AQUITAINE","robots":{"index":"index","follow":"follow","max-snippet":"max-snippet:-1","max-image-preview":"max-image-preview:large","max-video-preview":"max-video-preview:-1"},"canonical":"https:\/\/nouvelleaquitaine-handball.org\/index.php\/service-aux-clubs\/creer-son-club\/","og_locale":"fr_FR","og_type":"article","og_title":"Cr\u00e9er son club - LIGUE NOUVELLE AQUITAINE","og_description":"CR\u00c9ER SON CLUB Etape 1 : Elaboration d\u2019un diagnostic de son environnement. [&hellip;]","og_url":"https:\/\/nouvelleaquitaine-handball.org\/index.php\/service-aux-clubs\/creer-son-club\/","og_site_name":"LIGUE NOUVELLE AQUITAINE","article_modified_time":"2022-09-07T09:35:54+00:00","og_image":[{"url":"http:\/\/nouvelleaquitaine-handball.org\/wp-content\/uploads\/2022\/05\/documents-150x150.png","type":"","width":"","height":""}],"twitter_card":"summary_large_image","twitter_misc":{"Dur\u00e9e de lecture estim\u00e9e":"2 minutes"},"schema":{"@context":"https:\/\/schema.org","@graph":[{"@type":"WebPage","@id":"https:\/\/nouvelleaquitaine-handball.org\/index.php\/service-aux-clubs\/creer-son-club\/","url":"https:\/\/nouvelleaquitaine-handball.org\/index.php\/service-aux-clubs\/creer-son-club\/","name":"Cr\u00e9er son club - LIGUE NOUVELLE AQUITAINE","isPartOf":{"@id":"https:\/\/nouvelleaquitaine-handball.org\/#website"},"primaryImageOfPage":{"@id":"https:\/\/nouvelleaquitaine-handball.org\/index.php\/service-aux-clubs\/creer-son-club\/#primaryimage"},"image":{"@id":"https:\/\/nouvelleaquitaine-handball.org\/index.php\/service-aux-clubs\/creer-son-club\/#primaryimage"},"thumbnailUrl":"http:\/\/nouvelleaquitaine-handball.org\/wp-content\/uploads\/2022\/05\/documents-150x150.png","datePublished":"2022-04-26T16:42:02+00:00","dateModified":"2022-09-07T09:35:54+00:00","breadcrumb":{"@id":"https:\/\/nouvelleaquitaine-handball.org\/index.php\/service-aux-clubs\/creer-son-club\/#breadcrumb"},"inLanguage":"fr-FR","potentialAction":[{"@type":"ReadAction","target":["https:\/\/nouvelleaquitaine-handball.org\/index.php\/service-aux-clubs\/creer-son-club\/"]}]},{"@type":"ImageObject","inLanguage":"fr-FR","@id":"https:\/\/nouvelleaquitaine-handball.org\/index.php\/service-aux-clubs\/creer-son-club\/#primaryimage","url":"https:\/\/i0.wp.com\/nouvelleaquitaine-handball.org\/wp-content\/uploads\/2022\/05\/documents.png?fit=1414%2C2000&ssl=1","contentUrl":"https:\/\/i0.wp.com\/nouvelleaquitaine-handball.org\/wp-content\/uploads\/2022\/05\/documents.png?fit=1414%2C2000&ssl=1","width":1414,"height":2000,"caption":"documents"},{"@type":"BreadcrumbList","@id":"https:\/\/nouvelleaquitaine-handball.org\/index.php\/service-aux-clubs\/creer-son-club\/#breadcrumb","itemListElement":[{"@type":"ListItem","position":1,"name":"Accueil","item":"https:\/\/nouvelleaquitaine-handball.org\/"},{"@type":"ListItem","position":2,"name":"Services aux clubs","item":"https:\/\/nouvelleaquitaine-handball.org\/index.php\/service-aux-clubs\/"},{"@type":"ListItem","position":3,"name":"Cr\u00e9er son club"}]},{"@type":"WebSite","@id":"https:\/\/nouvelleaquitaine-handball.org\/#website","url":"https:\/\/nouvelleaquitaine-handball.org\/","name":"LIGUE NOUVELLE AQUITAINE","description":"FFHANDBALL","potentialAction":[{"@type":"SearchAction","target":{"@type":"EntryPoint","urlTemplate":"https:\/\/nouvelleaquitaine-handball.org\/?s={search_term_string}"},"query-input":{"@type":"PropertyValueSpecification","valueRequired":true,"valueName":"search_term_string"}}],"inLanguage":"fr-FR"}]}},"jetpack_sharing_enabled":true,"_links":{"self":[{"href":"https:\/\/nouvelleaquitaine-handball.org\/index.php\/wp-json\/wp\/v2\/pages\/187","targetHints":{"allow":["GET"]}}],"collection":[{"href":"https:\/\/nouvelleaquitaine-handball.org\/index.php\/wp-json\/wp\/v2\/pages"}],"about":[{"href":"https:\/\/nouvelleaquitaine-handball.org\/index.php\/wp-json\/wp\/v2\/types\/page"}],"author":[{"embeddable":true,"href":"https:\/\/nouvelleaquitaine-handball.org\/index.php\/wp-json\/wp\/v2\/users\/1"}],"replies":[{"embeddable":true,"href":"https:\/\/nouvelleaquitaine-handball.org\/index.php\/wp-json\/wp\/v2\/comments?post=187"}],"version-history":[{"count":22,"href":"https:\/\/nouvelleaquitaine-handball.org\/index.php\/wp-json\/wp\/v2\/pages\/187\/revisions"}],"predecessor-version":[{"id":4475,"href":"https:\/\/nouvelleaquitaine-handball.org\/index.php\/wp-json\/wp\/v2\/pages\/187\/revisions\/4475"}],"up":[{"embeddable":true,"href":"https:\/\/nouvelleaquitaine-handball.org\/index.php\/wp-json\/wp\/v2\/pages\/19"}],"wp:attachment":[{"href":"https:\/\/nouvelleaquitaine-handball.org\/index.php\/wp-json\/wp\/v2\/media?parent=187"}],"curies":[{"name":"wp","href":"https:\/\/api.w.org\/{rel}","templated":true}]}}