{"id":83,"date":"2022-04-26T17:59:34","date_gmt":"2022-04-26T15:59:34","guid":{"rendered":"http:\/\/dev.nouvelleaquitaine-handball.org\/?page_id=83"},"modified":"2024-10-09T10:13:42","modified_gmt":"2024-10-09T08:13:42","slug":"hand-loisir","status":"publish","type":"page","link":"https:\/\/nouvelleaquitaine-handball.org\/index.php\/pratiquer-le-handball\/les-pratiques\/hand-loisir\/","title":{"rendered":"Hand loisir"},"content":{"rendered":"\t\t<div data-elementor-type=\"wp-page\" data-elementor-id=\"83\" class=\"elementor elementor-83\" data-elementor-post-type=\"page\">\n\t\t\t\t\t\t<section class=\"elementor-section elementor-top-section elementor-element elementor-element-137e5fb elementor-section-boxed elementor-section-height-default elementor-section-height-default\" data-id=\"137e5fb\" data-element_type=\"section\" data-e-type=\"section\" data-settings=\"{&quot;_ob_glider_is_slider&quot;:&quot;no&quot;}\">\n\t\t\t\t\t\t<div class=\"elementor-container elementor-column-gap-default\">\n\t\t\t\t\t<div class=\"elementor-column elementor-col-100 elementor-top-column elementor-element elementor-element-17cc123\" data-id=\"17cc123\" data-element_type=\"column\" data-e-type=\"column\" data-settings=\"{&quot;_ob_column_hoveranimator&quot;:&quot;no&quot;,&quot;_ob_column_has_pseudo&quot;:&quot;no&quot;}\">\n\t\t\t<div class=\"elementor-widget-wrap elementor-element-populated\">\n\t\t\t\t\t\t<div class=\"elementor-element elementor-element-1d6b1a8 ob-has-background-overlay elementor-widget elementor-widget-image\" data-id=\"1d6b1a8\" data-element_type=\"widget\" data-e-type=\"widget\" data-settings=\"{&quot;_ob_photomorph_use&quot;:&quot;no&quot;,&quot;_ob_widget_stalker_use&quot;:&quot;no&quot;,&quot;_ob_poopart_use&quot;:&quot;yes&quot;,&quot;_ob_shadough_use&quot;:&quot;no&quot;,&quot;_ob_allow_hoveranimator&quot;:&quot;no&quot;}\" data-widget_type=\"image.default\">\n\t\t\t\t<div class=\"elementor-widget-container\">\n\t\t\t\t\t\t\t\t\t\t\t\t\t\t\t<img decoding=\"async\" width=\"150\" height=\"150\" src=\"https:\/\/i0.wp.com\/nouvelleaquitaine-handball.org\/wp-content\/uploads\/2022\/07\/loisir.png?resize=150%2C150&amp;ssl=1\" class=\"attachment-thumbnail size-thumbnail wp-image-2292\" alt=\"\" srcset=\"https:\/\/i0.wp.com\/nouvelleaquitaine-handball.org\/wp-content\/uploads\/2022\/07\/loisir.png?w=225&amp;ssl=1 225w, https:\/\/i0.wp.com\/nouvelleaquitaine-handball.org\/wp-content\/uploads\/2022\/07\/loisir.png?resize=150%2C150&amp;ssl=1 150w\" sizes=\"(max-width: 150px) 100vw, 150px\" \/>\t\t\t\t\t\t\t\t\t\t\t\t\t\t\t<\/div>\n\t\t\t\t<\/div>\n\t\t\t\t\t<\/div>\n\t\t<\/div>\n\t\t\t\t\t<\/div>\n\t\t<\/section>\n\t\t\t\t<section class=\"elementor-section elementor-top-section elementor-element elementor-element-e3264a2 elementor-section-boxed elementor-section-height-default elementor-section-height-default\" data-id=\"e3264a2\" data-element_type=\"section\" data-e-type=\"section\" data-settings=\"{&quot;_ob_glider_is_slider&quot;:&quot;no&quot;}\">\n\t\t\t\t\t\t<div class=\"elementor-container elementor-column-gap-default\">\n\t\t\t\t\t<div class=\"elementor-column elementor-col-100 elementor-top-column elementor-element elementor-element-5cb9527\" data-id=\"5cb9527\" data-element_type=\"column\" data-e-type=\"column\" data-settings=\"{&quot;_ob_column_hoveranimator&quot;:&quot;no&quot;,&quot;_ob_column_has_pseudo&quot;:&quot;no&quot;}\">\n\t\t\t<div class=\"elementor-widget-wrap elementor-element-populated\">\n\t\t\t\t\t\t<div class=\"elementor-element elementor-element-64cdb03 ob-harakiri-inherit ob-has-background-overlay elementor-widget elementor-widget-text-editor\" data-id=\"64cdb03\" data-element_type=\"widget\" data-e-type=\"widget\" data-settings=\"{&quot;_ob_use_harakiri&quot;:&quot;yes&quot;,&quot;_ob_harakiri_writing_mode&quot;:&quot;inherit&quot;,&quot;_ob_postman_use&quot;:&quot;no&quot;,&quot;_ob_widget_stalker_use&quot;:&quot;no&quot;,&quot;_ob_poopart_use&quot;:&quot;yes&quot;,&quot;_ob_shadough_use&quot;:&quot;no&quot;,&quot;_ob_allow_hoveranimator&quot;:&quot;no&quot;}\" data-widget_type=\"text-editor.default\">\n\t\t\t\t<div class=\"elementor-widget-container\">\n\t\t\t\t\t\t\t\t\t<p>Le handball Loisir permet au plus grand nombre de pratiquer l\u2019activit\u00e9 Handball dans le plaisir et la convivialit\u00e9. Il est organis\u00e9 pour permettre aux anciens joueurs et anciennes joueuses de continuer leur activit\u00e9 favorite sans pour autant avoir l\u2019ensemble des contraintes du handball en comp\u00e9tition.<\/p>\n<p>Il permet aussi aux d\u00e9butants de s\u2019initier \u00e0 la pratique pour continuer une activit\u00e9 sportive collective. Il est accessible \u00e0 partir de 16 ans. La mixit\u00e9 est des participants est privil\u00e9gi\u00e9e. Un grand nombre de clubs de la r\u00e9gion d\u00e9veloppe cette offre en proposant un ou deux cr\u00e9neaux entrainement par semaine et des rencontres amicales avec votre \u00e9quipe.<\/p>\t\t\t\t\t\t\t\t<\/div>\n\t\t\t\t<\/div>\n\t\t\t\t\t<\/div>\n\t\t<\/div>\n\t\t\t\t\t<\/div>\n\t\t<\/section>\n\t\t\t\t<section class=\"elementor-section elementor-top-section elementor-element elementor-element-bf8dfc7 elementor-section-boxed elementor-section-height-default elementor-section-height-default\" data-id=\"bf8dfc7\" data-element_type=\"section\" data-e-type=\"section\" data-settings=\"{&quot;_ob_glider_is_slider&quot;:&quot;no&quot;}\">\n\t\t\t\t\t\t<div class=\"elementor-container elementor-column-gap-default\">\n\t\t\t\t\t<div class=\"elementor-column elementor-col-100 elementor-top-column elementor-element elementor-element-bde8aa6\" data-id=\"bde8aa6\" data-element_type=\"column\" data-e-type=\"column\" data-settings=\"{&quot;_ob_column_hoveranimator&quot;:&quot;no&quot;,&quot;_ob_column_has_pseudo&quot;:&quot;no&quot;}\">\n\t\t\t<div class=\"elementor-widget-wrap elementor-element-populated\">\n\t\t\t\t\t\t<div class=\"elementor-element elementor-element-beb384e ob-has-background-overlay elementor-widget elementor-widget-toggle\" data-id=\"beb384e\" data-element_type=\"widget\" data-e-type=\"widget\" data-settings=\"{&quot;_ob_widget_stalker_use&quot;:&quot;no&quot;,&quot;_ob_poopart_use&quot;:&quot;yes&quot;,&quot;_ob_shadough_use&quot;:&quot;no&quot;,&quot;_ob_allow_hoveranimator&quot;:&quot;no&quot;}\" data-widget_type=\"toggle.default\">\n\t\t\t\t<div class=\"elementor-widget-container\">\n\t\t\t\t\t\t\t<div class=\"elementor-toggle\">\n\t\t\t\t\t\t\t<div class=\"elementor-toggle-item\">\n\t\t\t\t\t<div id=\"elementor-tab-title-1991\" class=\"elementor-tab-title\" data-tab=\"1\" role=\"button\" aria-controls=\"elementor-tab-content-1991\" aria-expanded=\"false\">\n\t\t\t\t\t\t\t\t\t\t\t\t<span class=\"elementor-toggle-icon elementor-toggle-icon-left\" aria-hidden=\"true\">\n\t\t\t\t\t\t\t\t\t\t\t\t\t\t\t<span class=\"elementor-toggle-icon-closed\"><i class=\"fas fa-caret-right\"><\/i><\/span>\n\t\t\t\t\t\t\t\t<span class=\"elementor-toggle-icon-opened\"><i class=\"elementor-toggle-icon-opened fas fa-caret-up\"><\/i><\/span>\n\t\t\t\t\t\t\t\t\t\t\t\t\t<\/span>\n\t\t\t\t\t\t\t\t\t\t\t\t<a class=\"elementor-toggle-title\" tabindex=\"0\">Objectifs<\/a>\n\t\t\t\t\t<\/div>\n\n\t\t\t\t\t<div id=\"elementor-tab-content-1991\" class=\"elementor-tab-content elementor-clearfix\" data-tab=\"1\" role=\"region\" aria-labelledby=\"elementor-tab-title-1991\"><p>Conservation de l\u2019esprit loisir : Le plaisir de pratiquer, d\u2019avoir une activit\u00e9 physique, mais aussi penser aux autres.<\/p><p>Le Handball Loisir, dont la mixit\u00e9 Homme\/Femme est la r\u00e8gle de base permet une pratique non contraignante, tout en trouvant une large satisfaction dans le jeu.<\/p><p>Le Handball Loisir est une pratique non comp\u00e9titive.<\/p><\/div>\n\t\t\t\t<\/div>\n\t\t\t\t\t\t\t<div class=\"elementor-toggle-item\">\n\t\t\t\t\t<div id=\"elementor-tab-title-1992\" class=\"elementor-tab-title\" data-tab=\"2\" role=\"button\" aria-controls=\"elementor-tab-content-1992\" aria-expanded=\"false\">\n\t\t\t\t\t\t\t\t\t\t\t\t<span class=\"elementor-toggle-icon elementor-toggle-icon-left\" aria-hidden=\"true\">\n\t\t\t\t\t\t\t\t\t\t\t\t\t\t\t<span class=\"elementor-toggle-icon-closed\"><i class=\"fas fa-caret-right\"><\/i><\/span>\n\t\t\t\t\t\t\t\t<span class=\"elementor-toggle-icon-opened\"><i class=\"elementor-toggle-icon-opened fas fa-caret-up\"><\/i><\/span>\n\t\t\t\t\t\t\t\t\t\t\t\t\t<\/span>\n\t\t\t\t\t\t\t\t\t\t\t\t<a class=\"elementor-toggle-title\" tabindex=\"0\">Modalit\u00e9s de participation<\/a>\n\t\t\t\t\t<\/div>\n\n\t\t\t\t\t<div id=\"elementor-tab-content-1992\" class=\"elementor-tab-content elementor-clearfix\" data-tab=\"2\" role=\"region\" aria-labelledby=\"elementor-tab-title-1992\"><p>Les clubs doivent \u00eatre affili\u00e9s et les joueurs affili\u00e9s \u00e0 la F.F.H.B<\/p><p>Un joueur licenci\u00e9 dans un club participant \u00e0 un championnat organis\u00e9 par le Comit\u00e9, la Ligue ou la F.F.H.B. peut pratiquer le Hand loisir dans un autre club de son choix.<\/p><p>Toute personne de plus de 16 ans, peut prendre part aux rencontres de Hand loisir (\u00e0 condition d\u2019\u00eatre licenci\u00e9e dans un club).<\/p><\/div>\n\t\t\t\t<\/div>\n\t\t\t\t\t\t\t\t<\/div>\n\t\t\t\t\t\t<\/div>\n\t\t\t\t<\/div>\n\t\t\t\t\t<\/div>\n\t\t<\/div>\n\t\t\t\t\t<\/div>\n\t\t<\/section>\n\t\t\t\t<\/div>\n\t\t","protected":false},"excerpt":{"rendered":"<p>Le handball Loisir permet au plus grand nombre de pratiquer l\u2019activit\u00e9 Handball [&hellip;]<\/p>\n","protected":false},"author":1,"featured_media":0,"parent":73,"menu_order":0,"comment_status":"closed","ping_status":"closed","template":"","meta":{"footnotes":""},"class_list":["post-83","page","type-page","status-publish","hentry"],"yoast_head":"<!-- This site is optimized with the Yoast SEO plugin v27.3 - https:\/\/yoast.com\/product\/yoast-seo-wordpress\/ -->\n<title>Hand loisir - LIGUE NOUVELLE AQUITAINE<\/title>\n<meta name=\"robots\" content=\"index, follow, max-snippet:-1, max-image-preview:large, max-video-preview:-1\" \/>\n<link rel=\"canonical\" href=\"https:\/\/nouvelleaquitaine-handball.org\/index.php\/pratiquer-le-handball\/les-pratiques\/hand-loisir\/\" \/>\n<meta property=\"og:locale\" content=\"fr_FR\" \/>\n<meta property=\"og:type\" content=\"article\" \/>\n<meta property=\"og:title\" content=\"Hand loisir - LIGUE NOUVELLE AQUITAINE\" \/>\n<meta property=\"og:description\" content=\"Le handball Loisir permet au plus grand nombre de pratiquer l\u2019activit\u00e9 Handball [&hellip;]\" \/>\n<meta property=\"og:url\" content=\"https:\/\/nouvelleaquitaine-handball.org\/index.php\/pratiquer-le-handball\/les-pratiques\/hand-loisir\/\" \/>\n<meta property=\"og:site_name\" content=\"LIGUE NOUVELLE AQUITAINE\" \/>\n<meta property=\"article:modified_time\" content=\"2024-10-09T08:13:42+00:00\" \/>\n<meta property=\"og:image\" content=\"http:\/\/nouvelleaquitaine-handball.org\/wp-content\/uploads\/2022\/07\/loisir-150x150.png\" \/>\n<meta name=\"twitter:card\" content=\"summary_large_image\" \/>\n<meta name=\"twitter:label1\" content=\"Dur\u00e9e de lecture estim\u00e9e\" \/>\n\t<meta name=\"twitter:data1\" content=\"2 minutes\" \/>\n<script type=\"application\/ld+json\" class=\"yoast-schema-graph\">{\"@context\":\"https:\\\/\\\/schema.org\",\"@graph\":[{\"@type\":\"WebPage\",\"@id\":\"https:\\\/\\\/nouvelleaquitaine-handball.org\\\/index.php\\\/pratiquer-le-handball\\\/les-pratiques\\\/hand-loisir\\\/\",\"url\":\"https:\\\/\\\/nouvelleaquitaine-handball.org\\\/index.php\\\/pratiquer-le-handball\\\/les-pratiques\\\/hand-loisir\\\/\",\"name\":\"Hand loisir - LIGUE NOUVELLE AQUITAINE\",\"isPartOf\":{\"@id\":\"https:\\\/\\\/nouvelleaquitaine-handball.org\\\/#website\"},\"primaryImageOfPage\":{\"@id\":\"https:\\\/\\\/nouvelleaquitaine-handball.org\\\/index.php\\\/pratiquer-le-handball\\\/les-pratiques\\\/hand-loisir\\\/#primaryimage\"},\"image\":{\"@id\":\"https:\\\/\\\/nouvelleaquitaine-handball.org\\\/index.php\\\/pratiquer-le-handball\\\/les-pratiques\\\/hand-loisir\\\/#primaryimage\"},\"thumbnailUrl\":\"http:\\\/\\\/nouvelleaquitaine-handball.org\\\/wp-content\\\/uploads\\\/2022\\\/07\\\/loisir-150x150.png\",\"datePublished\":\"2022-04-26T15:59:34+00:00\",\"dateModified\":\"2024-10-09T08:13:42+00:00\",\"breadcrumb\":{\"@id\":\"https:\\\/\\\/nouvelleaquitaine-handball.org\\\/index.php\\\/pratiquer-le-handball\\\/les-pratiques\\\/hand-loisir\\\/#breadcrumb\"},\"inLanguage\":\"fr-FR\",\"potentialAction\":[{\"@type\":\"ReadAction\",\"target\":[\"https:\\\/\\\/nouvelleaquitaine-handball.org\\\/index.php\\\/pratiquer-le-handball\\\/les-pratiques\\\/hand-loisir\\\/\"]}]},{\"@type\":\"ImageObject\",\"inLanguage\":\"fr-FR\",\"@id\":\"https:\\\/\\\/nouvelleaquitaine-handball.org\\\/index.php\\\/pratiquer-le-handball\\\/les-pratiques\\\/hand-loisir\\\/#primaryimage\",\"url\":\"https:\\\/\\\/i0.wp.com\\\/nouvelleaquitaine-handball.org\\\/wp-content\\\/uploads\\\/2022\\\/07\\\/loisir.png?fit=225%2C225&ssl=1\",\"contentUrl\":\"https:\\\/\\\/i0.wp.com\\\/nouvelleaquitaine-handball.org\\\/wp-content\\\/uploads\\\/2022\\\/07\\\/loisir.png?fit=225%2C225&ssl=1\",\"width\":225,\"height\":225},{\"@type\":\"BreadcrumbList\",\"@id\":\"https:\\\/\\\/nouvelleaquitaine-handball.org\\\/index.php\\\/pratiquer-le-handball\\\/les-pratiques\\\/hand-loisir\\\/#breadcrumb\",\"itemListElement\":[{\"@type\":\"ListItem\",\"position\":1,\"name\":\"Accueil\",\"item\":\"https:\\\/\\\/nouvelleaquitaine-handball.org\\\/\"},{\"@type\":\"ListItem\",\"position\":2,\"name\":\"Pratiquer le handball\",\"item\":\"https:\\\/\\\/nouvelleaquitaine-handball.org\\\/index.php\\\/pratiquer-le-handball\\\/\"},{\"@type\":\"ListItem\",\"position\":3,\"name\":\"Les pratiques\",\"item\":\"https:\\\/\\\/nouvelleaquitaine-handball.org\\\/index.php\\\/pratiquer-le-handball\\\/les-pratiques\\\/\"},{\"@type\":\"ListItem\",\"position\":4,\"name\":\"Hand loisir\"}]},{\"@type\":\"WebSite\",\"@id\":\"https:\\\/\\\/nouvelleaquitaine-handball.org\\\/#website\",\"url\":\"https:\\\/\\\/nouvelleaquitaine-handball.org\\\/\",\"name\":\"LIGUE NOUVELLE AQUITAINE\",\"description\":\"FFHANDBALL\",\"potentialAction\":[{\"@type\":\"SearchAction\",\"target\":{\"@type\":\"EntryPoint\",\"urlTemplate\":\"https:\\\/\\\/nouvelleaquitaine-handball.org\\\/?s={search_term_string}\"},\"query-input\":{\"@type\":\"PropertyValueSpecification\",\"valueRequired\":true,\"valueName\":\"search_term_string\"}}],\"inLanguage\":\"fr-FR\"}]}<\/script>\n<!-- \/ Yoast SEO plugin. -->","yoast_head_json":{"title":"Hand loisir - LIGUE NOUVELLE AQUITAINE","robots":{"index":"index","follow":"follow","max-snippet":"max-snippet:-1","max-image-preview":"max-image-preview:large","max-video-preview":"max-video-preview:-1"},"canonical":"https:\/\/nouvelleaquitaine-handball.org\/index.php\/pratiquer-le-handball\/les-pratiques\/hand-loisir\/","og_locale":"fr_FR","og_type":"article","og_title":"Hand loisir - LIGUE NOUVELLE AQUITAINE","og_description":"Le handball Loisir permet au plus grand nombre de pratiquer l\u2019activit\u00e9 Handball [&hellip;]","og_url":"https:\/\/nouvelleaquitaine-handball.org\/index.php\/pratiquer-le-handball\/les-pratiques\/hand-loisir\/","og_site_name":"LIGUE NOUVELLE AQUITAINE","article_modified_time":"2024-10-09T08:13:42+00:00","og_image":[{"url":"http:\/\/nouvelleaquitaine-handball.org\/wp-content\/uploads\/2022\/07\/loisir-150x150.png","type":"","width":"","height":""}],"twitter_card":"summary_large_image","twitter_misc":{"Dur\u00e9e de lecture estim\u00e9e":"2 minutes"},"schema":{"@context":"https:\/\/schema.org","@graph":[{"@type":"WebPage","@id":"https:\/\/nouvelleaquitaine-handball.org\/index.php\/pratiquer-le-handball\/les-pratiques\/hand-loisir\/","url":"https:\/\/nouvelleaquitaine-handball.org\/index.php\/pratiquer-le-handball\/les-pratiques\/hand-loisir\/","name":"Hand loisir - LIGUE NOUVELLE AQUITAINE","isPartOf":{"@id":"https:\/\/nouvelleaquitaine-handball.org\/#website"},"primaryImageOfPage":{"@id":"https:\/\/nouvelleaquitaine-handball.org\/index.php\/pratiquer-le-handball\/les-pratiques\/hand-loisir\/#primaryimage"},"image":{"@id":"https:\/\/nouvelleaquitaine-handball.org\/index.php\/pratiquer-le-handball\/les-pratiques\/hand-loisir\/#primaryimage"},"thumbnailUrl":"http:\/\/nouvelleaquitaine-handball.org\/wp-content\/uploads\/2022\/07\/loisir-150x150.png","datePublished":"2022-04-26T15:59:34+00:00","dateModified":"2024-10-09T08:13:42+00:00","breadcrumb":{"@id":"https:\/\/nouvelleaquitaine-handball.org\/index.php\/pratiquer-le-handball\/les-pratiques\/hand-loisir\/#breadcrumb"},"inLanguage":"fr-FR","potentialAction":[{"@type":"ReadAction","target":["https:\/\/nouvelleaquitaine-handball.org\/index.php\/pratiquer-le-handball\/les-pratiques\/hand-loisir\/"]}]},{"@type":"ImageObject","inLanguage":"fr-FR","@id":"https:\/\/nouvelleaquitaine-handball.org\/index.php\/pratiquer-le-handball\/les-pratiques\/hand-loisir\/#primaryimage","url":"https:\/\/i0.wp.com\/nouvelleaquitaine-handball.org\/wp-content\/uploads\/2022\/07\/loisir.png?fit=225%2C225&ssl=1","contentUrl":"https:\/\/i0.wp.com\/nouvelleaquitaine-handball.org\/wp-content\/uploads\/2022\/07\/loisir.png?fit=225%2C225&ssl=1","width":225,"height":225},{"@type":"BreadcrumbList","@id":"https:\/\/nouvelleaquitaine-handball.org\/index.php\/pratiquer-le-handball\/les-pratiques\/hand-loisir\/#breadcrumb","itemListElement":[{"@type":"ListItem","position":1,"name":"Accueil","item":"https:\/\/nouvelleaquitaine-handball.org\/"},{"@type":"ListItem","position":2,"name":"Pratiquer le handball","item":"https:\/\/nouvelleaquitaine-handball.org\/index.php\/pratiquer-le-handball\/"},{"@type":"ListItem","position":3,"name":"Les pratiques","item":"https:\/\/nouvelleaquitaine-handball.org\/index.php\/pratiquer-le-handball\/les-pratiques\/"},{"@type":"ListItem","position":4,"name":"Hand loisir"}]},{"@type":"WebSite","@id":"https:\/\/nouvelleaquitaine-handball.org\/#website","url":"https:\/\/nouvelleaquitaine-handball.org\/","name":"LIGUE NOUVELLE AQUITAINE","description":"FFHANDBALL","potentialAction":[{"@type":"SearchAction","target":{"@type":"EntryPoint","urlTemplate":"https:\/\/nouvelleaquitaine-handball.org\/?s={search_term_string}"},"query-input":{"@type":"PropertyValueSpecification","valueRequired":true,"valueName":"search_term_string"}}],"inLanguage":"fr-FR"}]}},"jetpack_sharing_enabled":true,"_links":{"self":[{"href":"https:\/\/nouvelleaquitaine-handball.org\/index.php\/wp-json\/wp\/v2\/pages\/83","targetHints":{"allow":["GET"]}}],"collection":[{"href":"https:\/\/nouvelleaquitaine-handball.org\/index.php\/wp-json\/wp\/v2\/pages"}],"about":[{"href":"https:\/\/nouvelleaquitaine-handball.org\/index.php\/wp-json\/wp\/v2\/types\/page"}],"author":[{"embeddable":true,"href":"https:\/\/nouvelleaquitaine-handball.org\/index.php\/wp-json\/wp\/v2\/users\/1"}],"replies":[{"embeddable":true,"href":"https:\/\/nouvelleaquitaine-handball.org\/index.php\/wp-json\/wp\/v2\/comments?post=83"}],"version-history":[{"count":16,"href":"https:\/\/nouvelleaquitaine-handball.org\/index.php\/wp-json\/wp\/v2\/pages\/83\/revisions"}],"predecessor-version":[{"id":8538,"href":"https:\/\/nouvelleaquitaine-handball.org\/index.php\/wp-json\/wp\/v2\/pages\/83\/revisions\/8538"}],"up":[{"embeddable":true,"href":"https:\/\/nouvelleaquitaine-handball.org\/index.php\/wp-json\/wp\/v2\/pages\/73"}],"wp:attachment":[{"href":"https:\/\/nouvelleaquitaine-handball.org\/index.php\/wp-json\/wp\/v2\/media?parent=83"}],"curies":[{"name":"wp","href":"https:\/\/api.w.org\/{rel}","templated":true}]}}