{"id":8862,"date":"2024-11-13T12:06:45","date_gmt":"2024-11-13T11:06:45","guid":{"rendered":"https:\/\/nouvelleaquitaine-handball.org\/?page_id=8862"},"modified":"2025-09-15T14:49:41","modified_gmt":"2025-09-15T12:49:41","slug":"elementor-8862","status":"publish","type":"page","link":"https:\/\/nouvelleaquitaine-handball.org\/index.php\/elementor-8862\/","title":{"rendered":"Article &#8211; Guide des formations 24\/25"},"content":{"rendered":"\t\t<div data-elementor-type=\"wp-page\" data-elementor-id=\"8862\" class=\"elementor elementor-8862\" data-elementor-post-type=\"page\">\n\t\t\t\t<div class=\"elementor-element elementor-element-ad87d34 e-flex e-con-boxed e-con e-parent\" data-id=\"ad87d34\" data-element_type=\"container\" data-e-type=\"container\" data-settings=\"{&quot;_ob_use_container_extras&quot;:&quot;no&quot;,&quot;_ob_column_hoveranimator&quot;:&quot;no&quot;,&quot;_ob_glider_is_slider&quot;:&quot;no&quot;,&quot;_ob_column_has_pseudo&quot;:&quot;no&quot;}\">\n\t\t\t\t\t<div class=\"e-con-inner\">\n\t\t\t\t<div class=\"elementor-element elementor-element-8576751 ob-has-background-overlay elementor-widget elementor-widget-spacer\" data-id=\"8576751\" data-element_type=\"widget\" data-e-type=\"widget\" data-settings=\"{&quot;_ob_spacerat_use&quot;:&quot;no&quot;,&quot;_ob_widget_stalker_use&quot;:&quot;no&quot;,&quot;_ob_poopart_use&quot;:&quot;yes&quot;,&quot;_ob_shadough_use&quot;:&quot;no&quot;,&quot;_ob_allow_hoveranimator&quot;:&quot;no&quot;}\" data-widget_type=\"spacer.default\">\n\t\t\t\t<div class=\"elementor-widget-container\">\n\t\t\t\t\t\t\t<div class=\"elementor-spacer\">\n\t\t\t<div class=\"elementor-spacer-inner\"><\/div>\n\t\t<\/div>\n\t\t\t\t\t\t<\/div>\n\t\t\t\t<\/div>\n\t\t\t\t<div class=\"elementor-element elementor-element-084d77e ob-harakiri-inherit ob-has-background-overlay elementor-widget elementor-widget-heading\" data-id=\"084d77e\" data-element_type=\"widget\" data-e-type=\"widget\" data-settings=\"{&quot;_ob_use_harakiri&quot;:&quot;yes&quot;,&quot;_ob_harakiri_writing_mode&quot;:&quot;inherit&quot;,&quot;_ob_harakiri_text_clip&quot;:&quot;none&quot;,&quot;_ob_widget_stalker_use&quot;:&quot;no&quot;,&quot;_ob_poopart_use&quot;:&quot;yes&quot;,&quot;_ob_shadough_use&quot;:&quot;no&quot;,&quot;_ob_allow_hoveranimator&quot;:&quot;no&quot;}\" data-widget_type=\"heading.default\">\n\t\t\t\t<div class=\"elementor-widget-container\">\n\t\t\t\t\t<h2 class=\"elementor-heading-title elementor-size-default\">LE GUIDE DES FORMATIONS 25\/26 EST DISPONIBLE<\/h2>\t\t\t\t<\/div>\n\t\t\t\t<\/div>\n\t\t\t\t<div class=\"elementor-element elementor-element-cb4a096 elementor-widget-divider--view-line ob-has-background-overlay elementor-widget elementor-widget-divider\" data-id=\"cb4a096\" data-element_type=\"widget\" data-e-type=\"widget\" data-settings=\"{&quot;_ob_widget_stalker_use&quot;:&quot;no&quot;,&quot;_ob_poopart_use&quot;:&quot;yes&quot;,&quot;_ob_shadough_use&quot;:&quot;no&quot;,&quot;_ob_allow_hoveranimator&quot;:&quot;no&quot;}\" data-widget_type=\"divider.default\">\n\t\t\t\t<div class=\"elementor-widget-container\">\n\t\t\t\t\t\t\t<div class=\"elementor-divider\">\n\t\t\t<span class=\"elementor-divider-separator\">\n\t\t\t\t\t\t<\/span>\n\t\t<\/div>\n\t\t\t\t\t\t<\/div>\n\t\t\t\t<\/div>\n\t\t\t\t<div class=\"elementor-element elementor-element-e3f84ba ob-harakiri-inherit ob-has-background-overlay elementor-widget elementor-widget-text-editor\" data-id=\"e3f84ba\" data-element_type=\"widget\" data-e-type=\"widget\" data-settings=\"{&quot;_ob_use_harakiri&quot;:&quot;yes&quot;,&quot;_ob_harakiri_writing_mode&quot;:&quot;inherit&quot;,&quot;_ob_postman_use&quot;:&quot;no&quot;,&quot;_ob_widget_stalker_use&quot;:&quot;no&quot;,&quot;_ob_poopart_use&quot;:&quot;yes&quot;,&quot;_ob_shadough_use&quot;:&quot;no&quot;,&quot;_ob_allow_hoveranimator&quot;:&quot;no&quot;}\" data-widget_type=\"text-editor.default\">\n\t\t\t\t<div class=\"elementor-widget-container\">\n\t\t\t\t\t\t\t\t\t<p><strong>D\u00e9couvrez le Guide des Formations : Un accompagnement pour les passionn\u00e9s de handball en Nouvelle-Aquitaine<\/strong><\/p><p>Dans une d\u00e9marche de soutien et de d\u00e9veloppement des pratiques du handball, la ligue Nouvelle-Aquitaine est heureuse de vous pr\u00e9senter son tout nouveau <b><i>Guide des Formations 2025-2026<\/i><\/b>. Ce document exhaustif recense l&#8217;ensemble des formations disponibles sur le territoire n\u00e9o-aquitain pour toutes celles et ceux qui souhaitent apprendre, d\u00e9velopper des nouvelles comp\u00e9tences, se perfectionner ou se r\u00e9orienter dans les m\u00e9tiers du handball et leurs pratiques.<\/p><p>Ce guide a \u00e9t\u00e9 pens\u00e9 pour r\u00e9pondre aux besoins vari\u00e9s des acteurs du handball, des entra\u00eeneurs, aux \u00e9ducateurs, aux d\u00e9butants en passant par l\u2019encadrement des arbitres, les dirigeants et les b\u00e9n\u00e9voles. Il offre un panorama complet des parcours de formation, allant de l\u2019initiation, au perfectionnement pour les b\u00e9n\u00e9voles et les professionnels, aux certifications professionnelles. Il d\u00e9taille chaque programme de formation : les pr\u00e9requis, les objectifs de formation, les contenus de formation, les comp\u00e9tences d\u00e9velopp\u00e9es, ainsi que les lieux et les modalit\u00e9s d\u2019inscription.<\/p><p>En collaborant \u00e9troitement avec les clubs, les comit\u00e9s d\u00e9partementaux et les centres de formation de la r\u00e9gion, la ligue s&#8217;engage \u00e0 accompagner chaque passionn\u00e9, d\u00e9butant ou confirm\u00e9, dans sa progression et son \u00e9panouissement.<\/p><p><i>\u00ab Le d\u00e9veloppement de la pratique passe par la qualit\u00e9 de l\u2019encadrement au sens large, qu\u2019il s\u2019agisse de b\u00e9n\u00e9voles, de dirigeants, de salari\u00e9s. \u00a0Se former, c\u2019est acqu\u00e9rir, renouveler, approfondir et enrichir ses connaissances, ses capacit\u00e9s et comp\u00e9tences \u00bb<\/i> pr\u00e9cise le pr\u00e9sident de la ligue, Mr Didier BIZORD.<\/p><p>Le <i>Guide des Formations<\/i> est d\u00e9sormais accessible en t\u00e9l\u00e9chargement sur notre site internet, et sera mis \u00e0 jour r\u00e9guli\u00e8rement. Vous souhaitez franchir un cap en tant qu&#8217;entra\u00eeneur, perfectionner votre technique d&#8217;encadrement des arbitrages, structurer votre club ou vous lancer dans l&#8217;organisation d&#8217;\u00e9v\u00e9nements sportifs, ce guide est l\u00e0 pour r\u00e9pondre \u00e0 cette attente.<\/p><p><strong>\u00a0 \u00a0 \u00a0 \u00a0 \u00a0 \u00a0 \u00a0 \u00a0 \u00a0 \u00a0 \u00a0 \u00a0 \u00a0 \u00a0 \u00a0 \u00a0 \u00a0 \u00a0 \u00a0 \u00a0 \u00a0 \u00a0 \u00a0 \u00a0 <span style=\"text-decoration-line: underline; font-size: 31px;\"><i><a href=\"http:\/\/nouvelleaquitaine-handball.org\/wp-content\/uploads\/2024\/11\/GUIDE-DES-FORMATIONS-2024-2025.pdf\">Acc\u00e9dez prochainement au Guide des Formations 2025-202<\/a>6<\/i><\/span><\/strong><\/p>\t\t\t\t\t\t\t\t<\/div>\n\t\t\t\t<\/div>\n\t\t\t\t\t<\/div>\n\t\t\t\t<\/div>\n\t\t\t\t<\/div>\n\t\t","protected":false},"excerpt":{"rendered":"<p>LE GUIDE DES FORMATIONS 25\/26 EST DISPONIBLE D\u00e9couvrez le Guide des Formations [&hellip;]<\/p>\n","protected":false},"author":2,"featured_media":0,"parent":0,"menu_order":0,"comment_status":"closed","ping_status":"closed","template":"","meta":{"footnotes":""},"class_list":["post-8862","page","type-page","status-publish","hentry"],"yoast_head":"<!-- This site is optimized with the Yoast SEO plugin v27.4 - https:\/\/yoast.com\/product\/yoast-seo-wordpress\/ -->\n<title>Article - Guide des formations 24\/25 - LIGUE NOUVELLE AQUITAINE<\/title>\n<meta name=\"robots\" content=\"index, follow, max-snippet:-1, max-image-preview:large, max-video-preview:-1\" \/>\n<link rel=\"canonical\" href=\"https:\/\/nouvelleaquitaine-handball.org\/index.php\/elementor-8862\/\" \/>\n<meta property=\"og:locale\" content=\"fr_FR\" \/>\n<meta property=\"og:type\" content=\"article\" \/>\n<meta property=\"og:title\" content=\"Article - Guide des formations 24\/25 - LIGUE NOUVELLE AQUITAINE\" \/>\n<meta property=\"og:description\" content=\"LE GUIDE DES FORMATIONS 25\/26 EST DISPONIBLE D\u00e9couvrez le Guide des Formations [&hellip;]\" \/>\n<meta property=\"og:url\" content=\"https:\/\/nouvelleaquitaine-handball.org\/index.php\/elementor-8862\/\" \/>\n<meta property=\"og:site_name\" content=\"LIGUE NOUVELLE AQUITAINE\" \/>\n<meta property=\"article:modified_time\" content=\"2025-09-15T12:49:41+00:00\" \/>\n<meta name=\"twitter:card\" content=\"summary_large_image\" \/>\n<meta name=\"twitter:label1\" content=\"Dur\u00e9e de lecture estim\u00e9e\" \/>\n\t<meta name=\"twitter:data1\" content=\"2 minutes\" \/>\n<script type=\"application\/ld+json\" class=\"yoast-schema-graph\">{\"@context\":\"https:\\\/\\\/schema.org\",\"@graph\":[{\"@type\":\"WebPage\",\"@id\":\"https:\\\/\\\/nouvelleaquitaine-handball.org\\\/index.php\\\/elementor-8862\\\/\",\"url\":\"https:\\\/\\\/nouvelleaquitaine-handball.org\\\/index.php\\\/elementor-8862\\\/\",\"name\":\"Article - Guide des formations 24\\\/25 - LIGUE NOUVELLE AQUITAINE\",\"isPartOf\":{\"@id\":\"https:\\\/\\\/nouvelleaquitaine-handball.org\\\/#website\"},\"datePublished\":\"2024-11-13T11:06:45+00:00\",\"dateModified\":\"2025-09-15T12:49:41+00:00\",\"breadcrumb\":{\"@id\":\"https:\\\/\\\/nouvelleaquitaine-handball.org\\\/index.php\\\/elementor-8862\\\/#breadcrumb\"},\"inLanguage\":\"fr-FR\",\"potentialAction\":[{\"@type\":\"ReadAction\",\"target\":[\"https:\\\/\\\/nouvelleaquitaine-handball.org\\\/index.php\\\/elementor-8862\\\/\"]}]},{\"@type\":\"BreadcrumbList\",\"@id\":\"https:\\\/\\\/nouvelleaquitaine-handball.org\\\/index.php\\\/elementor-8862\\\/#breadcrumb\",\"itemListElement\":[{\"@type\":\"ListItem\",\"position\":1,\"name\":\"Accueil\",\"item\":\"https:\\\/\\\/nouvelleaquitaine-handball.org\\\/\"},{\"@type\":\"ListItem\",\"position\":2,\"name\":\"Article &#8211; Guide des formations 24\\\/25\"}]},{\"@type\":\"WebSite\",\"@id\":\"https:\\\/\\\/nouvelleaquitaine-handball.org\\\/#website\",\"url\":\"https:\\\/\\\/nouvelleaquitaine-handball.org\\\/\",\"name\":\"LIGUE NOUVELLE AQUITAINE\",\"description\":\"FFHANDBALL\",\"potentialAction\":[{\"@type\":\"SearchAction\",\"target\":{\"@type\":\"EntryPoint\",\"urlTemplate\":\"https:\\\/\\\/nouvelleaquitaine-handball.org\\\/?s={search_term_string}\"},\"query-input\":{\"@type\":\"PropertyValueSpecification\",\"valueRequired\":true,\"valueName\":\"search_term_string\"}}],\"inLanguage\":\"fr-FR\"}]}<\/script>\n<!-- \/ Yoast SEO plugin. -->","yoast_head_json":{"title":"Article - Guide des formations 24\/25 - LIGUE NOUVELLE AQUITAINE","robots":{"index":"index","follow":"follow","max-snippet":"max-snippet:-1","max-image-preview":"max-image-preview:large","max-video-preview":"max-video-preview:-1"},"canonical":"https:\/\/nouvelleaquitaine-handball.org\/index.php\/elementor-8862\/","og_locale":"fr_FR","og_type":"article","og_title":"Article - Guide des formations 24\/25 - LIGUE NOUVELLE AQUITAINE","og_description":"LE GUIDE DES FORMATIONS 25\/26 EST DISPONIBLE D\u00e9couvrez le Guide des Formations [&hellip;]","og_url":"https:\/\/nouvelleaquitaine-handball.org\/index.php\/elementor-8862\/","og_site_name":"LIGUE NOUVELLE AQUITAINE","article_modified_time":"2025-09-15T12:49:41+00:00","twitter_card":"summary_large_image","twitter_misc":{"Dur\u00e9e de lecture estim\u00e9e":"2 minutes"},"schema":{"@context":"https:\/\/schema.org","@graph":[{"@type":"WebPage","@id":"https:\/\/nouvelleaquitaine-handball.org\/index.php\/elementor-8862\/","url":"https:\/\/nouvelleaquitaine-handball.org\/index.php\/elementor-8862\/","name":"Article - Guide des formations 24\/25 - LIGUE NOUVELLE AQUITAINE","isPartOf":{"@id":"https:\/\/nouvelleaquitaine-handball.org\/#website"},"datePublished":"2024-11-13T11:06:45+00:00","dateModified":"2025-09-15T12:49:41+00:00","breadcrumb":{"@id":"https:\/\/nouvelleaquitaine-handball.org\/index.php\/elementor-8862\/#breadcrumb"},"inLanguage":"fr-FR","potentialAction":[{"@type":"ReadAction","target":["https:\/\/nouvelleaquitaine-handball.org\/index.php\/elementor-8862\/"]}]},{"@type":"BreadcrumbList","@id":"https:\/\/nouvelleaquitaine-handball.org\/index.php\/elementor-8862\/#breadcrumb","itemListElement":[{"@type":"ListItem","position":1,"name":"Accueil","item":"https:\/\/nouvelleaquitaine-handball.org\/"},{"@type":"ListItem","position":2,"name":"Article &#8211; Guide des formations 24\/25"}]},{"@type":"WebSite","@id":"https:\/\/nouvelleaquitaine-handball.org\/#website","url":"https:\/\/nouvelleaquitaine-handball.org\/","name":"LIGUE NOUVELLE AQUITAINE","description":"FFHANDBALL","potentialAction":[{"@type":"SearchAction","target":{"@type":"EntryPoint","urlTemplate":"https:\/\/nouvelleaquitaine-handball.org\/?s={search_term_string}"},"query-input":{"@type":"PropertyValueSpecification","valueRequired":true,"valueName":"search_term_string"}}],"inLanguage":"fr-FR"}]}},"jetpack_sharing_enabled":true,"_links":{"self":[{"href":"https:\/\/nouvelleaquitaine-handball.org\/index.php\/wp-json\/wp\/v2\/pages\/8862","targetHints":{"allow":["GET"]}}],"collection":[{"href":"https:\/\/nouvelleaquitaine-handball.org\/index.php\/wp-json\/wp\/v2\/pages"}],"about":[{"href":"https:\/\/nouvelleaquitaine-handball.org\/index.php\/wp-json\/wp\/v2\/types\/page"}],"author":[{"embeddable":true,"href":"https:\/\/nouvelleaquitaine-handball.org\/index.php\/wp-json\/wp\/v2\/users\/2"}],"replies":[{"embeddable":true,"href":"https:\/\/nouvelleaquitaine-handball.org\/index.php\/wp-json\/wp\/v2\/comments?post=8862"}],"version-history":[{"count":19,"href":"https:\/\/nouvelleaquitaine-handball.org\/index.php\/wp-json\/wp\/v2\/pages\/8862\/revisions"}],"predecessor-version":[{"id":10501,"href":"https:\/\/nouvelleaquitaine-handball.org\/index.php\/wp-json\/wp\/v2\/pages\/8862\/revisions\/10501"}],"wp:attachment":[{"href":"https:\/\/nouvelleaquitaine-handball.org\/index.php\/wp-json\/wp\/v2\/media?parent=8862"}],"curies":[{"name":"wp","href":"https:\/\/api.w.org\/{rel}","templated":true}]}}