{"id":8951,"date":"2024-11-19T14:35:58","date_gmt":"2024-11-19T13:35:58","guid":{"rendered":"https:\/\/nouvelleaquitaine-handball.org\/?page_id=8951"},"modified":"2024-11-19T14:38:39","modified_gmt":"2024-11-19T13:38:39","slug":"article-stage-talence","status":"publish","type":"page","link":"https:\/\/nouvelleaquitaine-handball.org\/index.php\/article-stage-talence\/","title":{"rendered":"Article &#8211; Stage Talence"},"content":{"rendered":"\t\t<div data-elementor-type=\"wp-page\" data-elementor-id=\"8951\" class=\"elementor elementor-8951\" data-elementor-post-type=\"page\">\n\t\t\t\t<div class=\"elementor-element elementor-element-0a52d80 e-flex e-con-boxed e-con e-parent\" data-id=\"0a52d80\" data-element_type=\"container\" data-e-type=\"container\" data-settings=\"{&quot;_ob_use_container_extras&quot;:&quot;no&quot;,&quot;_ob_column_hoveranimator&quot;:&quot;no&quot;,&quot;_ob_glider_is_slider&quot;:&quot;no&quot;,&quot;_ob_column_has_pseudo&quot;:&quot;no&quot;}\">\n\t\t\t\t\t<div class=\"e-con-inner\">\n\t\t<div class=\"elementor-element elementor-element-7a00792 e-con-full e-flex e-con e-child\" data-id=\"7a00792\" data-element_type=\"container\" data-e-type=\"container\" data-settings=\"{&quot;_ob_use_container_extras&quot;:&quot;no&quot;,&quot;_ob_column_hoveranimator&quot;:&quot;no&quot;,&quot;_ob_glider_is_slider&quot;:&quot;no&quot;,&quot;_ob_column_has_pseudo&quot;:&quot;no&quot;}\">\n\t\t\t\t<div class=\"elementor-element elementor-element-52caf39 ob-has-background-overlay elementor-widget elementor-widget-spacer\" data-id=\"52caf39\" data-element_type=\"widget\" data-e-type=\"widget\" data-settings=\"{&quot;_ob_spacerat_use&quot;:&quot;no&quot;,&quot;_ob_widget_stalker_use&quot;:&quot;no&quot;,&quot;_ob_poopart_use&quot;:&quot;yes&quot;,&quot;_ob_shadough_use&quot;:&quot;no&quot;,&quot;_ob_allow_hoveranimator&quot;:&quot;no&quot;}\" data-widget_type=\"spacer.default\">\n\t\t\t\t<div class=\"elementor-widget-container\">\n\t\t\t\t\t\t\t<div class=\"elementor-spacer\">\n\t\t\t<div class=\"elementor-spacer-inner\"><\/div>\n\t\t<\/div>\n\t\t\t\t\t\t<\/div>\n\t\t\t\t<\/div>\n\t\t\t\t<div class=\"elementor-element elementor-element-a240231 ob-harakiri-inherit ob-has-background-overlay elementor-widget elementor-widget-heading\" data-id=\"a240231\" data-element_type=\"widget\" data-e-type=\"widget\" data-settings=\"{&quot;_ob_use_harakiri&quot;:&quot;yes&quot;,&quot;_ob_harakiri_writing_mode&quot;:&quot;inherit&quot;,&quot;_ob_harakiri_text_clip&quot;:&quot;none&quot;,&quot;_ob_widget_stalker_use&quot;:&quot;no&quot;,&quot;_ob_poopart_use&quot;:&quot;yes&quot;,&quot;_ob_shadough_use&quot;:&quot;no&quot;,&quot;_ob_allow_hoveranimator&quot;:&quot;no&quot;}\" data-widget_type=\"heading.default\">\n\t\t\t\t<div class=\"elementor-widget-container\">\n\t\t\t\t\t<h2 class=\"elementor-heading-title elementor-size-default\"><p><strong>RETOUR SUR LE STAGE DE PERFECTIONNEMENT DES P\u00d4LISTES \u00c0 TALENCE <\/strong><span style=\"color: var( --e-global-color-a1bce93 );text-align: var(--text-align)\"><\/span><\/p><\/h2>\t\t\t\t<\/div>\n\t\t\t\t<\/div>\n\t\t\t\t<div class=\"elementor-element elementor-element-99b30ad elementor-widget-divider--view-line ob-has-background-overlay elementor-widget elementor-widget-divider\" data-id=\"99b30ad\" data-element_type=\"widget\" data-e-type=\"widget\" data-settings=\"{&quot;_ob_widget_stalker_use&quot;:&quot;no&quot;,&quot;_ob_poopart_use&quot;:&quot;yes&quot;,&quot;_ob_shadough_use&quot;:&quot;no&quot;,&quot;_ob_allow_hoveranimator&quot;:&quot;no&quot;}\" data-widget_type=\"divider.default\">\n\t\t\t\t<div class=\"elementor-widget-container\">\n\t\t\t\t\t\t\t<div class=\"elementor-divider\">\n\t\t\t<span class=\"elementor-divider-separator\">\n\t\t\t\t\t\t<\/span>\n\t\t<\/div>\n\t\t\t\t\t\t<\/div>\n\t\t\t\t<\/div>\n\t\t\t\t<div class=\"elementor-element elementor-element-78bfcc8 ob-harakiri-inherit ob-has-background-overlay elementor-widget elementor-widget-text-editor\" data-id=\"78bfcc8\" data-element_type=\"widget\" data-e-type=\"widget\" data-settings=\"{&quot;_ob_use_harakiri&quot;:&quot;yes&quot;,&quot;_ob_harakiri_writing_mode&quot;:&quot;inherit&quot;,&quot;_ob_postman_use&quot;:&quot;no&quot;,&quot;_ob_widget_stalker_use&quot;:&quot;no&quot;,&quot;_ob_poopart_use&quot;:&quot;yes&quot;,&quot;_ob_shadough_use&quot;:&quot;no&quot;,&quot;_ob_allow_hoveranimator&quot;:&quot;no&quot;}\" data-widget_type=\"text-editor.default\">\n\t\t\t\t<div class=\"elementor-widget-container\">\n\t\t\t\t\t\t\t\t\t<p>Du <b>28 au 30 octobre 2024<\/b>, le CREPS de Talence a accueilli un stage intensif r\u00e9unissant les jeunes espoirs du handball n\u00e9o-aquitain. Cet \u00e9v\u00e9nement a rassembl\u00e9 les p\u00f4listes des sites d&#8217;accession d\u2019Angoul\u00eame et Oloron (g\u00e9n\u00e9rations 2009 et 2010), ainsi que des joueuses de 2010 issues des diff\u00e9rents comit\u00e9s d\u00e9partementaux. Trois jours plac\u00e9s sous le signe du travail, de la progression et de l&#8217;esprit d&#8217;\u00e9quipe.<\/p><p>Sous l\u2019encadrement d\u2019un staff technique de qualit\u00e9 compos\u00e9 de <b>Lucile Bruxelles<\/b> (responsable site d&#8217;accession d&#8217;Angoul\u00eame), <b>Olivier Marie Magdeleine<\/b> (responsable site d&#8217;accession d&#8217;Oloron), <b>Beno\u00eet Acurcio<\/b> (\u00e9ducateur sportif), <b>Johann Langloys<\/b> (CTS, coordonnateur ETR et PPF) et <b>B\u00e9atrice Delburg<\/b> (responsable site d&#8217;excellence de Talence), les joueuses ont b\u00e9n\u00e9fici\u00e9 de s\u00e9ances ax\u00e9es sur le d\u00e9veloppement de leurs fondamentaux individuels, le perfectionnement tactique et la coh\u00e9sion de groupe. Des ateliers sp\u00e9cifiques, m\u00ealant technique, physique et mental, ont permis \u00e0 chacune de repousser ses limites et d&#8217;approfondir sa compr\u00e9hension du jeu.<\/p><p>Ce stage a \u00e9galement \u00e9t\u00e9 l&#8217;occasion de cr\u00e9er des liens forts entre les joueuses des diff\u00e9rents p\u00f4les et comit\u00e9s, tout en partageant les valeurs fondamentales du handball : d\u00e9passement de soi, respect, et esprit d\u2019\u00e9quipe.<\/p><p>Un grand merci aux encadrants pour leur engagement et leur expertise, ainsi qu\u2019aux jeunes joueuses pour leur investissement tout au long de ces trois jours. Voici quelques photos de ce stage, mettant en lumi\u00e8re l\u2019\u00e9nergie et le travail des participantes.<\/p><p>Avec des initiatives comme celle-ci, la <b>Ligue Nouvelle-Aquitaine de Handball<\/b> continue d\u2019accompagner la progression de ses jeunes talents, assurant ainsi la rel\u00e8ve et la p\u00e9rennit\u00e9 du handball dans notre r\u00e9gion. Bravo \u00e0 toutes !<\/p>\t\t\t\t\t\t\t\t<\/div>\n\t\t\t\t<\/div>\n\t\t\t\t<\/div>\n\t\t\t\t\t<\/div>\n\t\t\t\t<\/div>\n\t\t<div class=\"elementor-element elementor-element-9eecf5c e-flex e-con-boxed e-con e-parent\" data-id=\"9eecf5c\" data-element_type=\"container\" data-e-type=\"container\" data-settings=\"{&quot;_ob_use_container_extras&quot;:&quot;no&quot;,&quot;_ob_column_hoveranimator&quot;:&quot;no&quot;,&quot;_ob_glider_is_slider&quot;:&quot;no&quot;,&quot;_ob_column_has_pseudo&quot;:&quot;no&quot;}\">\n\t\t\t\t\t<div class=\"e-con-inner\">\n\t\t<div class=\"elementor-element elementor-element-5cec212 e-con-full e-flex e-con e-child\" data-id=\"5cec212\" data-element_type=\"container\" data-e-type=\"container\" data-settings=\"{&quot;_ob_use_container_extras&quot;:&quot;no&quot;,&quot;_ob_column_hoveranimator&quot;:&quot;no&quot;,&quot;_ob_glider_is_slider&quot;:&quot;no&quot;,&quot;_ob_column_has_pseudo&quot;:&quot;no&quot;}\">\n\t\t\t\t<div class=\"elementor-element elementor-element-328949c elementor-arrows-position-inside elementor-pagination-position-outside ob-has-background-overlay elementor-widget elementor-widget-image-carousel\" data-id=\"328949c\" data-element_type=\"widget\" data-e-type=\"widget\" data-settings=\"{&quot;navigation&quot;:&quot;both&quot;,&quot;autoplay&quot;:&quot;yes&quot;,&quot;pause_on_hover&quot;:&quot;yes&quot;,&quot;pause_on_interaction&quot;:&quot;yes&quot;,&quot;autoplay_speed&quot;:5000,&quot;infinite&quot;:&quot;yes&quot;,&quot;speed&quot;:500,&quot;_ob_widget_stalker_use&quot;:&quot;no&quot;,&quot;_ob_poopart_use&quot;:&quot;yes&quot;,&quot;_ob_shadough_use&quot;:&quot;no&quot;,&quot;_ob_allow_hoveranimator&quot;:&quot;no&quot;}\" data-widget_type=\"image-carousel.default\">\n\t\t\t\t<div class=\"elementor-widget-container\">\n\t\t\t\t\t\t\t<div class=\"elementor-image-carousel-wrapper swiper\" role=\"region\" aria-roledescription=\"carousel\" aria-label=\"Carrousel d\u2019images\" dir=\"ltr\">\n\t\t\t<div class=\"elementor-image-carousel swiper-wrapper\" aria-live=\"off\">\n\t\t\t\t\t\t\t\t<div class=\"swiper-slide\" role=\"group\" aria-roledescription=\"slide\" aria-label=\"1 sur 4\"><figure class=\"swiper-slide-inner\"><img decoding=\"async\" class=\"swiper-slide-image\" src=\"https:\/\/i0.wp.com\/nouvelleaquitaine-handball.org\/wp-content\/uploads\/2024\/11\/IMG_2366.png?fit=768%2C1024&amp;ssl=1\" alt=\"IMG_2366\" \/><\/figure><\/div><div class=\"swiper-slide\" role=\"group\" aria-roledescription=\"slide\" aria-label=\"2 sur 4\"><figure class=\"swiper-slide-inner\"><img decoding=\"async\" class=\"swiper-slide-image\" src=\"https:\/\/i0.wp.com\/nouvelleaquitaine-handball.org\/wp-content\/uploads\/2024\/11\/IMG_2380.png?fit=768%2C1024&amp;ssl=1\" alt=\"IMG_2380\" \/><\/figure><\/div><div class=\"swiper-slide\" role=\"group\" aria-roledescription=\"slide\" aria-label=\"3 sur 4\"><figure class=\"swiper-slide-inner\"><img decoding=\"async\" class=\"swiper-slide-image\" src=\"https:\/\/i0.wp.com\/nouvelleaquitaine-handball.org\/wp-content\/uploads\/2024\/11\/IMG_2375.png?fit=768%2C1024&amp;ssl=1\" alt=\"IMG_2375\" \/><\/figure><\/div><div class=\"swiper-slide\" role=\"group\" aria-roledescription=\"slide\" aria-label=\"4 sur 4\"><figure class=\"swiper-slide-inner\"><img decoding=\"async\" class=\"swiper-slide-image\" src=\"https:\/\/i0.wp.com\/nouvelleaquitaine-handball.org\/wp-content\/uploads\/2024\/11\/IMG_2376.png?fit=768%2C1024&amp;ssl=1\" alt=\"IMG_2376\" \/><\/figure><\/div>\t\t\t<\/div>\n\t\t\t\t\t\t\t\t\t\t\t\t<div class=\"elementor-swiper-button elementor-swiper-button-prev\" role=\"button\" tabindex=\"0\">\n\t\t\t\t\t\t<i aria-hidden=\"true\" class=\"eicon-chevron-left\"><\/i>\t\t\t\t\t<\/div>\n\t\t\t\t\t<div class=\"elementor-swiper-button elementor-swiper-button-next\" role=\"button\" tabindex=\"0\">\n\t\t\t\t\t\t<i aria-hidden=\"true\" class=\"eicon-chevron-right\"><\/i>\t\t\t\t\t<\/div>\n\t\t\t\t\n\t\t\t\t\t\t\t\t\t<div class=\"swiper-pagination\"><\/div>\n\t\t\t\t\t\t\t\t\t<\/div>\n\t\t\t\t\t\t<\/div>\n\t\t\t\t<\/div>\n\t\t\t\t<\/div>\n\t\t\t\t\t<\/div>\n\t\t\t\t<\/div>\n\t\t\t\t<\/div>\n\t\t","protected":false},"excerpt":{"rendered":"<p>RETOUR SUR LE STAGE DE PERFECTIONNEMENT DES P\u00d4LISTES \u00c0 TALENCE Du 28 [&hellip;]<\/p>\n","protected":false},"author":2,"featured_media":0,"parent":0,"menu_order":0,"comment_status":"closed","ping_status":"closed","template":"","meta":{"footnotes":""},"class_list":["post-8951","page","type-page","status-publish","hentry"],"yoast_head":"<!-- This site is optimized with the Yoast SEO plugin v27.4 - https:\/\/yoast.com\/product\/yoast-seo-wordpress\/ -->\n<title>Article - Stage Talence - LIGUE NOUVELLE AQUITAINE<\/title>\n<meta name=\"robots\" content=\"index, follow, max-snippet:-1, max-image-preview:large, max-video-preview:-1\" \/>\n<link rel=\"canonical\" href=\"https:\/\/nouvelleaquitaine-handball.org\/index.php\/article-stage-talence\/\" \/>\n<meta property=\"og:locale\" content=\"fr_FR\" \/>\n<meta property=\"og:type\" content=\"article\" \/>\n<meta property=\"og:title\" content=\"Article - Stage Talence - LIGUE NOUVELLE AQUITAINE\" \/>\n<meta property=\"og:description\" content=\"RETOUR SUR LE STAGE DE PERFECTIONNEMENT DES P\u00d4LISTES \u00c0 TALENCE Du 28 [&hellip;]\" \/>\n<meta property=\"og:url\" content=\"https:\/\/nouvelleaquitaine-handball.org\/index.php\/article-stage-talence\/\" \/>\n<meta property=\"og:site_name\" content=\"LIGUE NOUVELLE AQUITAINE\" \/>\n<meta property=\"article:modified_time\" content=\"2024-11-19T13:38:39+00:00\" \/>\n<meta property=\"og:image\" content=\"http:\/\/nouvelleaquitaine-handball.org\/wp-content\/uploads\/2024\/11\/IMG_2366-768x1024.png\" \/>\n<meta name=\"twitter:card\" content=\"summary_large_image\" \/>\n<meta name=\"twitter:label1\" content=\"Dur\u00e9e de lecture estim\u00e9e\" \/>\n\t<meta name=\"twitter:data1\" content=\"4 minutes\" \/>\n<script type=\"application\/ld+json\" class=\"yoast-schema-graph\">{\"@context\":\"https:\\\/\\\/schema.org\",\"@graph\":[{\"@type\":\"WebPage\",\"@id\":\"https:\\\/\\\/nouvelleaquitaine-handball.org\\\/index.php\\\/article-stage-talence\\\/\",\"url\":\"https:\\\/\\\/nouvelleaquitaine-handball.org\\\/index.php\\\/article-stage-talence\\\/\",\"name\":\"Article - Stage Talence - LIGUE NOUVELLE AQUITAINE\",\"isPartOf\":{\"@id\":\"https:\\\/\\\/nouvelleaquitaine-handball.org\\\/#website\"},\"primaryImageOfPage\":{\"@id\":\"https:\\\/\\\/nouvelleaquitaine-handball.org\\\/index.php\\\/article-stage-talence\\\/#primaryimage\"},\"image\":{\"@id\":\"https:\\\/\\\/nouvelleaquitaine-handball.org\\\/index.php\\\/article-stage-talence\\\/#primaryimage\"},\"thumbnailUrl\":\"http:\\\/\\\/nouvelleaquitaine-handball.org\\\/wp-content\\\/uploads\\\/2024\\\/11\\\/IMG_2366-768x1024.png\",\"datePublished\":\"2024-11-19T13:35:58+00:00\",\"dateModified\":\"2024-11-19T13:38:39+00:00\",\"breadcrumb\":{\"@id\":\"https:\\\/\\\/nouvelleaquitaine-handball.org\\\/index.php\\\/article-stage-talence\\\/#breadcrumb\"},\"inLanguage\":\"fr-FR\",\"potentialAction\":[{\"@type\":\"ReadAction\",\"target\":[\"https:\\\/\\\/nouvelleaquitaine-handball.org\\\/index.php\\\/article-stage-talence\\\/\"]}]},{\"@type\":\"ImageObject\",\"inLanguage\":\"fr-FR\",\"@id\":\"https:\\\/\\\/nouvelleaquitaine-handball.org\\\/index.php\\\/article-stage-talence\\\/#primaryimage\",\"url\":\"https:\\\/\\\/i0.wp.com\\\/nouvelleaquitaine-handball.org\\\/wp-content\\\/uploads\\\/2024\\\/11\\\/IMG_2366.png?fit=3024%2C4032&ssl=1\",\"contentUrl\":\"https:\\\/\\\/i0.wp.com\\\/nouvelleaquitaine-handball.org\\\/wp-content\\\/uploads\\\/2024\\\/11\\\/IMG_2366.png?fit=3024%2C4032&ssl=1\",\"width\":3024,\"height\":4032},{\"@type\":\"BreadcrumbList\",\"@id\":\"https:\\\/\\\/nouvelleaquitaine-handball.org\\\/index.php\\\/article-stage-talence\\\/#breadcrumb\",\"itemListElement\":[{\"@type\":\"ListItem\",\"position\":1,\"name\":\"Accueil\",\"item\":\"https:\\\/\\\/nouvelleaquitaine-handball.org\\\/\"},{\"@type\":\"ListItem\",\"position\":2,\"name\":\"Article &#8211; Stage Talence\"}]},{\"@type\":\"WebSite\",\"@id\":\"https:\\\/\\\/nouvelleaquitaine-handball.org\\\/#website\",\"url\":\"https:\\\/\\\/nouvelleaquitaine-handball.org\\\/\",\"name\":\"LIGUE NOUVELLE AQUITAINE\",\"description\":\"FFHANDBALL\",\"potentialAction\":[{\"@type\":\"SearchAction\",\"target\":{\"@type\":\"EntryPoint\",\"urlTemplate\":\"https:\\\/\\\/nouvelleaquitaine-handball.org\\\/?s={search_term_string}\"},\"query-input\":{\"@type\":\"PropertyValueSpecification\",\"valueRequired\":true,\"valueName\":\"search_term_string\"}}],\"inLanguage\":\"fr-FR\"}]}<\/script>\n<!-- \/ Yoast SEO plugin. -->","yoast_head_json":{"title":"Article - Stage Talence - LIGUE NOUVELLE AQUITAINE","robots":{"index":"index","follow":"follow","max-snippet":"max-snippet:-1","max-image-preview":"max-image-preview:large","max-video-preview":"max-video-preview:-1"},"canonical":"https:\/\/nouvelleaquitaine-handball.org\/index.php\/article-stage-talence\/","og_locale":"fr_FR","og_type":"article","og_title":"Article - Stage Talence - LIGUE NOUVELLE AQUITAINE","og_description":"RETOUR SUR LE STAGE DE PERFECTIONNEMENT DES P\u00d4LISTES \u00c0 TALENCE Du 28 [&hellip;]","og_url":"https:\/\/nouvelleaquitaine-handball.org\/index.php\/article-stage-talence\/","og_site_name":"LIGUE NOUVELLE AQUITAINE","article_modified_time":"2024-11-19T13:38:39+00:00","og_image":[{"url":"http:\/\/nouvelleaquitaine-handball.org\/wp-content\/uploads\/2024\/11\/IMG_2366-768x1024.png","type":"","width":"","height":""}],"twitter_card":"summary_large_image","twitter_misc":{"Dur\u00e9e de lecture estim\u00e9e":"4 minutes"},"schema":{"@context":"https:\/\/schema.org","@graph":[{"@type":"WebPage","@id":"https:\/\/nouvelleaquitaine-handball.org\/index.php\/article-stage-talence\/","url":"https:\/\/nouvelleaquitaine-handball.org\/index.php\/article-stage-talence\/","name":"Article - Stage Talence - LIGUE NOUVELLE AQUITAINE","isPartOf":{"@id":"https:\/\/nouvelleaquitaine-handball.org\/#website"},"primaryImageOfPage":{"@id":"https:\/\/nouvelleaquitaine-handball.org\/index.php\/article-stage-talence\/#primaryimage"},"image":{"@id":"https:\/\/nouvelleaquitaine-handball.org\/index.php\/article-stage-talence\/#primaryimage"},"thumbnailUrl":"http:\/\/nouvelleaquitaine-handball.org\/wp-content\/uploads\/2024\/11\/IMG_2366-768x1024.png","datePublished":"2024-11-19T13:35:58+00:00","dateModified":"2024-11-19T13:38:39+00:00","breadcrumb":{"@id":"https:\/\/nouvelleaquitaine-handball.org\/index.php\/article-stage-talence\/#breadcrumb"},"inLanguage":"fr-FR","potentialAction":[{"@type":"ReadAction","target":["https:\/\/nouvelleaquitaine-handball.org\/index.php\/article-stage-talence\/"]}]},{"@type":"ImageObject","inLanguage":"fr-FR","@id":"https:\/\/nouvelleaquitaine-handball.org\/index.php\/article-stage-talence\/#primaryimage","url":"https:\/\/i0.wp.com\/nouvelleaquitaine-handball.org\/wp-content\/uploads\/2024\/11\/IMG_2366.png?fit=3024%2C4032&ssl=1","contentUrl":"https:\/\/i0.wp.com\/nouvelleaquitaine-handball.org\/wp-content\/uploads\/2024\/11\/IMG_2366.png?fit=3024%2C4032&ssl=1","width":3024,"height":4032},{"@type":"BreadcrumbList","@id":"https:\/\/nouvelleaquitaine-handball.org\/index.php\/article-stage-talence\/#breadcrumb","itemListElement":[{"@type":"ListItem","position":1,"name":"Accueil","item":"https:\/\/nouvelleaquitaine-handball.org\/"},{"@type":"ListItem","position":2,"name":"Article &#8211; Stage Talence"}]},{"@type":"WebSite","@id":"https:\/\/nouvelleaquitaine-handball.org\/#website","url":"https:\/\/nouvelleaquitaine-handball.org\/","name":"LIGUE NOUVELLE AQUITAINE","description":"FFHANDBALL","potentialAction":[{"@type":"SearchAction","target":{"@type":"EntryPoint","urlTemplate":"https:\/\/nouvelleaquitaine-handball.org\/?s={search_term_string}"},"query-input":{"@type":"PropertyValueSpecification","valueRequired":true,"valueName":"search_term_string"}}],"inLanguage":"fr-FR"}]}},"jetpack_sharing_enabled":true,"_links":{"self":[{"href":"https:\/\/nouvelleaquitaine-handball.org\/index.php\/wp-json\/wp\/v2\/pages\/8951","targetHints":{"allow":["GET"]}}],"collection":[{"href":"https:\/\/nouvelleaquitaine-handball.org\/index.php\/wp-json\/wp\/v2\/pages"}],"about":[{"href":"https:\/\/nouvelleaquitaine-handball.org\/index.php\/wp-json\/wp\/v2\/types\/page"}],"author":[{"embeddable":true,"href":"https:\/\/nouvelleaquitaine-handball.org\/index.php\/wp-json\/wp\/v2\/users\/2"}],"replies":[{"embeddable":true,"href":"https:\/\/nouvelleaquitaine-handball.org\/index.php\/wp-json\/wp\/v2\/comments?post=8951"}],"version-history":[{"count":7,"href":"https:\/\/nouvelleaquitaine-handball.org\/index.php\/wp-json\/wp\/v2\/pages\/8951\/revisions"}],"predecessor-version":[{"id":8965,"href":"https:\/\/nouvelleaquitaine-handball.org\/index.php\/wp-json\/wp\/v2\/pages\/8951\/revisions\/8965"}],"wp:attachment":[{"href":"https:\/\/nouvelleaquitaine-handball.org\/index.php\/wp-json\/wp\/v2\/media?parent=8951"}],"curies":[{"name":"wp","href":"https:\/\/api.w.org\/{rel}","templated":true}]}}