{"id":9123,"date":"2024-12-06T16:31:44","date_gmt":"2024-12-06T15:31:44","guid":{"rendered":"https:\/\/nouvelleaquitaine-handball.org\/?page_id=9123"},"modified":"2024-12-06T16:34:40","modified_gmt":"2024-12-06T15:34:40","slug":"article-euro-feminin","status":"publish","type":"page","link":"https:\/\/nouvelleaquitaine-handball.org\/index.php\/article-euro-feminin\/","title":{"rendered":"Article &#8211; Euro f\u00e9minin"},"content":{"rendered":"\t\t<div data-elementor-type=\"wp-page\" data-elementor-id=\"9123\" class=\"elementor elementor-9123\" data-elementor-post-type=\"page\">\n\t\t\t\t<div class=\"elementor-element elementor-element-cc6ca6f e-flex e-con-boxed e-con e-parent\" data-id=\"cc6ca6f\" data-element_type=\"container\" data-e-type=\"container\" data-settings=\"{&quot;_ob_use_container_extras&quot;:&quot;no&quot;,&quot;_ob_column_hoveranimator&quot;:&quot;no&quot;,&quot;_ob_glider_is_slider&quot;:&quot;no&quot;,&quot;_ob_column_has_pseudo&quot;:&quot;no&quot;}\">\n\t\t\t\t\t<div class=\"e-con-inner\">\n\t\t<div class=\"elementor-element elementor-element-a66409e e-con-full e-flex e-con e-child\" data-id=\"a66409e\" data-element_type=\"container\" data-e-type=\"container\" data-settings=\"{&quot;_ob_use_container_extras&quot;:&quot;no&quot;,&quot;_ob_column_hoveranimator&quot;:&quot;no&quot;,&quot;_ob_glider_is_slider&quot;:&quot;no&quot;,&quot;_ob_column_has_pseudo&quot;:&quot;no&quot;}\">\n\t\t\t\t<div class=\"elementor-element elementor-element-299ed2c ob-has-background-overlay elementor-widget elementor-widget-spacer\" data-id=\"299ed2c\" data-element_type=\"widget\" data-e-type=\"widget\" data-settings=\"{&quot;_ob_spacerat_use&quot;:&quot;no&quot;,&quot;_ob_widget_stalker_use&quot;:&quot;no&quot;,&quot;_ob_poopart_use&quot;:&quot;yes&quot;,&quot;_ob_shadough_use&quot;:&quot;no&quot;,&quot;_ob_allow_hoveranimator&quot;:&quot;no&quot;}\" data-widget_type=\"spacer.default\">\n\t\t\t\t<div class=\"elementor-widget-container\">\n\t\t\t\t\t\t\t<div class=\"elementor-spacer\">\n\t\t\t<div class=\"elementor-spacer-inner\"><\/div>\n\t\t<\/div>\n\t\t\t\t\t\t<\/div>\n\t\t\t\t<\/div>\n\t\t\t\t<div class=\"elementor-element elementor-element-fc2842e ob-harakiri-inherit ob-has-background-overlay elementor-widget elementor-widget-heading\" data-id=\"fc2842e\" data-element_type=\"widget\" data-e-type=\"widget\" data-settings=\"{&quot;_ob_use_harakiri&quot;:&quot;yes&quot;,&quot;_ob_harakiri_writing_mode&quot;:&quot;inherit&quot;,&quot;_ob_harakiri_text_clip&quot;:&quot;none&quot;,&quot;_ob_widget_stalker_use&quot;:&quot;no&quot;,&quot;_ob_poopart_use&quot;:&quot;yes&quot;,&quot;_ob_shadough_use&quot;:&quot;no&quot;,&quot;_ob_allow_hoveranimator&quot;:&quot;no&quot;}\" data-widget_type=\"heading.default\">\n\t\t\t\t<div class=\"elementor-widget-container\">\n\t\t\t\t\t<h2 class=\"elementor-heading-title elementor-size-default\"><p><strong>L'\u00e9quipe de france f\u00e9minine brille \u00e0 l'euro 2024<\/strong><span style=\"color: var( --e-global-color-a1bce93 );text-align: var(--text-align)\"><\/span><\/p><\/h2>\t\t\t\t<\/div>\n\t\t\t\t<\/div>\n\t\t\t\t<div class=\"elementor-element elementor-element-7d90475 elementor-widget-divider--view-line ob-has-background-overlay elementor-widget elementor-widget-divider\" data-id=\"7d90475\" data-element_type=\"widget\" data-e-type=\"widget\" data-settings=\"{&quot;_ob_widget_stalker_use&quot;:&quot;no&quot;,&quot;_ob_poopart_use&quot;:&quot;yes&quot;,&quot;_ob_shadough_use&quot;:&quot;no&quot;,&quot;_ob_allow_hoveranimator&quot;:&quot;no&quot;}\" data-widget_type=\"divider.default\">\n\t\t\t\t<div class=\"elementor-widget-container\">\n\t\t\t\t\t\t\t<div class=\"elementor-divider\">\n\t\t\t<span class=\"elementor-divider-separator\">\n\t\t\t\t\t\t<\/span>\n\t\t<\/div>\n\t\t\t\t\t\t<\/div>\n\t\t\t\t<\/div>\n\t\t\t\t<div class=\"elementor-element elementor-element-0bc5f31 ob-harakiri-inherit ob-has-background-overlay elementor-widget elementor-widget-text-editor\" data-id=\"0bc5f31\" data-element_type=\"widget\" data-e-type=\"widget\" data-settings=\"{&quot;_ob_use_harakiri&quot;:&quot;yes&quot;,&quot;_ob_harakiri_writing_mode&quot;:&quot;inherit&quot;,&quot;_ob_postman_use&quot;:&quot;no&quot;,&quot;_ob_widget_stalker_use&quot;:&quot;no&quot;,&quot;_ob_poopart_use&quot;:&quot;yes&quot;,&quot;_ob_shadough_use&quot;:&quot;no&quot;,&quot;_ob_allow_hoveranimator&quot;:&quot;no&quot;}\" data-widget_type=\"text-editor.default\">\n\t\t\t\t<div class=\"elementor-widget-container\">\n\t\t\t\t\t\t\t\t\t<p>Le Championnat d&#8217;Europe de handball f\u00e9minin 2024 est en plein essor, et l&#8217;\u00e9quipe de France s&#8217;impose comme l&#8217;une des grandes favorites. Apr\u00e8s un tour pr\u00e9liminaire sans faute, les Bleues continuent sur leur lanc\u00e9e dans le tour principal, affichant une performance solide et impressionnante.<\/p><p><b>R\u00e9sultats r\u00e9cents :<\/b><\/p><ul><li><strong>28 novembre :<\/strong> France 35 &#8211; 22 Pologne<\/li><li><strong>30 novembre :<\/strong> France 24 &#8211; 22 Espagne<\/li><li><strong>2 d\u00e9cembre :<\/strong> France 28 &#8211; 16 Portugal<\/li><li><strong>5 d\u00e9cembre :<\/strong> France 30 &#8211; 25 Roumanie<\/li><\/ul><p>Prochaines \u00e9tapes pour les Fran\u00e7aises :<\/p><ul><li><strong>6 d\u00e9cembre :<\/strong> France &#8211; Mont\u00e9n\u00e9gro (18h)<\/li><li><strong>8 d\u00e9cembre :<\/strong> Su\u00e8de &#8211; France (20h30)<\/li><li><strong>10 d\u00e9cembre :<\/strong> Hongrie &#8211; France (18h)<\/li><\/ul><p>\u00a0<\/p><p><strong>Le contexte de la comp\u00e9tition<\/strong><\/p><p>L&#8217;Euro 2024 rassemble les meilleures \u00e9quipes europ\u00e9ennes, et cette \u00e9dition voit une participation particuli\u00e8rement comp\u00e9titive. La France, qui compte d\u00e9j\u00e0 parmi ses succ\u00e8s des titres olympiques et mondiaux, vise \u00e0 confirmer sa supr\u00e9matie en Europe.<\/p><p>L&#8217;\u00e9quipe, men\u00e9e par des joueuses exp\u00e9riment\u00e9es et un staff technique rod\u00e9, mise sur une d\u00e9fense solide et une attaque percutante. Avec des performances d\u00e9cisives dans les premiers matchs, les Fran\u00e7aises se positionnent comme des pr\u00e9tendantes s\u00e9rieuses au titre<\/p><p><strong>\u00c0 ne pas manquer<\/strong><\/p><p>Le match contre le Mont\u00e9n\u00e9gro ce soir sera crucial pour conforter leur place en t\u00eate du groupe. Les matchs face \u00e0 la Su\u00e8de et la Hongrie d\u00e9termineront \u00e9galement si les Bleues acc\u00e8dent aux demi-finales en position de force.<\/p><p>Rendez-vous pour suivre l&#8217;aventure des Bleues et soutenir l&#8217;\u00e9quipe dans cette qu\u00eate europ\u00e9enne ! Pour plus d&#8217;informations sur le calendrier et les r\u00e9sultats complets, consultez :<\/p><ul><li><a href=\"https:\/\/www.cnews.fr\/sport\/2024-12-02\/euro-feminin-de-handball-2024-le-calendrier-et-les-resultats-complets-de-lequipe-de\" target=\"_blank\" rel=\"noopener\">CNEWS<\/a><\/li><li><a href=\"https:\/\/ehfeuro.eurohandball.com\/women\/2024\/\" target=\"_blank\" rel=\"noopener\">EHF EURO &#8211; Latest News and Results | EHF<\/a><\/li><li><a href=\"https:\/\/ehfeuro.eurohandball.com\/women\/2024\/\" target=\"_new\" rel=\"noopener\">EHF EURO 2024<\/a>.<\/li><\/ul><p><strong>TOUS DERRI\u00c8RE LES BLEUES<\/strong><\/p>\t\t\t\t\t\t\t\t<\/div>\n\t\t\t\t<\/div>\n\t\t\t\t<\/div>\n\t\t\t\t\t<\/div>\n\t\t\t\t<\/div>\n\t\t\t\t<\/div>\n\t\t","protected":false},"excerpt":{"rendered":"<p>L&#8217;\u00e9quipe de france f\u00e9minine brille \u00e0 l&#8217;euro 2024 Le Championnat d&#8217;Europe de [&hellip;]<\/p>\n","protected":false},"author":2,"featured_media":0,"parent":0,"menu_order":0,"comment_status":"closed","ping_status":"closed","template":"","meta":{"footnotes":""},"class_list":["post-9123","page","type-page","status-publish","hentry"],"yoast_head":"<!-- This site is optimized with the Yoast SEO plugin v27.6 - https:\/\/yoast.com\/product\/yoast-seo-wordpress\/ -->\n<title>Article - Euro f\u00e9minin - LIGUE NOUVELLE AQUITAINE<\/title>\n<meta name=\"robots\" content=\"index, follow, max-snippet:-1, max-image-preview:large, max-video-preview:-1\" \/>\n<link rel=\"canonical\" href=\"https:\/\/nouvelleaquitaine-handball.org\/index.php\/article-euro-feminin\/\" \/>\n<meta property=\"og:locale\" content=\"fr_FR\" \/>\n<meta property=\"og:type\" content=\"article\" \/>\n<meta property=\"og:title\" content=\"Article - Euro f\u00e9minin - LIGUE NOUVELLE AQUITAINE\" \/>\n<meta property=\"og:description\" content=\"L&#8217;\u00e9quipe de france f\u00e9minine brille \u00e0 l&#8217;euro 2024 Le Championnat d&#8217;Europe de [&hellip;]\" \/>\n<meta property=\"og:url\" content=\"https:\/\/nouvelleaquitaine-handball.org\/index.php\/article-euro-feminin\/\" \/>\n<meta property=\"og:site_name\" content=\"LIGUE NOUVELLE AQUITAINE\" \/>\n<meta property=\"article:modified_time\" content=\"2024-12-06T15:34:40+00:00\" \/>\n<meta name=\"twitter:card\" content=\"summary_large_image\" \/>\n<meta name=\"twitter:label1\" content=\"Dur\u00e9e de lecture estim\u00e9e\" \/>\n\t<meta name=\"twitter:data1\" content=\"2 minutes\" \/>\n<script type=\"application\/ld+json\" class=\"yoast-schema-graph\">{\"@context\":\"https:\\\/\\\/schema.org\",\"@graph\":[{\"@type\":\"WebPage\",\"@id\":\"https:\\\/\\\/nouvelleaquitaine-handball.org\\\/index.php\\\/article-euro-feminin\\\/\",\"url\":\"https:\\\/\\\/nouvelleaquitaine-handball.org\\\/index.php\\\/article-euro-feminin\\\/\",\"name\":\"Article - Euro f\u00e9minin - LIGUE NOUVELLE AQUITAINE\",\"isPartOf\":{\"@id\":\"https:\\\/\\\/nouvelleaquitaine-handball.org\\\/#website\"},\"datePublished\":\"2024-12-06T15:31:44+00:00\",\"dateModified\":\"2024-12-06T15:34:40+00:00\",\"breadcrumb\":{\"@id\":\"https:\\\/\\\/nouvelleaquitaine-handball.org\\\/index.php\\\/article-euro-feminin\\\/#breadcrumb\"},\"inLanguage\":\"fr-FR\",\"potentialAction\":[{\"@type\":\"ReadAction\",\"target\":[\"https:\\\/\\\/nouvelleaquitaine-handball.org\\\/index.php\\\/article-euro-feminin\\\/\"]}]},{\"@type\":\"BreadcrumbList\",\"@id\":\"https:\\\/\\\/nouvelleaquitaine-handball.org\\\/index.php\\\/article-euro-feminin\\\/#breadcrumb\",\"itemListElement\":[{\"@type\":\"ListItem\",\"position\":1,\"name\":\"Accueil\",\"item\":\"https:\\\/\\\/nouvelleaquitaine-handball.org\\\/\"},{\"@type\":\"ListItem\",\"position\":2,\"name\":\"Article &#8211; Euro f\u00e9minin\"}]},{\"@type\":\"WebSite\",\"@id\":\"https:\\\/\\\/nouvelleaquitaine-handball.org\\\/#website\",\"url\":\"https:\\\/\\\/nouvelleaquitaine-handball.org\\\/\",\"name\":\"LIGUE NOUVELLE AQUITAINE\",\"description\":\"FFHANDBALL\",\"potentialAction\":[{\"@type\":\"SearchAction\",\"target\":{\"@type\":\"EntryPoint\",\"urlTemplate\":\"https:\\\/\\\/nouvelleaquitaine-handball.org\\\/?s={search_term_string}\"},\"query-input\":{\"@type\":\"PropertyValueSpecification\",\"valueRequired\":true,\"valueName\":\"search_term_string\"}}],\"inLanguage\":\"fr-FR\"}]}<\/script>\n<!-- \/ Yoast SEO plugin. -->","yoast_head_json":{"title":"Article - Euro f\u00e9minin - LIGUE NOUVELLE AQUITAINE","robots":{"index":"index","follow":"follow","max-snippet":"max-snippet:-1","max-image-preview":"max-image-preview:large","max-video-preview":"max-video-preview:-1"},"canonical":"https:\/\/nouvelleaquitaine-handball.org\/index.php\/article-euro-feminin\/","og_locale":"fr_FR","og_type":"article","og_title":"Article - Euro f\u00e9minin - LIGUE NOUVELLE AQUITAINE","og_description":"L&#8217;\u00e9quipe de france f\u00e9minine brille \u00e0 l&#8217;euro 2024 Le Championnat d&#8217;Europe de [&hellip;]","og_url":"https:\/\/nouvelleaquitaine-handball.org\/index.php\/article-euro-feminin\/","og_site_name":"LIGUE NOUVELLE AQUITAINE","article_modified_time":"2024-12-06T15:34:40+00:00","twitter_card":"summary_large_image","twitter_misc":{"Dur\u00e9e de lecture estim\u00e9e":"2 minutes"},"schema":{"@context":"https:\/\/schema.org","@graph":[{"@type":"WebPage","@id":"https:\/\/nouvelleaquitaine-handball.org\/index.php\/article-euro-feminin\/","url":"https:\/\/nouvelleaquitaine-handball.org\/index.php\/article-euro-feminin\/","name":"Article - Euro f\u00e9minin - LIGUE NOUVELLE AQUITAINE","isPartOf":{"@id":"https:\/\/nouvelleaquitaine-handball.org\/#website"},"datePublished":"2024-12-06T15:31:44+00:00","dateModified":"2024-12-06T15:34:40+00:00","breadcrumb":{"@id":"https:\/\/nouvelleaquitaine-handball.org\/index.php\/article-euro-feminin\/#breadcrumb"},"inLanguage":"fr-FR","potentialAction":[{"@type":"ReadAction","target":["https:\/\/nouvelleaquitaine-handball.org\/index.php\/article-euro-feminin\/"]}]},{"@type":"BreadcrumbList","@id":"https:\/\/nouvelleaquitaine-handball.org\/index.php\/article-euro-feminin\/#breadcrumb","itemListElement":[{"@type":"ListItem","position":1,"name":"Accueil","item":"https:\/\/nouvelleaquitaine-handball.org\/"},{"@type":"ListItem","position":2,"name":"Article &#8211; Euro f\u00e9minin"}]},{"@type":"WebSite","@id":"https:\/\/nouvelleaquitaine-handball.org\/#website","url":"https:\/\/nouvelleaquitaine-handball.org\/","name":"LIGUE NOUVELLE AQUITAINE","description":"FFHANDBALL","potentialAction":[{"@type":"SearchAction","target":{"@type":"EntryPoint","urlTemplate":"https:\/\/nouvelleaquitaine-handball.org\/?s={search_term_string}"},"query-input":{"@type":"PropertyValueSpecification","valueRequired":true,"valueName":"search_term_string"}}],"inLanguage":"fr-FR"}]}},"jetpack_sharing_enabled":true,"_links":{"self":[{"href":"https:\/\/nouvelleaquitaine-handball.org\/index.php\/wp-json\/wp\/v2\/pages\/9123","targetHints":{"allow":["GET"]}}],"collection":[{"href":"https:\/\/nouvelleaquitaine-handball.org\/index.php\/wp-json\/wp\/v2\/pages"}],"about":[{"href":"https:\/\/nouvelleaquitaine-handball.org\/index.php\/wp-json\/wp\/v2\/types\/page"}],"author":[{"embeddable":true,"href":"https:\/\/nouvelleaquitaine-handball.org\/index.php\/wp-json\/wp\/v2\/users\/2"}],"replies":[{"embeddable":true,"href":"https:\/\/nouvelleaquitaine-handball.org\/index.php\/wp-json\/wp\/v2\/comments?post=9123"}],"version-history":[{"count":8,"href":"https:\/\/nouvelleaquitaine-handball.org\/index.php\/wp-json\/wp\/v2\/pages\/9123\/revisions"}],"predecessor-version":[{"id":9319,"href":"https:\/\/nouvelleaquitaine-handball.org\/index.php\/wp-json\/wp\/v2\/pages\/9123\/revisions\/9319"}],"wp:attachment":[{"href":"https:\/\/nouvelleaquitaine-handball.org\/index.php\/wp-json\/wp\/v2\/media?parent=9123"}],"curies":[{"name":"wp","href":"https:\/\/api.w.org\/{rel}","templated":true}]}}