{"id":93,"date":"2022-04-26T18:03:38","date_gmt":"2022-04-26T16:03:38","guid":{"rendered":"http:\/\/dev.nouvelleaquitaine-handball.org\/?page_id=93"},"modified":"2022-05-26T17:17:23","modified_gmt":"2022-05-26T15:17:23","slug":"se-licencier","status":"publish","type":"page","link":"https:\/\/nouvelleaquitaine-handball.org\/index.php\/pratiquer-le-handball\/se-licencier\/","title":{"rendered":"Se licencier"},"content":{"rendered":"\t\t<div data-elementor-type=\"wp-page\" data-elementor-id=\"93\" class=\"elementor elementor-93\" data-elementor-post-type=\"page\">\n\t\t\t\t\t\t<section class=\"elementor-section elementor-top-section elementor-element elementor-element-7af1464 elementor-section-boxed elementor-section-height-default elementor-section-height-default\" data-id=\"7af1464\" data-element_type=\"section\" data-e-type=\"section\" data-settings=\"{&quot;_ob_glider_is_slider&quot;:&quot;no&quot;}\">\n\t\t\t\t\t\t<div class=\"elementor-container elementor-column-gap-default\">\n\t\t\t\t\t<div class=\"elementor-column elementor-col-100 elementor-top-column elementor-element elementor-element-e6d6280\" data-id=\"e6d6280\" data-element_type=\"column\" data-e-type=\"column\" data-settings=\"{&quot;_ob_column_hoveranimator&quot;:&quot;no&quot;,&quot;_ob_column_has_pseudo&quot;:&quot;no&quot;}\">\n\t\t\t<div class=\"elementor-widget-wrap elementor-element-populated\">\n\t\t\t\t\t\t<div class=\"elementor-element elementor-element-b0c0fd8 ob-harakiri-inherit ob-has-background-overlay elementor-widget elementor-widget-text-editor\" data-id=\"b0c0fd8\" data-element_type=\"widget\" data-e-type=\"widget\" data-settings=\"{&quot;_ob_use_harakiri&quot;:&quot;yes&quot;,&quot;_ob_harakiri_writing_mode&quot;:&quot;inherit&quot;,&quot;_ob_postman_use&quot;:&quot;no&quot;,&quot;_ob_widget_stalker_use&quot;:&quot;no&quot;,&quot;_ob_poopart_use&quot;:&quot;yes&quot;,&quot;_ob_shadough_use&quot;:&quot;no&quot;,&quot;_ob_allow_hoveranimator&quot;:&quot;no&quot;}\" data-widget_type=\"text-editor.default\">\n\t\t\t\t<div class=\"elementor-widget-container\">\n\t\t\t\t\t\t\t\t\t<p>Pour prendre part \u00e0 un match organis\u00e9 par la F\u00e9d\u00e9ration, une ligue r\u00e9gionale, un comit\u00e9 d\u00e9partemental ou exercer une responsabilit\u00e9 officiellement reconnue (dirigeant, entra\u00eeneur, arbitre, manager\u2026) dans un club affili\u00e9, un comit\u00e9, il faut \u00eatre titulaire d\u2019une licence de la FFHB, r\u00e9guli\u00e8rement \u00e9tablie au mill\u00e9sime de la saison en cours.<\/p><p>A l\u2019exception des licences mention \u00ab ind\u00e9pendant \u00bb, la licence n\u2019est accord\u00e9e que si l\u2019int\u00e9ress\u00e9 est membre d\u2019un club affili\u00e9 \u00e0 la F\u00e9d\u00e9ration.<\/p><p><strong>Comment se licencier ?<\/strong><\/p><p>Pour obtenir une licence et devenir un membre de la famille handball, il faut s\u2019inscrire dans un des 2400 clubs, et remplir un bulletin d\u2019adh\u00e9sion \u00e0 la F\u00e9d\u00e9ration Fran\u00e7aise de Handball.<\/p><p>Si vous ne connaissez pas de clubs pr\u00e8s de chez vous, il vous suffit de contacter votre comit\u00e9 ou votre ligue. Et pour aller plus vite, vous pouvez le trouver en regardant sur notre site dans la rubrique <a href=\"https:\/\/nouvelleaquitaine-handball.org\/carte-club-handball-aquitaine\/\">\u00ab\u00a0Cherchez un club\u00a0\u00bb<\/a>.<\/p><p>\u00a0<\/p><p><a href=\"https:\/\/www.ffhandball.fr\/fr\/vie-des-clubs\/jouer\/liste-des-pratiques\">Liste des Pratiques<\/a><\/p><p><a href=\"https:\/\/www.mma-assurance-sports.fr\/ffhandball\/index.php\">Assurance<\/a><\/p>\t\t\t\t\t\t\t\t<\/div>\n\t\t\t\t<\/div>\n\t\t\t\t\t<\/div>\n\t\t<\/div>\n\t\t\t\t\t<\/div>\n\t\t<\/section>\n\t\t\t\t<\/div>\n\t\t","protected":false},"excerpt":{"rendered":"<p>Pour prendre part \u00e0 un match organis\u00e9 par la F\u00e9d\u00e9ration, une ligue [&hellip;]<\/p>\n","protected":false},"author":1,"featured_media":0,"parent":13,"menu_order":0,"comment_status":"closed","ping_status":"closed","template":"","meta":{"footnotes":""},"class_list":["post-93","page","type-page","status-publish","hentry"],"yoast_head":"<!-- This site is optimized with the Yoast SEO plugin v27.3 - https:\/\/yoast.com\/product\/yoast-seo-wordpress\/ -->\n<title>Se licencier - LIGUE NOUVELLE AQUITAINE<\/title>\n<meta name=\"robots\" content=\"index, follow, max-snippet:-1, max-image-preview:large, max-video-preview:-1\" \/>\n<link rel=\"canonical\" href=\"https:\/\/nouvelleaquitaine-handball.org\/index.php\/pratiquer-le-handball\/se-licencier\/\" \/>\n<meta property=\"og:locale\" content=\"fr_FR\" \/>\n<meta property=\"og:type\" content=\"article\" \/>\n<meta property=\"og:title\" content=\"Se licencier - LIGUE NOUVELLE AQUITAINE\" \/>\n<meta property=\"og:description\" content=\"Pour prendre part \u00e0 un match organis\u00e9 par la F\u00e9d\u00e9ration, une ligue [&hellip;]\" \/>\n<meta property=\"og:url\" content=\"https:\/\/nouvelleaquitaine-handball.org\/index.php\/pratiquer-le-handball\/se-licencier\/\" \/>\n<meta property=\"og:site_name\" content=\"LIGUE NOUVELLE AQUITAINE\" \/>\n<meta property=\"article:modified_time\" content=\"2022-05-26T15:17:23+00:00\" \/>\n<meta name=\"twitter:card\" content=\"summary_large_image\" \/>\n<meta name=\"twitter:label1\" content=\"Dur\u00e9e de lecture estim\u00e9e\" \/>\n\t<meta name=\"twitter:data1\" content=\"1 minute\" \/>\n<script type=\"application\/ld+json\" class=\"yoast-schema-graph\">{\"@context\":\"https:\\\/\\\/schema.org\",\"@graph\":[{\"@type\":\"WebPage\",\"@id\":\"https:\\\/\\\/nouvelleaquitaine-handball.org\\\/index.php\\\/pratiquer-le-handball\\\/se-licencier\\\/\",\"url\":\"https:\\\/\\\/nouvelleaquitaine-handball.org\\\/index.php\\\/pratiquer-le-handball\\\/se-licencier\\\/\",\"name\":\"Se licencier - LIGUE NOUVELLE AQUITAINE\",\"isPartOf\":{\"@id\":\"https:\\\/\\\/nouvelleaquitaine-handball.org\\\/#website\"},\"datePublished\":\"2022-04-26T16:03:38+00:00\",\"dateModified\":\"2022-05-26T15:17:23+00:00\",\"breadcrumb\":{\"@id\":\"https:\\\/\\\/nouvelleaquitaine-handball.org\\\/index.php\\\/pratiquer-le-handball\\\/se-licencier\\\/#breadcrumb\"},\"inLanguage\":\"fr-FR\",\"potentialAction\":[{\"@type\":\"ReadAction\",\"target\":[\"https:\\\/\\\/nouvelleaquitaine-handball.org\\\/index.php\\\/pratiquer-le-handball\\\/se-licencier\\\/\"]}]},{\"@type\":\"BreadcrumbList\",\"@id\":\"https:\\\/\\\/nouvelleaquitaine-handball.org\\\/index.php\\\/pratiquer-le-handball\\\/se-licencier\\\/#breadcrumb\",\"itemListElement\":[{\"@type\":\"ListItem\",\"position\":1,\"name\":\"Accueil\",\"item\":\"https:\\\/\\\/nouvelleaquitaine-handball.org\\\/\"},{\"@type\":\"ListItem\",\"position\":2,\"name\":\"Pratiquer le handball\",\"item\":\"https:\\\/\\\/nouvelleaquitaine-handball.org\\\/index.php\\\/pratiquer-le-handball\\\/\"},{\"@type\":\"ListItem\",\"position\":3,\"name\":\"Se licencier\"}]},{\"@type\":\"WebSite\",\"@id\":\"https:\\\/\\\/nouvelleaquitaine-handball.org\\\/#website\",\"url\":\"https:\\\/\\\/nouvelleaquitaine-handball.org\\\/\",\"name\":\"LIGUE NOUVELLE AQUITAINE\",\"description\":\"FFHANDBALL\",\"potentialAction\":[{\"@type\":\"SearchAction\",\"target\":{\"@type\":\"EntryPoint\",\"urlTemplate\":\"https:\\\/\\\/nouvelleaquitaine-handball.org\\\/?s={search_term_string}\"},\"query-input\":{\"@type\":\"PropertyValueSpecification\",\"valueRequired\":true,\"valueName\":\"search_term_string\"}}],\"inLanguage\":\"fr-FR\"}]}<\/script>\n<!-- \/ Yoast SEO plugin. -->","yoast_head_json":{"title":"Se licencier - LIGUE NOUVELLE AQUITAINE","robots":{"index":"index","follow":"follow","max-snippet":"max-snippet:-1","max-image-preview":"max-image-preview:large","max-video-preview":"max-video-preview:-1"},"canonical":"https:\/\/nouvelleaquitaine-handball.org\/index.php\/pratiquer-le-handball\/se-licencier\/","og_locale":"fr_FR","og_type":"article","og_title":"Se licencier - LIGUE NOUVELLE AQUITAINE","og_description":"Pour prendre part \u00e0 un match organis\u00e9 par la F\u00e9d\u00e9ration, une ligue [&hellip;]","og_url":"https:\/\/nouvelleaquitaine-handball.org\/index.php\/pratiquer-le-handball\/se-licencier\/","og_site_name":"LIGUE NOUVELLE AQUITAINE","article_modified_time":"2022-05-26T15:17:23+00:00","twitter_card":"summary_large_image","twitter_misc":{"Dur\u00e9e de lecture estim\u00e9e":"1 minute"},"schema":{"@context":"https:\/\/schema.org","@graph":[{"@type":"WebPage","@id":"https:\/\/nouvelleaquitaine-handball.org\/index.php\/pratiquer-le-handball\/se-licencier\/","url":"https:\/\/nouvelleaquitaine-handball.org\/index.php\/pratiquer-le-handball\/se-licencier\/","name":"Se licencier - LIGUE NOUVELLE AQUITAINE","isPartOf":{"@id":"https:\/\/nouvelleaquitaine-handball.org\/#website"},"datePublished":"2022-04-26T16:03:38+00:00","dateModified":"2022-05-26T15:17:23+00:00","breadcrumb":{"@id":"https:\/\/nouvelleaquitaine-handball.org\/index.php\/pratiquer-le-handball\/se-licencier\/#breadcrumb"},"inLanguage":"fr-FR","potentialAction":[{"@type":"ReadAction","target":["https:\/\/nouvelleaquitaine-handball.org\/index.php\/pratiquer-le-handball\/se-licencier\/"]}]},{"@type":"BreadcrumbList","@id":"https:\/\/nouvelleaquitaine-handball.org\/index.php\/pratiquer-le-handball\/se-licencier\/#breadcrumb","itemListElement":[{"@type":"ListItem","position":1,"name":"Accueil","item":"https:\/\/nouvelleaquitaine-handball.org\/"},{"@type":"ListItem","position":2,"name":"Pratiquer le handball","item":"https:\/\/nouvelleaquitaine-handball.org\/index.php\/pratiquer-le-handball\/"},{"@type":"ListItem","position":3,"name":"Se licencier"}]},{"@type":"WebSite","@id":"https:\/\/nouvelleaquitaine-handball.org\/#website","url":"https:\/\/nouvelleaquitaine-handball.org\/","name":"LIGUE NOUVELLE AQUITAINE","description":"FFHANDBALL","potentialAction":[{"@type":"SearchAction","target":{"@type":"EntryPoint","urlTemplate":"https:\/\/nouvelleaquitaine-handball.org\/?s={search_term_string}"},"query-input":{"@type":"PropertyValueSpecification","valueRequired":true,"valueName":"search_term_string"}}],"inLanguage":"fr-FR"}]}},"jetpack_sharing_enabled":true,"_links":{"self":[{"href":"https:\/\/nouvelleaquitaine-handball.org\/index.php\/wp-json\/wp\/v2\/pages\/93","targetHints":{"allow":["GET"]}}],"collection":[{"href":"https:\/\/nouvelleaquitaine-handball.org\/index.php\/wp-json\/wp\/v2\/pages"}],"about":[{"href":"https:\/\/nouvelleaquitaine-handball.org\/index.php\/wp-json\/wp\/v2\/types\/page"}],"author":[{"embeddable":true,"href":"https:\/\/nouvelleaquitaine-handball.org\/index.php\/wp-json\/wp\/v2\/users\/1"}],"replies":[{"embeddable":true,"href":"https:\/\/nouvelleaquitaine-handball.org\/index.php\/wp-json\/wp\/v2\/comments?post=93"}],"version-history":[{"count":7,"href":"https:\/\/nouvelleaquitaine-handball.org\/index.php\/wp-json\/wp\/v2\/pages\/93\/revisions"}],"predecessor-version":[{"id":1024,"href":"https:\/\/nouvelleaquitaine-handball.org\/index.php\/wp-json\/wp\/v2\/pages\/93\/revisions\/1024"}],"up":[{"embeddable":true,"href":"https:\/\/nouvelleaquitaine-handball.org\/index.php\/wp-json\/wp\/v2\/pages\/13"}],"wp:attachment":[{"href":"https:\/\/nouvelleaquitaine-handball.org\/index.php\/wp-json\/wp\/v2\/media?parent=93"}],"curies":[{"name":"wp","href":"https:\/\/api.w.org\/{rel}","templated":true}]}}