{"id":9317,"date":"2024-12-30T11:40:24","date_gmt":"2024-12-30T10:40:24","guid":{"rendered":"https:\/\/nouvelleaquitaine-handball.org\/?page_id=9317"},"modified":"2024-12-30T11:51:00","modified_gmt":"2024-12-30T10:51:00","slug":"article-protocole-carton-blanc","status":"publish","type":"page","link":"https:\/\/nouvelleaquitaine-handball.org\/index.php\/article-protocole-carton-blanc\/","title":{"rendered":"Article &#8211; Protocole carton blanc"},"content":{"rendered":"\t\t<div data-elementor-type=\"wp-page\" data-elementor-id=\"9317\" class=\"elementor elementor-9317\" data-elementor-post-type=\"page\">\n\t\t\t\t<div class=\"elementor-element elementor-element-8dae8a0 e-flex e-con-boxed e-con e-parent\" data-id=\"8dae8a0\" data-element_type=\"container\" data-e-type=\"container\" data-settings=\"{&quot;_ob_use_container_extras&quot;:&quot;no&quot;,&quot;_ob_column_hoveranimator&quot;:&quot;no&quot;,&quot;_ob_glider_is_slider&quot;:&quot;no&quot;,&quot;_ob_column_has_pseudo&quot;:&quot;no&quot;}\">\n\t\t\t\t\t<div class=\"e-con-inner\">\n\t\t<div class=\"elementor-element elementor-element-63ec366 e-con-full e-flex e-con e-child\" data-id=\"63ec366\" data-element_type=\"container\" data-e-type=\"container\" data-settings=\"{&quot;_ob_use_container_extras&quot;:&quot;no&quot;,&quot;_ob_column_hoveranimator&quot;:&quot;no&quot;,&quot;_ob_glider_is_slider&quot;:&quot;no&quot;,&quot;_ob_column_has_pseudo&quot;:&quot;no&quot;}\">\n\t\t\t\t<div class=\"elementor-element elementor-element-5830775 ob-has-background-overlay elementor-widget elementor-widget-spacer\" data-id=\"5830775\" data-element_type=\"widget\" data-e-type=\"widget\" data-settings=\"{&quot;_ob_spacerat_use&quot;:&quot;no&quot;,&quot;_ob_widget_stalker_use&quot;:&quot;no&quot;,&quot;_ob_poopart_use&quot;:&quot;yes&quot;,&quot;_ob_shadough_use&quot;:&quot;no&quot;,&quot;_ob_allow_hoveranimator&quot;:&quot;no&quot;}\" data-widget_type=\"spacer.default\">\n\t\t\t\t<div class=\"elementor-widget-container\">\n\t\t\t\t\t\t\t<div class=\"elementor-spacer\">\n\t\t\t<div class=\"elementor-spacer-inner\"><\/div>\n\t\t<\/div>\n\t\t\t\t\t\t<\/div>\n\t\t\t\t<\/div>\n\t\t\t\t<div class=\"elementor-element elementor-element-1668da0 ob-harakiri-inherit ob-has-background-overlay elementor-widget elementor-widget-heading\" data-id=\"1668da0\" data-element_type=\"widget\" data-e-type=\"widget\" data-settings=\"{&quot;_ob_use_harakiri&quot;:&quot;yes&quot;,&quot;_ob_harakiri_writing_mode&quot;:&quot;inherit&quot;,&quot;_ob_harakiri_text_clip&quot;:&quot;none&quot;,&quot;_ob_widget_stalker_use&quot;:&quot;no&quot;,&quot;_ob_poopart_use&quot;:&quot;yes&quot;,&quot;_ob_shadough_use&quot;:&quot;no&quot;,&quot;_ob_allow_hoveranimator&quot;:&quot;no&quot;}\" data-widget_type=\"heading.default\">\n\t\t\t\t<div class=\"elementor-widget-container\">\n\t\t\t\t\t<h2 class=\"elementor-heading-title elementor-size-default\"><p><strong style=\"text-align: var(--text-align)\">mise en place du protocole \"carton blanc\"<\/strong><\/p><p><span style=\"text-align: var(--text-align)\"><\/span><\/p><\/h2>\t\t\t\t<\/div>\n\t\t\t\t<\/div>\n\t\t\t\t<div class=\"elementor-element elementor-element-ea97463 elementor-widget-divider--view-line ob-has-background-overlay elementor-widget elementor-widget-divider\" data-id=\"ea97463\" data-element_type=\"widget\" data-e-type=\"widget\" data-settings=\"{&quot;_ob_widget_stalker_use&quot;:&quot;no&quot;,&quot;_ob_poopart_use&quot;:&quot;yes&quot;,&quot;_ob_shadough_use&quot;:&quot;no&quot;,&quot;_ob_allow_hoveranimator&quot;:&quot;no&quot;}\" data-widget_type=\"divider.default\">\n\t\t\t\t<div class=\"elementor-widget-container\">\n\t\t\t\t\t\t\t<div class=\"elementor-divider\">\n\t\t\t<span class=\"elementor-divider-separator\">\n\t\t\t\t\t\t<\/span>\n\t\t<\/div>\n\t\t\t\t\t\t<\/div>\n\t\t\t\t<\/div>\n\t\t\t\t<div class=\"elementor-element elementor-element-0203915 ob-harakiri-inherit ob-has-background-overlay elementor-widget elementor-widget-text-editor\" data-id=\"0203915\" data-element_type=\"widget\" data-e-type=\"widget\" data-settings=\"{&quot;_ob_use_harakiri&quot;:&quot;yes&quot;,&quot;_ob_harakiri_writing_mode&quot;:&quot;inherit&quot;,&quot;_ob_postman_use&quot;:&quot;no&quot;,&quot;_ob_widget_stalker_use&quot;:&quot;no&quot;,&quot;_ob_poopart_use&quot;:&quot;yes&quot;,&quot;_ob_shadough_use&quot;:&quot;no&quot;,&quot;_ob_allow_hoveranimator&quot;:&quot;no&quot;}\" data-widget_type=\"text-editor.default\">\n\t\t\t\t<div class=\"elementor-widget-container\">\n\t\t\t\t\t\t\t\t\t<p>La F\u00e9d\u00e9ration Fran\u00e7aise de Handball innove avec l\u2019introduction du <strong>carton blanc<\/strong>, une mesure pr\u00e9ventive d\u00e9di\u00e9e \u00e0 la gestion des suspicions de commotion c\u00e9r\u00e9brale sur le terrain. Ce dispositif, con\u00e7u par le service m\u00e9dical de la FFHandball, est mis en \u0153uvre d\u00e8s cette saison dans les championnats nationaux et territoriaux (hors secteur professionnel).<\/p><p><strong>Les objectifs du carton blanc<\/strong><\/p><p>Cette initiative repose sur plusieurs axes majeurs :<\/p><ul><li><strong>Prot\u00e9ger la sant\u00e9 des joueurs<\/strong>, notamment les mineurs, en pr\u00e9venant les risques li\u00e9s aux commotions c\u00e9r\u00e9brales.<\/li><li><strong>Sensibiliser \u00e0 l\u2019importance des signaux d\u2019alerte<\/strong>, notamment pour \u00e9viter les complications du \u00ab second impact \u00bb.<\/li><li><strong>\u00c9duquer et responsabiliser tous les acteurs<\/strong> : joueurs, entra\u00eeneurs, juges arbitres, parents, et accompagnateurs.<\/li><li><strong>Uniformiser l\u2019approche sur tous les niveaux de jeu<\/strong>, quelle que soit la configuration d\u2019arbitrage.<\/li><li><strong>Collecter des donn\u00e9es objectives<\/strong>, pour \u00e9valuer et affiner les pratiques li\u00e9es aux traumatismes cr\u00e2niens.<\/li><\/ul><p><strong>Comment fonctionne le protocole ?<\/strong><\/p><p>En cas de suspicion de commotion c\u00e9r\u00e9brale pendant un match :<\/p><ol><li><strong>Le juge arbitre interrompt le jeu<\/strong> et pr\u00e9sente un <strong>carton blanc<\/strong>. Cela permet l\u2019intervention de deux personnes autoris\u00e9es sur le terrain (ex. : kin\u00e9sith\u00e9rapeute, officiel responsable).<\/li><li><strong>L\u2019officiel responsable d\u00e9cide de la reprise ou non du joueur<\/strong> en fonction des sympt\u00f4mes constat\u00e9s.<\/li><li><strong>Consignation des informations<\/strong> sur la Feuille de Match \u00e9lectronique (FdMe) : nom du joueur, nature du choc, d\u00e9cision prise.<\/li><li>Dans les <strong>24 \u00e0 48 heures suivant le match<\/strong>, un courriel est envoy\u00e9 au joueur (ou \u00e0 ses repr\u00e9sentants l\u00e9gaux s\u2019il est mineur), recommandant une consultation m\u00e9dicale sp\u00e9cialis\u00e9e.<\/li><\/ol><p><strong>Un dispositif exp\u00e9rimental<\/strong><\/p><p>Pour cette saison, aucune interdiction de jouer les matchs suivants n\u2019est syst\u00e9matiquement appliqu\u00e9e, sauf en cas de contre-indication m\u00e9dicale. L\u2019objectif est d\u2019instaurer une approche pr\u00e9ventive et \u00e9ducative avant d\u2019envisager des mesures plus restrictives.<\/p><p>Les clubs peuvent retrouver une vid\u00e9o explicative ainsi que des supports d\u00e9taill\u00e9s sur l\u2019espace partag\u00e9 OneDrive de la FFHandball (r\u00e9f\u00e9rences disponibles via le courriel envoy\u00e9 en d\u00e9but de saison).<\/p><p>Avec ce protocole, la F\u00e9d\u00e9ration Fran\u00e7aise de Handball d\u00e9montre son engagement en faveur de la sant\u00e9 et du bien-\u00eatre des athl\u00e8tes.<\/p><p><strong>Ensemble, agissons pour un handball plus s\u00fbr !<\/strong><\/p>\t\t\t\t\t\t\t\t<\/div>\n\t\t\t\t<\/div>\n\t\t\t\t<\/div>\n\t\t\t\t\t<\/div>\n\t\t\t\t<\/div>\n\t\t<div class=\"elementor-element elementor-element-dac6a0e e-flex e-con-boxed e-con e-parent\" data-id=\"dac6a0e\" data-element_type=\"container\" data-e-type=\"container\" data-settings=\"{&quot;_ob_use_container_extras&quot;:&quot;no&quot;,&quot;_ob_column_hoveranimator&quot;:&quot;no&quot;,&quot;_ob_glider_is_slider&quot;:&quot;no&quot;,&quot;_ob_column_has_pseudo&quot;:&quot;no&quot;}\">\n\t\t\t\t\t<div class=\"e-con-inner\">\n\t\t\t\t<div class=\"elementor-element elementor-element-74fcdf9 ob-has-background-overlay elementor-widget elementor-widget-image\" data-id=\"74fcdf9\" data-element_type=\"widget\" data-e-type=\"widget\" data-settings=\"{&quot;_ob_photomorph_use&quot;:&quot;no&quot;,&quot;_ob_widget_stalker_use&quot;:&quot;no&quot;,&quot;_ob_poopart_use&quot;:&quot;yes&quot;,&quot;_ob_shadough_use&quot;:&quot;no&quot;,&quot;_ob_allow_hoveranimator&quot;:&quot;no&quot;}\" data-widget_type=\"image.default\">\n\t\t\t\t<div class=\"elementor-widget-container\">\n\t\t\t\t\t\t\t\t\t\t\t\t\t\t\t<img fetchpriority=\"high\" decoding=\"async\" width=\"640\" height=\"960\" src=\"https:\/\/i0.wp.com\/nouvelleaquitaine-handball.org\/wp-content\/uploads\/2024\/12\/Affiche-HB-_-Commot%C2%B0-Cerebrale.jpg.webp?fit=640%2C960&amp;ssl=1\" class=\"attachment-medium_large size-medium_large wp-image-9321\" alt=\"\" \/>\t\t\t\t\t\t\t\t\t\t\t\t\t\t\t<\/div>\n\t\t\t\t<\/div>\n\t\t\t\t\t<\/div>\n\t\t\t\t<\/div>\n\t\t\t\t<\/div>\n\t\t","protected":false},"excerpt":{"rendered":"<p>mise en place du protocole &#8220;carton blanc&#8221; La F\u00e9d\u00e9ration Fran\u00e7aise de Handball [&hellip;]<\/p>\n","protected":false},"author":2,"featured_media":0,"parent":0,"menu_order":0,"comment_status":"closed","ping_status":"closed","template":"","meta":{"footnotes":""},"class_list":["post-9317","page","type-page","status-publish","hentry"],"yoast_head":"<!-- This site is optimized with the Yoast SEO plugin v27.4 - https:\/\/yoast.com\/product\/yoast-seo-wordpress\/ -->\n<title>Article - Protocole carton blanc - LIGUE NOUVELLE AQUITAINE<\/title>\n<meta name=\"robots\" content=\"index, follow, max-snippet:-1, max-image-preview:large, max-video-preview:-1\" \/>\n<link rel=\"canonical\" href=\"https:\/\/nouvelleaquitaine-handball.org\/index.php\/article-protocole-carton-blanc\/\" \/>\n<meta property=\"og:locale\" content=\"fr_FR\" \/>\n<meta property=\"og:type\" content=\"article\" \/>\n<meta property=\"og:title\" content=\"Article - Protocole carton blanc - LIGUE NOUVELLE AQUITAINE\" \/>\n<meta property=\"og:description\" content=\"mise en place du protocole &#8220;carton blanc&#8221; La F\u00e9d\u00e9ration Fran\u00e7aise de Handball [&hellip;]\" \/>\n<meta property=\"og:url\" content=\"https:\/\/nouvelleaquitaine-handball.org\/index.php\/article-protocole-carton-blanc\/\" \/>\n<meta property=\"og:site_name\" content=\"LIGUE NOUVELLE AQUITAINE\" \/>\n<meta property=\"article:modified_time\" content=\"2024-12-30T10:51:00+00:00\" \/>\n<meta name=\"twitter:card\" content=\"summary_large_image\" \/>\n<meta name=\"twitter:label1\" content=\"Dur\u00e9e de lecture estim\u00e9e\" \/>\n\t<meta name=\"twitter:data1\" content=\"2 minutes\" \/>\n<script type=\"application\/ld+json\" class=\"yoast-schema-graph\">{\"@context\":\"https:\\\/\\\/schema.org\",\"@graph\":[{\"@type\":\"WebPage\",\"@id\":\"https:\\\/\\\/nouvelleaquitaine-handball.org\\\/index.php\\\/article-protocole-carton-blanc\\\/\",\"url\":\"https:\\\/\\\/nouvelleaquitaine-handball.org\\\/index.php\\\/article-protocole-carton-blanc\\\/\",\"name\":\"Article - Protocole carton blanc - LIGUE NOUVELLE AQUITAINE\",\"isPartOf\":{\"@id\":\"https:\\\/\\\/nouvelleaquitaine-handball.org\\\/#website\"},\"datePublished\":\"2024-12-30T10:40:24+00:00\",\"dateModified\":\"2024-12-30T10:51:00+00:00\",\"breadcrumb\":{\"@id\":\"https:\\\/\\\/nouvelleaquitaine-handball.org\\\/index.php\\\/article-protocole-carton-blanc\\\/#breadcrumb\"},\"inLanguage\":\"fr-FR\",\"potentialAction\":[{\"@type\":\"ReadAction\",\"target\":[\"https:\\\/\\\/nouvelleaquitaine-handball.org\\\/index.php\\\/article-protocole-carton-blanc\\\/\"]}]},{\"@type\":\"BreadcrumbList\",\"@id\":\"https:\\\/\\\/nouvelleaquitaine-handball.org\\\/index.php\\\/article-protocole-carton-blanc\\\/#breadcrumb\",\"itemListElement\":[{\"@type\":\"ListItem\",\"position\":1,\"name\":\"Accueil\",\"item\":\"https:\\\/\\\/nouvelleaquitaine-handball.org\\\/\"},{\"@type\":\"ListItem\",\"position\":2,\"name\":\"Article &#8211; Protocole carton blanc\"}]},{\"@type\":\"WebSite\",\"@id\":\"https:\\\/\\\/nouvelleaquitaine-handball.org\\\/#website\",\"url\":\"https:\\\/\\\/nouvelleaquitaine-handball.org\\\/\",\"name\":\"LIGUE NOUVELLE AQUITAINE\",\"description\":\"FFHANDBALL\",\"potentialAction\":[{\"@type\":\"SearchAction\",\"target\":{\"@type\":\"EntryPoint\",\"urlTemplate\":\"https:\\\/\\\/nouvelleaquitaine-handball.org\\\/?s={search_term_string}\"},\"query-input\":{\"@type\":\"PropertyValueSpecification\",\"valueRequired\":true,\"valueName\":\"search_term_string\"}}],\"inLanguage\":\"fr-FR\"}]}<\/script>\n<!-- \/ Yoast SEO plugin. -->","yoast_head_json":{"title":"Article - Protocole carton blanc - LIGUE NOUVELLE AQUITAINE","robots":{"index":"index","follow":"follow","max-snippet":"max-snippet:-1","max-image-preview":"max-image-preview:large","max-video-preview":"max-video-preview:-1"},"canonical":"https:\/\/nouvelleaquitaine-handball.org\/index.php\/article-protocole-carton-blanc\/","og_locale":"fr_FR","og_type":"article","og_title":"Article - Protocole carton blanc - LIGUE NOUVELLE AQUITAINE","og_description":"mise en place du protocole &#8220;carton blanc&#8221; La F\u00e9d\u00e9ration Fran\u00e7aise de Handball [&hellip;]","og_url":"https:\/\/nouvelleaquitaine-handball.org\/index.php\/article-protocole-carton-blanc\/","og_site_name":"LIGUE NOUVELLE AQUITAINE","article_modified_time":"2024-12-30T10:51:00+00:00","twitter_card":"summary_large_image","twitter_misc":{"Dur\u00e9e de lecture estim\u00e9e":"2 minutes"},"schema":{"@context":"https:\/\/schema.org","@graph":[{"@type":"WebPage","@id":"https:\/\/nouvelleaquitaine-handball.org\/index.php\/article-protocole-carton-blanc\/","url":"https:\/\/nouvelleaquitaine-handball.org\/index.php\/article-protocole-carton-blanc\/","name":"Article - Protocole carton blanc - LIGUE NOUVELLE AQUITAINE","isPartOf":{"@id":"https:\/\/nouvelleaquitaine-handball.org\/#website"},"datePublished":"2024-12-30T10:40:24+00:00","dateModified":"2024-12-30T10:51:00+00:00","breadcrumb":{"@id":"https:\/\/nouvelleaquitaine-handball.org\/index.php\/article-protocole-carton-blanc\/#breadcrumb"},"inLanguage":"fr-FR","potentialAction":[{"@type":"ReadAction","target":["https:\/\/nouvelleaquitaine-handball.org\/index.php\/article-protocole-carton-blanc\/"]}]},{"@type":"BreadcrumbList","@id":"https:\/\/nouvelleaquitaine-handball.org\/index.php\/article-protocole-carton-blanc\/#breadcrumb","itemListElement":[{"@type":"ListItem","position":1,"name":"Accueil","item":"https:\/\/nouvelleaquitaine-handball.org\/"},{"@type":"ListItem","position":2,"name":"Article &#8211; Protocole carton blanc"}]},{"@type":"WebSite","@id":"https:\/\/nouvelleaquitaine-handball.org\/#website","url":"https:\/\/nouvelleaquitaine-handball.org\/","name":"LIGUE NOUVELLE AQUITAINE","description":"FFHANDBALL","potentialAction":[{"@type":"SearchAction","target":{"@type":"EntryPoint","urlTemplate":"https:\/\/nouvelleaquitaine-handball.org\/?s={search_term_string}"},"query-input":{"@type":"PropertyValueSpecification","valueRequired":true,"valueName":"search_term_string"}}],"inLanguage":"fr-FR"}]}},"jetpack_sharing_enabled":true,"_links":{"self":[{"href":"https:\/\/nouvelleaquitaine-handball.org\/index.php\/wp-json\/wp\/v2\/pages\/9317","targetHints":{"allow":["GET"]}}],"collection":[{"href":"https:\/\/nouvelleaquitaine-handball.org\/index.php\/wp-json\/wp\/v2\/pages"}],"about":[{"href":"https:\/\/nouvelleaquitaine-handball.org\/index.php\/wp-json\/wp\/v2\/types\/page"}],"author":[{"embeddable":true,"href":"https:\/\/nouvelleaquitaine-handball.org\/index.php\/wp-json\/wp\/v2\/users\/2"}],"replies":[{"embeddable":true,"href":"https:\/\/nouvelleaquitaine-handball.org\/index.php\/wp-json\/wp\/v2\/comments?post=9317"}],"version-history":[{"count":7,"href":"https:\/\/nouvelleaquitaine-handball.org\/index.php\/wp-json\/wp\/v2\/pages\/9317\/revisions"}],"predecessor-version":[{"id":9338,"href":"https:\/\/nouvelleaquitaine-handball.org\/index.php\/wp-json\/wp\/v2\/pages\/9317\/revisions\/9338"}],"wp:attachment":[{"href":"https:\/\/nouvelleaquitaine-handball.org\/index.php\/wp-json\/wp\/v2\/media?parent=9317"}],"curies":[{"name":"wp","href":"https:\/\/api.w.org\/{rel}","templated":true}]}}