{"id":9523,"date":"2025-02-19T10:31:47","date_gmt":"2025-02-19T09:31:47","guid":{"rendered":"https:\/\/nouvelleaquitaine-handball.org\/?page_id=9523"},"modified":"2025-02-19T10:36:05","modified_gmt":"2025-02-19T09:36:05","slug":"article-1-mois-1-club-stade-montois-handball","status":"publish","type":"page","link":"https:\/\/nouvelleaquitaine-handball.org\/index.php\/article-1-mois-1-club-stade-montois-handball\/","title":{"rendered":"Article &#8211; 1 mois 1 club Stade Montois Handball"},"content":{"rendered":"\t\t<div data-elementor-type=\"wp-page\" data-elementor-id=\"9523\" class=\"elementor elementor-9523\" data-elementor-post-type=\"page\">\n\t\t\t\t<div class=\"elementor-element elementor-element-a172cd0 e-flex e-con-boxed e-con e-parent\" data-id=\"a172cd0\" data-element_type=\"container\" data-e-type=\"container\" data-settings=\"{&quot;_ob_use_container_extras&quot;:&quot;no&quot;,&quot;_ob_column_hoveranimator&quot;:&quot;no&quot;,&quot;_ob_glider_is_slider&quot;:&quot;no&quot;,&quot;_ob_column_has_pseudo&quot;:&quot;no&quot;}\">\n\t\t\t\t\t<div class=\"e-con-inner\">\n\t\t<div class=\"elementor-element elementor-element-81de696 e-con-full e-flex e-con e-child\" data-id=\"81de696\" data-element_type=\"container\" data-e-type=\"container\" data-settings=\"{&quot;_ob_use_container_extras&quot;:&quot;no&quot;,&quot;_ob_column_hoveranimator&quot;:&quot;no&quot;,&quot;_ob_glider_is_slider&quot;:&quot;no&quot;,&quot;_ob_column_has_pseudo&quot;:&quot;no&quot;}\">\n\t\t<div class=\"elementor-element elementor-element-ba98af5 e-con-full e-flex e-con e-child\" data-id=\"ba98af5\" data-element_type=\"container\" data-e-type=\"container\" data-settings=\"{&quot;_ob_use_container_extras&quot;:&quot;no&quot;,&quot;_ob_column_hoveranimator&quot;:&quot;no&quot;,&quot;_ob_glider_is_slider&quot;:&quot;no&quot;,&quot;_ob_column_has_pseudo&quot;:&quot;no&quot;}\">\n\t\t\t\t<div class=\"elementor-element elementor-element-578e52d ob-has-background-overlay elementor-widget elementor-widget-spacer\" data-id=\"578e52d\" data-element_type=\"widget\" data-e-type=\"widget\" data-settings=\"{&quot;_ob_spacerat_use&quot;:&quot;no&quot;,&quot;_ob_widget_stalker_use&quot;:&quot;no&quot;,&quot;_ob_poopart_use&quot;:&quot;yes&quot;,&quot;_ob_shadough_use&quot;:&quot;no&quot;,&quot;_ob_allow_hoveranimator&quot;:&quot;no&quot;}\" data-widget_type=\"spacer.default\">\n\t\t\t\t<div class=\"elementor-widget-container\">\n\t\t\t\t\t\t\t<div class=\"elementor-spacer\">\n\t\t\t<div class=\"elementor-spacer-inner\"><\/div>\n\t\t<\/div>\n\t\t\t\t\t\t<\/div>\n\t\t\t\t<\/div>\n\t\t\t\t<div class=\"elementor-element elementor-element-8c5240c ob-harakiri-inherit ob-has-background-overlay elementor-widget elementor-widget-heading\" data-id=\"8c5240c\" data-element_type=\"widget\" data-e-type=\"widget\" data-settings=\"{&quot;_ob_use_harakiri&quot;:&quot;yes&quot;,&quot;_ob_harakiri_writing_mode&quot;:&quot;inherit&quot;,&quot;_ob_harakiri_text_clip&quot;:&quot;none&quot;,&quot;_ob_widget_stalker_use&quot;:&quot;no&quot;,&quot;_ob_poopart_use&quot;:&quot;yes&quot;,&quot;_ob_shadough_use&quot;:&quot;no&quot;,&quot;_ob_allow_hoveranimator&quot;:&quot;no&quot;}\" data-widget_type=\"heading.default\">\n\t\t\t\t<div class=\"elementor-widget-container\">\n\t\t\t\t\t<h2 class=\"elementor-heading-title elementor-size-default\"><strong data-start=\"4\" data-end=\"62\">1 Mois, 1 Club : Le Stade Montois Handball \u00e0 l'honneur<\/strong><p><span style=\"color: var( --e-global-color-a1bce93 );text-align: var(--text-align)\"><\/span><\/p><\/h2>\t\t\t\t<\/div>\n\t\t\t\t<\/div>\n\t\t\t\t<div class=\"elementor-element elementor-element-a34c40f elementor-widget-divider--view-line ob-has-background-overlay elementor-widget elementor-widget-divider\" data-id=\"a34c40f\" data-element_type=\"widget\" data-e-type=\"widget\" data-settings=\"{&quot;_ob_widget_stalker_use&quot;:&quot;no&quot;,&quot;_ob_poopart_use&quot;:&quot;yes&quot;,&quot;_ob_shadough_use&quot;:&quot;no&quot;,&quot;_ob_allow_hoveranimator&quot;:&quot;no&quot;}\" data-widget_type=\"divider.default\">\n\t\t\t\t<div class=\"elementor-widget-container\">\n\t\t\t\t\t\t\t<div class=\"elementor-divider\">\n\t\t\t<span class=\"elementor-divider-separator\">\n\t\t\t\t\t\t<\/span>\n\t\t<\/div>\n\t\t\t\t\t\t<\/div>\n\t\t\t\t<\/div>\n\t\t\t\t<div class=\"elementor-element elementor-element-1f828e6 ob-harakiri-inherit ob-has-background-overlay elementor-widget elementor-widget-text-editor\" data-id=\"1f828e6\" data-element_type=\"widget\" data-e-type=\"widget\" data-settings=\"{&quot;_ob_use_harakiri&quot;:&quot;yes&quot;,&quot;_ob_harakiri_writing_mode&quot;:&quot;inherit&quot;,&quot;_ob_postman_use&quot;:&quot;no&quot;,&quot;_ob_widget_stalker_use&quot;:&quot;no&quot;,&quot;_ob_poopart_use&quot;:&quot;yes&quot;,&quot;_ob_shadough_use&quot;:&quot;no&quot;,&quot;_ob_allow_hoveranimator&quot;:&quot;no&quot;}\" data-widget_type=\"text-editor.default\">\n\t\t\t\t<div class=\"elementor-widget-container\">\n\t\t\t\t\t\t\t\t\t<p data-start=\"0\" data-end=\"64\"><strong data-start=\"4\" data-end=\"62\">1 Mois, 1 Club : Le Stade Montois Handball \u00e0 l&#8217;honneur<\/strong><\/p><p data-start=\"66\" data-end=\"382\">Dans le cadre de son engagement \u00e0 valoriser le handball r\u00e9gional, la Ligue Nouvelle-Aquitaine de Handball lance un nouveau format digital : &#8220;1 Mois, 1 Club&#8221;. L\u2019objectif ? Mettre en lumi\u00e8re les clubs du territoire, leur histoire, leur dynamique, leurs projets et les hommes et femmes qui les font vivre.<\/p><p data-start=\"384\" data-end=\"558\">Pour cette <strong data-start=\"395\" data-end=\"415\">premi\u00e8re \u00e9dition<\/strong>, nous avons pos\u00e9 nos cam\u00e9ras \u00e0 <strong data-start=\"447\" data-end=\"465\">Mont-de-Marsan<\/strong>, au c\u0153ur du <strong data-start=\"478\" data-end=\"504\">Stade Montois Handball<\/strong>, un club \u00e0 l\u2019identit\u00e9 forte et en pleine \u00e9volution.<\/p><p><span data-start=\"568\" data-end=\"618\"><b>Une immersion exclusive dans la vie du club<\/b><\/span><\/p><p data-start=\"621\" data-end=\"764\">Dans cette <strong data-start=\"632\" data-end=\"649\">vid\u00e9o in\u00e9dite<\/strong>, nous vous proposons une <strong data-start=\"675\" data-end=\"702\">plong\u00e9e au c\u0153ur du club<\/strong> \u00e0 travers les t\u00e9moignages de ceux qui en sont les piliers :<\/p><ul><li><strong data-start=\"769\" data-end=\"788\">Les entra\u00eeneurs<\/strong>, qui nous partagent leur vision et leurs ambitions pour le d\u00e9veloppement du club<\/li><li><strong data-start=\"876\" data-end=\"903\">Les joueurs et joueuses<\/strong>, qui reviennent sur leur quotidien, leur engagement et les valeurs qui les animent,<\/li><li><strong data-start=\"993\" data-end=\"1024\">Les b\u00e9n\u00e9voles et dirigeants<\/strong>, qui travaillent chaque jour \u00e0 faire rayonner le club et \u00e0 accompagner ses licenci\u00e9s.<\/li><\/ul><p data-start=\"1114\" data-end=\"1316\">Gr\u00e2ce \u00e0 des images exclusives et des interviews captivantes, vous d\u00e9couvrirez <strong data-start=\"1192\" data-end=\"1235\">les coulisses du Stade Montois Handball<\/strong> et <strong data-start=\"1239\" data-end=\"1262\">ce qui fait son ADN<\/strong> : <strong data-start=\"1265\" data-end=\"1313\">convivialit\u00e9, formation et ambition sportive<\/strong>.<\/p><p data-start=\"1323\" data-end=\"1364\"><strong data-start=\"1326\" data-end=\"1362\">Un club tourn\u00e9 vers l\u2019avenir<\/strong><\/p><p data-start=\"1365\" data-end=\"1658\">Au-del\u00e0 du pr\u00e9sent, ce premier \u00e9pisode met aussi en lumi\u00e8re <strong data-start=\"1425\" data-end=\"1466\">les d\u00e9fis et projets d\u2019avenir du club<\/strong>. Parmi eux, un enjeu majeur : <strong data-start=\"1497\" data-end=\"1541\">l\u2019arriv\u00e9e prochaine d\u2019une nouvelle salle<\/strong>, une infrastructure moderne qui ouvrira de nouvelles perspectives en mati\u00e8re de d\u00e9veloppement et de structuration. Ce projet repr\u00e9sente une <strong data-start=\"1685\" data-end=\"1698\">\u00e9tape cl\u00e9<\/strong> pour le club, qui ambitionne de poursuivre sa croissance en renfor\u00e7ant la formation des jeunes et en offrant des conditions optimales \u00e0 ses \u00e9quipes.<\/p><p data-start=\"1856\" data-end=\"1903\"><strong data-start=\"1859\" data-end=\"1901\">D\u00e9couvrez la vid\u00e9o d\u00e8s maintenant !<\/strong><\/p><p data-start=\"1904\" data-end=\"2029\">Le Stade Montois Handball inaugure donc cette s\u00e9rie qui, chaque mois, mettra en avant un nouveau club de la r\u00e9gion.<\/p><p data-start=\"2031\" data-end=\"2220\">Rendez-vous d\u00e8s maintenant sur notre cha\u00eene YouTube et nos r\u00e9seaux sociaux pour d\u00e9couvrir cette premi\u00e8re immersion et partager, avec nous, la passion du handball \u00e0 Mont-de-Marsan !<\/p><p data-start=\"2031\" data-end=\"2220\">Vous souhaitez mettre votre club en avant ? Restez connect\u00e9s, la Ligue Nouvelle-Aquitaine pourrait bient\u00f4t venir \u00e0 votre rencontre !<\/p><p data-start=\"2365\" data-end=\"2407\"><strong data-start=\"2368\" data-end=\"2388\">Lien de la vid\u00e9o<\/strong> : <a href=\"https:\/\/youtu.be\/Fx5vTjCJ18o\">1 MOIS 1 CLUB &#8211; STADE MONTOIS HANDBALL<\/a><\/p>\t\t\t\t\t\t\t\t<\/div>\n\t\t\t\t<\/div>\n\t\t\t\t<\/div>\n\t\t\t\t<\/div>\n\t\t\t\t\t<\/div>\n\t\t\t\t<\/div>\n\t\t\t\t<\/div>\n\t\t","protected":false},"excerpt":{"rendered":"<p>1 Mois, 1 Club : Le Stade Montois Handball \u00e0 l&#8217;honneur 1 [&hellip;]<\/p>\n","protected":false},"author":2,"featured_media":0,"parent":0,"menu_order":0,"comment_status":"closed","ping_status":"closed","template":"","meta":{"footnotes":""},"class_list":["post-9523","page","type-page","status-publish","hentry"],"yoast_head":"<!-- This site is optimized with the Yoast SEO plugin v27.4 - https:\/\/yoast.com\/product\/yoast-seo-wordpress\/ -->\n<title>Article - 1 mois 1 club Stade Montois Handball - LIGUE NOUVELLE AQUITAINE<\/title>\n<meta name=\"robots\" content=\"index, follow, max-snippet:-1, max-image-preview:large, max-video-preview:-1\" \/>\n<link rel=\"canonical\" href=\"https:\/\/nouvelleaquitaine-handball.org\/index.php\/article-1-mois-1-club-stade-montois-handball\/\" \/>\n<meta property=\"og:locale\" content=\"fr_FR\" \/>\n<meta property=\"og:type\" content=\"article\" \/>\n<meta property=\"og:title\" content=\"Article - 1 mois 1 club Stade Montois Handball - LIGUE NOUVELLE AQUITAINE\" \/>\n<meta property=\"og:description\" content=\"1 Mois, 1 Club : Le Stade Montois Handball \u00e0 l&#8217;honneur 1 [&hellip;]\" \/>\n<meta property=\"og:url\" content=\"https:\/\/nouvelleaquitaine-handball.org\/index.php\/article-1-mois-1-club-stade-montois-handball\/\" \/>\n<meta property=\"og:site_name\" content=\"LIGUE NOUVELLE AQUITAINE\" \/>\n<meta property=\"article:modified_time\" content=\"2025-02-19T09:36:05+00:00\" \/>\n<meta name=\"twitter:card\" content=\"summary_large_image\" \/>\n<meta name=\"twitter:label1\" content=\"Dur\u00e9e de lecture estim\u00e9e\" \/>\n\t<meta name=\"twitter:data1\" content=\"2 minutes\" \/>\n<script type=\"application\/ld+json\" class=\"yoast-schema-graph\">{\"@context\":\"https:\\\/\\\/schema.org\",\"@graph\":[{\"@type\":\"WebPage\",\"@id\":\"https:\\\/\\\/nouvelleaquitaine-handball.org\\\/index.php\\\/article-1-mois-1-club-stade-montois-handball\\\/\",\"url\":\"https:\\\/\\\/nouvelleaquitaine-handball.org\\\/index.php\\\/article-1-mois-1-club-stade-montois-handball\\\/\",\"name\":\"Article - 1 mois 1 club Stade Montois Handball - LIGUE NOUVELLE AQUITAINE\",\"isPartOf\":{\"@id\":\"https:\\\/\\\/nouvelleaquitaine-handball.org\\\/#website\"},\"datePublished\":\"2025-02-19T09:31:47+00:00\",\"dateModified\":\"2025-02-19T09:36:05+00:00\",\"breadcrumb\":{\"@id\":\"https:\\\/\\\/nouvelleaquitaine-handball.org\\\/index.php\\\/article-1-mois-1-club-stade-montois-handball\\\/#breadcrumb\"},\"inLanguage\":\"fr-FR\",\"potentialAction\":[{\"@type\":\"ReadAction\",\"target\":[\"https:\\\/\\\/nouvelleaquitaine-handball.org\\\/index.php\\\/article-1-mois-1-club-stade-montois-handball\\\/\"]}]},{\"@type\":\"BreadcrumbList\",\"@id\":\"https:\\\/\\\/nouvelleaquitaine-handball.org\\\/index.php\\\/article-1-mois-1-club-stade-montois-handball\\\/#breadcrumb\",\"itemListElement\":[{\"@type\":\"ListItem\",\"position\":1,\"name\":\"Accueil\",\"item\":\"https:\\\/\\\/nouvelleaquitaine-handball.org\\\/\"},{\"@type\":\"ListItem\",\"position\":2,\"name\":\"Article &#8211; 1 mois 1 club Stade Montois Handball\"}]},{\"@type\":\"WebSite\",\"@id\":\"https:\\\/\\\/nouvelleaquitaine-handball.org\\\/#website\",\"url\":\"https:\\\/\\\/nouvelleaquitaine-handball.org\\\/\",\"name\":\"LIGUE NOUVELLE AQUITAINE\",\"description\":\"FFHANDBALL\",\"potentialAction\":[{\"@type\":\"SearchAction\",\"target\":{\"@type\":\"EntryPoint\",\"urlTemplate\":\"https:\\\/\\\/nouvelleaquitaine-handball.org\\\/?s={search_term_string}\"},\"query-input\":{\"@type\":\"PropertyValueSpecification\",\"valueRequired\":true,\"valueName\":\"search_term_string\"}}],\"inLanguage\":\"fr-FR\"}]}<\/script>\n<!-- \/ Yoast SEO plugin. -->","yoast_head_json":{"title":"Article - 1 mois 1 club Stade Montois Handball - LIGUE NOUVELLE AQUITAINE","robots":{"index":"index","follow":"follow","max-snippet":"max-snippet:-1","max-image-preview":"max-image-preview:large","max-video-preview":"max-video-preview:-1"},"canonical":"https:\/\/nouvelleaquitaine-handball.org\/index.php\/article-1-mois-1-club-stade-montois-handball\/","og_locale":"fr_FR","og_type":"article","og_title":"Article - 1 mois 1 club Stade Montois Handball - LIGUE NOUVELLE AQUITAINE","og_description":"1 Mois, 1 Club : Le Stade Montois Handball \u00e0 l&#8217;honneur 1 [&hellip;]","og_url":"https:\/\/nouvelleaquitaine-handball.org\/index.php\/article-1-mois-1-club-stade-montois-handball\/","og_site_name":"LIGUE NOUVELLE AQUITAINE","article_modified_time":"2025-02-19T09:36:05+00:00","twitter_card":"summary_large_image","twitter_misc":{"Dur\u00e9e de lecture estim\u00e9e":"2 minutes"},"schema":{"@context":"https:\/\/schema.org","@graph":[{"@type":"WebPage","@id":"https:\/\/nouvelleaquitaine-handball.org\/index.php\/article-1-mois-1-club-stade-montois-handball\/","url":"https:\/\/nouvelleaquitaine-handball.org\/index.php\/article-1-mois-1-club-stade-montois-handball\/","name":"Article - 1 mois 1 club Stade Montois Handball - LIGUE NOUVELLE AQUITAINE","isPartOf":{"@id":"https:\/\/nouvelleaquitaine-handball.org\/#website"},"datePublished":"2025-02-19T09:31:47+00:00","dateModified":"2025-02-19T09:36:05+00:00","breadcrumb":{"@id":"https:\/\/nouvelleaquitaine-handball.org\/index.php\/article-1-mois-1-club-stade-montois-handball\/#breadcrumb"},"inLanguage":"fr-FR","potentialAction":[{"@type":"ReadAction","target":["https:\/\/nouvelleaquitaine-handball.org\/index.php\/article-1-mois-1-club-stade-montois-handball\/"]}]},{"@type":"BreadcrumbList","@id":"https:\/\/nouvelleaquitaine-handball.org\/index.php\/article-1-mois-1-club-stade-montois-handball\/#breadcrumb","itemListElement":[{"@type":"ListItem","position":1,"name":"Accueil","item":"https:\/\/nouvelleaquitaine-handball.org\/"},{"@type":"ListItem","position":2,"name":"Article &#8211; 1 mois 1 club Stade Montois Handball"}]},{"@type":"WebSite","@id":"https:\/\/nouvelleaquitaine-handball.org\/#website","url":"https:\/\/nouvelleaquitaine-handball.org\/","name":"LIGUE NOUVELLE AQUITAINE","description":"FFHANDBALL","potentialAction":[{"@type":"SearchAction","target":{"@type":"EntryPoint","urlTemplate":"https:\/\/nouvelleaquitaine-handball.org\/?s={search_term_string}"},"query-input":{"@type":"PropertyValueSpecification","valueRequired":true,"valueName":"search_term_string"}}],"inLanguage":"fr-FR"}]}},"jetpack_sharing_enabled":true,"_links":{"self":[{"href":"https:\/\/nouvelleaquitaine-handball.org\/index.php\/wp-json\/wp\/v2\/pages\/9523","targetHints":{"allow":["GET"]}}],"collection":[{"href":"https:\/\/nouvelleaquitaine-handball.org\/index.php\/wp-json\/wp\/v2\/pages"}],"about":[{"href":"https:\/\/nouvelleaquitaine-handball.org\/index.php\/wp-json\/wp\/v2\/types\/page"}],"author":[{"embeddable":true,"href":"https:\/\/nouvelleaquitaine-handball.org\/index.php\/wp-json\/wp\/v2\/users\/2"}],"replies":[{"embeddable":true,"href":"https:\/\/nouvelleaquitaine-handball.org\/index.php\/wp-json\/wp\/v2\/comments?post=9523"}],"version-history":[{"count":7,"href":"https:\/\/nouvelleaquitaine-handball.org\/index.php\/wp-json\/wp\/v2\/pages\/9523\/revisions"}],"predecessor-version":[{"id":9533,"href":"https:\/\/nouvelleaquitaine-handball.org\/index.php\/wp-json\/wp\/v2\/pages\/9523\/revisions\/9533"}],"wp:attachment":[{"href":"https:\/\/nouvelleaquitaine-handball.org\/index.php\/wp-json\/wp\/v2\/media?parent=9523"}],"curies":[{"name":"wp","href":"https:\/\/api.w.org\/{rel}","templated":true}]}}