{"id":9541,"date":"2025-02-19T10:58:54","date_gmt":"2025-02-19T09:58:54","guid":{"rendered":"https:\/\/nouvelleaquitaine-handball.org\/?page_id=9541"},"modified":"2025-02-19T11:01:57","modified_gmt":"2025-02-19T10:01:57","slug":"elementor-9541","status":"publish","type":"page","link":"https:\/\/nouvelleaquitaine-handball.org\/index.php\/elementor-9541\/","title":{"rendered":"Article &#8211; Tournoi des p\u00f4les"},"content":{"rendered":"\t\t<div data-elementor-type=\"wp-page\" data-elementor-id=\"9541\" class=\"elementor elementor-9541\" data-elementor-post-type=\"page\">\n\t\t\t\t<div class=\"elementor-element elementor-element-7049ae4 e-flex e-con-boxed e-con e-parent\" data-id=\"7049ae4\" data-element_type=\"container\" data-e-type=\"container\" data-settings=\"{&quot;_ob_use_container_extras&quot;:&quot;no&quot;,&quot;_ob_column_hoveranimator&quot;:&quot;no&quot;,&quot;_ob_glider_is_slider&quot;:&quot;no&quot;,&quot;_ob_column_has_pseudo&quot;:&quot;no&quot;}\">\n\t\t\t\t\t<div class=\"e-con-inner\">\n\t\t<div class=\"elementor-element elementor-element-2a40846 e-con-full e-flex e-con e-child\" data-id=\"2a40846\" data-element_type=\"container\" data-e-type=\"container\" data-settings=\"{&quot;_ob_use_container_extras&quot;:&quot;no&quot;,&quot;_ob_column_hoveranimator&quot;:&quot;no&quot;,&quot;_ob_glider_is_slider&quot;:&quot;no&quot;,&quot;_ob_column_has_pseudo&quot;:&quot;no&quot;}\">\n\t\t<div class=\"elementor-element elementor-element-52dc6c2 e-con-full e-flex e-con e-child\" data-id=\"52dc6c2\" data-element_type=\"container\" data-e-type=\"container\" data-settings=\"{&quot;_ob_use_container_extras&quot;:&quot;no&quot;,&quot;_ob_column_hoveranimator&quot;:&quot;no&quot;,&quot;_ob_glider_is_slider&quot;:&quot;no&quot;,&quot;_ob_column_has_pseudo&quot;:&quot;no&quot;}\">\n\t\t\t\t<div class=\"elementor-element elementor-element-f624311 ob-has-background-overlay elementor-widget elementor-widget-spacer\" data-id=\"f624311\" data-element_type=\"widget\" data-e-type=\"widget\" data-settings=\"{&quot;_ob_spacerat_use&quot;:&quot;no&quot;,&quot;_ob_widget_stalker_use&quot;:&quot;no&quot;,&quot;_ob_poopart_use&quot;:&quot;yes&quot;,&quot;_ob_shadough_use&quot;:&quot;no&quot;,&quot;_ob_allow_hoveranimator&quot;:&quot;no&quot;}\" data-widget_type=\"spacer.default\">\n\t\t\t\t<div class=\"elementor-widget-container\">\n\t\t\t\t\t\t\t<div class=\"elementor-spacer\">\n\t\t\t<div class=\"elementor-spacer-inner\"><\/div>\n\t\t<\/div>\n\t\t\t\t\t\t<\/div>\n\t\t\t\t<\/div>\n\t\t\t\t<div class=\"elementor-element elementor-element-5c9323f ob-harakiri-inherit ob-has-background-overlay elementor-widget elementor-widget-heading\" data-id=\"5c9323f\" data-element_type=\"widget\" data-e-type=\"widget\" data-settings=\"{&quot;_ob_use_harakiri&quot;:&quot;yes&quot;,&quot;_ob_harakiri_writing_mode&quot;:&quot;inherit&quot;,&quot;_ob_harakiri_text_clip&quot;:&quot;none&quot;,&quot;_ob_widget_stalker_use&quot;:&quot;no&quot;,&quot;_ob_poopart_use&quot;:&quot;yes&quot;,&quot;_ob_shadough_use&quot;:&quot;no&quot;,&quot;_ob_allow_hoveranimator&quot;:&quot;no&quot;}\" data-widget_type=\"heading.default\">\n\t\t\t\t<div class=\"elementor-widget-container\">\n\t\t\t\t\t<h2 class=\"elementor-heading-title elementor-size-default\"><strong data-start=\"4\" data-end=\"62\">Retour sur la 18\u1d49 \u00e9dition du Tournoi des P\u00f4les Masculins \u00e0 Poitiers<\/strong><p><span style=\"color: var( --e-global-color-a1bce93 );text-align: var(--text-align)\"><\/span><\/p><\/h2>\t\t\t\t<\/div>\n\t\t\t\t<\/div>\n\t\t\t\t<div class=\"elementor-element elementor-element-a4e7821 elementor-widget-divider--view-line ob-has-background-overlay elementor-widget elementor-widget-divider\" data-id=\"a4e7821\" data-element_type=\"widget\" data-e-type=\"widget\" data-settings=\"{&quot;_ob_widget_stalker_use&quot;:&quot;no&quot;,&quot;_ob_poopart_use&quot;:&quot;yes&quot;,&quot;_ob_shadough_use&quot;:&quot;no&quot;,&quot;_ob_allow_hoveranimator&quot;:&quot;no&quot;}\" data-widget_type=\"divider.default\">\n\t\t\t\t<div class=\"elementor-widget-container\">\n\t\t\t\t\t\t\t<div class=\"elementor-divider\">\n\t\t\t<span class=\"elementor-divider-separator\">\n\t\t\t\t\t\t<\/span>\n\t\t<\/div>\n\t\t\t\t\t\t<\/div>\n\t\t\t\t<\/div>\n\t\t\t\t<div class=\"elementor-element elementor-element-5868bb4 ob-harakiri-inherit ob-has-background-overlay elementor-widget elementor-widget-text-editor\" data-id=\"5868bb4\" data-element_type=\"widget\" data-e-type=\"widget\" data-settings=\"{&quot;_ob_use_harakiri&quot;:&quot;yes&quot;,&quot;_ob_harakiri_writing_mode&quot;:&quot;inherit&quot;,&quot;_ob_postman_use&quot;:&quot;no&quot;,&quot;_ob_widget_stalker_use&quot;:&quot;no&quot;,&quot;_ob_poopart_use&quot;:&quot;yes&quot;,&quot;_ob_shadough_use&quot;:&quot;no&quot;,&quot;_ob_allow_hoveranimator&quot;:&quot;no&quot;}\" data-widget_type=\"text-editor.default\">\n\t\t\t\t<div class=\"elementor-widget-container\">\n\t\t\t\t\t\t\t\t\t<p data-start=\"81\" data-end=\"431\">Les 4 et 5 f\u00e9vrier derniers, l&#8217;Universit\u00e9 de Poitiers a vibr\u00e9 au rythme du Tournoi des P\u00f4les Masculins, un rendez-vous incontournable du handball de formation. Cette 18\u1d49 \u00e9dition a une nouvelle fois rassembl\u00e9 les meilleurs espoirs du handball fran\u00e7ais, venus d\u00e9fendre les couleurs de leur r\u00e9gion dans une comp\u00e9tition intense et disput\u00e9e.<\/p><p data-start=\"438\" data-end=\"507\"><strong data-start=\"442\" data-end=\"505\">Une comp\u00e9tition de haut niveau dans une ambiance conviviale<\/strong><\/p><p data-start=\"508\" data-end=\"843\">Pendant deux jours, les jeunes talents des p\u00f4les espoirs ont eu l\u2019opportunit\u00e9 de se mesurer \u00e0 une adversit\u00e9 relev\u00e9e, mettant en lumi\u00e8re les qualit\u00e9s techniques, tactiques et physiques des joueurs. Chaque match a \u00e9t\u00e9 une v\u00e9ritable bataille, illustrant la progression et le travail r\u00e9alis\u00e9s au sein des structures de formation.<\/p><p data-start=\"845\" data-end=\"1130\">Au-del\u00e0 de la performance sportive, ce tournoi a \u00e9galement \u00e9t\u00e9 un moment d\u2019\u00e9change et de partage entre les diff\u00e9rentes d\u00e9l\u00e9gations, renfor\u00e7ant l&#8217;esprit de camaraderie et la passion commune pour le handball. Les valeurs du sport \u00e9taient \u00e0 l&#8217;honneur, sur et en dehors des terrains.<\/p><p data-start=\"1137\" data-end=\"1166\"><strong data-start=\"1141\" data-end=\"1164\">Classement final :<\/strong><\/p><p data-start=\"1167\" data-end=\"1315\">1er : <strong data-start=\"1170\" data-end=\"1193\">Centre-Val de Loire<\/strong>\u00a0<br data-start=\"1196\" data-end=\"1199\" \/>2e <strong data-start=\"1202\" data-end=\"1215\">: Normandie<\/strong><br data-start=\"1215\" data-end=\"1218\" \/>3e : <strong data-start=\"1221\" data-end=\"1238\">\u00cele-de-France<\/strong><br data-start=\"1238\" data-end=\"1241\" \/>4e : <strong data-start=\"1245\" data-end=\"1267\">Nouvelle-Aquitaine<\/strong><br data-start=\"1267\" data-end=\"1270\" \/>5e<strong data-start=\"1274\" data-end=\"1294\"> :Pays de la Loire<\/strong><br data-start=\"1294\" data-end=\"1297\" \/>6e : <strong data-start=\"1301\" data-end=\"1313\">Bretagne<\/strong><\/p><p data-start=\"1317\" data-end=\"1579\">F\u00e9licitations \u00e0 <strong data-start=\"1333\" data-end=\"1368\">l\u2019\u00e9quipe du Centre-Val de Loire<\/strong>, qui a su imposer son jeu tout au long du tournoi pour s\u2019adjuger le titre ! Un grand bravo \u00e9galement \u00e0 toutes les autres \u00e9quipes qui ont offert un spectacle de qualit\u00e9 et d\u00e9montr\u00e9 un \u00e9tat d\u2019esprit exemplaire.<\/p><p data-start=\"1586\" data-end=\"1639\"><strong data-start=\"1590\" data-end=\"1637\">Un immense merci aux acteurs de l\u2019\u00e9v\u00e9nement<\/strong><\/p><p data-start=\"1640\" data-end=\"1930\">Une telle r\u00e9ussite n\u2019aurait pas \u00e9t\u00e9 possible sans l\u2019investissement de tous les b\u00e9n\u00e9voles, du staff technique, des \u00e9tudiants mobilis\u00e9s et de l&#8217;Universit\u00e9 de Poitiers, qui a mis \u00e0 disposition ses infrastructures pour accueillir la comp\u00e9tition dans les meilleures conditions.<\/p><p data-start=\"1932\" data-end=\"2088\">Ce tournoi a une nouvelle fois prouv\u00e9 l\u2019importance du travail de formation des p\u00f4les espoirs, v\u00e9ritables viviers de talents pour le handball fran\u00e7ais.<\/p><p data-start=\"2095\" data-end=\"2278\">Retrouvez les plus belles images du tournoi sur nos r\u00e9seaux sociaux !<br data-start=\"2171\" data-end=\"2174\" \/>Restez connect\u00e9s pour revivre les meilleurs moments et d\u00e9couvrir les coulisses de l\u2019\u00e9v\u00e9nement !<\/p><p data-start=\"2280\" data-end=\"2362\" data-is-last-node=\"\"><strong data-start=\"2283\" data-end=\"2357\">Prochain objectif pour ces jeunes talents : les Interp\u00f4les Masculins !<\/strong>\u00a0<\/p>\t\t\t\t\t\t\t\t<\/div>\n\t\t\t\t<\/div>\n\t\t\t\t<\/div>\n\t\t\t\t<\/div>\n\t\t\t\t\t<\/div>\n\t\t\t\t<\/div>\n\t\t\t\t<\/div>\n\t\t","protected":false},"excerpt":{"rendered":"<p>Retour sur la 18\u1d49 \u00e9dition du Tournoi des P\u00f4les Masculins \u00e0 Poitiers [&hellip;]<\/p>\n","protected":false},"author":2,"featured_media":0,"parent":0,"menu_order":0,"comment_status":"closed","ping_status":"closed","template":"","meta":{"footnotes":""},"class_list":["post-9541","page","type-page","status-publish","hentry"],"yoast_head":"<!-- This site is optimized with the Yoast SEO plugin v27.3 - https:\/\/yoast.com\/product\/yoast-seo-wordpress\/ -->\n<title>Article - Tournoi des p\u00f4les - LIGUE NOUVELLE AQUITAINE<\/title>\n<meta name=\"robots\" content=\"index, follow, max-snippet:-1, max-image-preview:large, max-video-preview:-1\" \/>\n<link rel=\"canonical\" href=\"https:\/\/nouvelleaquitaine-handball.org\/index.php\/elementor-9541\/\" \/>\n<meta property=\"og:locale\" content=\"fr_FR\" \/>\n<meta property=\"og:type\" content=\"article\" \/>\n<meta property=\"og:title\" content=\"Article - Tournoi des p\u00f4les - LIGUE NOUVELLE AQUITAINE\" \/>\n<meta property=\"og:description\" content=\"Retour sur la 18\u1d49 \u00e9dition du Tournoi des P\u00f4les Masculins \u00e0 Poitiers [&hellip;]\" \/>\n<meta property=\"og:url\" content=\"https:\/\/nouvelleaquitaine-handball.org\/index.php\/elementor-9541\/\" \/>\n<meta property=\"og:site_name\" content=\"LIGUE NOUVELLE AQUITAINE\" \/>\n<meta property=\"article:modified_time\" content=\"2025-02-19T10:01:57+00:00\" \/>\n<meta name=\"twitter:card\" content=\"summary_large_image\" \/>\n<meta name=\"twitter:label1\" content=\"Dur\u00e9e de lecture estim\u00e9e\" \/>\n\t<meta name=\"twitter:data1\" content=\"2 minutes\" \/>\n<script type=\"application\/ld+json\" class=\"yoast-schema-graph\">{\"@context\":\"https:\\\/\\\/schema.org\",\"@graph\":[{\"@type\":\"WebPage\",\"@id\":\"https:\\\/\\\/nouvelleaquitaine-handball.org\\\/index.php\\\/elementor-9541\\\/\",\"url\":\"https:\\\/\\\/nouvelleaquitaine-handball.org\\\/index.php\\\/elementor-9541\\\/\",\"name\":\"Article - Tournoi des p\u00f4les - LIGUE NOUVELLE AQUITAINE\",\"isPartOf\":{\"@id\":\"https:\\\/\\\/nouvelleaquitaine-handball.org\\\/#website\"},\"datePublished\":\"2025-02-19T09:58:54+00:00\",\"dateModified\":\"2025-02-19T10:01:57+00:00\",\"breadcrumb\":{\"@id\":\"https:\\\/\\\/nouvelleaquitaine-handball.org\\\/index.php\\\/elementor-9541\\\/#breadcrumb\"},\"inLanguage\":\"fr-FR\",\"potentialAction\":[{\"@type\":\"ReadAction\",\"target\":[\"https:\\\/\\\/nouvelleaquitaine-handball.org\\\/index.php\\\/elementor-9541\\\/\"]}]},{\"@type\":\"BreadcrumbList\",\"@id\":\"https:\\\/\\\/nouvelleaquitaine-handball.org\\\/index.php\\\/elementor-9541\\\/#breadcrumb\",\"itemListElement\":[{\"@type\":\"ListItem\",\"position\":1,\"name\":\"Accueil\",\"item\":\"https:\\\/\\\/nouvelleaquitaine-handball.org\\\/\"},{\"@type\":\"ListItem\",\"position\":2,\"name\":\"Article &#8211; Tournoi des p\u00f4les\"}]},{\"@type\":\"WebSite\",\"@id\":\"https:\\\/\\\/nouvelleaquitaine-handball.org\\\/#website\",\"url\":\"https:\\\/\\\/nouvelleaquitaine-handball.org\\\/\",\"name\":\"LIGUE NOUVELLE AQUITAINE\",\"description\":\"FFHANDBALL\",\"potentialAction\":[{\"@type\":\"SearchAction\",\"target\":{\"@type\":\"EntryPoint\",\"urlTemplate\":\"https:\\\/\\\/nouvelleaquitaine-handball.org\\\/?s={search_term_string}\"},\"query-input\":{\"@type\":\"PropertyValueSpecification\",\"valueRequired\":true,\"valueName\":\"search_term_string\"}}],\"inLanguage\":\"fr-FR\"}]}<\/script>\n<!-- \/ Yoast SEO plugin. -->","yoast_head_json":{"title":"Article - Tournoi des p\u00f4les - LIGUE NOUVELLE AQUITAINE","robots":{"index":"index","follow":"follow","max-snippet":"max-snippet:-1","max-image-preview":"max-image-preview:large","max-video-preview":"max-video-preview:-1"},"canonical":"https:\/\/nouvelleaquitaine-handball.org\/index.php\/elementor-9541\/","og_locale":"fr_FR","og_type":"article","og_title":"Article - Tournoi des p\u00f4les - LIGUE NOUVELLE AQUITAINE","og_description":"Retour sur la 18\u1d49 \u00e9dition du Tournoi des P\u00f4les Masculins \u00e0 Poitiers [&hellip;]","og_url":"https:\/\/nouvelleaquitaine-handball.org\/index.php\/elementor-9541\/","og_site_name":"LIGUE NOUVELLE AQUITAINE","article_modified_time":"2025-02-19T10:01:57+00:00","twitter_card":"summary_large_image","twitter_misc":{"Dur\u00e9e de lecture estim\u00e9e":"2 minutes"},"schema":{"@context":"https:\/\/schema.org","@graph":[{"@type":"WebPage","@id":"https:\/\/nouvelleaquitaine-handball.org\/index.php\/elementor-9541\/","url":"https:\/\/nouvelleaquitaine-handball.org\/index.php\/elementor-9541\/","name":"Article - Tournoi des p\u00f4les - LIGUE NOUVELLE AQUITAINE","isPartOf":{"@id":"https:\/\/nouvelleaquitaine-handball.org\/#website"},"datePublished":"2025-02-19T09:58:54+00:00","dateModified":"2025-02-19T10:01:57+00:00","breadcrumb":{"@id":"https:\/\/nouvelleaquitaine-handball.org\/index.php\/elementor-9541\/#breadcrumb"},"inLanguage":"fr-FR","potentialAction":[{"@type":"ReadAction","target":["https:\/\/nouvelleaquitaine-handball.org\/index.php\/elementor-9541\/"]}]},{"@type":"BreadcrumbList","@id":"https:\/\/nouvelleaquitaine-handball.org\/index.php\/elementor-9541\/#breadcrumb","itemListElement":[{"@type":"ListItem","position":1,"name":"Accueil","item":"https:\/\/nouvelleaquitaine-handball.org\/"},{"@type":"ListItem","position":2,"name":"Article &#8211; Tournoi des p\u00f4les"}]},{"@type":"WebSite","@id":"https:\/\/nouvelleaquitaine-handball.org\/#website","url":"https:\/\/nouvelleaquitaine-handball.org\/","name":"LIGUE NOUVELLE AQUITAINE","description":"FFHANDBALL","potentialAction":[{"@type":"SearchAction","target":{"@type":"EntryPoint","urlTemplate":"https:\/\/nouvelleaquitaine-handball.org\/?s={search_term_string}"},"query-input":{"@type":"PropertyValueSpecification","valueRequired":true,"valueName":"search_term_string"}}],"inLanguage":"fr-FR"}]}},"jetpack_sharing_enabled":true,"_links":{"self":[{"href":"https:\/\/nouvelleaquitaine-handball.org\/index.php\/wp-json\/wp\/v2\/pages\/9541","targetHints":{"allow":["GET"]}}],"collection":[{"href":"https:\/\/nouvelleaquitaine-handball.org\/index.php\/wp-json\/wp\/v2\/pages"}],"about":[{"href":"https:\/\/nouvelleaquitaine-handball.org\/index.php\/wp-json\/wp\/v2\/types\/page"}],"author":[{"embeddable":true,"href":"https:\/\/nouvelleaquitaine-handball.org\/index.php\/wp-json\/wp\/v2\/users\/2"}],"replies":[{"embeddable":true,"href":"https:\/\/nouvelleaquitaine-handball.org\/index.php\/wp-json\/wp\/v2\/comments?post=9541"}],"version-history":[{"count":7,"href":"https:\/\/nouvelleaquitaine-handball.org\/index.php\/wp-json\/wp\/v2\/pages\/9541\/revisions"}],"predecessor-version":[{"id":9551,"href":"https:\/\/nouvelleaquitaine-handball.org\/index.php\/wp-json\/wp\/v2\/pages\/9541\/revisions\/9551"}],"wp:attachment":[{"href":"https:\/\/nouvelleaquitaine-handball.org\/index.php\/wp-json\/wp\/v2\/media?parent=9541"}],"curies":[{"name":"wp","href":"https:\/\/api.w.org\/{rel}","templated":true}]}}