{"id":9665,"date":"2025-03-05T14:31:09","date_gmt":"2025-03-05T13:31:09","guid":{"rendered":"https:\/\/nouvelleaquitaine-handball.org\/?page_id=9665"},"modified":"2025-03-05T15:04:43","modified_gmt":"2025-03-05T14:04:43","slug":"article-handadapte-objat","status":"publish","type":"page","link":"https:\/\/nouvelleaquitaine-handball.org\/index.php\/article-handadapte-objat\/","title":{"rendered":"Article &#8211; Hand&#8217;Adapt\u00e9 Objat"},"content":{"rendered":"\t\t<div data-elementor-type=\"wp-page\" data-elementor-id=\"9665\" class=\"elementor elementor-9665\" data-elementor-post-type=\"page\">\n\t\t\t\t<div class=\"elementor-element elementor-element-9a0f134 e-flex e-con-boxed e-con e-parent\" data-id=\"9a0f134\" data-element_type=\"container\" data-e-type=\"container\" data-settings=\"{&quot;_ob_use_container_extras&quot;:&quot;no&quot;,&quot;_ob_column_hoveranimator&quot;:&quot;no&quot;,&quot;_ob_glider_is_slider&quot;:&quot;no&quot;,&quot;_ob_column_has_pseudo&quot;:&quot;no&quot;}\">\n\t\t\t\t\t<div class=\"e-con-inner\">\n\t\t<div class=\"elementor-element elementor-element-7c909e4 e-con-full e-flex e-con e-child\" data-id=\"7c909e4\" data-element_type=\"container\" data-e-type=\"container\" data-settings=\"{&quot;_ob_use_container_extras&quot;:&quot;no&quot;,&quot;_ob_column_hoveranimator&quot;:&quot;no&quot;,&quot;_ob_glider_is_slider&quot;:&quot;no&quot;,&quot;_ob_column_has_pseudo&quot;:&quot;no&quot;}\">\n\t\t<div class=\"elementor-element elementor-element-107c0d5 e-con-full e-flex e-con e-child\" data-id=\"107c0d5\" data-element_type=\"container\" data-e-type=\"container\" data-settings=\"{&quot;_ob_use_container_extras&quot;:&quot;no&quot;,&quot;_ob_column_hoveranimator&quot;:&quot;no&quot;,&quot;_ob_glider_is_slider&quot;:&quot;no&quot;,&quot;_ob_column_has_pseudo&quot;:&quot;no&quot;}\">\n\t\t\t\t<div class=\"elementor-element elementor-element-6108501 ob-has-background-overlay elementor-widget elementor-widget-spacer\" data-id=\"6108501\" data-element_type=\"widget\" data-e-type=\"widget\" data-settings=\"{&quot;_ob_spacerat_use&quot;:&quot;no&quot;,&quot;_ob_widget_stalker_use&quot;:&quot;no&quot;,&quot;_ob_poopart_use&quot;:&quot;yes&quot;,&quot;_ob_shadough_use&quot;:&quot;no&quot;,&quot;_ob_allow_hoveranimator&quot;:&quot;no&quot;}\" data-widget_type=\"spacer.default\">\n\t\t\t\t<div class=\"elementor-widget-container\">\n\t\t\t\t\t\t\t<div class=\"elementor-spacer\">\n\t\t\t<div class=\"elementor-spacer-inner\"><\/div>\n\t\t<\/div>\n\t\t\t\t\t\t<\/div>\n\t\t\t\t<\/div>\n\t\t\t\t<div class=\"elementor-element elementor-element-9144c9c ob-harakiri-inherit ob-has-background-overlay elementor-widget elementor-widget-heading\" data-id=\"9144c9c\" data-element_type=\"widget\" data-e-type=\"widget\" data-settings=\"{&quot;_ob_use_harakiri&quot;:&quot;yes&quot;,&quot;_ob_harakiri_writing_mode&quot;:&quot;inherit&quot;,&quot;_ob_harakiri_text_clip&quot;:&quot;none&quot;,&quot;_ob_widget_stalker_use&quot;:&quot;no&quot;,&quot;_ob_poopart_use&quot;:&quot;yes&quot;,&quot;_ob_shadough_use&quot;:&quot;no&quot;,&quot;_ob_allow_hoveranimator&quot;:&quot;no&quot;}\" data-widget_type=\"heading.default\">\n\t\t\t\t<div class=\"elementor-widget-container\">\n\t\t\t\t\t<h2 class=\"elementor-heading-title elementor-size-default\">Le club d\u2019Objat s\u2019engage pour l\u2019inclusion avec une journ\u00e9e Hand' Adapt\u00e9 r\u00e9ussie !<span style=\"color: var( --e-global-color-a1bce93 );text-align: var(--text-align)\"><\/span><\/h2>\t\t\t\t<\/div>\n\t\t\t\t<\/div>\n\t\t\t\t<div class=\"elementor-element elementor-element-193757d elementor-widget-divider--view-line ob-has-background-overlay elementor-widget elementor-widget-divider\" data-id=\"193757d\" data-element_type=\"widget\" data-e-type=\"widget\" data-settings=\"{&quot;_ob_widget_stalker_use&quot;:&quot;no&quot;,&quot;_ob_poopart_use&quot;:&quot;yes&quot;,&quot;_ob_shadough_use&quot;:&quot;no&quot;,&quot;_ob_allow_hoveranimator&quot;:&quot;no&quot;}\" data-widget_type=\"divider.default\">\n\t\t\t\t<div class=\"elementor-widget-container\">\n\t\t\t\t\t\t\t<div class=\"elementor-divider\">\n\t\t\t<span class=\"elementor-divider-separator\">\n\t\t\t\t\t\t<\/span>\n\t\t<\/div>\n\t\t\t\t\t\t<\/div>\n\t\t\t\t<\/div>\n\t\t\t\t<div class=\"elementor-element elementor-element-5683e1b ob-harakiri-inherit ob-has-background-overlay elementor-widget elementor-widget-text-editor\" data-id=\"5683e1b\" data-element_type=\"widget\" data-e-type=\"widget\" data-settings=\"{&quot;_ob_use_harakiri&quot;:&quot;yes&quot;,&quot;_ob_harakiri_writing_mode&quot;:&quot;inherit&quot;,&quot;_ob_postman_use&quot;:&quot;no&quot;,&quot;_ob_widget_stalker_use&quot;:&quot;no&quot;,&quot;_ob_poopart_use&quot;:&quot;yes&quot;,&quot;_ob_shadough_use&quot;:&quot;no&quot;,&quot;_ob_allow_hoveranimator&quot;:&quot;no&quot;}\" data-widget_type=\"text-editor.default\">\n\t\t\t\t<div class=\"elementor-widget-container\">\n\t\t\t\t\t\t\t\t\t<p data-start=\"90\" data-end=\"582\">Le club d\u2019Objat Handball a r\u00e9cemment d\u00e9montr\u00e9 toute l\u2019importance de ses valeurs humaines et solidaires en organisant une journ\u00e9e Hand Adapt\u00e9 qui restera longtemps dans les m\u00e9moires. Cette initiative, pens\u00e9e pour favoriser le d\u00e9veloppement du projet Hand Adapt\u00e9 du club corr\u00e9zien, a r\u00e9uni 29 r\u00e9sidants de l\u2019EANM de Lubersac, ainsi que des travailleurs sociaux et \u00e9ducateurs issus des structures PRISM, PEP, et des fondations Les Amis de l\u2019Atelier et Delta Plus.<\/p><p data-start=\"589\" data-end=\"657\"><strong data-start=\"593\" data-end=\"655\">Une journ\u00e9e plac\u00e9e sous le signe du partage et du sport<\/strong><\/p><p data-start=\"658\" data-end=\"1063\">Comme pour chaque action de ce type, la matin\u00e9e a d\u00e9but\u00e9 dans la convivialit\u00e9 avec un \u00e9chauffement en musique, suivi de plusieurs ateliers ludiques et adapt\u00e9s :<br data-start=\"822\" data-end=\"825\" \/>Ateliers tirs pour d\u00e9couvrir ou perfectionner la pr\u00e9cision,<br data-start=\"891\" data-end=\"894\" \/>Parcours de motricit\u00e9 et dribbles pour favoriser la coordination,<br data-start=\"966\" data-end=\"969\" \/>Oppositions 2&#215;1, permettant de mettre en pratique les acquis dans un esprit d\u2019\u00e9quipe.<\/p><p data-start=\"1065\" data-end=\"1287\">Apr\u00e8s un moment de pause autour d\u2019un pique-nique, l\u2019apr\u00e8s-midi s\u2019est poursuivie avec un tournoi amical entre quatre \u00e9quipes, avant de cl\u00f4turer cette belle journ\u00e9e par un go\u00fbter convivial offert par le club d\u2019Objat.<\/p><p data-start=\"1294\" data-end=\"1349\"><strong data-start=\"1298\" data-end=\"1347\">Un partenariat qui se construit dans la dur\u00e9e<\/strong><\/p><p data-start=\"1350\" data-end=\"1641\">Cette rencontre marquait une premi\u00e8re \u00e9tape dans la collaboration entre les structures sociales et le club. Face au succ\u00e8s de cette journ\u00e9e, une rencontre retour est d\u00e9j\u00e0 pr\u00e9vue pour le mois d\u2019avril, afin de poursuivre cette dynamique inclusive et de renforcer ce partenariat prometteur.<\/p><p data-start=\"1643\" data-end=\"1881\">Le LH (Limoges Handball), partenaire actif de l&#8217;\u00e9v\u00e9nement, a tenu \u00e0 saluer l\u2019investissement de l\u2019ensemble des licenci\u00e9s Objatois, et tout particuli\u00e8rement Florence et Lucas, pour leur implication sans faille dans l\u2019organisation.<\/p><p data-start=\"1888\" data-end=\"1956\"><strong data-start=\"1892\" data-end=\"1954\">Une mobilisation g\u00e9n\u00e9rale au service du handball pour tous<\/strong><\/p><p data-start=\"1957\" data-end=\"2040\">Le m\u00eame jour, les \u00e9quipes du LH \u00e9taient pleinement mobilis\u00e9es sur le territoire :<\/p><ul data-start=\"2041\" data-end=\"2299\"><li data-start=\"2041\" data-end=\"2096\">Un stage pour les U13 au gymnase Henri Normand,<\/li><li data-start=\"2097\" data-end=\"2162\">Une animation pour l\u2019ALSH Vital au gymnase de Buxerolles,<\/li><li data-start=\"2163\" data-end=\"2299\">Et donc, ce moment fort d\u00e9di\u00e9 \u00e0 l\u2019\u00e9panouissement d\u2019adultes porteurs de handicap psychique ou mental au gymnase du coll\u00e8ge d\u2019Objat.<\/li><\/ul><p data-start=\"2306\" data-end=\"2624\" data-is-last-node=\"\" data-is-only-node=\"\"><strong data-start=\"2309\" data-end=\"2410\">La Ligue Nouvelle-Aquitaine de Handball f\u00e9licite le club d\u2019Objat pour cette initiative exemplaire<\/strong>, qui illustre parfaitement l\u2019importance du handball comme levier d\u2019inclusion sociale et d\u2019\u00e9panouissement pour tous. Bravo \u00e0 toutes les personnes mobilis\u00e9es et rendez-vous en avril pour la suite de ce beau projet\u00a0<\/p>\t\t\t\t\t\t\t\t<\/div>\n\t\t\t\t<\/div>\n\t\t\t\t<\/div>\n\t\t\t\t<\/div>\n\t\t\t\t\t<\/div>\n\t\t\t\t<\/div>\n\t\t<div class=\"elementor-element elementor-element-53c4adf e-flex e-con-boxed e-con e-parent\" data-id=\"53c4adf\" data-element_type=\"container\" data-e-type=\"container\" data-settings=\"{&quot;_ob_use_container_extras&quot;:&quot;no&quot;,&quot;_ob_column_hoveranimator&quot;:&quot;no&quot;,&quot;_ob_glider_is_slider&quot;:&quot;no&quot;,&quot;_ob_column_has_pseudo&quot;:&quot;no&quot;}\">\n\t\t\t\t\t<div class=\"e-con-inner\">\n\t\t\t\t<div class=\"elementor-element elementor-element-14479bc ob-has-background-overlay elementor-widget elementor-widget-image\" data-id=\"14479bc\" data-element_type=\"widget\" data-e-type=\"widget\" data-settings=\"{&quot;_ob_photomorph_use&quot;:&quot;no&quot;,&quot;_ob_widget_stalker_use&quot;:&quot;no&quot;,&quot;_ob_poopart_use&quot;:&quot;yes&quot;,&quot;_ob_shadough_use&quot;:&quot;no&quot;,&quot;_ob_allow_hoveranimator&quot;:&quot;no&quot;}\" data-widget_type=\"image.default\">\n\t\t\t\t<div class=\"elementor-widget-container\">\n\t\t\t\t\t\t\t\t\t\t\t\t\t\t\t<img fetchpriority=\"high\" decoding=\"async\" width=\"2560\" height=\"1920\" src=\"https:\/\/i0.wp.com\/nouvelleaquitaine-handball.org\/wp-content\/uploads\/2025\/03\/objat-scaled.jpg?fit=2560%2C1920&amp;ssl=1\" class=\"attachment-full size-full wp-image-9667\" alt=\"\" srcset=\"https:\/\/i0.wp.com\/nouvelleaquitaine-handball.org\/wp-content\/uploads\/2025\/03\/objat-scaled.jpg?w=2560&amp;ssl=1 2560w, https:\/\/i0.wp.com\/nouvelleaquitaine-handball.org\/wp-content\/uploads\/2025\/03\/objat-scaled.jpg?resize=300%2C225&amp;ssl=1 300w, https:\/\/i0.wp.com\/nouvelleaquitaine-handball.org\/wp-content\/uploads\/2025\/03\/objat-scaled.jpg?resize=1024%2C768&amp;ssl=1 1024w, https:\/\/i0.wp.com\/nouvelleaquitaine-handball.org\/wp-content\/uploads\/2025\/03\/objat-scaled.jpg?resize=768%2C576&amp;ssl=1 768w, https:\/\/i0.wp.com\/nouvelleaquitaine-handball.org\/wp-content\/uploads\/2025\/03\/objat-scaled.jpg?resize=1536%2C1152&amp;ssl=1 1536w, https:\/\/i0.wp.com\/nouvelleaquitaine-handball.org\/wp-content\/uploads\/2025\/03\/objat-scaled.jpg?resize=2048%2C1536&amp;ssl=1 2048w, https:\/\/i0.wp.com\/nouvelleaquitaine-handball.org\/wp-content\/uploads\/2025\/03\/objat-scaled.jpg?resize=920%2C690&amp;ssl=1 920w, https:\/\/i0.wp.com\/nouvelleaquitaine-handball.org\/wp-content\/uploads\/2025\/03\/objat-scaled.jpg?resize=230%2C173&amp;ssl=1 230w, https:\/\/i0.wp.com\/nouvelleaquitaine-handball.org\/wp-content\/uploads\/2025\/03\/objat-scaled.jpg?resize=350%2C263&amp;ssl=1 350w, https:\/\/i0.wp.com\/nouvelleaquitaine-handball.org\/wp-content\/uploads\/2025\/03\/objat-scaled.jpg?resize=480%2C360&amp;ssl=1 480w, https:\/\/i0.wp.com\/nouvelleaquitaine-handball.org\/wp-content\/uploads\/2025\/03\/objat-scaled.jpg?w=2340 2340w\" sizes=\"(max-width: 1170px) 100vw, 1170px\" \/>\t\t\t\t\t\t\t\t\t\t\t\t\t\t\t<\/div>\n\t\t\t\t<\/div>\n\t\t\t\t\t<\/div>\n\t\t\t\t<\/div>\n\t\t\t\t<\/div>\n\t\t","protected":false},"excerpt":{"rendered":"<p>Le club d\u2019Objat s\u2019engage pour l\u2019inclusion avec une journ\u00e9e Hand&#8217; Adapt\u00e9 r\u00e9ussie [&hellip;]<\/p>\n","protected":false},"author":2,"featured_media":0,"parent":0,"menu_order":0,"comment_status":"closed","ping_status":"closed","template":"","meta":{"footnotes":""},"class_list":["post-9665","page","type-page","status-publish","hentry"],"yoast_head":"<!-- This site is optimized with the Yoast SEO plugin v27.4 - https:\/\/yoast.com\/product\/yoast-seo-wordpress\/ -->\n<title>Article - Hand&#039;Adapt\u00e9 Objat - LIGUE NOUVELLE AQUITAINE<\/title>\n<meta name=\"robots\" content=\"index, follow, max-snippet:-1, max-image-preview:large, max-video-preview:-1\" \/>\n<link rel=\"canonical\" href=\"https:\/\/nouvelleaquitaine-handball.org\/index.php\/article-handadapte-objat\/\" \/>\n<meta property=\"og:locale\" content=\"fr_FR\" \/>\n<meta property=\"og:type\" content=\"article\" \/>\n<meta property=\"og:title\" content=\"Article - Hand&#039;Adapt\u00e9 Objat - LIGUE NOUVELLE AQUITAINE\" \/>\n<meta property=\"og:description\" content=\"Le club d\u2019Objat s\u2019engage pour l\u2019inclusion avec une journ\u00e9e Hand&#8217; Adapt\u00e9 r\u00e9ussie [&hellip;]\" \/>\n<meta property=\"og:url\" content=\"https:\/\/nouvelleaquitaine-handball.org\/index.php\/article-handadapte-objat\/\" \/>\n<meta property=\"og:site_name\" content=\"LIGUE NOUVELLE AQUITAINE\" \/>\n<meta property=\"article:modified_time\" content=\"2025-03-05T14:04:43+00:00\" \/>\n<meta property=\"og:image\" content=\"http:\/\/nouvelleaquitaine-handball.org\/wp-content\/uploads\/2025\/03\/objat-scaled.jpg\" \/>\n<meta name=\"twitter:card\" content=\"summary_large_image\" \/>\n<meta name=\"twitter:label1\" content=\"Dur\u00e9e de lecture estim\u00e9e\" \/>\n\t<meta name=\"twitter:data1\" content=\"3 minutes\" \/>\n<script type=\"application\/ld+json\" class=\"yoast-schema-graph\">{\"@context\":\"https:\\\/\\\/schema.org\",\"@graph\":[{\"@type\":\"WebPage\",\"@id\":\"https:\\\/\\\/nouvelleaquitaine-handball.org\\\/index.php\\\/article-handadapte-objat\\\/\",\"url\":\"https:\\\/\\\/nouvelleaquitaine-handball.org\\\/index.php\\\/article-handadapte-objat\\\/\",\"name\":\"Article - Hand'Adapt\u00e9 Objat - LIGUE NOUVELLE AQUITAINE\",\"isPartOf\":{\"@id\":\"https:\\\/\\\/nouvelleaquitaine-handball.org\\\/#website\"},\"primaryImageOfPage\":{\"@id\":\"https:\\\/\\\/nouvelleaquitaine-handball.org\\\/index.php\\\/article-handadapte-objat\\\/#primaryimage\"},\"image\":{\"@id\":\"https:\\\/\\\/nouvelleaquitaine-handball.org\\\/index.php\\\/article-handadapte-objat\\\/#primaryimage\"},\"thumbnailUrl\":\"http:\\\/\\\/nouvelleaquitaine-handball.org\\\/wp-content\\\/uploads\\\/2025\\\/03\\\/objat-scaled.jpg\",\"datePublished\":\"2025-03-05T13:31:09+00:00\",\"dateModified\":\"2025-03-05T14:04:43+00:00\",\"breadcrumb\":{\"@id\":\"https:\\\/\\\/nouvelleaquitaine-handball.org\\\/index.php\\\/article-handadapte-objat\\\/#breadcrumb\"},\"inLanguage\":\"fr-FR\",\"potentialAction\":[{\"@type\":\"ReadAction\",\"target\":[\"https:\\\/\\\/nouvelleaquitaine-handball.org\\\/index.php\\\/article-handadapte-objat\\\/\"]}]},{\"@type\":\"ImageObject\",\"inLanguage\":\"fr-FR\",\"@id\":\"https:\\\/\\\/nouvelleaquitaine-handball.org\\\/index.php\\\/article-handadapte-objat\\\/#primaryimage\",\"url\":\"https:\\\/\\\/i0.wp.com\\\/nouvelleaquitaine-handball.org\\\/wp-content\\\/uploads\\\/2025\\\/03\\\/objat-scaled.jpg?fit=2560%2C1920&ssl=1\",\"contentUrl\":\"https:\\\/\\\/i0.wp.com\\\/nouvelleaquitaine-handball.org\\\/wp-content\\\/uploads\\\/2025\\\/03\\\/objat-scaled.jpg?fit=2560%2C1920&ssl=1\",\"width\":2560,\"height\":1920},{\"@type\":\"BreadcrumbList\",\"@id\":\"https:\\\/\\\/nouvelleaquitaine-handball.org\\\/index.php\\\/article-handadapte-objat\\\/#breadcrumb\",\"itemListElement\":[{\"@type\":\"ListItem\",\"position\":1,\"name\":\"Accueil\",\"item\":\"https:\\\/\\\/nouvelleaquitaine-handball.org\\\/\"},{\"@type\":\"ListItem\",\"position\":2,\"name\":\"Article &#8211; Hand&#8217;Adapt\u00e9 Objat\"}]},{\"@type\":\"WebSite\",\"@id\":\"https:\\\/\\\/nouvelleaquitaine-handball.org\\\/#website\",\"url\":\"https:\\\/\\\/nouvelleaquitaine-handball.org\\\/\",\"name\":\"LIGUE NOUVELLE AQUITAINE\",\"description\":\"FFHANDBALL\",\"potentialAction\":[{\"@type\":\"SearchAction\",\"target\":{\"@type\":\"EntryPoint\",\"urlTemplate\":\"https:\\\/\\\/nouvelleaquitaine-handball.org\\\/?s={search_term_string}\"},\"query-input\":{\"@type\":\"PropertyValueSpecification\",\"valueRequired\":true,\"valueName\":\"search_term_string\"}}],\"inLanguage\":\"fr-FR\"}]}<\/script>\n<!-- \/ Yoast SEO plugin. -->","yoast_head_json":{"title":"Article - Hand'Adapt\u00e9 Objat - LIGUE NOUVELLE AQUITAINE","robots":{"index":"index","follow":"follow","max-snippet":"max-snippet:-1","max-image-preview":"max-image-preview:large","max-video-preview":"max-video-preview:-1"},"canonical":"https:\/\/nouvelleaquitaine-handball.org\/index.php\/article-handadapte-objat\/","og_locale":"fr_FR","og_type":"article","og_title":"Article - Hand'Adapt\u00e9 Objat - LIGUE NOUVELLE AQUITAINE","og_description":"Le club d\u2019Objat s\u2019engage pour l\u2019inclusion avec une journ\u00e9e Hand&#8217; Adapt\u00e9 r\u00e9ussie [&hellip;]","og_url":"https:\/\/nouvelleaquitaine-handball.org\/index.php\/article-handadapte-objat\/","og_site_name":"LIGUE NOUVELLE AQUITAINE","article_modified_time":"2025-03-05T14:04:43+00:00","og_image":[{"url":"http:\/\/nouvelleaquitaine-handball.org\/wp-content\/uploads\/2025\/03\/objat-scaled.jpg","type":"","width":"","height":""}],"twitter_card":"summary_large_image","twitter_misc":{"Dur\u00e9e de lecture estim\u00e9e":"3 minutes"},"schema":{"@context":"https:\/\/schema.org","@graph":[{"@type":"WebPage","@id":"https:\/\/nouvelleaquitaine-handball.org\/index.php\/article-handadapte-objat\/","url":"https:\/\/nouvelleaquitaine-handball.org\/index.php\/article-handadapte-objat\/","name":"Article - Hand'Adapt\u00e9 Objat - LIGUE NOUVELLE AQUITAINE","isPartOf":{"@id":"https:\/\/nouvelleaquitaine-handball.org\/#website"},"primaryImageOfPage":{"@id":"https:\/\/nouvelleaquitaine-handball.org\/index.php\/article-handadapte-objat\/#primaryimage"},"image":{"@id":"https:\/\/nouvelleaquitaine-handball.org\/index.php\/article-handadapte-objat\/#primaryimage"},"thumbnailUrl":"http:\/\/nouvelleaquitaine-handball.org\/wp-content\/uploads\/2025\/03\/objat-scaled.jpg","datePublished":"2025-03-05T13:31:09+00:00","dateModified":"2025-03-05T14:04:43+00:00","breadcrumb":{"@id":"https:\/\/nouvelleaquitaine-handball.org\/index.php\/article-handadapte-objat\/#breadcrumb"},"inLanguage":"fr-FR","potentialAction":[{"@type":"ReadAction","target":["https:\/\/nouvelleaquitaine-handball.org\/index.php\/article-handadapte-objat\/"]}]},{"@type":"ImageObject","inLanguage":"fr-FR","@id":"https:\/\/nouvelleaquitaine-handball.org\/index.php\/article-handadapte-objat\/#primaryimage","url":"https:\/\/i0.wp.com\/nouvelleaquitaine-handball.org\/wp-content\/uploads\/2025\/03\/objat-scaled.jpg?fit=2560%2C1920&ssl=1","contentUrl":"https:\/\/i0.wp.com\/nouvelleaquitaine-handball.org\/wp-content\/uploads\/2025\/03\/objat-scaled.jpg?fit=2560%2C1920&ssl=1","width":2560,"height":1920},{"@type":"BreadcrumbList","@id":"https:\/\/nouvelleaquitaine-handball.org\/index.php\/article-handadapte-objat\/#breadcrumb","itemListElement":[{"@type":"ListItem","position":1,"name":"Accueil","item":"https:\/\/nouvelleaquitaine-handball.org\/"},{"@type":"ListItem","position":2,"name":"Article &#8211; Hand&#8217;Adapt\u00e9 Objat"}]},{"@type":"WebSite","@id":"https:\/\/nouvelleaquitaine-handball.org\/#website","url":"https:\/\/nouvelleaquitaine-handball.org\/","name":"LIGUE NOUVELLE AQUITAINE","description":"FFHANDBALL","potentialAction":[{"@type":"SearchAction","target":{"@type":"EntryPoint","urlTemplate":"https:\/\/nouvelleaquitaine-handball.org\/?s={search_term_string}"},"query-input":{"@type":"PropertyValueSpecification","valueRequired":true,"valueName":"search_term_string"}}],"inLanguage":"fr-FR"}]}},"jetpack_sharing_enabled":true,"_links":{"self":[{"href":"https:\/\/nouvelleaquitaine-handball.org\/index.php\/wp-json\/wp\/v2\/pages\/9665","targetHints":{"allow":["GET"]}}],"collection":[{"href":"https:\/\/nouvelleaquitaine-handball.org\/index.php\/wp-json\/wp\/v2\/pages"}],"about":[{"href":"https:\/\/nouvelleaquitaine-handball.org\/index.php\/wp-json\/wp\/v2\/types\/page"}],"author":[{"embeddable":true,"href":"https:\/\/nouvelleaquitaine-handball.org\/index.php\/wp-json\/wp\/v2\/users\/2"}],"replies":[{"embeddable":true,"href":"https:\/\/nouvelleaquitaine-handball.org\/index.php\/wp-json\/wp\/v2\/comments?post=9665"}],"version-history":[{"count":7,"href":"https:\/\/nouvelleaquitaine-handball.org\/index.php\/wp-json\/wp\/v2\/pages\/9665\/revisions"}],"predecessor-version":[{"id":9686,"href":"https:\/\/nouvelleaquitaine-handball.org\/index.php\/wp-json\/wp\/v2\/pages\/9665\/revisions\/9686"}],"wp:attachment":[{"href":"https:\/\/nouvelleaquitaine-handball.org\/index.php\/wp-json\/wp\/v2\/media?parent=9665"}],"curies":[{"name":"wp","href":"https:\/\/api.w.org\/{rel}","templated":true}]}}