{"id":9698,"date":"2025-03-06T09:35:03","date_gmt":"2025-03-06T08:35:03","guid":{"rendered":"https:\/\/nouvelleaquitaine-handball.org\/?page_id=9698"},"modified":"2025-03-06T09:39:03","modified_gmt":"2025-03-06T08:39:03","slug":"article-lylou-borg-top3","status":"publish","type":"page","link":"https:\/\/nouvelleaquitaine-handball.org\/index.php\/article-lylou-borg-top3\/","title":{"rendered":"Article &#8211; Lylou Borg top3"},"content":{"rendered":"\t\t<div data-elementor-type=\"wp-page\" data-elementor-id=\"9698\" class=\"elementor elementor-9698\" data-elementor-post-type=\"page\">\n\t\t\t\t<div class=\"elementor-element elementor-element-5214acf e-flex e-con-boxed e-con e-parent\" data-id=\"5214acf\" data-element_type=\"container\" data-e-type=\"container\" data-settings=\"{&quot;_ob_use_container_extras&quot;:&quot;no&quot;,&quot;_ob_column_hoveranimator&quot;:&quot;no&quot;,&quot;_ob_glider_is_slider&quot;:&quot;no&quot;,&quot;_ob_column_has_pseudo&quot;:&quot;no&quot;}\">\n\t\t\t\t\t<div class=\"e-con-inner\">\n\t\t<div class=\"elementor-element elementor-element-8fa08cd e-con-full e-flex e-con e-child\" data-id=\"8fa08cd\" data-element_type=\"container\" data-e-type=\"container\" data-settings=\"{&quot;_ob_use_container_extras&quot;:&quot;no&quot;,&quot;_ob_column_hoveranimator&quot;:&quot;no&quot;,&quot;_ob_glider_is_slider&quot;:&quot;no&quot;,&quot;_ob_column_has_pseudo&quot;:&quot;no&quot;}\">\n\t\t<div class=\"elementor-element elementor-element-4ac592e e-con-full e-flex e-con e-child\" data-id=\"4ac592e\" data-element_type=\"container\" data-e-type=\"container\" data-settings=\"{&quot;_ob_use_container_extras&quot;:&quot;no&quot;,&quot;_ob_column_hoveranimator&quot;:&quot;no&quot;,&quot;_ob_glider_is_slider&quot;:&quot;no&quot;,&quot;_ob_column_has_pseudo&quot;:&quot;no&quot;}\">\n\t\t\t\t<div class=\"elementor-element elementor-element-f00a7a6 ob-has-background-overlay elementor-widget elementor-widget-spacer\" data-id=\"f00a7a6\" data-element_type=\"widget\" data-e-type=\"widget\" data-settings=\"{&quot;_ob_spacerat_use&quot;:&quot;no&quot;,&quot;_ob_widget_stalker_use&quot;:&quot;no&quot;,&quot;_ob_poopart_use&quot;:&quot;yes&quot;,&quot;_ob_shadough_use&quot;:&quot;no&quot;,&quot;_ob_allow_hoveranimator&quot;:&quot;no&quot;}\" data-widget_type=\"spacer.default\">\n\t\t\t\t<div class=\"elementor-widget-container\">\n\t\t\t\t\t\t\t<div class=\"elementor-spacer\">\n\t\t\t<div class=\"elementor-spacer-inner\"><\/div>\n\t\t<\/div>\n\t\t\t\t\t\t<\/div>\n\t\t\t\t<\/div>\n\t\t\t\t<div class=\"elementor-element elementor-element-6bfd3c5 ob-harakiri-inherit ob-has-background-overlay elementor-widget elementor-widget-heading\" data-id=\"6bfd3c5\" data-element_type=\"widget\" data-e-type=\"widget\" data-settings=\"{&quot;_ob_use_harakiri&quot;:&quot;yes&quot;,&quot;_ob_harakiri_writing_mode&quot;:&quot;inherit&quot;,&quot;_ob_harakiri_text_clip&quot;:&quot;none&quot;,&quot;_ob_widget_stalker_use&quot;:&quot;no&quot;,&quot;_ob_poopart_use&quot;:&quot;yes&quot;,&quot;_ob_shadough_use&quot;:&quot;no&quot;,&quot;_ob_allow_hoveranimator&quot;:&quot;no&quot;}\" data-widget_type=\"heading.default\">\n\t\t\t\t<div class=\"elementor-widget-container\">\n\t\t\t\t\t<h2 class=\"elementor-heading-title elementor-size-default\">LYLOU BORG PARMI LES 3 MEILLEURES JEUNES JOUEUSES DU MONDE<\/h2>\t\t\t\t<\/div>\n\t\t\t\t<\/div>\n\t\t\t\t<div class=\"elementor-element elementor-element-0dbbc5d elementor-widget-divider--view-line ob-has-background-overlay elementor-widget elementor-widget-divider\" data-id=\"0dbbc5d\" data-element_type=\"widget\" data-e-type=\"widget\" data-settings=\"{&quot;_ob_widget_stalker_use&quot;:&quot;no&quot;,&quot;_ob_poopart_use&quot;:&quot;yes&quot;,&quot;_ob_shadough_use&quot;:&quot;no&quot;,&quot;_ob_allow_hoveranimator&quot;:&quot;no&quot;}\" data-widget_type=\"divider.default\">\n\t\t\t\t<div class=\"elementor-widget-container\">\n\t\t\t\t\t\t\t<div class=\"elementor-divider\">\n\t\t\t<span class=\"elementor-divider-separator\">\n\t\t\t\t\t\t<\/span>\n\t\t<\/div>\n\t\t\t\t\t\t<\/div>\n\t\t\t\t<\/div>\n\t\t\t\t<div class=\"elementor-element elementor-element-422554b ob-harakiri-inherit ob-has-background-overlay elementor-widget elementor-widget-text-editor\" data-id=\"422554b\" data-element_type=\"widget\" data-e-type=\"widget\" data-settings=\"{&quot;_ob_use_harakiri&quot;:&quot;yes&quot;,&quot;_ob_harakiri_writing_mode&quot;:&quot;inherit&quot;,&quot;_ob_postman_use&quot;:&quot;no&quot;,&quot;_ob_widget_stalker_use&quot;:&quot;no&quot;,&quot;_ob_poopart_use&quot;:&quot;yes&quot;,&quot;_ob_shadough_use&quot;:&quot;no&quot;,&quot;_ob_allow_hoveranimator&quot;:&quot;no&quot;}\" data-widget_type=\"text-editor.default\">\n\t\t\t\t<div class=\"elementor-widget-container\">\n\t\t\t\t\t\t\t\t\t<p data-start=\"70\" data-end=\"443\">La Ligue Nouvelle-Aquitaine de Handball est fi\u00e8re de mettre en lumi\u00e8re une nouvelle reconnaissance exceptionnelle pour l\u2019un des talents issus de notre territoire : Lylou Borg, form\u00e9e \u00e0 M\u00e9rignac Handball, fait partie des trois joueuses nomm\u00e9es pour le titre de Meilleure Jeune Joueuse du Monde 2024, d\u00e9cern\u00e9 par l&#8217;IHF (F\u00e9d\u00e9ration Internationale de Handball).<\/p><p data-start=\"450\" data-end=\"505\"><strong data-start=\"454\" data-end=\"503\">Un parcours remarquable vers l&#8217;\u00e9lite mondiale<\/strong><\/p><p data-start=\"507\" data-end=\"832\">\u00c0 seulement 19 ans, Lylou Borg confirme son ascension fulgurante sur la sc\u00e8ne internationale. Apr\u00e8s avoir brill\u00e9 lors du Championnat du Monde Jeunes en 2022, elle a franchi un cap en 2024 en \u00e9tant l&#8217;une des joueuses cl\u00e9s de l&#8217;\u00e9quipe de France junior, sacr\u00e9e championne du monde sans conc\u00e9der la moindre d\u00e9faite.<\/p><p data-start=\"834\" data-end=\"1287\">Son incroyable r\u00e9gularit\u00e9 et son influence dans le jeu lui ont valu d&#8217;\u00eatre \u00e9lue MVP du Championnat du Monde Junior 2024, consolidant son statut de future r\u00e9f\u00e9rence mondiale au poste de demi-centre. Fille de l\u2019ancienne internationale Myriam Borg-Korfanty, Lylou incarne d\u00e9j\u00e0 la rel\u00e8ve du handball tricolore et vient tout juste d\u2019\u00eatre appel\u00e9e en \u00e9quipe de France A pour disputer ses premiers matchs officiels face \u00e0 l\u2019Allemagne d\u00e9but mars.<\/p><p data-start=\"1294\" data-end=\"1366\"><strong data-start=\"1298\" data-end=\"1364\">Une r\u00e9compense prestigieuse, reflet d\u2019une ann\u00e9e exceptionnelle<\/strong><\/p><p data-start=\"1368\" data-end=\"1732\">Le titre de Meilleure Jeune Joueuse du Monde (IHF Young Female Player of the Year) r\u00e9compense la joueuse la plus marquante de l\u2019ann\u00e9e parmi les moins de 23 ans, selon un processus de vote partag\u00e9 entre : Les fans, les coachs des \u00e9quipes nationales pr\u00e9sentes aux Jeux Olympiques de Paris 2024, ainsi que la Commission des Entra\u00eeneurs et M\u00e9thodes de l&#8217;IHF.<\/p><p data-start=\"1734\" data-end=\"1974\">Pour cette \u00e9dition 2024, Lylou Borg partage cette prestigieuse nomination avec :<br data-start=\"1814\" data-end=\"1817\" \/>\ud83c\uddeb\ud83c\uddf7 L\u00e9na Grandveau (France), laur\u00e9ate 2023 du m\u00eame titre,<br data-start=\"1879\" data-end=\"1882\" \/>\ud83c\udded\ud83c\uddfa Petra Simon (Hongrie), r\u00e9v\u00e9lation olympique et m\u00e9daill\u00e9e de bronze \u00e0 l\u2019Euro 2024.<\/p><p data-start=\"1981\" data-end=\"2017\"><strong data-start=\"1985\" data-end=\"2015\">Un immense bravo \u00e0 Lylou !<\/strong><\/p><p data-start=\"2019\" data-end=\"2323\">Apr\u00e8s un parcours exemplaire au sein du p\u00f4le espoir Nouvelle-Aquitaine, puis sous les couleurs du M\u00e9rignac Handball, cette nomination internationale vient saluer le travail et la d\u00e9termination d\u2019une joueuse prometteuse, qui rejoindra cet \u00e9t\u00e9 le Metz Handball, club phare de l\u2019\u00e9lite fran\u00e7aise.<\/p><p data-start=\"2325\" data-end=\"2638\"><strong data-start=\"2328\" data-end=\"2445\">La ligue Nouvelle-Aquitaine de Handball f\u00e9licite chaleureusement Lylou Borg pour cette distinction exceptionnelle<\/strong>, reflet de son talent et de son engagement. Nous lui souhaitons le meilleur pour la suite de sa carri\u00e8re, en esp\u00e9rant la voir d\u00e9crocher ce titre mondial, synonyme de reconnaissance plan\u00e9taire.<\/p><p data-start=\"2640\" data-end=\"2720\"><strong data-start=\"2643\" data-end=\"2720\">Restez connect\u00e9s pour suivre les r\u00e9sultats et voter pour soutenir Lylou !<\/strong><\/p>\t\t\t\t\t\t\t\t<\/div>\n\t\t\t\t<\/div>\n\t\t\t\t<\/div>\n\t\t\t\t<\/div>\n\t\t\t\t\t<\/div>\n\t\t\t\t<\/div>\n\t\t<div class=\"elementor-element elementor-element-ad1d178 e-flex e-con-boxed e-con e-parent\" data-id=\"ad1d178\" data-element_type=\"container\" data-e-type=\"container\" data-settings=\"{&quot;_ob_use_container_extras&quot;:&quot;no&quot;,&quot;_ob_column_hoveranimator&quot;:&quot;no&quot;,&quot;_ob_glider_is_slider&quot;:&quot;no&quot;,&quot;_ob_column_has_pseudo&quot;:&quot;no&quot;}\">\n\t\t\t\t\t<div class=\"e-con-inner\">\n\t\t\t\t<div class=\"elementor-element elementor-element-94940e1 ob-has-background-overlay elementor-widget elementor-widget-image\" data-id=\"94940e1\" data-element_type=\"widget\" data-e-type=\"widget\" data-settings=\"{&quot;_ob_photomorph_use&quot;:&quot;no&quot;,&quot;_ob_widget_stalker_use&quot;:&quot;no&quot;,&quot;_ob_poopart_use&quot;:&quot;yes&quot;,&quot;_ob_shadough_use&quot;:&quot;no&quot;,&quot;_ob_allow_hoveranimator&quot;:&quot;no&quot;}\" data-widget_type=\"image.default\">\n\t\t\t\t<div class=\"elementor-widget-container\">\n\t\t\t\t\t\t\t\t\t\t\t\t\t\t\t<img fetchpriority=\"high\" decoding=\"async\" width=\"800\" height=\"500\" src=\"https:\/\/i0.wp.com\/nouvelleaquitaine-handball.org\/wp-content\/uploads\/2025\/03\/Lylou-Borg-800x500-1.webp?fit=800%2C500&amp;ssl=1\" class=\"attachment-full size-full wp-image-9700\" alt=\"\" srcset=\"https:\/\/i0.wp.com\/nouvelleaquitaine-handball.org\/wp-content\/uploads\/2025\/03\/Lylou-Borg-800x500-1.webp?w=800&amp;ssl=1 800w, https:\/\/i0.wp.com\/nouvelleaquitaine-handball.org\/wp-content\/uploads\/2025\/03\/Lylou-Borg-800x500-1.webp?resize=300%2C188&amp;ssl=1 300w, https:\/\/i0.wp.com\/nouvelleaquitaine-handball.org\/wp-content\/uploads\/2025\/03\/Lylou-Borg-800x500-1.webp?resize=768%2C480&amp;ssl=1 768w, https:\/\/i0.wp.com\/nouvelleaquitaine-handball.org\/wp-content\/uploads\/2025\/03\/Lylou-Borg-800x500-1.webp?resize=230%2C144&amp;ssl=1 230w, https:\/\/i0.wp.com\/nouvelleaquitaine-handball.org\/wp-content\/uploads\/2025\/03\/Lylou-Borg-800x500-1.webp?resize=350%2C219&amp;ssl=1 350w, https:\/\/i0.wp.com\/nouvelleaquitaine-handball.org\/wp-content\/uploads\/2025\/03\/Lylou-Borg-800x500-1.webp?resize=480%2C300&amp;ssl=1 480w\" sizes=\"(max-width: 800px) 100vw, 800px\" \/>\t\t\t\t\t\t\t\t\t\t\t\t\t\t\t<\/div>\n\t\t\t\t<\/div>\n\t\t\t\t\t<\/div>\n\t\t\t\t<\/div>\n\t\t\t\t<\/div>\n\t\t","protected":false},"excerpt":{"rendered":"<p>LYLOU BORG PARMI LES 3 MEILLEURES JEUNES JOUEUSES DU MONDE La Ligue [&hellip;]<\/p>\n","protected":false},"author":2,"featured_media":0,"parent":0,"menu_order":0,"comment_status":"closed","ping_status":"closed","template":"","meta":{"footnotes":""},"class_list":["post-9698","page","type-page","status-publish","hentry"],"yoast_head":"<!-- This site is optimized with the Yoast SEO plugin v27.4 - https:\/\/yoast.com\/product\/yoast-seo-wordpress\/ -->\n<title>Article - Lylou Borg top3 - LIGUE NOUVELLE AQUITAINE<\/title>\n<meta name=\"robots\" content=\"index, follow, max-snippet:-1, max-image-preview:large, max-video-preview:-1\" \/>\n<link rel=\"canonical\" href=\"https:\/\/nouvelleaquitaine-handball.org\/index.php\/article-lylou-borg-top3\/\" \/>\n<meta property=\"og:locale\" content=\"fr_FR\" \/>\n<meta property=\"og:type\" content=\"article\" \/>\n<meta property=\"og:title\" content=\"Article - Lylou Borg top3 - LIGUE NOUVELLE AQUITAINE\" \/>\n<meta property=\"og:description\" content=\"LYLOU BORG PARMI LES 3 MEILLEURES JEUNES JOUEUSES DU MONDE La Ligue [&hellip;]\" \/>\n<meta property=\"og:url\" content=\"https:\/\/nouvelleaquitaine-handball.org\/index.php\/article-lylou-borg-top3\/\" \/>\n<meta property=\"og:site_name\" content=\"LIGUE NOUVELLE AQUITAINE\" \/>\n<meta property=\"article:modified_time\" content=\"2025-03-06T08:39:03+00:00\" \/>\n<meta property=\"og:image\" content=\"http:\/\/nouvelleaquitaine-handball.org\/wp-content\/uploads\/2025\/03\/Lylou-Borg-800x500-1.webp\" \/>\n<meta name=\"twitter:card\" content=\"summary_large_image\" \/>\n<meta name=\"twitter:label1\" content=\"Dur\u00e9e de lecture estim\u00e9e\" \/>\n\t<meta name=\"twitter:data1\" content=\"3 minutes\" \/>\n<script type=\"application\/ld+json\" class=\"yoast-schema-graph\">{\"@context\":\"https:\\\/\\\/schema.org\",\"@graph\":[{\"@type\":\"WebPage\",\"@id\":\"https:\\\/\\\/nouvelleaquitaine-handball.org\\\/index.php\\\/article-lylou-borg-top3\\\/\",\"url\":\"https:\\\/\\\/nouvelleaquitaine-handball.org\\\/index.php\\\/article-lylou-borg-top3\\\/\",\"name\":\"Article - Lylou Borg top3 - LIGUE NOUVELLE AQUITAINE\",\"isPartOf\":{\"@id\":\"https:\\\/\\\/nouvelleaquitaine-handball.org\\\/#website\"},\"primaryImageOfPage\":{\"@id\":\"https:\\\/\\\/nouvelleaquitaine-handball.org\\\/index.php\\\/article-lylou-borg-top3\\\/#primaryimage\"},\"image\":{\"@id\":\"https:\\\/\\\/nouvelleaquitaine-handball.org\\\/index.php\\\/article-lylou-borg-top3\\\/#primaryimage\"},\"thumbnailUrl\":\"http:\\\/\\\/nouvelleaquitaine-handball.org\\\/wp-content\\\/uploads\\\/2025\\\/03\\\/Lylou-Borg-800x500-1.webp\",\"datePublished\":\"2025-03-06T08:35:03+00:00\",\"dateModified\":\"2025-03-06T08:39:03+00:00\",\"breadcrumb\":{\"@id\":\"https:\\\/\\\/nouvelleaquitaine-handball.org\\\/index.php\\\/article-lylou-borg-top3\\\/#breadcrumb\"},\"inLanguage\":\"fr-FR\",\"potentialAction\":[{\"@type\":\"ReadAction\",\"target\":[\"https:\\\/\\\/nouvelleaquitaine-handball.org\\\/index.php\\\/article-lylou-borg-top3\\\/\"]}]},{\"@type\":\"ImageObject\",\"inLanguage\":\"fr-FR\",\"@id\":\"https:\\\/\\\/nouvelleaquitaine-handball.org\\\/index.php\\\/article-lylou-borg-top3\\\/#primaryimage\",\"url\":\"https:\\\/\\\/i0.wp.com\\\/nouvelleaquitaine-handball.org\\\/wp-content\\\/uploads\\\/2025\\\/03\\\/Lylou-Borg-800x500-1.webp?fit=800%2C500&ssl=1\",\"contentUrl\":\"https:\\\/\\\/i0.wp.com\\\/nouvelleaquitaine-handball.org\\\/wp-content\\\/uploads\\\/2025\\\/03\\\/Lylou-Borg-800x500-1.webp?fit=800%2C500&ssl=1\",\"width\":800,\"height\":500},{\"@type\":\"BreadcrumbList\",\"@id\":\"https:\\\/\\\/nouvelleaquitaine-handball.org\\\/index.php\\\/article-lylou-borg-top3\\\/#breadcrumb\",\"itemListElement\":[{\"@type\":\"ListItem\",\"position\":1,\"name\":\"Accueil\",\"item\":\"https:\\\/\\\/nouvelleaquitaine-handball.org\\\/\"},{\"@type\":\"ListItem\",\"position\":2,\"name\":\"Article &#8211; Lylou Borg top3\"}]},{\"@type\":\"WebSite\",\"@id\":\"https:\\\/\\\/nouvelleaquitaine-handball.org\\\/#website\",\"url\":\"https:\\\/\\\/nouvelleaquitaine-handball.org\\\/\",\"name\":\"LIGUE NOUVELLE AQUITAINE\",\"description\":\"FFHANDBALL\",\"potentialAction\":[{\"@type\":\"SearchAction\",\"target\":{\"@type\":\"EntryPoint\",\"urlTemplate\":\"https:\\\/\\\/nouvelleaquitaine-handball.org\\\/?s={search_term_string}\"},\"query-input\":{\"@type\":\"PropertyValueSpecification\",\"valueRequired\":true,\"valueName\":\"search_term_string\"}}],\"inLanguage\":\"fr-FR\"}]}<\/script>\n<!-- \/ Yoast SEO plugin. -->","yoast_head_json":{"title":"Article - Lylou Borg top3 - LIGUE NOUVELLE AQUITAINE","robots":{"index":"index","follow":"follow","max-snippet":"max-snippet:-1","max-image-preview":"max-image-preview:large","max-video-preview":"max-video-preview:-1"},"canonical":"https:\/\/nouvelleaquitaine-handball.org\/index.php\/article-lylou-borg-top3\/","og_locale":"fr_FR","og_type":"article","og_title":"Article - Lylou Borg top3 - LIGUE NOUVELLE AQUITAINE","og_description":"LYLOU BORG PARMI LES 3 MEILLEURES JEUNES JOUEUSES DU MONDE La Ligue [&hellip;]","og_url":"https:\/\/nouvelleaquitaine-handball.org\/index.php\/article-lylou-borg-top3\/","og_site_name":"LIGUE NOUVELLE AQUITAINE","article_modified_time":"2025-03-06T08:39:03+00:00","og_image":[{"url":"http:\/\/nouvelleaquitaine-handball.org\/wp-content\/uploads\/2025\/03\/Lylou-Borg-800x500-1.webp","type":"","width":"","height":""}],"twitter_card":"summary_large_image","twitter_misc":{"Dur\u00e9e de lecture estim\u00e9e":"3 minutes"},"schema":{"@context":"https:\/\/schema.org","@graph":[{"@type":"WebPage","@id":"https:\/\/nouvelleaquitaine-handball.org\/index.php\/article-lylou-borg-top3\/","url":"https:\/\/nouvelleaquitaine-handball.org\/index.php\/article-lylou-borg-top3\/","name":"Article - Lylou Borg top3 - LIGUE NOUVELLE AQUITAINE","isPartOf":{"@id":"https:\/\/nouvelleaquitaine-handball.org\/#website"},"primaryImageOfPage":{"@id":"https:\/\/nouvelleaquitaine-handball.org\/index.php\/article-lylou-borg-top3\/#primaryimage"},"image":{"@id":"https:\/\/nouvelleaquitaine-handball.org\/index.php\/article-lylou-borg-top3\/#primaryimage"},"thumbnailUrl":"http:\/\/nouvelleaquitaine-handball.org\/wp-content\/uploads\/2025\/03\/Lylou-Borg-800x500-1.webp","datePublished":"2025-03-06T08:35:03+00:00","dateModified":"2025-03-06T08:39:03+00:00","breadcrumb":{"@id":"https:\/\/nouvelleaquitaine-handball.org\/index.php\/article-lylou-borg-top3\/#breadcrumb"},"inLanguage":"fr-FR","potentialAction":[{"@type":"ReadAction","target":["https:\/\/nouvelleaquitaine-handball.org\/index.php\/article-lylou-borg-top3\/"]}]},{"@type":"ImageObject","inLanguage":"fr-FR","@id":"https:\/\/nouvelleaquitaine-handball.org\/index.php\/article-lylou-borg-top3\/#primaryimage","url":"https:\/\/i0.wp.com\/nouvelleaquitaine-handball.org\/wp-content\/uploads\/2025\/03\/Lylou-Borg-800x500-1.webp?fit=800%2C500&ssl=1","contentUrl":"https:\/\/i0.wp.com\/nouvelleaquitaine-handball.org\/wp-content\/uploads\/2025\/03\/Lylou-Borg-800x500-1.webp?fit=800%2C500&ssl=1","width":800,"height":500},{"@type":"BreadcrumbList","@id":"https:\/\/nouvelleaquitaine-handball.org\/index.php\/article-lylou-borg-top3\/#breadcrumb","itemListElement":[{"@type":"ListItem","position":1,"name":"Accueil","item":"https:\/\/nouvelleaquitaine-handball.org\/"},{"@type":"ListItem","position":2,"name":"Article &#8211; Lylou Borg top3"}]},{"@type":"WebSite","@id":"https:\/\/nouvelleaquitaine-handball.org\/#website","url":"https:\/\/nouvelleaquitaine-handball.org\/","name":"LIGUE NOUVELLE AQUITAINE","description":"FFHANDBALL","potentialAction":[{"@type":"SearchAction","target":{"@type":"EntryPoint","urlTemplate":"https:\/\/nouvelleaquitaine-handball.org\/?s={search_term_string}"},"query-input":{"@type":"PropertyValueSpecification","valueRequired":true,"valueName":"search_term_string"}}],"inLanguage":"fr-FR"}]}},"jetpack_sharing_enabled":true,"_links":{"self":[{"href":"https:\/\/nouvelleaquitaine-handball.org\/index.php\/wp-json\/wp\/v2\/pages\/9698","targetHints":{"allow":["GET"]}}],"collection":[{"href":"https:\/\/nouvelleaquitaine-handball.org\/index.php\/wp-json\/wp\/v2\/pages"}],"about":[{"href":"https:\/\/nouvelleaquitaine-handball.org\/index.php\/wp-json\/wp\/v2\/types\/page"}],"author":[{"embeddable":true,"href":"https:\/\/nouvelleaquitaine-handball.org\/index.php\/wp-json\/wp\/v2\/users\/2"}],"replies":[{"embeddable":true,"href":"https:\/\/nouvelleaquitaine-handball.org\/index.php\/wp-json\/wp\/v2\/comments?post=9698"}],"version-history":[{"count":8,"href":"https:\/\/nouvelleaquitaine-handball.org\/index.php\/wp-json\/wp\/v2\/pages\/9698\/revisions"}],"predecessor-version":[{"id":9830,"href":"https:\/\/nouvelleaquitaine-handball.org\/index.php\/wp-json\/wp\/v2\/pages\/9698\/revisions\/9830"}],"wp:attachment":[{"href":"https:\/\/nouvelleaquitaine-handball.org\/index.php\/wp-json\/wp\/v2\/media?parent=9698"}],"curies":[{"name":"wp","href":"https:\/\/api.w.org\/{rel}","templated":true}]}}