{"id":9962,"date":"2025-04-29T15:00:34","date_gmt":"2025-04-29T13:00:34","guid":{"rendered":"https:\/\/nouvelleaquitaine-handball.org\/?page_id=9962"},"modified":"2025-04-29T15:26:25","modified_gmt":"2025-04-29T13:26:25","slug":"article-rrh-2025","status":"publish","type":"page","link":"https:\/\/nouvelleaquitaine-handball.org\/index.php\/article-rrh-2025\/","title":{"rendered":"Article &#8211; RRH 2025"},"content":{"rendered":"\t\t<div data-elementor-type=\"wp-page\" data-elementor-id=\"9962\" class=\"elementor elementor-9962\" data-elementor-post-type=\"page\">\n\t\t\t\t<div class=\"elementor-element elementor-element-1fa8396 e-flex e-con-boxed e-con e-parent\" data-id=\"1fa8396\" data-element_type=\"container\" data-e-type=\"container\" data-settings=\"{&quot;_ob_use_container_extras&quot;:&quot;no&quot;,&quot;_ob_column_hoveranimator&quot;:&quot;no&quot;,&quot;_ob_glider_is_slider&quot;:&quot;no&quot;,&quot;_ob_column_has_pseudo&quot;:&quot;no&quot;}\">\n\t\t\t\t\t<div class=\"e-con-inner\">\n\t\t<div class=\"elementor-element elementor-element-f75ac8c e-con-full e-flex e-con e-child\" data-id=\"f75ac8c\" data-element_type=\"container\" data-e-type=\"container\" data-settings=\"{&quot;_ob_use_container_extras&quot;:&quot;no&quot;,&quot;_ob_column_hoveranimator&quot;:&quot;no&quot;,&quot;_ob_glider_is_slider&quot;:&quot;no&quot;,&quot;_ob_column_has_pseudo&quot;:&quot;no&quot;}\">\n\t\t<div class=\"elementor-element elementor-element-ef98322 e-con-full e-flex e-con e-child\" data-id=\"ef98322\" data-element_type=\"container\" data-e-type=\"container\" data-settings=\"{&quot;_ob_use_container_extras&quot;:&quot;no&quot;,&quot;_ob_column_hoveranimator&quot;:&quot;no&quot;,&quot;_ob_glider_is_slider&quot;:&quot;no&quot;,&quot;_ob_column_has_pseudo&quot;:&quot;no&quot;}\">\n\t\t\t\t<div class=\"elementor-element elementor-element-8e09672 ob-has-background-overlay elementor-widget elementor-widget-spacer\" data-id=\"8e09672\" data-element_type=\"widget\" data-e-type=\"widget\" data-settings=\"{&quot;_ob_spacerat_use&quot;:&quot;no&quot;,&quot;_ob_widget_stalker_use&quot;:&quot;no&quot;,&quot;_ob_poopart_use&quot;:&quot;yes&quot;,&quot;_ob_shadough_use&quot;:&quot;no&quot;,&quot;_ob_allow_hoveranimator&quot;:&quot;no&quot;}\" data-widget_type=\"spacer.default\">\n\t\t\t\t<div class=\"elementor-widget-container\">\n\t\t\t\t\t\t\t<div class=\"elementor-spacer\">\n\t\t\t<div class=\"elementor-spacer-inner\"><\/div>\n\t\t<\/div>\n\t\t\t\t\t\t<\/div>\n\t\t\t\t<\/div>\n\t\t\t\t<div class=\"elementor-element elementor-element-646c960 ob-harakiri-inherit ob-has-background-overlay elementor-widget elementor-widget-heading\" data-id=\"646c960\" data-element_type=\"widget\" data-e-type=\"widget\" data-settings=\"{&quot;_ob_use_harakiri&quot;:&quot;yes&quot;,&quot;_ob_harakiri_writing_mode&quot;:&quot;inherit&quot;,&quot;_ob_harakiri_text_clip&quot;:&quot;none&quot;,&quot;_ob_widget_stalker_use&quot;:&quot;no&quot;,&quot;_ob_poopart_use&quot;:&quot;yes&quot;,&quot;_ob_shadough_use&quot;:&quot;no&quot;,&quot;_ob_allow_hoveranimator&quot;:&quot;no&quot;}\" data-widget_type=\"heading.default\">\n\t\t\t\t<div class=\"elementor-widget-container\">\n\t\t\t\t\t<h2 class=\"elementor-heading-title elementor-size-default\"><p data-start=\"0\" data-end=\"79\"><strong data-start=\"0\" data-end=\"79\">Rencontres r\u00e9gionales du handensemble 2025 : un week-end de coh\u00e9sion \u00e0 oloron-sainte-marie<\/strong><\/p><\/h2>\t\t\t\t<\/div>\n\t\t\t\t<\/div>\n\t\t\t\t<div class=\"elementor-element elementor-element-0583b7d elementor-widget-divider--view-line ob-has-background-overlay elementor-widget elementor-widget-divider\" data-id=\"0583b7d\" data-element_type=\"widget\" data-e-type=\"widget\" data-settings=\"{&quot;_ob_widget_stalker_use&quot;:&quot;no&quot;,&quot;_ob_poopart_use&quot;:&quot;yes&quot;,&quot;_ob_shadough_use&quot;:&quot;no&quot;,&quot;_ob_allow_hoveranimator&quot;:&quot;no&quot;}\" data-widget_type=\"divider.default\">\n\t\t\t\t<div class=\"elementor-widget-container\">\n\t\t\t\t\t\t\t<div class=\"elementor-divider\">\n\t\t\t<span class=\"elementor-divider-separator\">\n\t\t\t\t\t\t<\/span>\n\t\t<\/div>\n\t\t\t\t\t\t<\/div>\n\t\t\t\t<\/div>\n\t\t\t\t<div class=\"elementor-element elementor-element-cde72f5 ob-harakiri-inherit ob-has-background-overlay elementor-widget elementor-widget-text-editor\" data-id=\"cde72f5\" data-element_type=\"widget\" data-e-type=\"widget\" data-settings=\"{&quot;_ob_use_harakiri&quot;:&quot;yes&quot;,&quot;_ob_harakiri_writing_mode&quot;:&quot;inherit&quot;,&quot;_ob_postman_use&quot;:&quot;no&quot;,&quot;_ob_widget_stalker_use&quot;:&quot;no&quot;,&quot;_ob_poopart_use&quot;:&quot;yes&quot;,&quot;_ob_shadough_use&quot;:&quot;no&quot;,&quot;_ob_allow_hoveranimator&quot;:&quot;no&quot;}\" data-widget_type=\"text-editor.default\">\n\t\t\t\t<div class=\"elementor-widget-container\">\n\t\t\t\t\t\t\t\t\t<p class=\"\" data-start=\"137\" data-end=\"413\">Les 26 et 27 avril 2025, la ville d\u2019Oloron-Sainte-Marie (64) a accueilli la 8e \u00e9dition des Rencontres R\u00e9gionales du Handensemble, un \u00e9v\u00e9nement phare pour la Ligue Nouvelle-Aquitaine de Handball, enti\u00e8rement d\u00e9di\u00e9 \u00e0 la promotion de l\u2019inclusivit\u00e9 par le sport.<\/p><p class=\"\" data-start=\"415\" data-end=\"672\">Cette manifestation a r\u00e9uni de nombreux clubs, structures et pratiquants autour de deux formes de pratique inclusive : le Handadapt\u00e9 et le Handfauteuil, dans une ambiance conviviale, bienveillante et rythm\u00e9e par les sourires et les encouragements.<\/p><p data-start=\"679\" data-end=\"723\"><strong>Un tournoi au-del\u00e0 de la comp\u00e9tition<\/strong><\/p><p class=\"\" data-start=\"725\" data-end=\"1113\">Durant deux jours, les gymnases Palas et Scohy ont vu s\u2019affronter des \u00e9quipes venues de toute la r\u00e9gion dans des formats adapt\u00e9s et accessibles. Des dizaines de rencontres ont \u00e9t\u00e9 disput\u00e9es dans le cadre des tournois de Handfauteuil et de Handadapt\u00e9, selon un programme structur\u00e9 mais toujours ax\u00e9 sur la joie de pratiquer ensemble, quelles que soient les capacit\u00e9s de chacun.<\/p><p class=\"\" data-start=\"1115\" data-end=\"1334\">Loin d\u2019un esprit de performance classique, cette \u00e9dition a rappel\u00e9 ce que le sport peut offrir de plus pr\u00e9cieux : la coh\u00e9sion, l\u2019\u00e9galit\u00e9 des chances, la reconnaissance de chaque participant et la force du collectif.<\/p><hr class=\"\" data-start=\"1336\" data-end=\"1339\" \/><p data-start=\"1341\" data-end=\"1377\"><strong>Un moment fort pour la Ligue<\/strong><\/p><p class=\"\" data-start=\"1379\" data-end=\"1544\">Pr\u00e9sent lors de l\u2019\u00e9v\u00e9nement, Didier Bizord, pr\u00e9sident de la Ligue Nouvelle-Aquitaine de Handball, a tenu \u00e0 rappeler l\u2019importance capitale de cette initiative :<\/p><p class=\"\" data-start=\"1379\" data-end=\"1544\"><strong><em data-start=\"1547\" data-end=\"1728\">&#8220;C\u2019est l\u2019un des \u00e9v\u00e9nements les plus importants de l\u2019ann\u00e9e pour la Ligue. Il incarne parfaitement nos valeurs de partage, d\u2019inclusion et de d\u00e9veloppement de la pratique pour tous.&#8221;<\/em><\/strong><\/p><p class=\"\" data-start=\"1730\" data-end=\"1973\">Cette 8e \u00e9dition a \u00e9t\u00e9 aussi marqu\u00e9e par une mobilisation exemplaire : \u00e9ducateurs sp\u00e9cialis\u00e9s, b\u00e9n\u00e9voles, arbitres, encadrants et membres des clubs ont \u0153uvr\u00e9 main dans la main pour faire de ce week-end un moment de f\u00eate et de fraternit\u00e9.<\/p><p data-start=\"1980\" data-end=\"2044\"><strong>Bien plus qu\u2019un tournoi : une f\u00eate du handball pour tous<\/strong><\/p><p class=\"\" data-start=\"2046\" data-end=\"2370\">En plus des comp\u00e9titions sportives, le programme a inclus un \u00e9chauffement collectif en musique, une soir\u00e9e festive anim\u00e9e, des temps de restauration partag\u00e9s et un pot de l\u2019amiti\u00e9, autant d\u2019occasions de renforcer les liens entre les participants, les structures partenaires et les spectateurs venus nombreux.<\/p><p class=\"\" data-start=\"2372\" data-end=\"2585\">La participation active de clubs comme Mons\u00e9gur, Bill\u00e8re, R\u00e9, Lescar, Le Haillan, Ychoux, Surg\u00e8res, Eysines, Oloron ou encore St Loub\u00e8s t\u00e9moigne de la richesse du r\u00e9seau Handensemble en Nouvelle-Aquitaine.<\/p><p data-start=\"2592\" data-end=\"2621\"><strong>Un grand merci \u00e0 tous<\/strong><\/p><p class=\"\" data-start=\"2623\" data-end=\"2962\">La Ligue souhaite adresser ses plus sinc\u00e8res remerciements \u00e0 toutes les personnes impliqu\u00e9es dans l\u2019organisation et la r\u00e9ussite de ces Rencontres R\u00e9gionales : les b\u00e9n\u00e9voles, les encadrants, les joueurs, les coachs, les partenaires institutionnels, et bien s\u00fbr le club d\u2019Oloron, h\u00f4te de cette belle \u00e9dition 2025.<\/p><p class=\"\" data-start=\"2964\" data-end=\"3098\">Ces deux journ\u00e9es resteront un moment fort de la saison, qui nous rappelle que le handball est un sport pour tous, sans exception.<\/p><p class=\"\" data-start=\"3100\" data-end=\"3212\">Revivez les meilleurs moments de l\u2019\u00e9v\u00e9nement prochainement sur nos r\u00e9seaux sociaux et notre cha\u00eene YouTube.<\/p>\t\t\t\t\t\t\t\t<\/div>\n\t\t\t\t<\/div>\n\t\t\t\t<\/div>\n\t\t\t\t<\/div>\n\t\t\t\t\t<\/div>\n\t\t\t\t<\/div>\n\t\t<div class=\"elementor-element elementor-element-29b9b8b e-flex e-con-boxed e-con e-parent\" data-id=\"29b9b8b\" data-element_type=\"container\" data-e-type=\"container\" data-settings=\"{&quot;_ob_use_container_extras&quot;:&quot;no&quot;,&quot;_ob_column_hoveranimator&quot;:&quot;no&quot;,&quot;_ob_glider_is_slider&quot;:&quot;no&quot;,&quot;_ob_column_has_pseudo&quot;:&quot;no&quot;}\">\n\t\t\t\t\t<div class=\"e-con-inner\">\n\t\t<div class=\"elementor-element elementor-element-1e87eaf e-con-full e-flex e-con e-child\" data-id=\"1e87eaf\" data-element_type=\"container\" data-e-type=\"container\" data-settings=\"{&quot;_ob_use_container_extras&quot;:&quot;no&quot;,&quot;_ob_column_hoveranimator&quot;:&quot;no&quot;,&quot;_ob_glider_is_slider&quot;:&quot;no&quot;,&quot;_ob_column_has_pseudo&quot;:&quot;no&quot;}\">\n\t\t\t\t<div class=\"elementor-element elementor-element-5a7e713 ob-has-background-overlay elementor-widget elementor-widget-image\" data-id=\"5a7e713\" data-element_type=\"widget\" data-e-type=\"widget\" data-settings=\"{&quot;_ob_photomorph_use&quot;:&quot;no&quot;,&quot;_ob_widget_stalker_use&quot;:&quot;no&quot;,&quot;_ob_poopart_use&quot;:&quot;yes&quot;,&quot;_ob_shadough_use&quot;:&quot;no&quot;,&quot;_ob_allow_hoveranimator&quot;:&quot;no&quot;}\" data-widget_type=\"image.default\">\n\t\t\t\t<div class=\"elementor-widget-container\">\n\t\t\t\t\t\t\t\t\t\t\t\t\t\t\t<img fetchpriority=\"high\" decoding=\"async\" width=\"1536\" height=\"1024\" src=\"https:\/\/i0.wp.com\/nouvelleaquitaine-handball.org\/wp-content\/uploads\/2025\/04\/sans-titre-32-scaled.jpg?fit=1536%2C1024&amp;ssl=1\" class=\"attachment-1536x1536 size-1536x1536 wp-image-9964\" alt=\"\" srcset=\"https:\/\/i0.wp.com\/nouvelleaquitaine-handball.org\/wp-content\/uploads\/2025\/04\/sans-titre-32-scaled.jpg?w=2560&amp;ssl=1 2560w, https:\/\/i0.wp.com\/nouvelleaquitaine-handball.org\/wp-content\/uploads\/2025\/04\/sans-titre-32-scaled.jpg?resize=300%2C200&amp;ssl=1 300w, https:\/\/i0.wp.com\/nouvelleaquitaine-handball.org\/wp-content\/uploads\/2025\/04\/sans-titre-32-scaled.jpg?resize=1024%2C683&amp;ssl=1 1024w, https:\/\/i0.wp.com\/nouvelleaquitaine-handball.org\/wp-content\/uploads\/2025\/04\/sans-titre-32-scaled.jpg?resize=768%2C512&amp;ssl=1 768w, https:\/\/i0.wp.com\/nouvelleaquitaine-handball.org\/wp-content\/uploads\/2025\/04\/sans-titre-32-scaled.jpg?resize=1536%2C1024&amp;ssl=1 1536w, https:\/\/i0.wp.com\/nouvelleaquitaine-handball.org\/wp-content\/uploads\/2025\/04\/sans-titre-32-scaled.jpg?resize=2048%2C1365&amp;ssl=1 2048w, https:\/\/i0.wp.com\/nouvelleaquitaine-handball.org\/wp-content\/uploads\/2025\/04\/sans-titre-32-scaled.jpg?resize=920%2C613&amp;ssl=1 920w, https:\/\/i0.wp.com\/nouvelleaquitaine-handball.org\/wp-content\/uploads\/2025\/04\/sans-titre-32-scaled.jpg?resize=230%2C153&amp;ssl=1 230w, https:\/\/i0.wp.com\/nouvelleaquitaine-handball.org\/wp-content\/uploads\/2025\/04\/sans-titre-32-scaled.jpg?resize=350%2C233&amp;ssl=1 350w, https:\/\/i0.wp.com\/nouvelleaquitaine-handball.org\/wp-content\/uploads\/2025\/04\/sans-titre-32-scaled.jpg?resize=480%2C320&amp;ssl=1 480w, https:\/\/i0.wp.com\/nouvelleaquitaine-handball.org\/wp-content\/uploads\/2025\/04\/sans-titre-32-scaled.jpg?w=2340 2340w\" sizes=\"(max-width: 1170px) 100vw, 1170px\" \/>\t\t\t\t\t\t\t\t\t\t\t\t\t\t\t<\/div>\n\t\t\t\t<\/div>\n\t\t\t\t<\/div>\n\t\t<div class=\"elementor-element elementor-element-0f7dda7 e-con-full e-flex e-con e-child\" data-id=\"0f7dda7\" data-element_type=\"container\" data-e-type=\"container\" data-settings=\"{&quot;_ob_use_container_extras&quot;:&quot;no&quot;,&quot;_ob_column_hoveranimator&quot;:&quot;no&quot;,&quot;_ob_glider_is_slider&quot;:&quot;no&quot;,&quot;_ob_column_has_pseudo&quot;:&quot;no&quot;}\">\n\t\t\t\t<div class=\"elementor-element elementor-element-6c99445 ob-has-background-overlay elementor-widget elementor-widget-image\" data-id=\"6c99445\" data-element_type=\"widget\" data-e-type=\"widget\" data-settings=\"{&quot;_ob_photomorph_use&quot;:&quot;no&quot;,&quot;_ob_widget_stalker_use&quot;:&quot;no&quot;,&quot;_ob_poopart_use&quot;:&quot;yes&quot;,&quot;_ob_shadough_use&quot;:&quot;no&quot;,&quot;_ob_allow_hoveranimator&quot;:&quot;no&quot;}\" data-widget_type=\"image.default\">\n\t\t\t\t<div class=\"elementor-widget-container\">\n\t\t\t\t\t\t\t\t\t\t\t\t\t\t\t<img decoding=\"async\" width=\"1536\" height=\"1024\" src=\"https:\/\/i0.wp.com\/nouvelleaquitaine-handball.org\/wp-content\/uploads\/2025\/04\/sans-titre-19-scaled.jpg?fit=1536%2C1024&amp;ssl=1\" class=\"attachment-1536x1536 size-1536x1536 wp-image-9965\" alt=\"\" srcset=\"https:\/\/i0.wp.com\/nouvelleaquitaine-handball.org\/wp-content\/uploads\/2025\/04\/sans-titre-19-scaled.jpg?w=2560&amp;ssl=1 2560w, https:\/\/i0.wp.com\/nouvelleaquitaine-handball.org\/wp-content\/uploads\/2025\/04\/sans-titre-19-scaled.jpg?resize=300%2C200&amp;ssl=1 300w, https:\/\/i0.wp.com\/nouvelleaquitaine-handball.org\/wp-content\/uploads\/2025\/04\/sans-titre-19-scaled.jpg?resize=1024%2C683&amp;ssl=1 1024w, https:\/\/i0.wp.com\/nouvelleaquitaine-handball.org\/wp-content\/uploads\/2025\/04\/sans-titre-19-scaled.jpg?resize=768%2C512&amp;ssl=1 768w, https:\/\/i0.wp.com\/nouvelleaquitaine-handball.org\/wp-content\/uploads\/2025\/04\/sans-titre-19-scaled.jpg?resize=1536%2C1024&amp;ssl=1 1536w, https:\/\/i0.wp.com\/nouvelleaquitaine-handball.org\/wp-content\/uploads\/2025\/04\/sans-titre-19-scaled.jpg?resize=2048%2C1365&amp;ssl=1 2048w, https:\/\/i0.wp.com\/nouvelleaquitaine-handball.org\/wp-content\/uploads\/2025\/04\/sans-titre-19-scaled.jpg?resize=920%2C613&amp;ssl=1 920w, https:\/\/i0.wp.com\/nouvelleaquitaine-handball.org\/wp-content\/uploads\/2025\/04\/sans-titre-19-scaled.jpg?resize=230%2C153&amp;ssl=1 230w, https:\/\/i0.wp.com\/nouvelleaquitaine-handball.org\/wp-content\/uploads\/2025\/04\/sans-titre-19-scaled.jpg?resize=350%2C233&amp;ssl=1 350w, https:\/\/i0.wp.com\/nouvelleaquitaine-handball.org\/wp-content\/uploads\/2025\/04\/sans-titre-19-scaled.jpg?resize=480%2C320&amp;ssl=1 480w, https:\/\/i0.wp.com\/nouvelleaquitaine-handball.org\/wp-content\/uploads\/2025\/04\/sans-titre-19-scaled.jpg?w=2340 2340w\" sizes=\"(max-width: 1170px) 100vw, 1170px\" \/>\t\t\t\t\t\t\t\t\t\t\t\t\t\t\t<\/div>\n\t\t\t\t<\/div>\n\t\t\t\t<\/div>\n\t\t\t\t\t<\/div>\n\t\t\t\t<\/div>\n\t\t\t\t<\/div>\n\t\t","protected":false},"excerpt":{"rendered":"<p>Rencontres r\u00e9gionales du handensemble 2025 : un week-end de coh\u00e9sion \u00e0 oloron-sainte-marie [&hellip;]<\/p>\n","protected":false},"author":2,"featured_media":0,"parent":0,"menu_order":0,"comment_status":"closed","ping_status":"closed","template":"","meta":{"footnotes":""},"class_list":["post-9962","page","type-page","status-publish","hentry"],"yoast_head":"<!-- This site is optimized with the Yoast SEO plugin v27.4 - https:\/\/yoast.com\/product\/yoast-seo-wordpress\/ -->\n<title>Article - RRH 2025 - LIGUE NOUVELLE AQUITAINE<\/title>\n<meta name=\"robots\" content=\"index, follow, max-snippet:-1, max-image-preview:large, max-video-preview:-1\" \/>\n<link rel=\"canonical\" href=\"https:\/\/nouvelleaquitaine-handball.org\/index.php\/article-rrh-2025\/\" \/>\n<meta property=\"og:locale\" content=\"fr_FR\" \/>\n<meta property=\"og:type\" content=\"article\" \/>\n<meta property=\"og:title\" content=\"Article - RRH 2025 - LIGUE NOUVELLE AQUITAINE\" \/>\n<meta property=\"og:description\" content=\"Rencontres r\u00e9gionales du handensemble 2025 : un week-end de coh\u00e9sion \u00e0 oloron-sainte-marie [&hellip;]\" \/>\n<meta property=\"og:url\" content=\"https:\/\/nouvelleaquitaine-handball.org\/index.php\/article-rrh-2025\/\" \/>\n<meta property=\"og:site_name\" content=\"LIGUE NOUVELLE AQUITAINE\" \/>\n<meta property=\"article:modified_time\" content=\"2025-04-29T13:26:25+00:00\" \/>\n<meta property=\"og:image\" content=\"http:\/\/nouvelleaquitaine-handball.org\/wp-content\/uploads\/2025\/04\/sans-titre-32-1536x1024.jpg\" \/>\n<meta name=\"twitter:card\" content=\"summary_large_image\" \/>\n<meta name=\"twitter:label1\" content=\"Dur\u00e9e de lecture estim\u00e9e\" \/>\n\t<meta name=\"twitter:data1\" content=\"3 minutes\" \/>\n<script type=\"application\/ld+json\" class=\"yoast-schema-graph\">{\"@context\":\"https:\\\/\\\/schema.org\",\"@graph\":[{\"@type\":\"WebPage\",\"@id\":\"https:\\\/\\\/nouvelleaquitaine-handball.org\\\/index.php\\\/article-rrh-2025\\\/\",\"url\":\"https:\\\/\\\/nouvelleaquitaine-handball.org\\\/index.php\\\/article-rrh-2025\\\/\",\"name\":\"Article - RRH 2025 - LIGUE NOUVELLE AQUITAINE\",\"isPartOf\":{\"@id\":\"https:\\\/\\\/nouvelleaquitaine-handball.org\\\/#website\"},\"primaryImageOfPage\":{\"@id\":\"https:\\\/\\\/nouvelleaquitaine-handball.org\\\/index.php\\\/article-rrh-2025\\\/#primaryimage\"},\"image\":{\"@id\":\"https:\\\/\\\/nouvelleaquitaine-handball.org\\\/index.php\\\/article-rrh-2025\\\/#primaryimage\"},\"thumbnailUrl\":\"http:\\\/\\\/nouvelleaquitaine-handball.org\\\/wp-content\\\/uploads\\\/2025\\\/04\\\/sans-titre-32-1536x1024.jpg\",\"datePublished\":\"2025-04-29T13:00:34+00:00\",\"dateModified\":\"2025-04-29T13:26:25+00:00\",\"breadcrumb\":{\"@id\":\"https:\\\/\\\/nouvelleaquitaine-handball.org\\\/index.php\\\/article-rrh-2025\\\/#breadcrumb\"},\"inLanguage\":\"fr-FR\",\"potentialAction\":[{\"@type\":\"ReadAction\",\"target\":[\"https:\\\/\\\/nouvelleaquitaine-handball.org\\\/index.php\\\/article-rrh-2025\\\/\"]}]},{\"@type\":\"ImageObject\",\"inLanguage\":\"fr-FR\",\"@id\":\"https:\\\/\\\/nouvelleaquitaine-handball.org\\\/index.php\\\/article-rrh-2025\\\/#primaryimage\",\"url\":\"https:\\\/\\\/i0.wp.com\\\/nouvelleaquitaine-handball.org\\\/wp-content\\\/uploads\\\/2025\\\/04\\\/sans-titre-32-scaled.jpg?fit=2560%2C1707&ssl=1\",\"contentUrl\":\"https:\\\/\\\/i0.wp.com\\\/nouvelleaquitaine-handball.org\\\/wp-content\\\/uploads\\\/2025\\\/04\\\/sans-titre-32-scaled.jpg?fit=2560%2C1707&ssl=1\",\"width\":2560,\"height\":1707},{\"@type\":\"BreadcrumbList\",\"@id\":\"https:\\\/\\\/nouvelleaquitaine-handball.org\\\/index.php\\\/article-rrh-2025\\\/#breadcrumb\",\"itemListElement\":[{\"@type\":\"ListItem\",\"position\":1,\"name\":\"Accueil\",\"item\":\"https:\\\/\\\/nouvelleaquitaine-handball.org\\\/\"},{\"@type\":\"ListItem\",\"position\":2,\"name\":\"Article &#8211; RRH 2025\"}]},{\"@type\":\"WebSite\",\"@id\":\"https:\\\/\\\/nouvelleaquitaine-handball.org\\\/#website\",\"url\":\"https:\\\/\\\/nouvelleaquitaine-handball.org\\\/\",\"name\":\"LIGUE NOUVELLE AQUITAINE\",\"description\":\"FFHANDBALL\",\"potentialAction\":[{\"@type\":\"SearchAction\",\"target\":{\"@type\":\"EntryPoint\",\"urlTemplate\":\"https:\\\/\\\/nouvelleaquitaine-handball.org\\\/?s={search_term_string}\"},\"query-input\":{\"@type\":\"PropertyValueSpecification\",\"valueRequired\":true,\"valueName\":\"search_term_string\"}}],\"inLanguage\":\"fr-FR\"}]}<\/script>\n<!-- \/ Yoast SEO plugin. -->","yoast_head_json":{"title":"Article - RRH 2025 - LIGUE NOUVELLE AQUITAINE","robots":{"index":"index","follow":"follow","max-snippet":"max-snippet:-1","max-image-preview":"max-image-preview:large","max-video-preview":"max-video-preview:-1"},"canonical":"https:\/\/nouvelleaquitaine-handball.org\/index.php\/article-rrh-2025\/","og_locale":"fr_FR","og_type":"article","og_title":"Article - RRH 2025 - LIGUE NOUVELLE AQUITAINE","og_description":"Rencontres r\u00e9gionales du handensemble 2025 : un week-end de coh\u00e9sion \u00e0 oloron-sainte-marie [&hellip;]","og_url":"https:\/\/nouvelleaquitaine-handball.org\/index.php\/article-rrh-2025\/","og_site_name":"LIGUE NOUVELLE AQUITAINE","article_modified_time":"2025-04-29T13:26:25+00:00","og_image":[{"url":"http:\/\/nouvelleaquitaine-handball.org\/wp-content\/uploads\/2025\/04\/sans-titre-32-1536x1024.jpg","type":"","width":"","height":""}],"twitter_card":"summary_large_image","twitter_misc":{"Dur\u00e9e de lecture estim\u00e9e":"3 minutes"},"schema":{"@context":"https:\/\/schema.org","@graph":[{"@type":"WebPage","@id":"https:\/\/nouvelleaquitaine-handball.org\/index.php\/article-rrh-2025\/","url":"https:\/\/nouvelleaquitaine-handball.org\/index.php\/article-rrh-2025\/","name":"Article - RRH 2025 - LIGUE NOUVELLE AQUITAINE","isPartOf":{"@id":"https:\/\/nouvelleaquitaine-handball.org\/#website"},"primaryImageOfPage":{"@id":"https:\/\/nouvelleaquitaine-handball.org\/index.php\/article-rrh-2025\/#primaryimage"},"image":{"@id":"https:\/\/nouvelleaquitaine-handball.org\/index.php\/article-rrh-2025\/#primaryimage"},"thumbnailUrl":"http:\/\/nouvelleaquitaine-handball.org\/wp-content\/uploads\/2025\/04\/sans-titre-32-1536x1024.jpg","datePublished":"2025-04-29T13:00:34+00:00","dateModified":"2025-04-29T13:26:25+00:00","breadcrumb":{"@id":"https:\/\/nouvelleaquitaine-handball.org\/index.php\/article-rrh-2025\/#breadcrumb"},"inLanguage":"fr-FR","potentialAction":[{"@type":"ReadAction","target":["https:\/\/nouvelleaquitaine-handball.org\/index.php\/article-rrh-2025\/"]}]},{"@type":"ImageObject","inLanguage":"fr-FR","@id":"https:\/\/nouvelleaquitaine-handball.org\/index.php\/article-rrh-2025\/#primaryimage","url":"https:\/\/i0.wp.com\/nouvelleaquitaine-handball.org\/wp-content\/uploads\/2025\/04\/sans-titre-32-scaled.jpg?fit=2560%2C1707&ssl=1","contentUrl":"https:\/\/i0.wp.com\/nouvelleaquitaine-handball.org\/wp-content\/uploads\/2025\/04\/sans-titre-32-scaled.jpg?fit=2560%2C1707&ssl=1","width":2560,"height":1707},{"@type":"BreadcrumbList","@id":"https:\/\/nouvelleaquitaine-handball.org\/index.php\/article-rrh-2025\/#breadcrumb","itemListElement":[{"@type":"ListItem","position":1,"name":"Accueil","item":"https:\/\/nouvelleaquitaine-handball.org\/"},{"@type":"ListItem","position":2,"name":"Article &#8211; RRH 2025"}]},{"@type":"WebSite","@id":"https:\/\/nouvelleaquitaine-handball.org\/#website","url":"https:\/\/nouvelleaquitaine-handball.org\/","name":"LIGUE NOUVELLE AQUITAINE","description":"FFHANDBALL","potentialAction":[{"@type":"SearchAction","target":{"@type":"EntryPoint","urlTemplate":"https:\/\/nouvelleaquitaine-handball.org\/?s={search_term_string}"},"query-input":{"@type":"PropertyValueSpecification","valueRequired":true,"valueName":"search_term_string"}}],"inLanguage":"fr-FR"}]}},"jetpack_sharing_enabled":true,"_links":{"self":[{"href":"https:\/\/nouvelleaquitaine-handball.org\/index.php\/wp-json\/wp\/v2\/pages\/9962","targetHints":{"allow":["GET"]}}],"collection":[{"href":"https:\/\/nouvelleaquitaine-handball.org\/index.php\/wp-json\/wp\/v2\/pages"}],"about":[{"href":"https:\/\/nouvelleaquitaine-handball.org\/index.php\/wp-json\/wp\/v2\/types\/page"}],"author":[{"embeddable":true,"href":"https:\/\/nouvelleaquitaine-handball.org\/index.php\/wp-json\/wp\/v2\/users\/2"}],"replies":[{"embeddable":true,"href":"https:\/\/nouvelleaquitaine-handball.org\/index.php\/wp-json\/wp\/v2\/comments?post=9962"}],"version-history":[{"count":10,"href":"https:\/\/nouvelleaquitaine-handball.org\/index.php\/wp-json\/wp\/v2\/pages\/9962\/revisions"}],"predecessor-version":[{"id":9998,"href":"https:\/\/nouvelleaquitaine-handball.org\/index.php\/wp-json\/wp\/v2\/pages\/9962\/revisions\/9998"}],"wp:attachment":[{"href":"https:\/\/nouvelleaquitaine-handball.org\/index.php\/wp-json\/wp\/v2\/media?parent=9962"}],"curies":[{"name":"wp","href":"https:\/\/api.w.org\/{rel}","templated":true}]}}